

{"id":39295,"date":"2025-05-30T09:31:28","date_gmt":"2025-05-30T06:31:28","guid":{"rendered":"https:\/\/doracocker.eu\/prekiu-katalogas\/dog-pillow-bone-48x35-cm\/"},"modified":"2025-11-20T22:38:48","modified_gmt":"2025-11-20T20:38:48","slug":"dog-pillow-bone-48x35-cm","status":"publish","type":"product","link":"https:\/\/doracocker.eu\/en\/prekiu-katalogas\/dog-pillow-bone-48x35-cm\/","title":{"rendered":"Dog Pillow \u201cBone\u201d 48&#215;35 cm"},"content":{"rendered":"<p data-start=\"52\" data-end=\"108\"><strong data-start=\"52\" data-end=\"108\">Bone-Shaped Pillow for Pets \u2013 Velour Luxury for Rest<\/strong><\/p>\n<p data-start=\"110\" data-end=\"331\">Looking for a cozy spot where your pet can comfortably rest their head after an active day? This bone-shaped pillow is not only a cute interior detail but also a practical relaxation accessory for your four-legged friend!<\/p>\n<p data-start=\"333\" data-end=\"492\">Perfect for travel \u2013 it fits beautifully in the car as a stylish accent.<br data-start=\"405\" data-end=\"408\" \/>It can also be used by people, but the product is designed with pets\u2019 needs in mind.<\/p>\n<p data-start=\"600\" data-end=\"626\">\n","protected":false},"excerpt":{"rendered":"<p>This bone-shaped pillow is not only a cute interior detail but also a practical relaxation accessory for your four-legged friend \u2014 a functional and stylish item that brings comfort to your pet in any environment.<\/p>\n","protected":false},"featured_media":38967,"comment_status":"closed","ping_status":"closed","template":"","meta":[],"product_brand":[],"product_cat":[443],"product_tag":[511],"class_list":{"0":"post-39295","1":"product","2":"type-product","3":"status-publish","4":"has-post-thumbnail","6":"product_cat-special-offers","7":"product_tag-pillow-en","10":"first","11":"instock","12":"sale","13":"shipping-taxable","14":"purchasable","15":"product-type-variable"},"yoast_head":"<!-- This site is optimized with the Yoast SEO plugin v27.3 - https:\/\/yoast.com\/product\/yoast-seo-wordpress\/ -->\n<title>Dog Pillow \u201cBone\u201d 48x35 cm - Doracocker<\/title>\n<meta name=\"robots\" content=\"index, follow, max-snippet:-1, max-image-preview:large, max-video-preview:-1\" \/>\n<link rel=\"canonical\" href=\"https:\/\/doracocker.eu\/en\/prekiu-katalogas\/dog-pillow-bone-48x35-cm\/\" \/>\n<meta property=\"og:locale\" content=\"en_US\" \/>\n<meta property=\"og:type\" content=\"article\" \/>\n<meta property=\"og:title\" content=\"Dog Pillow \u201cBone\u201d 48x35 cm - Doracocker\" \/>\n<meta property=\"og:description\" content=\"This bone-shaped pillow is not only a cute interior detail but also a practical relaxation accessory for your four-legged friend \u2014 a functional and stylish item that brings comfort to your pet in any environment.\" \/>\n<meta property=\"og:url\" content=\"https:\/\/doracocker.eu\/en\/prekiu-katalogas\/dog-pillow-bone-48x35-cm\/\" \/>\n<meta property=\"og:site_name\" content=\"Doracocker\" \/>\n<meta property=\"article:modified_time\" content=\"2025-11-20T20:38:48+00:00\" \/>\n<meta property=\"og:image\" content=\"https:\/\/doracocker.eu\/wp-content\/uploads\/2025\/05\/Untitled-design-2025-05-27T121854.942.jpg\" \/>\n\t<meta property=\"og:image:width\" content=\"700\" \/>\n\t<meta property=\"og:image:height\" content=\"700\" \/>\n\t<meta property=\"og:image:type\" content=\"image\/jpeg\" \/>\n<meta name=\"twitter:card\" content=\"summary_large_image\" \/>\n<script type=\"application\/ld+json\" class=\"yoast-schema-graph\">{\"@context\":\"https:\\\/\\\/schema.org\",\"@graph\":[{\"@type\":\"WebPage\",\"@id\":\"https:\\\/\\\/doracocker.eu\\\/en\\\/prekiu-katalogas\\\/dog-pillow-bone-48x35-cm\\\/\",\"url\":\"https:\\\/\\\/doracocker.eu\\\/en\\\/prekiu-katalogas\\\/dog-pillow-bone-48x35-cm\\\/\",\"name\":\"Dog Pillow \u201cBone\u201d 48x35 cm - Doracocker\",\"isPartOf\":{\"@id\":\"https:\\\/\\\/doracocker.eu\\\/#website\"},\"primaryImageOfPage\":{\"@id\":\"https:\\\/\\\/doracocker.eu\\\/en\\\/prekiu-katalogas\\\/dog-pillow-bone-48x35-cm\\\/#primaryimage\"},\"image\":{\"@id\":\"https:\\\/\\\/doracocker.eu\\\/en\\\/prekiu-katalogas\\\/dog-pillow-bone-48x35-cm\\\/#primaryimage\"},\"thumbnailUrl\":\"https:\\\/\\\/doracocker.eu\\\/wp-content\\\/uploads\\\/2025\\\/05\\\/Untitled-design-2025-05-27T121854.942.jpg\",\"datePublished\":\"2025-05-30T06:31:28+00:00\",\"dateModified\":\"2025-11-20T20:38:48+00:00\",\"breadcrumb\":{\"@id\":\"https:\\\/\\\/doracocker.eu\\\/en\\\/prekiu-katalogas\\\/dog-pillow-bone-48x35-cm\\\/#breadcrumb\"},\"inLanguage\":\"en-US\",\"potentialAction\":[{\"@type\":\"ReadAction\",\"target\":[\"https:\\\/\\\/doracocker.eu\\\/en\\\/prekiu-katalogas\\\/dog-pillow-bone-48x35-cm\\\/\"]}]},{\"@type\":\"ImageObject\",\"inLanguage\":\"en-US\",\"@id\":\"https:\\\/\\\/doracocker.eu\\\/en\\\/prekiu-katalogas\\\/dog-pillow-bone-48x35-cm\\\/#primaryimage\",\"url\":\"https:\\\/\\\/doracocker.eu\\\/wp-content\\\/uploads\\\/2025\\\/05\\\/Untitled-design-2025-05-27T121854.942.jpg\",\"contentUrl\":\"https:\\\/\\\/doracocker.eu\\\/wp-content\\\/uploads\\\/2025\\\/05\\\/Untitled-design-2025-05-27T121854.942.jpg\",\"width\":700,\"height\":700,\"caption\":\"pillow\"},{\"@type\":\"BreadcrumbList\",\"@id\":\"https:\\\/\\\/doracocker.eu\\\/en\\\/prekiu-katalogas\\\/dog-pillow-bone-48x35-cm\\\/#breadcrumb\",\"itemListElement\":[{\"@type\":\"ListItem\",\"position\":1,\"name\":\"Home\",\"item\":\"https:\\\/\\\/doracocker.eu\\\/\"},{\"@type\":\"ListItem\",\"position\":2,\"name\":\"Shop\",\"item\":\"https:\\\/\\\/doracocker.eu\\\/en\\\/shop\\\/\"},{\"@type\":\"ListItem\",\"position\":3,\"name\":\"Dog Pillow \u201cBone\u201d 48&#215;35 cm\"}]},{\"@type\":\"WebSite\",\"@id\":\"https:\\\/\\\/doracocker.eu\\\/#website\",\"url\":\"https:\\\/\\\/doracocker.eu\\\/\",\"name\":\"Doracocker\",\"description\":\"Rank\u0173 darbo guoliai \u0161unims ir kat\u0117ms\",\"potentialAction\":[{\"@type\":\"SearchAction\",\"target\":{\"@type\":\"EntryPoint\",\"urlTemplate\":\"https:\\\/\\\/doracocker.eu\\\/?s={search_term_string}\"},\"query-input\":{\"@type\":\"PropertyValueSpecification\",\"valueRequired\":true,\"valueName\":\"search_term_string\"}}],\"inLanguage\":\"en-US\"}]}<\/script>\n<!-- \/ Yoast SEO plugin. -->","yoast_head_json":{"title":"Dog Pillow \u201cBone\u201d 48x35 cm - Doracocker","robots":{"index":"index","follow":"follow","max-snippet":"max-snippet:-1","max-image-preview":"max-image-preview:large","max-video-preview":"max-video-preview:-1"},"canonical":"https:\/\/doracocker.eu\/en\/prekiu-katalogas\/dog-pillow-bone-48x35-cm\/","og_locale":"en_US","og_type":"article","og_title":"Dog Pillow \u201cBone\u201d 48x35 cm - Doracocker","og_description":"This bone-shaped pillow is not only a cute interior detail but also a practical relaxation accessory for your four-legged friend \u2014 a functional and stylish item that brings comfort to your pet in any environment.","og_url":"https:\/\/doracocker.eu\/en\/prekiu-katalogas\/dog-pillow-bone-48x35-cm\/","og_site_name":"Doracocker","article_modified_time":"2025-11-20T20:38:48+00:00","og_image":[{"width":700,"height":700,"url":"https:\/\/doracocker.eu\/wp-content\/uploads\/2025\/05\/Untitled-design-2025-05-27T121854.942.jpg","type":"image\/jpeg"}],"twitter_card":"summary_large_image","schema":{"@context":"https:\/\/schema.org","@graph":[{"@type":"WebPage","@id":"https:\/\/doracocker.eu\/en\/prekiu-katalogas\/dog-pillow-bone-48x35-cm\/","url":"https:\/\/doracocker.eu\/en\/prekiu-katalogas\/dog-pillow-bone-48x35-cm\/","name":"Dog Pillow \u201cBone\u201d 48x35 cm - Doracocker","isPartOf":{"@id":"https:\/\/doracocker.eu\/#website"},"primaryImageOfPage":{"@id":"https:\/\/doracocker.eu\/en\/prekiu-katalogas\/dog-pillow-bone-48x35-cm\/#primaryimage"},"image":{"@id":"https:\/\/doracocker.eu\/en\/prekiu-katalogas\/dog-pillow-bone-48x35-cm\/#primaryimage"},"thumbnailUrl":"https:\/\/doracocker.eu\/wp-content\/uploads\/2025\/05\/Untitled-design-2025-05-27T121854.942.jpg","datePublished":"2025-05-30T06:31:28+00:00","dateModified":"2025-11-20T20:38:48+00:00","breadcrumb":{"@id":"https:\/\/doracocker.eu\/en\/prekiu-katalogas\/dog-pillow-bone-48x35-cm\/#breadcrumb"},"inLanguage":"en-US","potentialAction":[{"@type":"ReadAction","target":["https:\/\/doracocker.eu\/en\/prekiu-katalogas\/dog-pillow-bone-48x35-cm\/"]}]},{"@type":"ImageObject","inLanguage":"en-US","@id":"https:\/\/doracocker.eu\/en\/prekiu-katalogas\/dog-pillow-bone-48x35-cm\/#primaryimage","url":"https:\/\/doracocker.eu\/wp-content\/uploads\/2025\/05\/Untitled-design-2025-05-27T121854.942.jpg","contentUrl":"https:\/\/doracocker.eu\/wp-content\/uploads\/2025\/05\/Untitled-design-2025-05-27T121854.942.jpg","width":700,"height":700,"caption":"pillow"},{"@type":"BreadcrumbList","@id":"https:\/\/doracocker.eu\/en\/prekiu-katalogas\/dog-pillow-bone-48x35-cm\/#breadcrumb","itemListElement":[{"@type":"ListItem","position":1,"name":"Home","item":"https:\/\/doracocker.eu\/"},{"@type":"ListItem","position":2,"name":"Shop","item":"https:\/\/doracocker.eu\/en\/shop\/"},{"@type":"ListItem","position":3,"name":"Dog Pillow \u201cBone\u201d 48&#215;35 cm"}]},{"@type":"WebSite","@id":"https:\/\/doracocker.eu\/#website","url":"https:\/\/doracocker.eu\/","name":"Doracocker","description":"Rank\u0173 darbo guoliai \u0161unims ir kat\u0117ms","potentialAction":[{"@type":"SearchAction","target":{"@type":"EntryPoint","urlTemplate":"https:\/\/doracocker.eu\/?s={search_term_string}"},"query-input":{"@type":"PropertyValueSpecification","valueRequired":true,"valueName":"search_term_string"}}],"inLanguage":"en-US"}]}},"_links":{"self":[{"href":"https:\/\/doracocker.eu\/en\/wp-json\/wp\/v2\/product\/39295","targetHints":{"allow":["GET"]}}],"collection":[{"href":"https:\/\/doracocker.eu\/en\/wp-json\/wp\/v2\/product"}],"about":[{"href":"https:\/\/doracocker.eu\/en\/wp-json\/wp\/v2\/types\/product"}],"replies":[{"embeddable":true,"href":"https:\/\/doracocker.eu\/en\/wp-json\/wp\/v2\/comments?post=39295"}],"wp:featuredmedia":[{"embeddable":true,"href":"https:\/\/doracocker.eu\/en\/wp-json\/wp\/v2\/media\/38967"}],"wp:attachment":[{"href":"https:\/\/doracocker.eu\/en\/wp-json\/wp\/v2\/media?parent=39295"}],"wp:term":[{"taxonomy":"product_brand","embeddable":true,"href":"https:\/\/doracocker.eu\/en\/wp-json\/wp\/v2\/product_brand?post=39295"},{"taxonomy":"product_cat","embeddable":true,"href":"https:\/\/doracocker.eu\/en\/wp-json\/wp\/v2\/product_cat?post=39295"},{"taxonomy":"product_tag","embeddable":true,"href":"https:\/\/doracocker.eu\/en\/wp-json\/wp\/v2\/product_tag?post=39295"}],"curies":[{"name":"wp","href":"https:\/\/api.w.org\/{rel}","templated":true}]}}