

{"id":39279,"date":"2025-10-28T11:00:38","date_gmt":"2025-10-28T09:00:38","guid":{"rendered":"https:\/\/doracocker.eu\/prekiu-katalogas\/anti-allergic-dog-cave-bed-yellow-with-merino-wool-60x60cm\/"},"modified":"2025-10-28T11:00:38","modified_gmt":"2025-10-28T09:00:38","slug":"anti-allergic-dog-cave-bed-yellow-with-merino-wool-60x60cm","status":"publish","type":"product","link":"https:\/\/doracocker.eu\/en\/prekiu-katalogas\/anti-allergic-dog-cave-bed-yellow-with-merino-wool-60x60cm\/","title":{"rendered":"Anti-Allergic Dog Cave Bed Yellow with Merino Wool 60x60cm"},"content":{"rendered":"<h2 data-start=\"58\" data-end=\"132\"><strong data-start=\"62\" data-end=\"132\">Anti-Allergic Dog Cave Bed\u00a0 Yellow with Merino Wool 60x60cm<\/strong><\/h2>\n<p data-start=\"134\" data-end=\"359\">This choice is a dream come true for short-haired breeds that need a bit more warmth. The raised hood allows your dog to snuggle into a safe, cozy oasis like under a blanket while still being able to observe its surroundings.<\/p>\n<p data-start=\"361\" data-end=\"624\">The Merino wool lining is considered anti-allergenic because it is hygienic, prevents the growth of bacteria, and neutralizes skin secretions. It is breathable and provides excellent protection from temperature changes. It retains warmth even when damp or sweaty.<\/p>\n<p data-start=\"626\" data-end=\"824\">It\u2019s a great way to teach your dog to sleep in its own bed instead of in your bed. Many success stories show that dogs prefer the \u201cCave\u201d bed for the night rather than jumping onto their owner\u2019s bed.<\/p>\n<p data-start=\"826\" data-end=\"1037\">This dog bed is also an excellent choice for preventing joint problems. Its ergonomic design supports healthy joint development in young dogs and offers comfortable rest for older dogs suffering from joint pain.<\/p>\n<p data-start=\"1039\" data-end=\"1144\">When purchasing this wonderful bed, you\u2019ll receive a <strong data-start=\"1092\" data-end=\"1117\">handmade dog bone toy<\/strong> as a gift \u2013 valued at \u20ac10!<\/p>\n<p data-start=\"1146\" data-end=\"1591\">The main fabric \u2013 <strong data-start=\"1164\" data-end=\"1191\">upholstery-grade velour<\/strong> \u2013 is soft, warm, and resistant to wear and liquids. The inner <strong data-start=\"1254\" data-end=\"1299\">cotton pillow filled with polyester balls<\/strong> and an additional <strong data-start=\"1318\" data-end=\"1337\">3 cm foam layer<\/strong> underneath create \u201cbed-like\u201d comfort and protect your pet from cold floors. It\u2019s a long-lasting choice, as the pillow filling can be replaced, and the high-quality materials combined with machine-washable design ensure it serves your pet for many years.<\/p>\n<p data-start=\"1593\" data-end=\"1815\">Not sure if your dog will love the \u201cCave\u201d bed? That\u2019s understandable! We offer a <strong data-start=\"1674\" data-end=\"1696\">7-day trial period<\/strong>. If your dog doesn\u2019t like it, you can return the bed, and we\u2019ll refund your money (shipping costs are not refundable).<\/p>\n<p data-start=\"1817\" data-end=\"2136\"><strong data-start=\"1817\" data-end=\"1833\">Main fabric:<\/strong> 100% polyester \u2013 highly durable, soft, and warm. Certified OEKO-TEX Standard 100, pet-friendly, easy-care.<br data-start=\"1940\" data-end=\"1943\" \/><strong data-start=\"1943\" data-end=\"1958\">Fur lining:<\/strong> 50% Merino wool, 50% polyester \u2013 OEKO-TEX certified, anti-allergenic, soft, fluffy, light, and warm.<br data-start=\"2059\" data-end=\"2062\" \/><strong data-start=\"2062\" data-end=\"2085\">Inner pillow cover:<\/strong> 100% cotton.<br data-start=\"2098\" data-end=\"2101\" \/><strong data-start=\"2101\" data-end=\"2120\">Pillow filling:<\/strong> 100% polyester.<\/p>\n<p data-start=\"2138\" data-end=\"2280\"><strong data-start=\"2138\" data-end=\"2152\">Easy care:<\/strong> The cover is removable, and the frame rod can be taken out.<br data-start=\"2212\" data-end=\"2215\" \/>The entire bed is <strong data-start=\"2233\" data-end=\"2253\">machine washable<\/strong> on a gentle cycle at 30\u00b0C.<\/p>\n<hr data-start=\"2282\" data-end=\"2285\" \/>\n<h3 data-start=\"2287\" data-end=\"2363\"><strong data-start=\"2291\" data-end=\"2363\">Anti-Allergic Dog Bed \u201cCave\u201d with Merino Wool \u2013 Size Recommendations<\/strong><\/h3>\n<ul data-start=\"2365\" data-end=\"2815\">\n<li data-start=\"2365\" data-end=\"2447\">\n<p data-start=\"2367\" data-end=\"2447\"><strong data-start=\"2367\" data-end=\"2381\">60 x 60 cm<\/strong> \u2013 Toy Terrier, Spitz, Yorkshire Terrier, Mini Poodle, Chihuahua<\/p>\n<\/li>\n<li data-start=\"2448\" data-end=\"2539\">\n<p data-start=\"2450\" data-end=\"2539\"><strong data-start=\"2450\" data-end=\"2464\">70 x 70 cm<\/strong> \u2013 Lervette, Dachshund, Jack Russell, Cocker Spaniel, French Bulldog, Pug<\/p>\n<\/li>\n<li data-start=\"2540\" data-end=\"2594\">\n<p data-start=\"2542\" data-end=\"2594\"><strong data-start=\"2542\" data-end=\"2556\">85 x 70 cm<\/strong> \u2013 Basenji, Corgi, Mini Bull Terrier<\/p>\n<\/li>\n<li data-start=\"2595\" data-end=\"2624\">\n<p data-start=\"2597\" data-end=\"2624\"><strong data-start=\"2597\" data-end=\"2612\">100 x 80 cm<\/strong> \u2013 Whippet<\/p>\n<\/li>\n<li data-start=\"2625\" data-end=\"2681\">\n<p data-start=\"2627\" data-end=\"2681\"><strong data-start=\"2627\" data-end=\"2643\">100 x 100 cm<\/strong> \u2013 Two Whippets, or a slimmer Vizsla<\/p>\n<\/li>\n<li data-start=\"2682\" data-end=\"2748\">\n<p data-start=\"2684\" data-end=\"2748\"><strong data-start=\"2684\" data-end=\"2700\">115 x 115 cm<\/strong> \u2013 Larger Vizsla, Weimaraner, Lithuanian Hound<\/p>\n<\/li>\n<li data-start=\"2749\" data-end=\"2815\">\n<p data-start=\"2751\" data-end=\"2815\"><strong data-start=\"2751\" data-end=\"2767\">125 x 100 cm<\/strong> \u2013 Larger Vizsla, Weimaraner, Lithuanian Hound<\/p>\n<\/li>\n<\/ul>\n","protected":false},"excerpt":{"rendered":"<p data-start=\"36\" data-end=\"289\">The anti-allergic fur is suitable for sensitive dogs, has a calming effect, and is very soft. It is recommended for dogs with joint problems as it provides excellent warmth. It protects both from cold and heat, as it regulates temperature effectively.<\/p>\n<p data-start=\"291\" data-end=\"365\" data-is-last-node=\"\" data-is-only-node=\"\"><strong data-start=\"291\" data-end=\"306\">Merino wool<\/strong> \u2013 a unique, high-quality product created by nature itself.<\/p>\n","protected":false},"featured_media":34885,"comment_status":"closed","ping_status":"closed","template":"","meta":[],"product_brand":[],"product_cat":[434],"product_tag":[498,420,417,418,593,419,415],"class_list":{"0":"post-39279","1":"product","2":"type-product","3":"status-publish","4":"has-post-thumbnail","6":"product_cat-have-in-stock-en","7":"product_tag-brown","8":"product_tag-cave","9":"product_tag-cocoa","10":"product_tag-cotton-en","11":"product_tag-deliux-en","12":"product_tag-dogs","13":"product_tag-gift","16":"first","17":"instock","18":"shipping-taxable","19":"purchasable","20":"product-type-simple"},"yoast_head":"<!-- This site is optimized with the Yoast SEO plugin v27.3 - https:\/\/yoast.com\/product\/yoast-seo-wordpress\/ -->\n<title>Dog Bed with MERINO Wool MADE BY Dora Cocker<\/title>\n<meta name=\"description\" content=\"Dog Cave dog bed with Merino wool is an anti-allergenic bed, perfect for dogs who love to crawl under blankets, hide away, and sleep warmly.\" \/>\n<meta name=\"robots\" content=\"index, follow, max-snippet:-1, max-image-preview:large, max-video-preview:-1\" \/>\n<link rel=\"canonical\" href=\"https:\/\/doracocker.eu\/prekiu-katalogas\/antialerginis-suns-guolis-urvas-sviesiai-geltonas-su-merino-vilna-60x60cm\/\" \/>\n<meta property=\"og:locale\" content=\"en_US\" \/>\n<meta property=\"og:type\" content=\"article\" \/>\n<meta property=\"og:title\" content=\"Dog Bed with MERINO Wool MADE BY Dora Cocker\" \/>\n<meta property=\"og:description\" content=\"Dog Cave dog bed with Merino wool is an anti-allergenic bed, perfect for dogs who love to crawl under blankets, hide away, and sleep warmly.\" \/>\n<meta property=\"og:url\" content=\"https:\/\/doracocker.eu\/prekiu-katalogas\/antialerginis-suns-guolis-urvas-sviesiai-geltonas-su-merino-vilna-60x60cm\/\" \/>\n<meta property=\"og:site_name\" content=\"Doracocker\" \/>\n<meta property=\"og:image\" content=\"https:\/\/doracocker.eu\/wp-content\/uploads\/2023\/03\/10-2.jpg\" \/>\n\t<meta property=\"og:image:width\" content=\"700\" \/>\n\t<meta property=\"og:image:height\" content=\"840\" \/>\n\t<meta property=\"og:image:type\" content=\"image\/jpeg\" \/>\n<meta name=\"twitter:card\" content=\"summary_large_image\" \/>\n<meta name=\"twitter:label1\" content=\"Est. reading time\" \/>\n\t<meta name=\"twitter:data1\" content=\"2 minutes\" \/>\n<script type=\"application\/ld+json\" class=\"yoast-schema-graph\">{\"@context\":\"https:\\\/\\\/schema.org\",\"@graph\":[{\"@type\":\"WebPage\",\"@id\":\"https:\\\/\\\/doracocker.eu\\\/prekiu-katalogas\\\/antialerginis-suns-guolis-urvas-sviesiai-geltonas-su-merino-vilna-60x60cm\\\/\",\"url\":\"https:\\\/\\\/doracocker.eu\\\/prekiu-katalogas\\\/antialerginis-suns-guolis-urvas-sviesiai-geltonas-su-merino-vilna-60x60cm\\\/\",\"name\":\"Dog Bed with MERINO Wool MADE BY Dora Cocker\",\"isPartOf\":{\"@id\":\"https:\\\/\\\/doracocker.eu\\\/#website\"},\"primaryImageOfPage\":{\"@id\":\"https:\\\/\\\/doracocker.eu\\\/prekiu-katalogas\\\/antialerginis-suns-guolis-urvas-sviesiai-geltonas-su-merino-vilna-60x60cm\\\/#primaryimage\"},\"image\":{\"@id\":\"https:\\\/\\\/doracocker.eu\\\/prekiu-katalogas\\\/antialerginis-suns-guolis-urvas-sviesiai-geltonas-su-merino-vilna-60x60cm\\\/#primaryimage\"},\"thumbnailUrl\":\"https:\\\/\\\/doracocker.eu\\\/wp-content\\\/uploads\\\/2023\\\/03\\\/10-2.jpg\",\"datePublished\":\"2025-10-28T09:00:38+00:00\",\"description\":\"Dog Cave dog bed with Merino wool is an anti-allergenic bed, perfect for dogs who love to crawl under blankets, hide away, and sleep warmly.\",\"breadcrumb\":{\"@id\":\"https:\\\/\\\/doracocker.eu\\\/prekiu-katalogas\\\/antialerginis-suns-guolis-urvas-sviesiai-geltonas-su-merino-vilna-60x60cm\\\/#breadcrumb\"},\"inLanguage\":\"en-US\",\"potentialAction\":[{\"@type\":\"ReadAction\",\"target\":[\"https:\\\/\\\/doracocker.eu\\\/prekiu-katalogas\\\/antialerginis-suns-guolis-urvas-sviesiai-geltonas-su-merino-vilna-60x60cm\\\/\"]}]},{\"@type\":\"ImageObject\",\"inLanguage\":\"en-US\",\"@id\":\"https:\\\/\\\/doracocker.eu\\\/prekiu-katalogas\\\/antialerginis-suns-guolis-urvas-sviesiai-geltonas-su-merino-vilna-60x60cm\\\/#primaryimage\",\"url\":\"https:\\\/\\\/doracocker.eu\\\/wp-content\\\/uploads\\\/2023\\\/03\\\/10-2.jpg\",\"contentUrl\":\"https:\\\/\\\/doracocker.eu\\\/wp-content\\\/uploads\\\/2023\\\/03\\\/10-2.jpg\",\"width\":700,\"height\":840,\"caption\":\"Dog beds\"},{\"@type\":\"BreadcrumbList\",\"@id\":\"https:\\\/\\\/doracocker.eu\\\/prekiu-katalogas\\\/antialerginis-suns-guolis-urvas-sviesiai-geltonas-su-merino-vilna-60x60cm\\\/#breadcrumb\",\"itemListElement\":[{\"@type\":\"ListItem\",\"position\":1,\"name\":\"Home\",\"item\":\"https:\\\/\\\/doracocker.eu\\\/\"},{\"@type\":\"ListItem\",\"position\":2,\"name\":\"Shop\",\"item\":\"https:\\\/\\\/doracocker.eu\\\/en\\\/shop\\\/\"},{\"@type\":\"ListItem\",\"position\":3,\"name\":\"Anti-Allergic Dog Cave Bed Yellow with Merino Wool 60x60cm\"}]},{\"@type\":\"WebSite\",\"@id\":\"https:\\\/\\\/doracocker.eu\\\/#website\",\"url\":\"https:\\\/\\\/doracocker.eu\\\/\",\"name\":\"Doracocker\",\"description\":\"Rank\u0173 darbo guoliai \u0161unims ir kat\u0117ms\",\"potentialAction\":[{\"@type\":\"SearchAction\",\"target\":{\"@type\":\"EntryPoint\",\"urlTemplate\":\"https:\\\/\\\/doracocker.eu\\\/?s={search_term_string}\"},\"query-input\":{\"@type\":\"PropertyValueSpecification\",\"valueRequired\":true,\"valueName\":\"search_term_string\"}}],\"inLanguage\":\"en-US\"}]}<\/script>\n<!-- \/ Yoast SEO plugin. -->","yoast_head_json":{"title":"Dog Bed with MERINO Wool MADE BY Dora Cocker","description":"Dog Cave dog bed with Merino wool is an anti-allergenic bed, perfect for dogs who love to crawl under blankets, hide away, and sleep warmly.","robots":{"index":"index","follow":"follow","max-snippet":"max-snippet:-1","max-image-preview":"max-image-preview:large","max-video-preview":"max-video-preview:-1"},"canonical":"https:\/\/doracocker.eu\/prekiu-katalogas\/antialerginis-suns-guolis-urvas-sviesiai-geltonas-su-merino-vilna-60x60cm\/","og_locale":"en_US","og_type":"article","og_title":"Dog Bed with MERINO Wool MADE BY Dora Cocker","og_description":"Dog Cave dog bed with Merino wool is an anti-allergenic bed, perfect for dogs who love to crawl under blankets, hide away, and sleep warmly.","og_url":"https:\/\/doracocker.eu\/prekiu-katalogas\/antialerginis-suns-guolis-urvas-sviesiai-geltonas-su-merino-vilna-60x60cm\/","og_site_name":"Doracocker","og_image":[{"width":700,"height":840,"url":"https:\/\/doracocker.eu\/wp-content\/uploads\/2023\/03\/10-2.jpg","type":"image\/jpeg"}],"twitter_card":"summary_large_image","twitter_misc":{"Est. reading time":"2 minutes"},"schema":{"@context":"https:\/\/schema.org","@graph":[{"@type":"WebPage","@id":"https:\/\/doracocker.eu\/prekiu-katalogas\/antialerginis-suns-guolis-urvas-sviesiai-geltonas-su-merino-vilna-60x60cm\/","url":"https:\/\/doracocker.eu\/prekiu-katalogas\/antialerginis-suns-guolis-urvas-sviesiai-geltonas-su-merino-vilna-60x60cm\/","name":"Dog Bed with MERINO Wool MADE BY Dora Cocker","isPartOf":{"@id":"https:\/\/doracocker.eu\/#website"},"primaryImageOfPage":{"@id":"https:\/\/doracocker.eu\/prekiu-katalogas\/antialerginis-suns-guolis-urvas-sviesiai-geltonas-su-merino-vilna-60x60cm\/#primaryimage"},"image":{"@id":"https:\/\/doracocker.eu\/prekiu-katalogas\/antialerginis-suns-guolis-urvas-sviesiai-geltonas-su-merino-vilna-60x60cm\/#primaryimage"},"thumbnailUrl":"https:\/\/doracocker.eu\/wp-content\/uploads\/2023\/03\/10-2.jpg","datePublished":"2025-10-28T09:00:38+00:00","description":"Dog Cave dog bed with Merino wool is an anti-allergenic bed, perfect for dogs who love to crawl under blankets, hide away, and sleep warmly.","breadcrumb":{"@id":"https:\/\/doracocker.eu\/prekiu-katalogas\/antialerginis-suns-guolis-urvas-sviesiai-geltonas-su-merino-vilna-60x60cm\/#breadcrumb"},"inLanguage":"en-US","potentialAction":[{"@type":"ReadAction","target":["https:\/\/doracocker.eu\/prekiu-katalogas\/antialerginis-suns-guolis-urvas-sviesiai-geltonas-su-merino-vilna-60x60cm\/"]}]},{"@type":"ImageObject","inLanguage":"en-US","@id":"https:\/\/doracocker.eu\/prekiu-katalogas\/antialerginis-suns-guolis-urvas-sviesiai-geltonas-su-merino-vilna-60x60cm\/#primaryimage","url":"https:\/\/doracocker.eu\/wp-content\/uploads\/2023\/03\/10-2.jpg","contentUrl":"https:\/\/doracocker.eu\/wp-content\/uploads\/2023\/03\/10-2.jpg","width":700,"height":840,"caption":"Dog beds"},{"@type":"BreadcrumbList","@id":"https:\/\/doracocker.eu\/prekiu-katalogas\/antialerginis-suns-guolis-urvas-sviesiai-geltonas-su-merino-vilna-60x60cm\/#breadcrumb","itemListElement":[{"@type":"ListItem","position":1,"name":"Home","item":"https:\/\/doracocker.eu\/"},{"@type":"ListItem","position":2,"name":"Shop","item":"https:\/\/doracocker.eu\/en\/shop\/"},{"@type":"ListItem","position":3,"name":"Anti-Allergic Dog Cave Bed Yellow with Merino Wool 60x60cm"}]},{"@type":"WebSite","@id":"https:\/\/doracocker.eu\/#website","url":"https:\/\/doracocker.eu\/","name":"Doracocker","description":"Rank\u0173 darbo guoliai \u0161unims ir kat\u0117ms","potentialAction":[{"@type":"SearchAction","target":{"@type":"EntryPoint","urlTemplate":"https:\/\/doracocker.eu\/?s={search_term_string}"},"query-input":{"@type":"PropertyValueSpecification","valueRequired":true,"valueName":"search_term_string"}}],"inLanguage":"en-US"}]}},"_links":{"self":[{"href":"https:\/\/doracocker.eu\/en\/wp-json\/wp\/v2\/product\/39279","targetHints":{"allow":["GET"]}}],"collection":[{"href":"https:\/\/doracocker.eu\/en\/wp-json\/wp\/v2\/product"}],"about":[{"href":"https:\/\/doracocker.eu\/en\/wp-json\/wp\/v2\/types\/product"}],"replies":[{"embeddable":true,"href":"https:\/\/doracocker.eu\/en\/wp-json\/wp\/v2\/comments?post=39279"}],"wp:featuredmedia":[{"embeddable":true,"href":"https:\/\/doracocker.eu\/en\/wp-json\/wp\/v2\/media\/34885"}],"wp:attachment":[{"href":"https:\/\/doracocker.eu\/en\/wp-json\/wp\/v2\/media?parent=39279"}],"wp:term":[{"taxonomy":"product_brand","embeddable":true,"href":"https:\/\/doracocker.eu\/en\/wp-json\/wp\/v2\/product_brand?post=39279"},{"taxonomy":"product_cat","embeddable":true,"href":"https:\/\/doracocker.eu\/en\/wp-json\/wp\/v2\/product_cat?post=39279"},{"taxonomy":"product_tag","embeddable":true,"href":"https:\/\/doracocker.eu\/en\/wp-json\/wp\/v2\/product_tag?post=39279"}],"curies":[{"name":"wp","href":"https:\/\/api.w.org\/{rel}","templated":true}]}}