

{"id":38718,"date":"2024-09-12T15:47:43","date_gmt":"2024-09-12T12:47:43","guid":{"rendered":"https:\/\/doracocker.eu\/prekiu-katalogas\/38718\/"},"modified":"2025-02-27T22:37:46","modified_gmt":"2025-02-27T20:37:46","slug":"38718","status":"publish","type":"product","link":"https:\/\/doracocker.eu\/en\/prekiu-katalogas\/38718\/","title":{"rendered":"Biothane Two-Tone Dog Leash Avocado"},"content":{"rendered":"<h2 data-start=\"0\" data-end=\"163\"><strong data-start=\"0\" data-end=\"39\">Biothane Two-Tone Dog Leash Avocado<\/strong><\/h2>\n<p data-start=\"0\" data-end=\"163\"><br data-start=\"39\" data-end=\"42\" \/>This two-tone leash will not only beautify your pet but also make you look stylish while walking them close by your side.<\/p>\n<p data-start=\"165\" data-end=\"221\"><strong data-start=\"165\" data-end=\"188\">Collar not included<\/strong>; you can purchase it separately.<\/p>\n<p data-start=\"223\" data-end=\"619\">The leash is decorated with <strong data-start=\"251\" data-end=\"275\">wine-colored details<\/strong>, features a black metal carabiner, and a metal attachment for a poop bag holder (poop bag holder not included). For added convenience while walking your dog close to you, there is an additional <strong data-start=\"470\" data-end=\"493\">wine-colored handle<\/strong>. The leash width is <strong data-start=\"514\" data-end=\"524\">1.6 cm<\/strong>. You can choose the desired length when ordering. The leash in the photo is <strong data-start=\"601\" data-end=\"613\">2 meters<\/strong> long.<\/p>\n<p data-start=\"621\" data-end=\"710\">Practicality with BioThane tape is guaranteed. Made from original patented <strong data-start=\"696\" data-end=\"709\">BioThane\u00ae<\/strong>.<\/p>\n<p data-start=\"712\" data-end=\"736\"><strong data-start=\"712\" data-end=\"734\">BioThane Benefits:<\/strong><\/p>\n<ul data-start=\"737\" data-end=\"854\" data-is-last-node=\"\" data-is-only-node=\"\">\n<li data-start=\"737\" data-end=\"780\"><strong data-start=\"739\" data-end=\"753\">Waterproof<\/strong>, easy to clean, washable<\/li>\n<li data-start=\"781\" data-end=\"812\"><strong data-start=\"783\" data-end=\"810\">Dirt and odor-resistant<\/strong><\/li>\n<li data-start=\"813\" data-end=\"833\"><strong data-start=\"815\" data-end=\"831\">Very durable<\/strong><\/li>\n<li data-start=\"834\" data-end=\"854\" data-is-last-node=\"\"><strong data-start=\"836\" data-end=\"854\" data-is-last-node=\"\">Vibrant colors<\/strong><\/li>\n<\/ul>\n","protected":false},"excerpt":{"rendered":"<p id=\"tw-target-text\" class=\"tw-data-text tw-text-large tw-ta\" dir=\"ltr\" data-placeholder=\"Vertimas\" data-ved=\"2ahUKEwiK28but_OKAxXxFBAIHQInBKMQ3ewLegQICxAV\" aria-label=\"I\u0161verstas tekstas: This product is made to order, the production time is 7-10 days. When ordering, mark the length you want.\"><span class=\"Y2IQFc\" lang=\"en\">This product is made to order, the production time is 7-10 days. When ordering, mark the length you want.<\/span><\/p>\n","protected":false},"featured_media":38302,"comment_status":"closed","ping_status":"closed","template":"","meta":[],"product_brand":[],"product_cat":[988],"product_tag":[994,992],"class_list":{"0":"post-38718","1":"product","2":"type-product","3":"status-publish","4":"has-post-thumbnail","6":"product_cat-collars-for-dogs","7":"product_tag-biothane-leash","8":"product_tag-stilish-dog-leash","11":"first","12":"onbackorder","13":"shipping-taxable","14":"purchasable","15":"product-type-variable"},"yoast_head":"<!-- This site is optimized with the Yoast SEO plugin v27.3 - https:\/\/yoast.com\/product\/yoast-seo-wordpress\/ -->\n<title>Biothane Two-Tone Dog Leash Avocado - Doracocker<\/title>\n<meta name=\"robots\" content=\"index, follow, max-snippet:-1, max-image-preview:large, max-video-preview:-1\" \/>\n<link rel=\"canonical\" href=\"https:\/\/doracocker.eu\/en\/prekiu-katalogas\/38718\/\" \/>\n<meta property=\"og:locale\" content=\"en_US\" \/>\n<meta property=\"og:type\" content=\"article\" \/>\n<meta property=\"og:title\" content=\"Biothane Two-Tone Dog Leash Avocado - Doracocker\" \/>\n<meta property=\"og:description\" content=\"This product is made to order, the production time is 7-10 days. When ordering, mark the length you want.\" \/>\n<meta property=\"og:url\" content=\"https:\/\/doracocker.eu\/en\/prekiu-katalogas\/38718\/\" \/>\n<meta property=\"og:site_name\" content=\"Doracocker\" \/>\n<meta property=\"article:modified_time\" content=\"2025-02-27T20:37:46+00:00\" \/>\n<meta property=\"og:image\" content=\"https:\/\/doracocker.eu\/wp-content\/uploads\/2024\/09\/Untitled-design-2024-09-06T122359.506.jpg\" \/>\n\t<meta property=\"og:image:width\" content=\"700\" \/>\n\t<meta property=\"og:image:height\" content=\"700\" \/>\n\t<meta property=\"og:image:type\" content=\"image\/jpeg\" \/>\n<meta name=\"twitter:card\" content=\"summary_large_image\" \/>\n<meta name=\"twitter:label1\" content=\"Est. reading time\" \/>\n\t<meta name=\"twitter:data1\" content=\"1 minute\" \/>\n<script type=\"application\/ld+json\" class=\"yoast-schema-graph\">{\"@context\":\"https:\\\/\\\/schema.org\",\"@graph\":[{\"@type\":\"WebPage\",\"@id\":\"https:\\\/\\\/doracocker.eu\\\/en\\\/prekiu-katalogas\\\/38718\\\/\",\"url\":\"https:\\\/\\\/doracocker.eu\\\/en\\\/prekiu-katalogas\\\/38718\\\/\",\"name\":\"Biothane Two-Tone Dog Leash Avocado - Doracocker\",\"isPartOf\":{\"@id\":\"https:\\\/\\\/doracocker.eu\\\/#website\"},\"primaryImageOfPage\":{\"@id\":\"https:\\\/\\\/doracocker.eu\\\/en\\\/prekiu-katalogas\\\/38718\\\/#primaryimage\"},\"image\":{\"@id\":\"https:\\\/\\\/doracocker.eu\\\/en\\\/prekiu-katalogas\\\/38718\\\/#primaryimage\"},\"thumbnailUrl\":\"https:\\\/\\\/doracocker.eu\\\/wp-content\\\/uploads\\\/2024\\\/09\\\/Untitled-design-2024-09-06T122359.506.jpg\",\"datePublished\":\"2024-09-12T12:47:43+00:00\",\"dateModified\":\"2025-02-27T20:37:46+00:00\",\"breadcrumb\":{\"@id\":\"https:\\\/\\\/doracocker.eu\\\/en\\\/prekiu-katalogas\\\/38718\\\/#breadcrumb\"},\"inLanguage\":\"en-US\",\"potentialAction\":[{\"@type\":\"ReadAction\",\"target\":[\"https:\\\/\\\/doracocker.eu\\\/en\\\/prekiu-katalogas\\\/38718\\\/\"]}]},{\"@type\":\"ImageObject\",\"inLanguage\":\"en-US\",\"@id\":\"https:\\\/\\\/doracocker.eu\\\/en\\\/prekiu-katalogas\\\/38718\\\/#primaryimage\",\"url\":\"https:\\\/\\\/doracocker.eu\\\/wp-content\\\/uploads\\\/2024\\\/09\\\/Untitled-design-2024-09-06T122359.506.jpg\",\"contentUrl\":\"https:\\\/\\\/doracocker.eu\\\/wp-content\\\/uploads\\\/2024\\\/09\\\/Untitled-design-2024-09-06T122359.506.jpg\",\"width\":700,\"height\":700,\"caption\":\"dog leash\"},{\"@type\":\"BreadcrumbList\",\"@id\":\"https:\\\/\\\/doracocker.eu\\\/en\\\/prekiu-katalogas\\\/38718\\\/#breadcrumb\",\"itemListElement\":[{\"@type\":\"ListItem\",\"position\":1,\"name\":\"Home\",\"item\":\"https:\\\/\\\/doracocker.eu\\\/\"},{\"@type\":\"ListItem\",\"position\":2,\"name\":\"Shop\",\"item\":\"https:\\\/\\\/doracocker.eu\\\/en\\\/shop\\\/\"},{\"@type\":\"ListItem\",\"position\":3,\"name\":\"Biothane Two-Tone Dog Leash Avocado\"}]},{\"@type\":\"WebSite\",\"@id\":\"https:\\\/\\\/doracocker.eu\\\/#website\",\"url\":\"https:\\\/\\\/doracocker.eu\\\/\",\"name\":\"Doracocker\",\"description\":\"Rank\u0173 darbo guoliai \u0161unims ir kat\u0117ms\",\"potentialAction\":[{\"@type\":\"SearchAction\",\"target\":{\"@type\":\"EntryPoint\",\"urlTemplate\":\"https:\\\/\\\/doracocker.eu\\\/?s={search_term_string}\"},\"query-input\":{\"@type\":\"PropertyValueSpecification\",\"valueRequired\":true,\"valueName\":\"search_term_string\"}}],\"inLanguage\":\"en-US\"}]}<\/script>\n<!-- \/ Yoast SEO plugin. -->","yoast_head_json":{"title":"Biothane Two-Tone Dog Leash Avocado - Doracocker","robots":{"index":"index","follow":"follow","max-snippet":"max-snippet:-1","max-image-preview":"max-image-preview:large","max-video-preview":"max-video-preview:-1"},"canonical":"https:\/\/doracocker.eu\/en\/prekiu-katalogas\/38718\/","og_locale":"en_US","og_type":"article","og_title":"Biothane Two-Tone Dog Leash Avocado - Doracocker","og_description":"This product is made to order, the production time is 7-10 days. When ordering, mark the length you want.","og_url":"https:\/\/doracocker.eu\/en\/prekiu-katalogas\/38718\/","og_site_name":"Doracocker","article_modified_time":"2025-02-27T20:37:46+00:00","og_image":[{"width":700,"height":700,"url":"https:\/\/doracocker.eu\/wp-content\/uploads\/2024\/09\/Untitled-design-2024-09-06T122359.506.jpg","type":"image\/jpeg"}],"twitter_card":"summary_large_image","twitter_misc":{"Est. reading time":"1 minute"},"schema":{"@context":"https:\/\/schema.org","@graph":[{"@type":"WebPage","@id":"https:\/\/doracocker.eu\/en\/prekiu-katalogas\/38718\/","url":"https:\/\/doracocker.eu\/en\/prekiu-katalogas\/38718\/","name":"Biothane Two-Tone Dog Leash Avocado - Doracocker","isPartOf":{"@id":"https:\/\/doracocker.eu\/#website"},"primaryImageOfPage":{"@id":"https:\/\/doracocker.eu\/en\/prekiu-katalogas\/38718\/#primaryimage"},"image":{"@id":"https:\/\/doracocker.eu\/en\/prekiu-katalogas\/38718\/#primaryimage"},"thumbnailUrl":"https:\/\/doracocker.eu\/wp-content\/uploads\/2024\/09\/Untitled-design-2024-09-06T122359.506.jpg","datePublished":"2024-09-12T12:47:43+00:00","dateModified":"2025-02-27T20:37:46+00:00","breadcrumb":{"@id":"https:\/\/doracocker.eu\/en\/prekiu-katalogas\/38718\/#breadcrumb"},"inLanguage":"en-US","potentialAction":[{"@type":"ReadAction","target":["https:\/\/doracocker.eu\/en\/prekiu-katalogas\/38718\/"]}]},{"@type":"ImageObject","inLanguage":"en-US","@id":"https:\/\/doracocker.eu\/en\/prekiu-katalogas\/38718\/#primaryimage","url":"https:\/\/doracocker.eu\/wp-content\/uploads\/2024\/09\/Untitled-design-2024-09-06T122359.506.jpg","contentUrl":"https:\/\/doracocker.eu\/wp-content\/uploads\/2024\/09\/Untitled-design-2024-09-06T122359.506.jpg","width":700,"height":700,"caption":"dog leash"},{"@type":"BreadcrumbList","@id":"https:\/\/doracocker.eu\/en\/prekiu-katalogas\/38718\/#breadcrumb","itemListElement":[{"@type":"ListItem","position":1,"name":"Home","item":"https:\/\/doracocker.eu\/"},{"@type":"ListItem","position":2,"name":"Shop","item":"https:\/\/doracocker.eu\/en\/shop\/"},{"@type":"ListItem","position":3,"name":"Biothane Two-Tone Dog Leash Avocado"}]},{"@type":"WebSite","@id":"https:\/\/doracocker.eu\/#website","url":"https:\/\/doracocker.eu\/","name":"Doracocker","description":"Rank\u0173 darbo guoliai \u0161unims ir kat\u0117ms","potentialAction":[{"@type":"SearchAction","target":{"@type":"EntryPoint","urlTemplate":"https:\/\/doracocker.eu\/?s={search_term_string}"},"query-input":{"@type":"PropertyValueSpecification","valueRequired":true,"valueName":"search_term_string"}}],"inLanguage":"en-US"}]}},"_links":{"self":[{"href":"https:\/\/doracocker.eu\/en\/wp-json\/wp\/v2\/product\/38718","targetHints":{"allow":["GET"]}}],"collection":[{"href":"https:\/\/doracocker.eu\/en\/wp-json\/wp\/v2\/product"}],"about":[{"href":"https:\/\/doracocker.eu\/en\/wp-json\/wp\/v2\/types\/product"}],"replies":[{"embeddable":true,"href":"https:\/\/doracocker.eu\/en\/wp-json\/wp\/v2\/comments?post=38718"}],"wp:featuredmedia":[{"embeddable":true,"href":"https:\/\/doracocker.eu\/en\/wp-json\/wp\/v2\/media\/38302"}],"wp:attachment":[{"href":"https:\/\/doracocker.eu\/en\/wp-json\/wp\/v2\/media?parent=38718"}],"wp:term":[{"taxonomy":"product_brand","embeddable":true,"href":"https:\/\/doracocker.eu\/en\/wp-json\/wp\/v2\/product_brand?post=38718"},{"taxonomy":"product_cat","embeddable":true,"href":"https:\/\/doracocker.eu\/en\/wp-json\/wp\/v2\/product_cat?post=38718"},{"taxonomy":"product_tag","embeddable":true,"href":"https:\/\/doracocker.eu\/en\/wp-json\/wp\/v2\/product_tag?post=38718"}],"curies":[{"name":"wp","href":"https:\/\/api.w.org\/{rel}","templated":true}]}}