

{"id":38714,"date":"2024-09-12T15:18:56","date_gmt":"2024-09-12T12:18:56","guid":{"rendered":"https:\/\/doracocker.eu\/prekiu-katalogas\/collar-for-dogs-made-of-biotane-two-color-avocado\/"},"modified":"2025-03-05T18:17:07","modified_gmt":"2025-03-05T16:17:07","slug":"collar-for-dogs-made-of-biotane-two-color-avocado","status":"publish","type":"product","link":"https:\/\/doracocker.eu\/en\/prekiu-katalogas\/collar-for-dogs-made-of-biotane-two-color-avocado\/","title":{"rendered":"Collar for dogs Made of Biotane Two-color Avocado"},"content":{"rendered":"<h1 data-start=\"0\" data-end=\"59\"><strong data-start=\"0\" data-end=\"14\">Dog Collar<\/strong><br data-start=\"14\" data-end=\"17\" \/><strong data-start=\"17\" data-end=\"57\">Biothane Dog Collar Two-Tone Avocado<\/strong><\/h1>\n<p data-start=\"61\" data-end=\"298\">Dora Cocker presents its collar and leash collection, created by Goda Gedvilien\u0117, inspired by the summer of 2024 and the desire to adorn Dora with a two-tone set. This is a joint project with Lithuanian manufacturers &#8220;Antkakliai \u0160iaur\u0117.&#8221;<\/p>\n<p data-start=\"300\" data-end=\"419\">This two-tone set will not only beautify your pet but also make you look stylish while walking them close by your side.<\/p>\n<h2 data-start=\"421\" data-end=\"481\">Made from original patented <strong data-start=\"449\" data-end=\"462\">BioThane\u00ae<\/strong>, this collar is:<\/h2>\n<ul data-start=\"482\" data-end=\"577\">\n<li data-start=\"482\" data-end=\"511\">Waterproof, easy to clean<\/li>\n<li data-start=\"512\" data-end=\"539\">Dirt and odor-resistant<\/li>\n<li data-start=\"540\" data-end=\"556\">Very durable<\/li>\n<li data-start=\"557\" data-end=\"577\">Vibrant in color<\/li>\n<\/ul>\n<p data-start=\"579\" data-end=\"843\">The collar is designed in two colors, with a stylish black buckle and attachment. The collar width in the photo is 2.5 cm. When ordering, you can select the desired collar width. Please be sure to include your dog\u2019s neck circumference in the message to the seller.<\/p>\n<p data-start=\"845\" data-end=\"1235\" data-is-last-node=\"\" data-is-only-node=\"\">The leash is decorated with <strong data-start=\"873\" data-end=\"897\">wine-colored details<\/strong>, features a black metal carabiner, and a metal attachment for a poop bag holder (poop bag holder not included). For added convenience while walking your dog close to you, there is an additional <strong data-start=\"1092\" data-end=\"1115\">wine-colored handle<\/strong>. The leash width is 1.6 cm. You can choose the desired length when ordering. The leash length in the photo is 2 meters.<\/p>\n","protected":false},"excerpt":{"rendered":"<p id=\"tw-target-text\" class=\"tw-data-text tw-text-large tw-ta\" dir=\"ltr\" data-placeholder=\"Vertimas\" data-ved=\"2ahUKEwiK28but_OKAxXxFBAIHQInBKMQ3ewLegQICxAV\" aria-label=\"I\u0161verstas tekstas: This product is made to order, the production time is 7-10 days. When ordering, mark the width you want.\"><span class=\"Y2IQFc\" lang=\"en\">This product is made to order, the production time is 7-10 days. When ordering, mark the width you want.<\/span><\/p>\n","protected":false},"featured_media":38304,"comment_status":"closed","ping_status":"closed","template":"","meta":[],"product_brand":[],"product_cat":[988],"product_tag":[998,999],"class_list":{"0":"post-38714","1":"product","2":"type-product","3":"status-publish","4":"has-post-thumbnail","6":"product_cat-collars-for-dogs","7":"product_tag-collar-for-dog","8":"product_tag-collars-for-dogs","11":"first","12":"onbackorder","13":"shipping-taxable","14":"purchasable","15":"product-type-variable"},"yoast_head":"<!-- This site is optimized with the Yoast SEO plugin v27.4 - https:\/\/yoast.com\/product\/yoast-seo-wordpress\/ -->\n<title>Collar for dogs Made of Biotane Two-color Avocado - Doracocker<\/title>\n<meta name=\"robots\" content=\"index, follow, max-snippet:-1, max-image-preview:large, max-video-preview:-1\" \/>\n<link rel=\"canonical\" href=\"https:\/\/doracocker.eu\/en\/prekiu-katalogas\/collar-for-dogs-made-of-biotane-two-color-avocado\/\" \/>\n<meta property=\"og:locale\" content=\"en_US\" \/>\n<meta property=\"og:type\" content=\"article\" \/>\n<meta property=\"og:title\" content=\"Collar for dogs Made of Biotane Two-color Avocado - Doracocker\" \/>\n<meta property=\"og:description\" content=\"This product is made to order, the production time is 7-10 days. When ordering, mark the width you want.\" \/>\n<meta property=\"og:url\" content=\"https:\/\/doracocker.eu\/en\/prekiu-katalogas\/collar-for-dogs-made-of-biotane-two-color-avocado\/\" \/>\n<meta property=\"og:site_name\" content=\"Doracocker\" \/>\n<meta property=\"article:modified_time\" content=\"2025-03-05T16:17:07+00:00\" \/>\n<meta property=\"og:image\" content=\"https:\/\/doracocker.eu\/wp-content\/uploads\/2024\/09\/Untitled-design-2024-09-06T122422.711.jpg\" \/>\n\t<meta property=\"og:image:width\" content=\"700\" \/>\n\t<meta property=\"og:image:height\" content=\"700\" \/>\n\t<meta property=\"og:image:type\" content=\"image\/jpeg\" \/>\n<meta name=\"twitter:card\" content=\"summary_large_image\" \/>\n<meta name=\"twitter:label1\" content=\"Est. reading time\" \/>\n\t<meta name=\"twitter:data1\" content=\"2 minutes\" \/>\n<script type=\"application\/ld+json\" class=\"yoast-schema-graph\">{\"@context\":\"https:\\\/\\\/schema.org\",\"@graph\":[{\"@type\":\"WebPage\",\"@id\":\"https:\\\/\\\/doracocker.eu\\\/en\\\/prekiu-katalogas\\\/collar-for-dogs-made-of-biotane-two-color-avocado\\\/\",\"url\":\"https:\\\/\\\/doracocker.eu\\\/en\\\/prekiu-katalogas\\\/collar-for-dogs-made-of-biotane-two-color-avocado\\\/\",\"name\":\"Collar for dogs Made of Biotane Two-color Avocado - Doracocker\",\"isPartOf\":{\"@id\":\"https:\\\/\\\/doracocker.eu\\\/#website\"},\"primaryImageOfPage\":{\"@id\":\"https:\\\/\\\/doracocker.eu\\\/en\\\/prekiu-katalogas\\\/collar-for-dogs-made-of-biotane-two-color-avocado\\\/#primaryimage\"},\"image\":{\"@id\":\"https:\\\/\\\/doracocker.eu\\\/en\\\/prekiu-katalogas\\\/collar-for-dogs-made-of-biotane-two-color-avocado\\\/#primaryimage\"},\"thumbnailUrl\":\"https:\\\/\\\/doracocker.eu\\\/wp-content\\\/uploads\\\/2024\\\/09\\\/Untitled-design-2024-09-06T122422.711.jpg\",\"datePublished\":\"2024-09-12T12:18:56+00:00\",\"dateModified\":\"2025-03-05T16:17:07+00:00\",\"breadcrumb\":{\"@id\":\"https:\\\/\\\/doracocker.eu\\\/en\\\/prekiu-katalogas\\\/collar-for-dogs-made-of-biotane-two-color-avocado\\\/#breadcrumb\"},\"inLanguage\":\"en-US\",\"potentialAction\":[{\"@type\":\"ReadAction\",\"target\":[\"https:\\\/\\\/doracocker.eu\\\/en\\\/prekiu-katalogas\\\/collar-for-dogs-made-of-biotane-two-color-avocado\\\/\"]}]},{\"@type\":\"ImageObject\",\"inLanguage\":\"en-US\",\"@id\":\"https:\\\/\\\/doracocker.eu\\\/en\\\/prekiu-katalogas\\\/collar-for-dogs-made-of-biotane-two-color-avocado\\\/#primaryimage\",\"url\":\"https:\\\/\\\/doracocker.eu\\\/wp-content\\\/uploads\\\/2024\\\/09\\\/Untitled-design-2024-09-06T122422.711.jpg\",\"contentUrl\":\"https:\\\/\\\/doracocker.eu\\\/wp-content\\\/uploads\\\/2024\\\/09\\\/Untitled-design-2024-09-06T122422.711.jpg\",\"width\":700,\"height\":700,\"caption\":\"collars for dogs\"},{\"@type\":\"BreadcrumbList\",\"@id\":\"https:\\\/\\\/doracocker.eu\\\/en\\\/prekiu-katalogas\\\/collar-for-dogs-made-of-biotane-two-color-avocado\\\/#breadcrumb\",\"itemListElement\":[{\"@type\":\"ListItem\",\"position\":1,\"name\":\"Home\",\"item\":\"https:\\\/\\\/doracocker.eu\\\/\"},{\"@type\":\"ListItem\",\"position\":2,\"name\":\"Shop\",\"item\":\"https:\\\/\\\/doracocker.eu\\\/en\\\/shop\\\/\"},{\"@type\":\"ListItem\",\"position\":3,\"name\":\"Collar for dogs Made of Biotane Two-color Avocado\"}]},{\"@type\":\"WebSite\",\"@id\":\"https:\\\/\\\/doracocker.eu\\\/#website\",\"url\":\"https:\\\/\\\/doracocker.eu\\\/\",\"name\":\"Doracocker\",\"description\":\"Rank\u0173 darbo guoliai \u0161unims ir kat\u0117ms\",\"potentialAction\":[{\"@type\":\"SearchAction\",\"target\":{\"@type\":\"EntryPoint\",\"urlTemplate\":\"https:\\\/\\\/doracocker.eu\\\/?s={search_term_string}\"},\"query-input\":{\"@type\":\"PropertyValueSpecification\",\"valueRequired\":true,\"valueName\":\"search_term_string\"}}],\"inLanguage\":\"en-US\"}]}<\/script>\n<!-- \/ Yoast SEO plugin. -->","yoast_head_json":{"title":"Collar for dogs Made of Biotane Two-color Avocado - Doracocker","robots":{"index":"index","follow":"follow","max-snippet":"max-snippet:-1","max-image-preview":"max-image-preview:large","max-video-preview":"max-video-preview:-1"},"canonical":"https:\/\/doracocker.eu\/en\/prekiu-katalogas\/collar-for-dogs-made-of-biotane-two-color-avocado\/","og_locale":"en_US","og_type":"article","og_title":"Collar for dogs Made of Biotane Two-color Avocado - Doracocker","og_description":"This product is made to order, the production time is 7-10 days. When ordering, mark the width you want.","og_url":"https:\/\/doracocker.eu\/en\/prekiu-katalogas\/collar-for-dogs-made-of-biotane-two-color-avocado\/","og_site_name":"Doracocker","article_modified_time":"2025-03-05T16:17:07+00:00","og_image":[{"width":700,"height":700,"url":"https:\/\/doracocker.eu\/wp-content\/uploads\/2024\/09\/Untitled-design-2024-09-06T122422.711.jpg","type":"image\/jpeg"}],"twitter_card":"summary_large_image","twitter_misc":{"Est. reading time":"2 minutes"},"schema":{"@context":"https:\/\/schema.org","@graph":[{"@type":"WebPage","@id":"https:\/\/doracocker.eu\/en\/prekiu-katalogas\/collar-for-dogs-made-of-biotane-two-color-avocado\/","url":"https:\/\/doracocker.eu\/en\/prekiu-katalogas\/collar-for-dogs-made-of-biotane-two-color-avocado\/","name":"Collar for dogs Made of Biotane Two-color Avocado - Doracocker","isPartOf":{"@id":"https:\/\/doracocker.eu\/#website"},"primaryImageOfPage":{"@id":"https:\/\/doracocker.eu\/en\/prekiu-katalogas\/collar-for-dogs-made-of-biotane-two-color-avocado\/#primaryimage"},"image":{"@id":"https:\/\/doracocker.eu\/en\/prekiu-katalogas\/collar-for-dogs-made-of-biotane-two-color-avocado\/#primaryimage"},"thumbnailUrl":"https:\/\/doracocker.eu\/wp-content\/uploads\/2024\/09\/Untitled-design-2024-09-06T122422.711.jpg","datePublished":"2024-09-12T12:18:56+00:00","dateModified":"2025-03-05T16:17:07+00:00","breadcrumb":{"@id":"https:\/\/doracocker.eu\/en\/prekiu-katalogas\/collar-for-dogs-made-of-biotane-two-color-avocado\/#breadcrumb"},"inLanguage":"en-US","potentialAction":[{"@type":"ReadAction","target":["https:\/\/doracocker.eu\/en\/prekiu-katalogas\/collar-for-dogs-made-of-biotane-two-color-avocado\/"]}]},{"@type":"ImageObject","inLanguage":"en-US","@id":"https:\/\/doracocker.eu\/en\/prekiu-katalogas\/collar-for-dogs-made-of-biotane-two-color-avocado\/#primaryimage","url":"https:\/\/doracocker.eu\/wp-content\/uploads\/2024\/09\/Untitled-design-2024-09-06T122422.711.jpg","contentUrl":"https:\/\/doracocker.eu\/wp-content\/uploads\/2024\/09\/Untitled-design-2024-09-06T122422.711.jpg","width":700,"height":700,"caption":"collars for dogs"},{"@type":"BreadcrumbList","@id":"https:\/\/doracocker.eu\/en\/prekiu-katalogas\/collar-for-dogs-made-of-biotane-two-color-avocado\/#breadcrumb","itemListElement":[{"@type":"ListItem","position":1,"name":"Home","item":"https:\/\/doracocker.eu\/"},{"@type":"ListItem","position":2,"name":"Shop","item":"https:\/\/doracocker.eu\/en\/shop\/"},{"@type":"ListItem","position":3,"name":"Collar for dogs Made of Biotane Two-color Avocado"}]},{"@type":"WebSite","@id":"https:\/\/doracocker.eu\/#website","url":"https:\/\/doracocker.eu\/","name":"Doracocker","description":"Rank\u0173 darbo guoliai \u0161unims ir kat\u0117ms","potentialAction":[{"@type":"SearchAction","target":{"@type":"EntryPoint","urlTemplate":"https:\/\/doracocker.eu\/?s={search_term_string}"},"query-input":{"@type":"PropertyValueSpecification","valueRequired":true,"valueName":"search_term_string"}}],"inLanguage":"en-US"}]}},"_links":{"self":[{"href":"https:\/\/doracocker.eu\/en\/wp-json\/wp\/v2\/product\/38714","targetHints":{"allow":["GET"]}}],"collection":[{"href":"https:\/\/doracocker.eu\/en\/wp-json\/wp\/v2\/product"}],"about":[{"href":"https:\/\/doracocker.eu\/en\/wp-json\/wp\/v2\/types\/product"}],"replies":[{"embeddable":true,"href":"https:\/\/doracocker.eu\/en\/wp-json\/wp\/v2\/comments?post=38714"}],"wp:featuredmedia":[{"embeddable":true,"href":"https:\/\/doracocker.eu\/en\/wp-json\/wp\/v2\/media\/38304"}],"wp:attachment":[{"href":"https:\/\/doracocker.eu\/en\/wp-json\/wp\/v2\/media?parent=38714"}],"wp:term":[{"taxonomy":"product_brand","embeddable":true,"href":"https:\/\/doracocker.eu\/en\/wp-json\/wp\/v2\/product_brand?post=38714"},{"taxonomy":"product_cat","embeddable":true,"href":"https:\/\/doracocker.eu\/en\/wp-json\/wp\/v2\/product_cat?post=38714"},{"taxonomy":"product_tag","embeddable":true,"href":"https:\/\/doracocker.eu\/en\/wp-json\/wp\/v2\/product_tag?post=38714"}],"curies":[{"name":"wp","href":"https:\/\/api.w.org\/{rel}","templated":true}]}}