

{"id":38703,"date":"2024-09-12T16:47:11","date_gmt":"2024-09-12T13:47:11","guid":{"rendered":"https:\/\/doracocker.eu\/prekiu-katalogas\/multifunctional-dog-leash-from-biotane\/"},"modified":"2025-02-27T22:44:57","modified_gmt":"2025-02-27T20:44:57","slug":"multifunctional-dog-leash-from-biotane","status":"publish","type":"product","link":"https:\/\/doracocker.eu\/en\/prekiu-katalogas\/multifunctional-dog-leash-from-biotane\/","title":{"rendered":"Multifunctional Dog Leash from Biotnane"},"content":{"rendered":"<h2>Multifunctional Dog Leash from Biotane<\/h2>\n<p data-start=\"50\" data-end=\"468\">This <strong data-start=\"55\" data-end=\"84\">multifunctional dog leash<\/strong> is decorated with stylish yellow details and features multiple <strong data-start=\"148\" data-end=\"163\">attachments<\/strong> for versatility. The <strong data-start=\"185\" data-end=\"217\">adjustable sliding regulator<\/strong> allows you to wear the leash over your shoulder or around your waist. Another attachment lets you create a <strong data-start=\"325\" data-end=\"335\">handle<\/strong>, turning it into a standard leash. Additionally, there is a clip for <strong data-start=\"405\" data-end=\"434\">folding the leash in half<\/strong> when full length is not needed.<\/p>\n<p data-start=\"470\" data-end=\"739\">It also includes a <strong data-start=\"489\" data-end=\"531\">metal attachment for a poop bag holder<\/strong> (poop bag holder not included) and an <strong data-start=\"570\" data-end=\"586\">extra handle<\/strong> for keeping your dog close when needed. <strong data-start=\"627\" data-end=\"651\">Leash width \u2013 1.6 cm<\/strong>, with customizable length options. The leash shown in the photo is <strong data-start=\"719\" data-end=\"736\">3 meters long<\/strong>.<\/p>\n<p data-start=\"741\" data-end=\"829\"><strong data-start=\"744\" data-end=\"827\">Made from original patented BioThane\u00ae \u2013 durability and practicality guaranteed!<\/strong><\/p>\n<p data-start=\"831\" data-end=\"1084\"><strong data-start=\"833\" data-end=\"855\">BioThane Benefits:<\/strong><br data-start=\"855\" data-end=\"858\" \/>\u2714 <strong data-start=\"860\" data-end=\"874\">Waterproof<\/strong> \u2013 repels moisture and is easy to clean<br data-start=\"913\" data-end=\"916\" \/>\u2714 <strong data-start=\"918\" data-end=\"945\" data-is-only-node=\"\">Dirt and odor-resistant<\/strong> \u2013 does not absorb dirt or smells<br data-start=\"978\" data-end=\"981\" \/>\u2714 <strong data-start=\"983\" data-end=\"1004\">Extremely durable<\/strong> \u2013 strong and long-lasting<br data-start=\"1030\" data-end=\"1033\" \/>\u2714 <strong data-start=\"1035\" data-end=\"1053\">Vibrant colors<\/strong> \u2013 stylish and highly visible<\/p>\n<p data-start=\"1086\" data-end=\"1176\" data-is-last-node=\"\" data-is-only-node=\"\">\ud83d\udcfd Watch the <strong data-start=\"1099\" data-end=\"1108\">video<\/strong> to learn more about this collection from the creator herself, Goda!<\/p>\n","protected":false},"excerpt":{"rendered":"<p id=\"tw-target-text\" class=\"tw-data-text tw-text-large tw-ta\" dir=\"ltr\" data-placeholder=\"Vertimas\" data-ved=\"2ahUKEwiK28but_OKAxXxFBAIHQInBKMQ3ewLegQICxAV\" aria-label=\"I\u0161verstas tekstas: This product is made to order, the production time is 7-10 days. When ordering, mark the length you want.\"><span class=\"Y2IQFc\" lang=\"en\">This product is made to order, the production time is 7-10 days. When ordering, mark the length you want.<\/span><\/p>\n","protected":false},"featured_media":38353,"comment_status":"closed","ping_status":"closed","template":"","meta":[],"product_brand":[],"product_cat":[988],"product_tag":[994,993,995,992],"class_list":{"0":"post-38703","1":"product","2":"type-product","3":"status-publish","4":"has-post-thumbnail","6":"product_cat-collars-for-dogs","7":"product_tag-biothane-leash","8":"product_tag-dog-leash","9":"product_tag-multifunctional-dog-leash","10":"product_tag-stilish-dog-leash","13":"first","14":"instock","15":"shipping-taxable","16":"purchasable","17":"product-type-variable"},"yoast_head":"<!-- This site is optimized with the Yoast SEO plugin v27.3 - https:\/\/yoast.com\/product\/yoast-seo-wordpress\/ -->\n<title>Multifunctional Dog Leash from Biotnane - Doracocker<\/title>\n<meta name=\"robots\" content=\"index, follow, max-snippet:-1, max-image-preview:large, max-video-preview:-1\" \/>\n<link rel=\"canonical\" href=\"https:\/\/doracocker.eu\/en\/prekiu-katalogas\/multifunctional-dog-leash-from-biotane\/\" \/>\n<meta property=\"og:locale\" content=\"en_US\" \/>\n<meta property=\"og:type\" content=\"article\" \/>\n<meta property=\"og:title\" content=\"Multifunctional Dog Leash from Biotnane - Doracocker\" \/>\n<meta property=\"og:description\" content=\"This product is made to order, the production time is 7-10 days. When ordering, mark the length you want.\" \/>\n<meta property=\"og:url\" content=\"https:\/\/doracocker.eu\/en\/prekiu-katalogas\/multifunctional-dog-leash-from-biotane\/\" \/>\n<meta property=\"og:site_name\" content=\"Doracocker\" \/>\n<meta property=\"article:modified_time\" content=\"2025-02-27T20:44:57+00:00\" \/>\n<meta property=\"og:image\" content=\"https:\/\/doracocker.eu\/wp-content\/uploads\/2024\/09\/Untitled-design-2024-09-06T122707.147.jpg\" \/>\n\t<meta property=\"og:image:width\" content=\"700\" \/>\n\t<meta property=\"og:image:height\" content=\"700\" \/>\n\t<meta property=\"og:image:type\" content=\"image\/jpeg\" \/>\n<meta name=\"twitter:card\" content=\"summary_large_image\" \/>\n<meta name=\"twitter:label1\" content=\"Est. reading time\" \/>\n\t<meta name=\"twitter:data1\" content=\"2 minutes\" \/>\n<script type=\"application\/ld+json\" class=\"yoast-schema-graph\">{\"@context\":\"https:\\\/\\\/schema.org\",\"@graph\":[{\"@type\":\"WebPage\",\"@id\":\"https:\\\/\\\/doracocker.eu\\\/en\\\/prekiu-katalogas\\\/multifunctional-dog-leash-from-biotane\\\/\",\"url\":\"https:\\\/\\\/doracocker.eu\\\/en\\\/prekiu-katalogas\\\/multifunctional-dog-leash-from-biotane\\\/\",\"name\":\"Multifunctional Dog Leash from Biotnane - Doracocker\",\"isPartOf\":{\"@id\":\"https:\\\/\\\/doracocker.eu\\\/#website\"},\"primaryImageOfPage\":{\"@id\":\"https:\\\/\\\/doracocker.eu\\\/en\\\/prekiu-katalogas\\\/multifunctional-dog-leash-from-biotane\\\/#primaryimage\"},\"image\":{\"@id\":\"https:\\\/\\\/doracocker.eu\\\/en\\\/prekiu-katalogas\\\/multifunctional-dog-leash-from-biotane\\\/#primaryimage\"},\"thumbnailUrl\":\"https:\\\/\\\/doracocker.eu\\\/wp-content\\\/uploads\\\/2024\\\/09\\\/Untitled-design-2024-09-06T122707.147.jpg\",\"datePublished\":\"2024-09-12T13:47:11+00:00\",\"dateModified\":\"2025-02-27T20:44:57+00:00\",\"breadcrumb\":{\"@id\":\"https:\\\/\\\/doracocker.eu\\\/en\\\/prekiu-katalogas\\\/multifunctional-dog-leash-from-biotane\\\/#breadcrumb\"},\"inLanguage\":\"en-US\",\"potentialAction\":[{\"@type\":\"ReadAction\",\"target\":[\"https:\\\/\\\/doracocker.eu\\\/en\\\/prekiu-katalogas\\\/multifunctional-dog-leash-from-biotane\\\/\"]}]},{\"@type\":\"ImageObject\",\"inLanguage\":\"en-US\",\"@id\":\"https:\\\/\\\/doracocker.eu\\\/en\\\/prekiu-katalogas\\\/multifunctional-dog-leash-from-biotane\\\/#primaryimage\",\"url\":\"https:\\\/\\\/doracocker.eu\\\/wp-content\\\/uploads\\\/2024\\\/09\\\/Untitled-design-2024-09-06T122707.147.jpg\",\"contentUrl\":\"https:\\\/\\\/doracocker.eu\\\/wp-content\\\/uploads\\\/2024\\\/09\\\/Untitled-design-2024-09-06T122707.147.jpg\",\"width\":700,\"height\":700,\"caption\":\"Dog Leash\"},{\"@type\":\"BreadcrumbList\",\"@id\":\"https:\\\/\\\/doracocker.eu\\\/en\\\/prekiu-katalogas\\\/multifunctional-dog-leash-from-biotane\\\/#breadcrumb\",\"itemListElement\":[{\"@type\":\"ListItem\",\"position\":1,\"name\":\"Home\",\"item\":\"https:\\\/\\\/doracocker.eu\\\/\"},{\"@type\":\"ListItem\",\"position\":2,\"name\":\"Shop\",\"item\":\"https:\\\/\\\/doracocker.eu\\\/en\\\/shop\\\/\"},{\"@type\":\"ListItem\",\"position\":3,\"name\":\"Multifunctional Dog Leash from Biotnane\"}]},{\"@type\":\"WebSite\",\"@id\":\"https:\\\/\\\/doracocker.eu\\\/#website\",\"url\":\"https:\\\/\\\/doracocker.eu\\\/\",\"name\":\"Doracocker\",\"description\":\"Rank\u0173 darbo guoliai \u0161unims ir kat\u0117ms\",\"potentialAction\":[{\"@type\":\"SearchAction\",\"target\":{\"@type\":\"EntryPoint\",\"urlTemplate\":\"https:\\\/\\\/doracocker.eu\\\/?s={search_term_string}\"},\"query-input\":{\"@type\":\"PropertyValueSpecification\",\"valueRequired\":true,\"valueName\":\"search_term_string\"}}],\"inLanguage\":\"en-US\"}]}<\/script>\n<!-- \/ Yoast SEO plugin. -->","yoast_head_json":{"title":"Multifunctional Dog Leash from Biotnane - Doracocker","robots":{"index":"index","follow":"follow","max-snippet":"max-snippet:-1","max-image-preview":"max-image-preview:large","max-video-preview":"max-video-preview:-1"},"canonical":"https:\/\/doracocker.eu\/en\/prekiu-katalogas\/multifunctional-dog-leash-from-biotane\/","og_locale":"en_US","og_type":"article","og_title":"Multifunctional Dog Leash from Biotnane - Doracocker","og_description":"This product is made to order, the production time is 7-10 days. When ordering, mark the length you want.","og_url":"https:\/\/doracocker.eu\/en\/prekiu-katalogas\/multifunctional-dog-leash-from-biotane\/","og_site_name":"Doracocker","article_modified_time":"2025-02-27T20:44:57+00:00","og_image":[{"width":700,"height":700,"url":"https:\/\/doracocker.eu\/wp-content\/uploads\/2024\/09\/Untitled-design-2024-09-06T122707.147.jpg","type":"image\/jpeg"}],"twitter_card":"summary_large_image","twitter_misc":{"Est. reading time":"2 minutes"},"schema":{"@context":"https:\/\/schema.org","@graph":[{"@type":"WebPage","@id":"https:\/\/doracocker.eu\/en\/prekiu-katalogas\/multifunctional-dog-leash-from-biotane\/","url":"https:\/\/doracocker.eu\/en\/prekiu-katalogas\/multifunctional-dog-leash-from-biotane\/","name":"Multifunctional Dog Leash from Biotnane - Doracocker","isPartOf":{"@id":"https:\/\/doracocker.eu\/#website"},"primaryImageOfPage":{"@id":"https:\/\/doracocker.eu\/en\/prekiu-katalogas\/multifunctional-dog-leash-from-biotane\/#primaryimage"},"image":{"@id":"https:\/\/doracocker.eu\/en\/prekiu-katalogas\/multifunctional-dog-leash-from-biotane\/#primaryimage"},"thumbnailUrl":"https:\/\/doracocker.eu\/wp-content\/uploads\/2024\/09\/Untitled-design-2024-09-06T122707.147.jpg","datePublished":"2024-09-12T13:47:11+00:00","dateModified":"2025-02-27T20:44:57+00:00","breadcrumb":{"@id":"https:\/\/doracocker.eu\/en\/prekiu-katalogas\/multifunctional-dog-leash-from-biotane\/#breadcrumb"},"inLanguage":"en-US","potentialAction":[{"@type":"ReadAction","target":["https:\/\/doracocker.eu\/en\/prekiu-katalogas\/multifunctional-dog-leash-from-biotane\/"]}]},{"@type":"ImageObject","inLanguage":"en-US","@id":"https:\/\/doracocker.eu\/en\/prekiu-katalogas\/multifunctional-dog-leash-from-biotane\/#primaryimage","url":"https:\/\/doracocker.eu\/wp-content\/uploads\/2024\/09\/Untitled-design-2024-09-06T122707.147.jpg","contentUrl":"https:\/\/doracocker.eu\/wp-content\/uploads\/2024\/09\/Untitled-design-2024-09-06T122707.147.jpg","width":700,"height":700,"caption":"Dog Leash"},{"@type":"BreadcrumbList","@id":"https:\/\/doracocker.eu\/en\/prekiu-katalogas\/multifunctional-dog-leash-from-biotane\/#breadcrumb","itemListElement":[{"@type":"ListItem","position":1,"name":"Home","item":"https:\/\/doracocker.eu\/"},{"@type":"ListItem","position":2,"name":"Shop","item":"https:\/\/doracocker.eu\/en\/shop\/"},{"@type":"ListItem","position":3,"name":"Multifunctional Dog Leash from Biotnane"}]},{"@type":"WebSite","@id":"https:\/\/doracocker.eu\/#website","url":"https:\/\/doracocker.eu\/","name":"Doracocker","description":"Rank\u0173 darbo guoliai \u0161unims ir kat\u0117ms","potentialAction":[{"@type":"SearchAction","target":{"@type":"EntryPoint","urlTemplate":"https:\/\/doracocker.eu\/?s={search_term_string}"},"query-input":{"@type":"PropertyValueSpecification","valueRequired":true,"valueName":"search_term_string"}}],"inLanguage":"en-US"}]}},"_links":{"self":[{"href":"https:\/\/doracocker.eu\/en\/wp-json\/wp\/v2\/product\/38703","targetHints":{"allow":["GET"]}}],"collection":[{"href":"https:\/\/doracocker.eu\/en\/wp-json\/wp\/v2\/product"}],"about":[{"href":"https:\/\/doracocker.eu\/en\/wp-json\/wp\/v2\/types\/product"}],"replies":[{"embeddable":true,"href":"https:\/\/doracocker.eu\/en\/wp-json\/wp\/v2\/comments?post=38703"}],"wp:featuredmedia":[{"embeddable":true,"href":"https:\/\/doracocker.eu\/en\/wp-json\/wp\/v2\/media\/38353"}],"wp:attachment":[{"href":"https:\/\/doracocker.eu\/en\/wp-json\/wp\/v2\/media?parent=38703"}],"wp:term":[{"taxonomy":"product_brand","embeddable":true,"href":"https:\/\/doracocker.eu\/en\/wp-json\/wp\/v2\/product_brand?post=38703"},{"taxonomy":"product_cat","embeddable":true,"href":"https:\/\/doracocker.eu\/en\/wp-json\/wp\/v2\/product_cat?post=38703"},{"taxonomy":"product_tag","embeddable":true,"href":"https:\/\/doracocker.eu\/en\/wp-json\/wp\/v2\/product_tag?post=38703"}],"curies":[{"name":"wp","href":"https:\/\/api.w.org\/{rel}","templated":true}]}}