

{"id":38498,"date":"2024-06-21T12:40:07","date_gmt":"2024-06-21T09:40:07","guid":{"rendered":"https:\/\/doracocker.eu\/prekiu-katalogas\/dog-toy-ball-17cm-dora-cocker\/"},"modified":"2025-02-27T21:13:52","modified_gmt":"2025-02-27T19:13:52","slug":"dog-toy-ball-17cm-dora-cocker","status":"publish","type":"product","link":"https:\/\/doracocker.eu\/en\/prekiu-katalogas\/dog-toy-ball-17cm-dora-cocker\/","title":{"rendered":"Dog toy ball 17cm Dora Cocker"},"content":{"rendered":"<h2>Dog toy ball 17cm Dora Cocker<\/h2>\n<p id=\"tw-target-text\" class=\"tw-data-text tw-text-large tw-ta\" dir=\"ltr\" data-placeholder=\"Vertimas\" data-ved=\"2ahUKEwiEpaeE--qJAxWlJxAIHZrUIYgQ3ewLegQIDxAU\" aria-label=\"I\u0161verstas tekstas: Balls for dogs are a favorite interactive toy for active games with the owner. It is very soft and fun to cuddle and kick. Not only the dog will enjoy playing with it :) Suitable for dogs of all breeds and sizes. If you suspect that the dog will tear it, hide it after playing. The diameter of the ball is 17 cm. Fluffy sintepon balls inside, the same as in our bearing cushions. Composition: 100% polyester, upholstery velour, pet friendly inside: sintepon balls Maintenance: Machine washable at 30C Dora really likes to &quot;blow up&quot; children's balls. And the dog Els likes soft balls, but the client couldn't find a high-quality ball that wouldn't fall apart at the seams. Therefore, the idea was born to make a soft ball that will not come loose and will be tightly bound.\"><span class=\"Y2IQFc\" lang=\"en\">Balls for dogs are a favorite interactive toy for active games with the owner. It is very soft and fun to cuddle and kick. Not only the dog will enjoy playing with it \ud83d\ude42 Suitable for dogs of all breeds and sizes. If you suspect that the dog will tear it, hide it after playing. The diameter of the ball is 17 cm. Fluffy sintepon balls inside, the same as in our bearing cushions. Composition: 100% polyester, upholstery velour, pet friendly inside: sintepon balls Maintenance: Machine washable at 30C Dora really likes to &#8220;blow up&#8221; children&#8217;s balls. And the dog Els likes soft balls, but the client couldn&#8217;t find a high-quality ball that wouldn&#8217;t fall apart at the seams. Therefore, the idea was born to make a soft ball that will not come loose and will be tightly bound.<\/span><\/p>\n","protected":false},"excerpt":{"rendered":"<p>&nbsp;<\/p>\n<p id=\"tw-target-text\" class=\"tw-data-text tw-text-large tw-ta\" dir=\"ltr\" data-placeholder=\"Vertimas\" data-ved=\"2ahUKEwiEpaeE--qJAxWlJxAIHZrUIYgQ3ewLegQIDxAU\" aria-label=\"I\u0161verstas tekstas: Balls for dogs are a favorite interactive toy for active games with the owner. It is very soft and fun to cuddle and kick. Not only the dog will enjoy playing with it :) Suitable for dogs of all breeds and sizes. If you suspect that the dog will tear it, hide it after playing. The diameter of the ball is 17 cm. Fluffy sintepon balls inside, the same as in our bearing cushions. Composition: 100% polyester, upholstery velour, pet friendly inside: sintepon balls Maintenance: Machine washable at 30C Dora really likes to &quot;blow up&quot; children's balls. And the dog Els likes soft balls, but the client couldn't find a high-quality ball that wouldn't fall apart at the seams. Therefore, the idea was born to make a soft ball that will not come loose and will be tightly bound.\"><span class=\"Y2IQFc\" lang=\"en\">Balls for dogs are a favorite interactive toy for active games with the owner. It is very soft and fun to cuddle and kick. Not only the dog will enjoy playing with it \ud83d\ude42 Suitable for dogs of all breeds and sizes. If you suspect that the dog will tear it, hide it after playing. The diameter of the ball is 17 cm. Fluffy sintepon balls inside, the same as in our bearing cushions. Composition: 100% polyester, upholstery velour, pet friendly inside: sintepon balls Maintenance: Machine washable at 30C Dora really likes to &#8220;blow up&#8221; children&#8217;s balls. And the dog Els likes soft balls, but the client couldn&#8217;t find a high-quality ball that wouldn&#8217;t fall apart at the seams. Therefore, the idea was born to make a soft ball that will not come loose and will be tightly bound.<\/span><\/p>\n","protected":false},"featured_media":38164,"comment_status":"closed","ping_status":"closed","template":"","meta":[],"product_brand":[],"product_cat":[985,986],"product_tag":[],"class_list":{"0":"post-38498","1":"product","2":"type-product","3":"status-publish","4":"has-post-thumbnail","6":"product_cat-toys-accessories","7":"product_cat-dog-toys-dora-cocker","10":"first","11":"instock","12":"shipping-taxable","13":"purchasable","14":"product-type-variable"},"yoast_head":"<!-- This site is optimized with the Yoast SEO plugin v27.3 - https:\/\/yoast.com\/product\/yoast-seo-wordpress\/ -->\n<title>Dog TOY ball 17cm \/Handmade\/ Dora Cocker<\/title>\n<meta name=\"description\" content=\"Balls for dogs to have fun\" \/>\n<meta name=\"robots\" content=\"index, follow, max-snippet:-1, max-image-preview:large, max-video-preview:-1\" \/>\n<link rel=\"canonical\" href=\"https:\/\/doracocker.eu\/en\/prekiu-katalogas\/dog-toy-ball-17cm-dora-cocker\/\" \/>\n<meta property=\"og:locale\" content=\"en_US\" \/>\n<meta property=\"og:type\" content=\"article\" \/>\n<meta property=\"og:title\" content=\"Dog TOY ball 17cm \/Handmade\/ Dora Cocker\" \/>\n<meta property=\"og:description\" content=\"Balls for dogs to have fun\" \/>\n<meta property=\"og:url\" content=\"https:\/\/doracocker.eu\/en\/prekiu-katalogas\/dog-toy-ball-17cm-dora-cocker\/\" \/>\n<meta property=\"og:site_name\" content=\"Doracocker\" \/>\n<meta property=\"article:modified_time\" content=\"2025-02-27T19:13:52+00:00\" \/>\n<meta property=\"og:image\" content=\"https:\/\/doracocker.eu\/wp-content\/uploads\/2024\/06\/XL-5-1.jpg\" \/>\n\t<meta property=\"og:image:width\" content=\"700\" \/>\n\t<meta property=\"og:image:height\" content=\"700\" \/>\n\t<meta property=\"og:image:type\" content=\"image\/jpeg\" \/>\n<meta name=\"twitter:card\" content=\"summary_large_image\" \/>\n<meta name=\"twitter:label1\" content=\"Est. reading time\" \/>\n\t<meta name=\"twitter:data1\" content=\"1 minute\" \/>\n<script type=\"application\/ld+json\" class=\"yoast-schema-graph\">{\"@context\":\"https:\\\/\\\/schema.org\",\"@graph\":[{\"@type\":\"WebPage\",\"@id\":\"https:\\\/\\\/doracocker.eu\\\/en\\\/prekiu-katalogas\\\/dog-toy-ball-17cm-dora-cocker\\\/\",\"url\":\"https:\\\/\\\/doracocker.eu\\\/en\\\/prekiu-katalogas\\\/dog-toy-ball-17cm-dora-cocker\\\/\",\"name\":\"Dog TOY ball 17cm \\\/Handmade\\\/ Dora Cocker\",\"isPartOf\":{\"@id\":\"https:\\\/\\\/doracocker.eu\\\/#website\"},\"primaryImageOfPage\":{\"@id\":\"https:\\\/\\\/doracocker.eu\\\/en\\\/prekiu-katalogas\\\/dog-toy-ball-17cm-dora-cocker\\\/#primaryimage\"},\"image\":{\"@id\":\"https:\\\/\\\/doracocker.eu\\\/en\\\/prekiu-katalogas\\\/dog-toy-ball-17cm-dora-cocker\\\/#primaryimage\"},\"thumbnailUrl\":\"https:\\\/\\\/doracocker.eu\\\/wp-content\\\/uploads\\\/2024\\\/06\\\/XL-5-1.jpg\",\"datePublished\":\"2024-06-21T09:40:07+00:00\",\"dateModified\":\"2025-02-27T19:13:52+00:00\",\"description\":\"Balls for dogs to have fun\",\"breadcrumb\":{\"@id\":\"https:\\\/\\\/doracocker.eu\\\/en\\\/prekiu-katalogas\\\/dog-toy-ball-17cm-dora-cocker\\\/#breadcrumb\"},\"inLanguage\":\"en-US\",\"potentialAction\":[{\"@type\":\"ReadAction\",\"target\":[\"https:\\\/\\\/doracocker.eu\\\/en\\\/prekiu-katalogas\\\/dog-toy-ball-17cm-dora-cocker\\\/\"]}]},{\"@type\":\"ImageObject\",\"inLanguage\":\"en-US\",\"@id\":\"https:\\\/\\\/doracocker.eu\\\/en\\\/prekiu-katalogas\\\/dog-toy-ball-17cm-dora-cocker\\\/#primaryimage\",\"url\":\"https:\\\/\\\/doracocker.eu\\\/wp-content\\\/uploads\\\/2024\\\/06\\\/XL-5-1.jpg\",\"contentUrl\":\"https:\\\/\\\/doracocker.eu\\\/wp-content\\\/uploads\\\/2024\\\/06\\\/XL-5-1.jpg\",\"width\":700,\"height\":700,\"caption\":\"dog ball\"},{\"@type\":\"BreadcrumbList\",\"@id\":\"https:\\\/\\\/doracocker.eu\\\/en\\\/prekiu-katalogas\\\/dog-toy-ball-17cm-dora-cocker\\\/#breadcrumb\",\"itemListElement\":[{\"@type\":\"ListItem\",\"position\":1,\"name\":\"Home\",\"item\":\"https:\\\/\\\/doracocker.eu\\\/\"},{\"@type\":\"ListItem\",\"position\":2,\"name\":\"Shop\",\"item\":\"https:\\\/\\\/doracocker.eu\\\/en\\\/shop\\\/\"},{\"@type\":\"ListItem\",\"position\":3,\"name\":\"Dog toy ball 17cm Dora Cocker\"}]},{\"@type\":\"WebSite\",\"@id\":\"https:\\\/\\\/doracocker.eu\\\/#website\",\"url\":\"https:\\\/\\\/doracocker.eu\\\/\",\"name\":\"Doracocker\",\"description\":\"Rank\u0173 darbo guoliai \u0161unims ir kat\u0117ms\",\"potentialAction\":[{\"@type\":\"SearchAction\",\"target\":{\"@type\":\"EntryPoint\",\"urlTemplate\":\"https:\\\/\\\/doracocker.eu\\\/?s={search_term_string}\"},\"query-input\":{\"@type\":\"PropertyValueSpecification\",\"valueRequired\":true,\"valueName\":\"search_term_string\"}}],\"inLanguage\":\"en-US\"}]}<\/script>\n<!-- \/ Yoast SEO plugin. -->","yoast_head_json":{"title":"Dog TOY ball 17cm \/Handmade\/ Dora Cocker","description":"Balls for dogs to have fun","robots":{"index":"index","follow":"follow","max-snippet":"max-snippet:-1","max-image-preview":"max-image-preview:large","max-video-preview":"max-video-preview:-1"},"canonical":"https:\/\/doracocker.eu\/en\/prekiu-katalogas\/dog-toy-ball-17cm-dora-cocker\/","og_locale":"en_US","og_type":"article","og_title":"Dog TOY ball 17cm \/Handmade\/ Dora Cocker","og_description":"Balls for dogs to have fun","og_url":"https:\/\/doracocker.eu\/en\/prekiu-katalogas\/dog-toy-ball-17cm-dora-cocker\/","og_site_name":"Doracocker","article_modified_time":"2025-02-27T19:13:52+00:00","og_image":[{"width":700,"height":700,"url":"https:\/\/doracocker.eu\/wp-content\/uploads\/2024\/06\/XL-5-1.jpg","type":"image\/jpeg"}],"twitter_card":"summary_large_image","twitter_misc":{"Est. reading time":"1 minute"},"schema":{"@context":"https:\/\/schema.org","@graph":[{"@type":"WebPage","@id":"https:\/\/doracocker.eu\/en\/prekiu-katalogas\/dog-toy-ball-17cm-dora-cocker\/","url":"https:\/\/doracocker.eu\/en\/prekiu-katalogas\/dog-toy-ball-17cm-dora-cocker\/","name":"Dog TOY ball 17cm \/Handmade\/ Dora Cocker","isPartOf":{"@id":"https:\/\/doracocker.eu\/#website"},"primaryImageOfPage":{"@id":"https:\/\/doracocker.eu\/en\/prekiu-katalogas\/dog-toy-ball-17cm-dora-cocker\/#primaryimage"},"image":{"@id":"https:\/\/doracocker.eu\/en\/prekiu-katalogas\/dog-toy-ball-17cm-dora-cocker\/#primaryimage"},"thumbnailUrl":"https:\/\/doracocker.eu\/wp-content\/uploads\/2024\/06\/XL-5-1.jpg","datePublished":"2024-06-21T09:40:07+00:00","dateModified":"2025-02-27T19:13:52+00:00","description":"Balls for dogs to have fun","breadcrumb":{"@id":"https:\/\/doracocker.eu\/en\/prekiu-katalogas\/dog-toy-ball-17cm-dora-cocker\/#breadcrumb"},"inLanguage":"en-US","potentialAction":[{"@type":"ReadAction","target":["https:\/\/doracocker.eu\/en\/prekiu-katalogas\/dog-toy-ball-17cm-dora-cocker\/"]}]},{"@type":"ImageObject","inLanguage":"en-US","@id":"https:\/\/doracocker.eu\/en\/prekiu-katalogas\/dog-toy-ball-17cm-dora-cocker\/#primaryimage","url":"https:\/\/doracocker.eu\/wp-content\/uploads\/2024\/06\/XL-5-1.jpg","contentUrl":"https:\/\/doracocker.eu\/wp-content\/uploads\/2024\/06\/XL-5-1.jpg","width":700,"height":700,"caption":"dog ball"},{"@type":"BreadcrumbList","@id":"https:\/\/doracocker.eu\/en\/prekiu-katalogas\/dog-toy-ball-17cm-dora-cocker\/#breadcrumb","itemListElement":[{"@type":"ListItem","position":1,"name":"Home","item":"https:\/\/doracocker.eu\/"},{"@type":"ListItem","position":2,"name":"Shop","item":"https:\/\/doracocker.eu\/en\/shop\/"},{"@type":"ListItem","position":3,"name":"Dog toy ball 17cm Dora Cocker"}]},{"@type":"WebSite","@id":"https:\/\/doracocker.eu\/#website","url":"https:\/\/doracocker.eu\/","name":"Doracocker","description":"Rank\u0173 darbo guoliai \u0161unims ir kat\u0117ms","potentialAction":[{"@type":"SearchAction","target":{"@type":"EntryPoint","urlTemplate":"https:\/\/doracocker.eu\/?s={search_term_string}"},"query-input":{"@type":"PropertyValueSpecification","valueRequired":true,"valueName":"search_term_string"}}],"inLanguage":"en-US"}]}},"_links":{"self":[{"href":"https:\/\/doracocker.eu\/en\/wp-json\/wp\/v2\/product\/38498","targetHints":{"allow":["GET"]}}],"collection":[{"href":"https:\/\/doracocker.eu\/en\/wp-json\/wp\/v2\/product"}],"about":[{"href":"https:\/\/doracocker.eu\/en\/wp-json\/wp\/v2\/types\/product"}],"replies":[{"embeddable":true,"href":"https:\/\/doracocker.eu\/en\/wp-json\/wp\/v2\/comments?post=38498"}],"wp:featuredmedia":[{"embeddable":true,"href":"https:\/\/doracocker.eu\/en\/wp-json\/wp\/v2\/media\/38164"}],"wp:attachment":[{"href":"https:\/\/doracocker.eu\/en\/wp-json\/wp\/v2\/media?parent=38498"}],"wp:term":[{"taxonomy":"product_brand","embeddable":true,"href":"https:\/\/doracocker.eu\/en\/wp-json\/wp\/v2\/product_brand?post=38498"},{"taxonomy":"product_cat","embeddable":true,"href":"https:\/\/doracocker.eu\/en\/wp-json\/wp\/v2\/product_cat?post=38498"},{"taxonomy":"product_tag","embeddable":true,"href":"https:\/\/doracocker.eu\/en\/wp-json\/wp\/v2\/product_tag?post=38498"}],"curies":[{"name":"wp","href":"https:\/\/api.w.org\/{rel}","templated":true}]}}