

{"id":38476,"date":"2024-06-21T13:27:37","date_gmt":"2024-06-21T10:27:37","guid":{"rendered":"https:\/\/doracocker.eu\/prekiu-katalogas\/toy-bone-dora-cocker\/"},"modified":"2025-02-27T21:17:30","modified_gmt":"2025-02-27T19:17:30","slug":"toy-bone-dora-cocker","status":"publish","type":"product","link":"https:\/\/doracocker.eu\/en\/prekiu-katalogas\/toy-bone-dora-cocker\/","title":{"rendered":"Toy bone Dora Cocker"},"content":{"rendered":"","protected":false},"excerpt":{"rendered":"<p id=\"tw-target-text\" class=\"tw-data-text tw-text-large tw-ta\" dir=\"ltr\" data-placeholder=\"Vertimas\" data-ved=\"2ahUKEwiEpaeE--qJAxWlJxAIHZrUIYgQ3ewLegQIDxAU\" aria-label=\"I\u0161verstas tekstas: Dog toy Bone, inside added magic that makes all dogs happy. It will be a really fun and lovable surprise for your pet. Select color and size when ordering. If we have in stock, we will ship within 24 hours. If we don't have it, we will make it within 5 days.\u00a0 The system will probably show out of stock, but the bones rotate too fast for us to capture that in the system. If you order a color that we do not have in stock, we will call you to find another locally available color that you like.\"><span class=\"Y2IQFc\" lang=\"en\">Dog toy Bone, inside added magic that makes all dogs happy. It will be a really fun and lovable surprise for your pet. <\/span><\/p>\n<p class=\"tw-data-text tw-text-large tw-ta\" dir=\"ltr\" data-placeholder=\"Vertimas\" data-ved=\"2ahUKEwiEpaeE--qJAxWlJxAIHZrUIYgQ3ewLegQIDxAU\" aria-label=\"I\u0161verstas tekstas: Dog toy Bone, inside added magic that makes all dogs happy. It will be a really fun and lovable surprise for your pet. Select color and size when ordering. If we have in stock, we will ship within 24 hours. If we don't have it, we will make it within 5 days.\u00a0 The system will probably show out of stock, but the bones rotate too fast for us to capture that in the system. If you order a color that we do not have in stock, we will call you to find another locally available color that you like.\"><span class=\"Y2IQFc\" lang=\"en\">Select color and size when ordering. If we have in stock, we will ship within 24 hours. If we don&#8217;t have it, we will make it within 5 days.\u00a0 The system will probably show out of stock, but the bones rotate too fast for us to capture that in the system. <\/span><\/p>\n<p class=\"tw-data-text tw-text-large tw-ta\" dir=\"ltr\" data-placeholder=\"Vertimas\" data-ved=\"2ahUKEwiEpaeE--qJAxWlJxAIHZrUIYgQ3ewLegQIDxAU\" aria-label=\"I\u0161verstas tekstas: Dog toy Bone, inside added magic that makes all dogs happy. It will be a really fun and lovable surprise for your pet. Select color and size when ordering. If we have in stock, we will ship within 24 hours. If we don't have it, we will make it within 5 days.\u00a0 The system will probably show out of stock, but the bones rotate too fast for us to capture that in the system. If you order a color that we do not have in stock, we will call you to find another locally available color that you like.\"><span class=\"Y2IQFc\" lang=\"en\">If you order a color that we do not have in stock, we will contact\u00a0 you to find another locally available color that you like.<\/span><\/p>\n","protected":false},"featured_media":38170,"comment_status":"closed","ping_status":"closed","template":"","meta":[],"product_brand":[],"product_cat":[985,986],"product_tag":[],"class_list":{"0":"post-38476","1":"product","2":"type-product","3":"status-publish","4":"has-post-thumbnail","6":"product_cat-toys-accessories","7":"product_cat-dog-toys-dora-cocker","10":"first","11":"instock","12":"shipping-taxable","13":"purchasable","14":"product-type-variable"},"yoast_head":"<!-- This site is optimized with the Yoast SEO plugin v27.3 - https:\/\/yoast.com\/product\/yoast-seo-wordpress\/ -->\n<title>Dog toy BONE\/ 6 colors\/ Handmade\/<\/title>\n<meta name=\"description\" content=\"Dog toy Bone, inside added magic that makes all dogs happy. It will be a really fun and lovable surprise for your pet.\" \/>\n<meta name=\"robots\" content=\"index, follow, max-snippet:-1, max-image-preview:large, max-video-preview:-1\" \/>\n<link rel=\"canonical\" href=\"https:\/\/doracocker.eu\/prekiu-katalogas\/zaislas-suniui-kaulas\/\" \/>\n<meta property=\"og:locale\" content=\"en_US\" \/>\n<meta property=\"og:type\" content=\"article\" \/>\n<meta property=\"og:title\" content=\"Dog toy BONE\/ 6 colors\/ Handmade\/\" \/>\n<meta property=\"og:description\" content=\"Dog toy Bone, inside added magic that makes all dogs happy. It will be a really fun and lovable surprise for your pet.\" \/>\n<meta property=\"og:url\" content=\"https:\/\/doracocker.eu\/prekiu-katalogas\/zaislas-suniui-kaulas\/\" \/>\n<meta property=\"og:site_name\" content=\"Doracocker\" \/>\n<meta property=\"article:modified_time\" content=\"2025-02-27T19:17:30+00:00\" \/>\n<meta property=\"og:image\" content=\"https:\/\/doracocker.eu\/wp-content\/uploads\/2024\/06\/XL-8.jpg\" \/>\n\t<meta property=\"og:image:width\" content=\"700\" \/>\n\t<meta property=\"og:image:height\" content=\"700\" \/>\n\t<meta property=\"og:image:type\" content=\"image\/jpeg\" \/>\n<meta name=\"twitter:card\" content=\"summary_large_image\" \/>\n<meta name=\"twitter:label1\" content=\"Est. reading time\" \/>\n\t<meta name=\"twitter:data1\" content=\"1 minute\" \/>\n<script type=\"application\/ld+json\" class=\"yoast-schema-graph\">{\"@context\":\"https:\\\/\\\/schema.org\",\"@graph\":[{\"@type\":\"WebPage\",\"@id\":\"https:\\\/\\\/doracocker.eu\\\/prekiu-katalogas\\\/zaislas-suniui-kaulas\\\/\",\"url\":\"https:\\\/\\\/doracocker.eu\\\/prekiu-katalogas\\\/zaislas-suniui-kaulas\\\/\",\"name\":\"Dog toy BONE\\\/ 6 colors\\\/ Handmade\\\/\",\"isPartOf\":{\"@id\":\"https:\\\/\\\/doracocker.eu\\\/#website\"},\"primaryImageOfPage\":{\"@id\":\"https:\\\/\\\/doracocker.eu\\\/prekiu-katalogas\\\/zaislas-suniui-kaulas\\\/#primaryimage\"},\"image\":{\"@id\":\"https:\\\/\\\/doracocker.eu\\\/prekiu-katalogas\\\/zaislas-suniui-kaulas\\\/#primaryimage\"},\"thumbnailUrl\":\"https:\\\/\\\/doracocker.eu\\\/wp-content\\\/uploads\\\/2024\\\/06\\\/XL-8.jpg\",\"datePublished\":\"2024-06-21T10:27:37+00:00\",\"dateModified\":\"2025-02-27T19:17:30+00:00\",\"description\":\"Dog toy Bone, inside added magic that makes all dogs happy. It will be a really fun and lovable surprise for your pet.\",\"breadcrumb\":{\"@id\":\"https:\\\/\\\/doracocker.eu\\\/prekiu-katalogas\\\/zaislas-suniui-kaulas\\\/#breadcrumb\"},\"inLanguage\":\"en-US\",\"potentialAction\":[{\"@type\":\"ReadAction\",\"target\":[\"https:\\\/\\\/doracocker.eu\\\/prekiu-katalogas\\\/zaislas-suniui-kaulas\\\/\"]}]},{\"@type\":\"ImageObject\",\"inLanguage\":\"en-US\",\"@id\":\"https:\\\/\\\/doracocker.eu\\\/prekiu-katalogas\\\/zaislas-suniui-kaulas\\\/#primaryimage\",\"url\":\"https:\\\/\\\/doracocker.eu\\\/wp-content\\\/uploads\\\/2024\\\/06\\\/XL-8.jpg\",\"contentUrl\":\"https:\\\/\\\/doracocker.eu\\\/wp-content\\\/uploads\\\/2024\\\/06\\\/XL-8.jpg\",\"width\":700,\"height\":700,\"caption\":\"toy for dog\"},{\"@type\":\"BreadcrumbList\",\"@id\":\"https:\\\/\\\/doracocker.eu\\\/prekiu-katalogas\\\/zaislas-suniui-kaulas\\\/#breadcrumb\",\"itemListElement\":[{\"@type\":\"ListItem\",\"position\":1,\"name\":\"Home\",\"item\":\"https:\\\/\\\/doracocker.eu\\\/\"},{\"@type\":\"ListItem\",\"position\":2,\"name\":\"Shop\",\"item\":\"https:\\\/\\\/doracocker.eu\\\/en\\\/shop\\\/\"},{\"@type\":\"ListItem\",\"position\":3,\"name\":\"Toy bone Dora Cocker\"}]},{\"@type\":\"WebSite\",\"@id\":\"https:\\\/\\\/doracocker.eu\\\/#website\",\"url\":\"https:\\\/\\\/doracocker.eu\\\/\",\"name\":\"Doracocker\",\"description\":\"Rank\u0173 darbo guoliai \u0161unims ir kat\u0117ms\",\"potentialAction\":[{\"@type\":\"SearchAction\",\"target\":{\"@type\":\"EntryPoint\",\"urlTemplate\":\"https:\\\/\\\/doracocker.eu\\\/?s={search_term_string}\"},\"query-input\":{\"@type\":\"PropertyValueSpecification\",\"valueRequired\":true,\"valueName\":\"search_term_string\"}}],\"inLanguage\":\"en-US\"}]}<\/script>\n<!-- \/ Yoast SEO plugin. -->","yoast_head_json":{"title":"Dog toy BONE\/ 6 colors\/ Handmade\/","description":"Dog toy Bone, inside added magic that makes all dogs happy. It will be a really fun and lovable surprise for your pet.","robots":{"index":"index","follow":"follow","max-snippet":"max-snippet:-1","max-image-preview":"max-image-preview:large","max-video-preview":"max-video-preview:-1"},"canonical":"https:\/\/doracocker.eu\/prekiu-katalogas\/zaislas-suniui-kaulas\/","og_locale":"en_US","og_type":"article","og_title":"Dog toy BONE\/ 6 colors\/ Handmade\/","og_description":"Dog toy Bone, inside added magic that makes all dogs happy. It will be a really fun and lovable surprise for your pet.","og_url":"https:\/\/doracocker.eu\/prekiu-katalogas\/zaislas-suniui-kaulas\/","og_site_name":"Doracocker","article_modified_time":"2025-02-27T19:17:30+00:00","og_image":[{"width":700,"height":700,"url":"https:\/\/doracocker.eu\/wp-content\/uploads\/2024\/06\/XL-8.jpg","type":"image\/jpeg"}],"twitter_card":"summary_large_image","twitter_misc":{"Est. reading time":"1 minute"},"schema":{"@context":"https:\/\/schema.org","@graph":[{"@type":"WebPage","@id":"https:\/\/doracocker.eu\/prekiu-katalogas\/zaislas-suniui-kaulas\/","url":"https:\/\/doracocker.eu\/prekiu-katalogas\/zaislas-suniui-kaulas\/","name":"Dog toy BONE\/ 6 colors\/ Handmade\/","isPartOf":{"@id":"https:\/\/doracocker.eu\/#website"},"primaryImageOfPage":{"@id":"https:\/\/doracocker.eu\/prekiu-katalogas\/zaislas-suniui-kaulas\/#primaryimage"},"image":{"@id":"https:\/\/doracocker.eu\/prekiu-katalogas\/zaislas-suniui-kaulas\/#primaryimage"},"thumbnailUrl":"https:\/\/doracocker.eu\/wp-content\/uploads\/2024\/06\/XL-8.jpg","datePublished":"2024-06-21T10:27:37+00:00","dateModified":"2025-02-27T19:17:30+00:00","description":"Dog toy Bone, inside added magic that makes all dogs happy. It will be a really fun and lovable surprise for your pet.","breadcrumb":{"@id":"https:\/\/doracocker.eu\/prekiu-katalogas\/zaislas-suniui-kaulas\/#breadcrumb"},"inLanguage":"en-US","potentialAction":[{"@type":"ReadAction","target":["https:\/\/doracocker.eu\/prekiu-katalogas\/zaislas-suniui-kaulas\/"]}]},{"@type":"ImageObject","inLanguage":"en-US","@id":"https:\/\/doracocker.eu\/prekiu-katalogas\/zaislas-suniui-kaulas\/#primaryimage","url":"https:\/\/doracocker.eu\/wp-content\/uploads\/2024\/06\/XL-8.jpg","contentUrl":"https:\/\/doracocker.eu\/wp-content\/uploads\/2024\/06\/XL-8.jpg","width":700,"height":700,"caption":"toy for dog"},{"@type":"BreadcrumbList","@id":"https:\/\/doracocker.eu\/prekiu-katalogas\/zaislas-suniui-kaulas\/#breadcrumb","itemListElement":[{"@type":"ListItem","position":1,"name":"Home","item":"https:\/\/doracocker.eu\/"},{"@type":"ListItem","position":2,"name":"Shop","item":"https:\/\/doracocker.eu\/en\/shop\/"},{"@type":"ListItem","position":3,"name":"Toy bone Dora Cocker"}]},{"@type":"WebSite","@id":"https:\/\/doracocker.eu\/#website","url":"https:\/\/doracocker.eu\/","name":"Doracocker","description":"Rank\u0173 darbo guoliai \u0161unims ir kat\u0117ms","potentialAction":[{"@type":"SearchAction","target":{"@type":"EntryPoint","urlTemplate":"https:\/\/doracocker.eu\/?s={search_term_string}"},"query-input":{"@type":"PropertyValueSpecification","valueRequired":true,"valueName":"search_term_string"}}],"inLanguage":"en-US"}]}},"_links":{"self":[{"href":"https:\/\/doracocker.eu\/en\/wp-json\/wp\/v2\/product\/38476","targetHints":{"allow":["GET"]}}],"collection":[{"href":"https:\/\/doracocker.eu\/en\/wp-json\/wp\/v2\/product"}],"about":[{"href":"https:\/\/doracocker.eu\/en\/wp-json\/wp\/v2\/types\/product"}],"replies":[{"embeddable":true,"href":"https:\/\/doracocker.eu\/en\/wp-json\/wp\/v2\/comments?post=38476"}],"wp:featuredmedia":[{"embeddable":true,"href":"https:\/\/doracocker.eu\/en\/wp-json\/wp\/v2\/media\/38170"}],"wp:attachment":[{"href":"https:\/\/doracocker.eu\/en\/wp-json\/wp\/v2\/media?parent=38476"}],"wp:term":[{"taxonomy":"product_brand","embeddable":true,"href":"https:\/\/doracocker.eu\/en\/wp-json\/wp\/v2\/product_brand?post=38476"},{"taxonomy":"product_cat","embeddable":true,"href":"https:\/\/doracocker.eu\/en\/wp-json\/wp\/v2\/product_cat?post=38476"},{"taxonomy":"product_tag","embeddable":true,"href":"https:\/\/doracocker.eu\/en\/wp-json\/wp\/v2\/product_tag?post=38476"}],"curies":[{"name":"wp","href":"https:\/\/api.w.org\/{rel}","templated":true}]}}