

{"id":38443,"date":"2024-06-18T15:11:33","date_gmt":"2024-06-18T12:11:33","guid":{"rendered":"https:\/\/doracocker.eu\/prekiu-katalogas\/a-pillow-with-roof-60x60cm-sand\/"},"modified":"2024-11-20T15:04:39","modified_gmt":"2024-11-20T13:04:39","slug":"a-pillow-with-roof-60x60cm-sand","status":"publish","type":"product","link":"https:\/\/doracocker.eu\/en\/prekiu-katalogas\/a-pillow-with-roof-60x60cm-sand\/","title":{"rendered":"A pillow with roof 60x60cm Sand"},"content":{"rendered":"<h2>A pillow with roof 60x60cm Sand<\/h2>\n","protected":false},"excerpt":{"rendered":"<p id=\"tw-target-text\" class=\"tw-data-text tw-text-large tw-ta\" dir=\"ltr\" data-placeholder=\"Vertimas\" data-ved=\"2ahUKEwiEpaeE--qJAxWlJxAIHZrUIYgQ3ewLegQIDxAU\" aria-label=\"I\u0161verstas tekstas: Bed for dogs pocket type, pillow with a canopy, intended for lovers of warmth. This bed for dogs will allow the pet to easily play and rest warmly.\n\nWe have this bearing manufactured. You will not find such a combination in the ordered options, it is made from leftovers.\"><span class=\"Y2IQFc\" lang=\"en\">Bed for dogs pocket type, pillow with a canopy, intended for lovers of warmth. This bed for dogs will allow the pet to easily play and rest warmly. <\/span><\/p>\n<p class=\"tw-data-text tw-text-large tw-ta\" dir=\"ltr\" data-placeholder=\"Vertimas\" data-ved=\"2ahUKEwiEpaeE--qJAxWlJxAIHZrUIYgQ3ewLegQIDxAU\" aria-label=\"I\u0161verstas tekstas: Bed for dogs pocket type, pillow with a canopy, intended for lovers of warmth. This bed for dogs will allow the pet to easily play and rest warmly.\n\nWe have this bearing manufactured. You will not find such a combination in the ordered options, it is made from leftovers.\"><span class=\"Y2IQFc\" lang=\"en\">We have this bearing manufactured. You will not find such a combination in the ordered options, it is a unique color.<\/span><\/p>\n","protected":false},"featured_media":37982,"comment_status":"closed","ping_status":"closed","template":"","meta":[],"product_brand":[],"product_cat":[443],"product_tag":[458],"class_list":{"0":"post-38443","1":"product","2":"type-product","3":"status-publish","4":"has-post-thumbnail","6":"product_cat-special-offers","7":"product_tag-bearings-for-dogs","10":"first","11":"outofstock","12":"sale","13":"shipping-taxable","14":"purchasable","15":"product-type-simple"},"yoast_head":"<!-- This site is optimized with the Yoast SEO plugin v27.3 - https:\/\/yoast.com\/product\/yoast-seo-wordpress\/ -->\n<title>A pillow with roof 60x60cm Sand - Doracocker<\/title>\n<meta name=\"description\" content=\"Bed for dogs pocket type, pillow with a canopy, intended for lovers of warmth. This bed for dogs will allow the pet to easily play and rest warmly.\" \/>\n<meta name=\"robots\" content=\"index, follow, max-snippet:-1, max-image-preview:large, max-video-preview:-1\" \/>\n<link rel=\"canonical\" href=\"https:\/\/doracocker.eu\/?post_type=product&p=37980\" \/>\n<meta property=\"og:locale\" content=\"en_US\" \/>\n<meta property=\"og:type\" content=\"article\" \/>\n<meta property=\"og:title\" content=\"A pillow with roof 60x60cm Sand - Doracocker\" \/>\n<meta property=\"og:description\" content=\"Bed for dogs pocket type, pillow with a canopy, intended for lovers of warmth. This bed for dogs will allow the pet to easily play and rest warmly.\" \/>\n<meta property=\"og:url\" content=\"https:\/\/doracocker.eu\/?post_type=product&amp;p=37980\" \/>\n<meta property=\"og:site_name\" content=\"Doracocker\" \/>\n<meta property=\"article:modified_time\" content=\"2024-11-20T13:04:39+00:00\" \/>\n<meta property=\"og:image\" content=\"https:\/\/doracocker.eu\/wp-content\/uploads\/2024\/06\/Untitled-design-2024-06-18T150145.506.jpg\" \/>\n\t<meta property=\"og:image:width\" content=\"700\" \/>\n\t<meta property=\"og:image:height\" content=\"700\" \/>\n\t<meta property=\"og:image:type\" content=\"image\/jpeg\" \/>\n<meta name=\"twitter:card\" content=\"summary_large_image\" \/>\n<meta name=\"twitter:label1\" content=\"Est. reading time\" \/>\n\t<meta name=\"twitter:data1\" content=\"1 minute\" \/>\n<script type=\"application\/ld+json\" class=\"yoast-schema-graph\">{\"@context\":\"https:\\\/\\\/schema.org\",\"@graph\":[{\"@type\":\"WebPage\",\"@id\":\"https:\\\/\\\/doracocker.eu\\\/?post_type=product&p=37980\",\"url\":\"https:\\\/\\\/doracocker.eu\\\/?post_type=product&p=37980\",\"name\":\"A pillow with roof 60x60cm Sand - Doracocker\",\"isPartOf\":{\"@id\":\"https:\\\/\\\/doracocker.eu\\\/#website\"},\"primaryImageOfPage\":{\"@id\":\"https:\\\/\\\/doracocker.eu\\\/?post_type=product&p=37980#primaryimage\"},\"image\":{\"@id\":\"https:\\\/\\\/doracocker.eu\\\/?post_type=product&p=37980#primaryimage\"},\"thumbnailUrl\":\"https:\\\/\\\/doracocker.eu\\\/wp-content\\\/uploads\\\/2024\\\/06\\\/Untitled-design-2024-06-18T150145.506.jpg\",\"datePublished\":\"2024-06-18T12:11:33+00:00\",\"dateModified\":\"2024-11-20T13:04:39+00:00\",\"description\":\"Bed for dogs pocket type, pillow with a canopy, intended for lovers of warmth. This bed for dogs will allow the pet to easily play and rest warmly.\",\"breadcrumb\":{\"@id\":\"https:\\\/\\\/doracocker.eu\\\/?post_type=product&p=37980#breadcrumb\"},\"inLanguage\":\"en-US\",\"potentialAction\":[{\"@type\":\"ReadAction\",\"target\":[\"https:\\\/\\\/doracocker.eu\\\/?post_type=product&p=37980\"]}]},{\"@type\":\"ImageObject\",\"inLanguage\":\"en-US\",\"@id\":\"https:\\\/\\\/doracocker.eu\\\/?post_type=product&p=37980#primaryimage\",\"url\":\"https:\\\/\\\/doracocker.eu\\\/wp-content\\\/uploads\\\/2024\\\/06\\\/Untitled-design-2024-06-18T150145.506.jpg\",\"contentUrl\":\"https:\\\/\\\/doracocker.eu\\\/wp-content\\\/uploads\\\/2024\\\/06\\\/Untitled-design-2024-06-18T150145.506.jpg\",\"width\":700,\"height\":700,\"caption\":\"dog bed\"},{\"@type\":\"BreadcrumbList\",\"@id\":\"https:\\\/\\\/doracocker.eu\\\/?post_type=product&p=37980#breadcrumb\",\"itemListElement\":[{\"@type\":\"ListItem\",\"position\":1,\"name\":\"Home\",\"item\":\"https:\\\/\\\/doracocker.eu\\\/\"},{\"@type\":\"ListItem\",\"position\":2,\"name\":\"Shop\",\"item\":\"https:\\\/\\\/doracocker.eu\\\/en\\\/shop\\\/\"},{\"@type\":\"ListItem\",\"position\":3,\"name\":\"A pillow with roof 60x60cm Sand\"}]},{\"@type\":\"WebSite\",\"@id\":\"https:\\\/\\\/doracocker.eu\\\/#website\",\"url\":\"https:\\\/\\\/doracocker.eu\\\/\",\"name\":\"Doracocker\",\"description\":\"Rank\u0173 darbo guoliai \u0161unims ir kat\u0117ms\",\"potentialAction\":[{\"@type\":\"SearchAction\",\"target\":{\"@type\":\"EntryPoint\",\"urlTemplate\":\"https:\\\/\\\/doracocker.eu\\\/?s={search_term_string}\"},\"query-input\":{\"@type\":\"PropertyValueSpecification\",\"valueRequired\":true,\"valueName\":\"search_term_string\"}}],\"inLanguage\":\"en-US\"}]}<\/script>\n<!-- \/ Yoast SEO plugin. -->","yoast_head_json":{"title":"A pillow with roof 60x60cm Sand - Doracocker","description":"Bed for dogs pocket type, pillow with a canopy, intended for lovers of warmth. This bed for dogs will allow the pet to easily play and rest warmly.","robots":{"index":"index","follow":"follow","max-snippet":"max-snippet:-1","max-image-preview":"max-image-preview:large","max-video-preview":"max-video-preview:-1"},"canonical":"https:\/\/doracocker.eu\/?post_type=product&p=37980","og_locale":"en_US","og_type":"article","og_title":"A pillow with roof 60x60cm Sand - Doracocker","og_description":"Bed for dogs pocket type, pillow with a canopy, intended for lovers of warmth. This bed for dogs will allow the pet to easily play and rest warmly.","og_url":"https:\/\/doracocker.eu\/?post_type=product&p=37980","og_site_name":"Doracocker","article_modified_time":"2024-11-20T13:04:39+00:00","og_image":[{"width":700,"height":700,"url":"https:\/\/doracocker.eu\/wp-content\/uploads\/2024\/06\/Untitled-design-2024-06-18T150145.506.jpg","type":"image\/jpeg"}],"twitter_card":"summary_large_image","twitter_misc":{"Est. reading time":"1 minute"},"schema":{"@context":"https:\/\/schema.org","@graph":[{"@type":"WebPage","@id":"https:\/\/doracocker.eu\/?post_type=product&p=37980","url":"https:\/\/doracocker.eu\/?post_type=product&p=37980","name":"A pillow with roof 60x60cm Sand - Doracocker","isPartOf":{"@id":"https:\/\/doracocker.eu\/#website"},"primaryImageOfPage":{"@id":"https:\/\/doracocker.eu\/?post_type=product&p=37980#primaryimage"},"image":{"@id":"https:\/\/doracocker.eu\/?post_type=product&p=37980#primaryimage"},"thumbnailUrl":"https:\/\/doracocker.eu\/wp-content\/uploads\/2024\/06\/Untitled-design-2024-06-18T150145.506.jpg","datePublished":"2024-06-18T12:11:33+00:00","dateModified":"2024-11-20T13:04:39+00:00","description":"Bed for dogs pocket type, pillow with a canopy, intended for lovers of warmth. This bed for dogs will allow the pet to easily play and rest warmly.","breadcrumb":{"@id":"https:\/\/doracocker.eu\/?post_type=product&p=37980#breadcrumb"},"inLanguage":"en-US","potentialAction":[{"@type":"ReadAction","target":["https:\/\/doracocker.eu\/?post_type=product&p=37980"]}]},{"@type":"ImageObject","inLanguage":"en-US","@id":"https:\/\/doracocker.eu\/?post_type=product&p=37980#primaryimage","url":"https:\/\/doracocker.eu\/wp-content\/uploads\/2024\/06\/Untitled-design-2024-06-18T150145.506.jpg","contentUrl":"https:\/\/doracocker.eu\/wp-content\/uploads\/2024\/06\/Untitled-design-2024-06-18T150145.506.jpg","width":700,"height":700,"caption":"dog bed"},{"@type":"BreadcrumbList","@id":"https:\/\/doracocker.eu\/?post_type=product&p=37980#breadcrumb","itemListElement":[{"@type":"ListItem","position":1,"name":"Home","item":"https:\/\/doracocker.eu\/"},{"@type":"ListItem","position":2,"name":"Shop","item":"https:\/\/doracocker.eu\/en\/shop\/"},{"@type":"ListItem","position":3,"name":"A pillow with roof 60x60cm Sand"}]},{"@type":"WebSite","@id":"https:\/\/doracocker.eu\/#website","url":"https:\/\/doracocker.eu\/","name":"Doracocker","description":"Rank\u0173 darbo guoliai \u0161unims ir kat\u0117ms","potentialAction":[{"@type":"SearchAction","target":{"@type":"EntryPoint","urlTemplate":"https:\/\/doracocker.eu\/?s={search_term_string}"},"query-input":{"@type":"PropertyValueSpecification","valueRequired":true,"valueName":"search_term_string"}}],"inLanguage":"en-US"}]}},"_links":{"self":[{"href":"https:\/\/doracocker.eu\/en\/wp-json\/wp\/v2\/product\/38443","targetHints":{"allow":["GET"]}}],"collection":[{"href":"https:\/\/doracocker.eu\/en\/wp-json\/wp\/v2\/product"}],"about":[{"href":"https:\/\/doracocker.eu\/en\/wp-json\/wp\/v2\/types\/product"}],"replies":[{"embeddable":true,"href":"https:\/\/doracocker.eu\/en\/wp-json\/wp\/v2\/comments?post=38443"}],"wp:featuredmedia":[{"embeddable":true,"href":"https:\/\/doracocker.eu\/en\/wp-json\/wp\/v2\/media\/37982"}],"wp:attachment":[{"href":"https:\/\/doracocker.eu\/en\/wp-json\/wp\/v2\/media?parent=38443"}],"wp:term":[{"taxonomy":"product_brand","embeddable":true,"href":"https:\/\/doracocker.eu\/en\/wp-json\/wp\/v2\/product_brand?post=38443"},{"taxonomy":"product_cat","embeddable":true,"href":"https:\/\/doracocker.eu\/en\/wp-json\/wp\/v2\/product_cat?post=38443"},{"taxonomy":"product_tag","embeddable":true,"href":"https:\/\/doracocker.eu\/en\/wp-json\/wp\/v2\/product_tag?post=38443"}],"curies":[{"name":"wp","href":"https:\/\/api.w.org\/{rel}","templated":true}]}}