

{"id":38433,"date":"2024-06-21T15:02:19","date_gmt":"2024-06-21T12:02:19","guid":{"rendered":"https:\/\/doracocker.eu\/?post_type=product&#038;p=38433"},"modified":"2024-11-25T11:51:57","modified_gmt":"2024-11-25T09:51:57","slug":"hair-collector","status":"publish","type":"product","link":"https:\/\/doracocker.eu\/en\/prekiu-katalogas\/hair-collector\/","title":{"rendered":"Pet Hair Collector"},"content":{"rendered":"","protected":false},"excerpt":{"rendered":"<p>If you&#8217;re tired of cleaning dog hair from their bed and household furniture, this tool will make your life easier forever.<\/p>\n<p>This product is in stock, and we\u2019ll ship it within 24 hours after payment.<\/p>\n","protected":false},"featured_media":38108,"comment_status":"closed","ping_status":"closed","template":"","meta":[],"product_brand":[],"product_cat":[959],"product_tag":[],"class_list":{"0":"post-38433","1":"product","2":"type-product","3":"status-publish","4":"has-post-thumbnail","6":"product_cat-pet-hair-collector-en","9":"first","10":"instock","11":"shipping-taxable","12":"purchasable","13":"product-type-simple"},"yoast_head":"<!-- This site is optimized with the Yoast SEO plugin v27.3 - https:\/\/yoast.com\/product\/yoast-seo-wordpress\/ -->\n<title>Pet Hair Collector - Doracocker<\/title>\n<meta name=\"robots\" content=\"index, follow, max-snippet:-1, max-image-preview:large, max-video-preview:-1\" \/>\n<link rel=\"canonical\" href=\"https:\/\/doracocker.eu\/prekiu-katalogas\/gyvunu-plauku-surinkejas\/\" \/>\n<meta property=\"og:locale\" content=\"en_US\" \/>\n<meta property=\"og:type\" content=\"article\" \/>\n<meta property=\"og:title\" content=\"Pet Hair Collector - Doracocker\" \/>\n<meta property=\"og:description\" content=\"If you&#039;re tired of cleaning dog hair from their bed and household furniture, this tool will make your life easier forever.  This product is in stock, and we\u2019ll ship it within 24 hours after payment.\" \/>\n<meta property=\"og:url\" content=\"https:\/\/doracocker.eu\/prekiu-katalogas\/gyvunu-plauku-surinkejas\/\" \/>\n<meta property=\"og:site_name\" content=\"Doracocker\" \/>\n<meta property=\"article:modified_time\" content=\"2024-11-25T09:51:57+00:00\" \/>\n<meta property=\"og:image\" content=\"https:\/\/doracocker.eu\/wp-content\/uploads\/2024\/06\/Untitled-design-2024-06-21T145045.737.jpg\" \/>\n\t<meta property=\"og:image:width\" content=\"700\" \/>\n\t<meta property=\"og:image:height\" content=\"700\" \/>\n\t<meta property=\"og:image:type\" content=\"image\/jpeg\" \/>\n<meta name=\"twitter:card\" content=\"summary_large_image\" \/>\n<meta name=\"twitter:label1\" content=\"Est. reading time\" \/>\n\t<meta name=\"twitter:data1\" content=\"1 minute\" \/>\n<script type=\"application\/ld+json\" class=\"yoast-schema-graph\">{\"@context\":\"https:\\\/\\\/schema.org\",\"@graph\":[{\"@type\":\"WebPage\",\"@id\":\"https:\\\/\\\/doracocker.eu\\\/prekiu-katalogas\\\/gyvunu-plauku-surinkejas\\\/\",\"url\":\"https:\\\/\\\/doracocker.eu\\\/prekiu-katalogas\\\/gyvunu-plauku-surinkejas\\\/\",\"name\":\"Pet Hair Collector - Doracocker\",\"isPartOf\":{\"@id\":\"https:\\\/\\\/doracocker.eu\\\/#website\"},\"primaryImageOfPage\":{\"@id\":\"https:\\\/\\\/doracocker.eu\\\/prekiu-katalogas\\\/gyvunu-plauku-surinkejas\\\/#primaryimage\"},\"image\":{\"@id\":\"https:\\\/\\\/doracocker.eu\\\/prekiu-katalogas\\\/gyvunu-plauku-surinkejas\\\/#primaryimage\"},\"thumbnailUrl\":\"https:\\\/\\\/doracocker.eu\\\/wp-content\\\/uploads\\\/2024\\\/06\\\/Untitled-design-2024-06-21T145045.737.jpg\",\"datePublished\":\"2024-06-21T12:02:19+00:00\",\"dateModified\":\"2024-11-25T09:51:57+00:00\",\"breadcrumb\":{\"@id\":\"https:\\\/\\\/doracocker.eu\\\/prekiu-katalogas\\\/gyvunu-plauku-surinkejas\\\/#breadcrumb\"},\"inLanguage\":\"en-US\",\"potentialAction\":[{\"@type\":\"ReadAction\",\"target\":[\"https:\\\/\\\/doracocker.eu\\\/prekiu-katalogas\\\/gyvunu-plauku-surinkejas\\\/\"]}]},{\"@type\":\"ImageObject\",\"inLanguage\":\"en-US\",\"@id\":\"https:\\\/\\\/doracocker.eu\\\/prekiu-katalogas\\\/gyvunu-plauku-surinkejas\\\/#primaryimage\",\"url\":\"https:\\\/\\\/doracocker.eu\\\/wp-content\\\/uploads\\\/2024\\\/06\\\/Untitled-design-2024-06-21T145045.737.jpg\",\"contentUrl\":\"https:\\\/\\\/doracocker.eu\\\/wp-content\\\/uploads\\\/2024\\\/06\\\/Untitled-design-2024-06-21T145045.737.jpg\",\"width\":700,\"height\":700},{\"@type\":\"BreadcrumbList\",\"@id\":\"https:\\\/\\\/doracocker.eu\\\/prekiu-katalogas\\\/gyvunu-plauku-surinkejas\\\/#breadcrumb\",\"itemListElement\":[{\"@type\":\"ListItem\",\"position\":1,\"name\":\"Home\",\"item\":\"https:\\\/\\\/doracocker.eu\\\/\"},{\"@type\":\"ListItem\",\"position\":2,\"name\":\"Shop\",\"item\":\"https:\\\/\\\/doracocker.eu\\\/en\\\/shop\\\/\"},{\"@type\":\"ListItem\",\"position\":3,\"name\":\"Pet Hair Collector\"}]},{\"@type\":\"WebSite\",\"@id\":\"https:\\\/\\\/doracocker.eu\\\/#website\",\"url\":\"https:\\\/\\\/doracocker.eu\\\/\",\"name\":\"Doracocker\",\"description\":\"Rank\u0173 darbo guoliai \u0161unims ir kat\u0117ms\",\"potentialAction\":[{\"@type\":\"SearchAction\",\"target\":{\"@type\":\"EntryPoint\",\"urlTemplate\":\"https:\\\/\\\/doracocker.eu\\\/?s={search_term_string}\"},\"query-input\":{\"@type\":\"PropertyValueSpecification\",\"valueRequired\":true,\"valueName\":\"search_term_string\"}}],\"inLanguage\":\"en-US\"}]}<\/script>\n<!-- \/ Yoast SEO plugin. -->","yoast_head_json":{"title":"Pet Hair Collector - Doracocker","robots":{"index":"index","follow":"follow","max-snippet":"max-snippet:-1","max-image-preview":"max-image-preview:large","max-video-preview":"max-video-preview:-1"},"canonical":"https:\/\/doracocker.eu\/prekiu-katalogas\/gyvunu-plauku-surinkejas\/","og_locale":"en_US","og_type":"article","og_title":"Pet Hair Collector - Doracocker","og_description":"If you're tired of cleaning dog hair from their bed and household furniture, this tool will make your life easier forever.  This product is in stock, and we\u2019ll ship it within 24 hours after payment.","og_url":"https:\/\/doracocker.eu\/prekiu-katalogas\/gyvunu-plauku-surinkejas\/","og_site_name":"Doracocker","article_modified_time":"2024-11-25T09:51:57+00:00","og_image":[{"width":700,"height":700,"url":"https:\/\/doracocker.eu\/wp-content\/uploads\/2024\/06\/Untitled-design-2024-06-21T145045.737.jpg","type":"image\/jpeg"}],"twitter_card":"summary_large_image","twitter_misc":{"Est. reading time":"1 minute"},"schema":{"@context":"https:\/\/schema.org","@graph":[{"@type":"WebPage","@id":"https:\/\/doracocker.eu\/prekiu-katalogas\/gyvunu-plauku-surinkejas\/","url":"https:\/\/doracocker.eu\/prekiu-katalogas\/gyvunu-plauku-surinkejas\/","name":"Pet Hair Collector - Doracocker","isPartOf":{"@id":"https:\/\/doracocker.eu\/#website"},"primaryImageOfPage":{"@id":"https:\/\/doracocker.eu\/prekiu-katalogas\/gyvunu-plauku-surinkejas\/#primaryimage"},"image":{"@id":"https:\/\/doracocker.eu\/prekiu-katalogas\/gyvunu-plauku-surinkejas\/#primaryimage"},"thumbnailUrl":"https:\/\/doracocker.eu\/wp-content\/uploads\/2024\/06\/Untitled-design-2024-06-21T145045.737.jpg","datePublished":"2024-06-21T12:02:19+00:00","dateModified":"2024-11-25T09:51:57+00:00","breadcrumb":{"@id":"https:\/\/doracocker.eu\/prekiu-katalogas\/gyvunu-plauku-surinkejas\/#breadcrumb"},"inLanguage":"en-US","potentialAction":[{"@type":"ReadAction","target":["https:\/\/doracocker.eu\/prekiu-katalogas\/gyvunu-plauku-surinkejas\/"]}]},{"@type":"ImageObject","inLanguage":"en-US","@id":"https:\/\/doracocker.eu\/prekiu-katalogas\/gyvunu-plauku-surinkejas\/#primaryimage","url":"https:\/\/doracocker.eu\/wp-content\/uploads\/2024\/06\/Untitled-design-2024-06-21T145045.737.jpg","contentUrl":"https:\/\/doracocker.eu\/wp-content\/uploads\/2024\/06\/Untitled-design-2024-06-21T145045.737.jpg","width":700,"height":700},{"@type":"BreadcrumbList","@id":"https:\/\/doracocker.eu\/prekiu-katalogas\/gyvunu-plauku-surinkejas\/#breadcrumb","itemListElement":[{"@type":"ListItem","position":1,"name":"Home","item":"https:\/\/doracocker.eu\/"},{"@type":"ListItem","position":2,"name":"Shop","item":"https:\/\/doracocker.eu\/en\/shop\/"},{"@type":"ListItem","position":3,"name":"Pet Hair Collector"}]},{"@type":"WebSite","@id":"https:\/\/doracocker.eu\/#website","url":"https:\/\/doracocker.eu\/","name":"Doracocker","description":"Rank\u0173 darbo guoliai \u0161unims ir kat\u0117ms","potentialAction":[{"@type":"SearchAction","target":{"@type":"EntryPoint","urlTemplate":"https:\/\/doracocker.eu\/?s={search_term_string}"},"query-input":{"@type":"PropertyValueSpecification","valueRequired":true,"valueName":"search_term_string"}}],"inLanguage":"en-US"}]}},"_links":{"self":[{"href":"https:\/\/doracocker.eu\/en\/wp-json\/wp\/v2\/product\/38433","targetHints":{"allow":["GET"]}}],"collection":[{"href":"https:\/\/doracocker.eu\/en\/wp-json\/wp\/v2\/product"}],"about":[{"href":"https:\/\/doracocker.eu\/en\/wp-json\/wp\/v2\/types\/product"}],"replies":[{"embeddable":true,"href":"https:\/\/doracocker.eu\/en\/wp-json\/wp\/v2\/comments?post=38433"}],"wp:featuredmedia":[{"embeddable":true,"href":"https:\/\/doracocker.eu\/en\/wp-json\/wp\/v2\/media\/38108"}],"wp:attachment":[{"href":"https:\/\/doracocker.eu\/en\/wp-json\/wp\/v2\/media?parent=38433"}],"wp:term":[{"taxonomy":"product_brand","embeddable":true,"href":"https:\/\/doracocker.eu\/en\/wp-json\/wp\/v2\/product_brand?post=38433"},{"taxonomy":"product_cat","embeddable":true,"href":"https:\/\/doracocker.eu\/en\/wp-json\/wp\/v2\/product_cat?post=38433"},{"taxonomy":"product_tag","embeddable":true,"href":"https:\/\/doracocker.eu\/en\/wp-json\/wp\/v2\/product_tag?post=38433"}],"curies":[{"name":"wp","href":"https:\/\/api.w.org\/{rel}","templated":true}]}}