

{"id":38210,"date":"2024-06-21T17:08:24","date_gmt":"2024-06-21T14:08:24","guid":{"rendered":"https:\/\/doracocker.eu\/prekiu-katalogas\/dog-leash-holder\/"},"modified":"2025-02-27T19:51:20","modified_gmt":"2025-02-27T17:51:20","slug":"dog-leash-holder","status":"publish","type":"product","link":"https:\/\/doracocker.eu\/en\/prekiu-katalogas\/dog-leash-holder\/","title":{"rendered":"Dog Leash Holder"},"content":{"rendered":"<h1>Dog Leash Holder<\/h1>\n<p>The idea for this dog leash holder had been nagging at me for a long time. Ever since Dora came into our lives, our hallway turned into a constant mess. The ottoman, where we used to sit to put on our shoes, was taken over. It became the storage spot for all the dog&#8217;s things. Another trigger was that the ottoman&#8217;s lid lifts, and items were stored inside. Every time we lifted the lid, all of Dora&#8217;s belongings would fall behind the ottoman. So, there was a great need to have an organizer where her items could be neatly hung in one place and not disrupt our daily life.<\/p>\n<p>This is how this product was born in collaboration with &#8220;Mr. Beaver&#8221; woodworking studio.<\/p>\n<p>The hanger is made from natural oak wood. The wood grains visible on the board are natural and will be different on each hanger, making each piece unique.<\/p>\n<p>The hanger features an 8cm deep drawer with a divider, making it convenient for storing poop bags and &#8220;welcome&#8221; treats. The divider can be removed if not needed or adjusted to create sections of desired widths.<\/p>\n<p><strong>Easy to Hang:<\/strong> The hanger is mounted to the wall with screws.<\/p>\n<p>On the back, there is a mounting plate attached. The set includes a template, making it easy to mark the spots on the wall where the screws need to be drilled.<\/p>\n<p><strong>Hanger Dimensions:<\/strong><\/p>\n<ul>\n<li>Length: 41cm<\/li>\n<li>Width: 17cm<\/li>\n<\/ul>\n<p><strong>Drawer Dimensions:<\/strong><\/p>\n<ul>\n<li>Length: 19cm<\/li>\n<li>Height: 8cm<\/li>\n<li>Depth: 9cm<\/li>\n<\/ul>\n<p>A hanger designed specifically for organizing your dog&#8217;s belongings neatly. Keep your dog&#8217;s leash, collar, jacket, poop bags, and treats all in one tidy place.<\/p>\n<p>When placing an order, choose your preferred color. If the item is in stock (you can see this below the &#8220;Add to Cart&#8221; button), we will deliver it within 24 hours of payment. If it is not in stock, we will manufacture it within 2 weeks.<\/p>\n","protected":false},"excerpt":{"rendered":"<p>A hanger designed specifically for organizing your dog&#8217;s belongings neatly. Keep your dog&#8217;s leash, collar, jacket, poop bags, and treats all in one tidy place.<\/p>\n<p>When placing an order, choose your preferred color. If the item is in stock (you can see this below the &#8220;Add to Cart&#8221; button), we will deliver it within 24 hours of payment. If it is not in stock, we will manufacture it within 2 weeks.<\/p>\n","protected":false},"featured_media":38525,"comment_status":"closed","ping_status":"closed","template":"","meta":[],"product_brand":[],"product_cat":[958],"product_tag":[],"class_list":{"0":"post-38210","1":"product","2":"type-product","3":"status-publish","4":"has-post-thumbnail","6":"product_cat-dog-leash-holder-en","9":"first","10":"instock","11":"shipping-taxable","12":"purchasable","13":"product-type-variable"},"yoast_head":"<!-- This site is optimized with the Yoast SEO plugin v27.3 - https:\/\/yoast.com\/product\/yoast-seo-wordpress\/ -->\n<title>Dog leash holder 2 colors\/ Dora Cocker<\/title>\n<meta name=\"description\" content=\"Dog Leash holder designed specifically for organizing your dog&#039;s belongings neatly. Keep your dog&#039;s leash, collar, poop bags, and treats all in one tidy place.\" \/>\n<meta name=\"robots\" content=\"index, follow, max-snippet:-1, max-image-preview:large, max-video-preview:-1\" \/>\n<link rel=\"canonical\" href=\"https:\/\/doracocker.eu\/en\/prekiu-katalogas\/dog-leash-holder\/\" \/>\n<meta property=\"og:locale\" content=\"en_US\" \/>\n<meta property=\"og:type\" content=\"article\" \/>\n<meta property=\"og:title\" content=\"Dog leash holder 2 colors\/ Dora Cocker\" \/>\n<meta property=\"og:description\" content=\"Dog Leash holder designed specifically for organizing your dog&#039;s belongings neatly. Keep your dog&#039;s leash, collar, poop bags, and treats all in one tidy place.\" \/>\n<meta property=\"og:url\" content=\"https:\/\/doracocker.eu\/en\/prekiu-katalogas\/dog-leash-holder\/\" \/>\n<meta property=\"og:site_name\" content=\"Doracocker\" \/>\n<meta property=\"article:modified_time\" content=\"2025-02-27T17:51:20+00:00\" \/>\n<meta property=\"og:image\" content=\"https:\/\/doracocker.eu\/wp-content\/uploads\/2024\/06\/lentyna.jpg\" \/>\n\t<meta property=\"og:image:width\" content=\"700\" \/>\n\t<meta property=\"og:image:height\" content=\"700\" \/>\n\t<meta property=\"og:image:type\" content=\"image\/jpeg\" \/>\n<meta name=\"twitter:card\" content=\"summary_large_image\" \/>\n<meta name=\"twitter:label1\" content=\"Est. reading time\" \/>\n\t<meta name=\"twitter:data1\" content=\"2 minutes\" \/>\n<script type=\"application\/ld+json\" class=\"yoast-schema-graph\">{\"@context\":\"https:\\\/\\\/schema.org\",\"@graph\":[{\"@type\":\"WebPage\",\"@id\":\"https:\\\/\\\/doracocker.eu\\\/en\\\/prekiu-katalogas\\\/dog-leash-holder\\\/\",\"url\":\"https:\\\/\\\/doracocker.eu\\\/en\\\/prekiu-katalogas\\\/dog-leash-holder\\\/\",\"name\":\"Dog leash holder 2 colors\\\/ Dora Cocker\",\"isPartOf\":{\"@id\":\"https:\\\/\\\/doracocker.eu\\\/#website\"},\"primaryImageOfPage\":{\"@id\":\"https:\\\/\\\/doracocker.eu\\\/en\\\/prekiu-katalogas\\\/dog-leash-holder\\\/#primaryimage\"},\"image\":{\"@id\":\"https:\\\/\\\/doracocker.eu\\\/en\\\/prekiu-katalogas\\\/dog-leash-holder\\\/#primaryimage\"},\"thumbnailUrl\":\"https:\\\/\\\/doracocker.eu\\\/wp-content\\\/uploads\\\/2024\\\/06\\\/lentyna.jpg\",\"datePublished\":\"2024-06-21T14:08:24+00:00\",\"dateModified\":\"2025-02-27T17:51:20+00:00\",\"description\":\"Dog Leash holder designed specifically for organizing your dog's belongings neatly. Keep your dog's leash, collar, poop bags, and treats all in one tidy place.\",\"breadcrumb\":{\"@id\":\"https:\\\/\\\/doracocker.eu\\\/en\\\/prekiu-katalogas\\\/dog-leash-holder\\\/#breadcrumb\"},\"inLanguage\":\"en-US\",\"potentialAction\":[{\"@type\":\"ReadAction\",\"target\":[\"https:\\\/\\\/doracocker.eu\\\/en\\\/prekiu-katalogas\\\/dog-leash-holder\\\/\"]}]},{\"@type\":\"ImageObject\",\"inLanguage\":\"en-US\",\"@id\":\"https:\\\/\\\/doracocker.eu\\\/en\\\/prekiu-katalogas\\\/dog-leash-holder\\\/#primaryimage\",\"url\":\"https:\\\/\\\/doracocker.eu\\\/wp-content\\\/uploads\\\/2024\\\/06\\\/lentyna.jpg\",\"contentUrl\":\"https:\\\/\\\/doracocker.eu\\\/wp-content\\\/uploads\\\/2024\\\/06\\\/lentyna.jpg\",\"width\":700,\"height\":700},{\"@type\":\"BreadcrumbList\",\"@id\":\"https:\\\/\\\/doracocker.eu\\\/en\\\/prekiu-katalogas\\\/dog-leash-holder\\\/#breadcrumb\",\"itemListElement\":[{\"@type\":\"ListItem\",\"position\":1,\"name\":\"Home\",\"item\":\"https:\\\/\\\/doracocker.eu\\\/\"},{\"@type\":\"ListItem\",\"position\":2,\"name\":\"Shop\",\"item\":\"https:\\\/\\\/doracocker.eu\\\/en\\\/shop\\\/\"},{\"@type\":\"ListItem\",\"position\":3,\"name\":\"Dog Leash Holder\"}]},{\"@type\":\"WebSite\",\"@id\":\"https:\\\/\\\/doracocker.eu\\\/#website\",\"url\":\"https:\\\/\\\/doracocker.eu\\\/\",\"name\":\"Doracocker\",\"description\":\"Rank\u0173 darbo guoliai \u0161unims ir kat\u0117ms\",\"potentialAction\":[{\"@type\":\"SearchAction\",\"target\":{\"@type\":\"EntryPoint\",\"urlTemplate\":\"https:\\\/\\\/doracocker.eu\\\/?s={search_term_string}\"},\"query-input\":{\"@type\":\"PropertyValueSpecification\",\"valueRequired\":true,\"valueName\":\"search_term_string\"}}],\"inLanguage\":\"en-US\"}]}<\/script>\n<!-- \/ Yoast SEO plugin. -->","yoast_head_json":{"title":"Dog leash holder 2 colors\/ Dora Cocker","description":"Dog Leash holder designed specifically for organizing your dog's belongings neatly. Keep your dog's leash, collar, poop bags, and treats all in one tidy place.","robots":{"index":"index","follow":"follow","max-snippet":"max-snippet:-1","max-image-preview":"max-image-preview:large","max-video-preview":"max-video-preview:-1"},"canonical":"https:\/\/doracocker.eu\/en\/prekiu-katalogas\/dog-leash-holder\/","og_locale":"en_US","og_type":"article","og_title":"Dog leash holder 2 colors\/ Dora Cocker","og_description":"Dog Leash holder designed specifically for organizing your dog's belongings neatly. Keep your dog's leash, collar, poop bags, and treats all in one tidy place.","og_url":"https:\/\/doracocker.eu\/en\/prekiu-katalogas\/dog-leash-holder\/","og_site_name":"Doracocker","article_modified_time":"2025-02-27T17:51:20+00:00","og_image":[{"width":700,"height":700,"url":"https:\/\/doracocker.eu\/wp-content\/uploads\/2024\/06\/lentyna.jpg","type":"image\/jpeg"}],"twitter_card":"summary_large_image","twitter_misc":{"Est. reading time":"2 minutes"},"schema":{"@context":"https:\/\/schema.org","@graph":[{"@type":"WebPage","@id":"https:\/\/doracocker.eu\/en\/prekiu-katalogas\/dog-leash-holder\/","url":"https:\/\/doracocker.eu\/en\/prekiu-katalogas\/dog-leash-holder\/","name":"Dog leash holder 2 colors\/ Dora Cocker","isPartOf":{"@id":"https:\/\/doracocker.eu\/#website"},"primaryImageOfPage":{"@id":"https:\/\/doracocker.eu\/en\/prekiu-katalogas\/dog-leash-holder\/#primaryimage"},"image":{"@id":"https:\/\/doracocker.eu\/en\/prekiu-katalogas\/dog-leash-holder\/#primaryimage"},"thumbnailUrl":"https:\/\/doracocker.eu\/wp-content\/uploads\/2024\/06\/lentyna.jpg","datePublished":"2024-06-21T14:08:24+00:00","dateModified":"2025-02-27T17:51:20+00:00","description":"Dog Leash holder designed specifically for organizing your dog's belongings neatly. Keep your dog's leash, collar, poop bags, and treats all in one tidy place.","breadcrumb":{"@id":"https:\/\/doracocker.eu\/en\/prekiu-katalogas\/dog-leash-holder\/#breadcrumb"},"inLanguage":"en-US","potentialAction":[{"@type":"ReadAction","target":["https:\/\/doracocker.eu\/en\/prekiu-katalogas\/dog-leash-holder\/"]}]},{"@type":"ImageObject","inLanguage":"en-US","@id":"https:\/\/doracocker.eu\/en\/prekiu-katalogas\/dog-leash-holder\/#primaryimage","url":"https:\/\/doracocker.eu\/wp-content\/uploads\/2024\/06\/lentyna.jpg","contentUrl":"https:\/\/doracocker.eu\/wp-content\/uploads\/2024\/06\/lentyna.jpg","width":700,"height":700},{"@type":"BreadcrumbList","@id":"https:\/\/doracocker.eu\/en\/prekiu-katalogas\/dog-leash-holder\/#breadcrumb","itemListElement":[{"@type":"ListItem","position":1,"name":"Home","item":"https:\/\/doracocker.eu\/"},{"@type":"ListItem","position":2,"name":"Shop","item":"https:\/\/doracocker.eu\/en\/shop\/"},{"@type":"ListItem","position":3,"name":"Dog Leash Holder"}]},{"@type":"WebSite","@id":"https:\/\/doracocker.eu\/#website","url":"https:\/\/doracocker.eu\/","name":"Doracocker","description":"Rank\u0173 darbo guoliai \u0161unims ir kat\u0117ms","potentialAction":[{"@type":"SearchAction","target":{"@type":"EntryPoint","urlTemplate":"https:\/\/doracocker.eu\/?s={search_term_string}"},"query-input":{"@type":"PropertyValueSpecification","valueRequired":true,"valueName":"search_term_string"}}],"inLanguage":"en-US"}]}},"_links":{"self":[{"href":"https:\/\/doracocker.eu\/en\/wp-json\/wp\/v2\/product\/38210","targetHints":{"allow":["GET"]}}],"collection":[{"href":"https:\/\/doracocker.eu\/en\/wp-json\/wp\/v2\/product"}],"about":[{"href":"https:\/\/doracocker.eu\/en\/wp-json\/wp\/v2\/types\/product"}],"replies":[{"embeddable":true,"href":"https:\/\/doracocker.eu\/en\/wp-json\/wp\/v2\/comments?post=38210"}],"wp:featuredmedia":[{"embeddable":true,"href":"https:\/\/doracocker.eu\/en\/wp-json\/wp\/v2\/media\/38525"}],"wp:attachment":[{"href":"https:\/\/doracocker.eu\/en\/wp-json\/wp\/v2\/media?parent=38210"}],"wp:term":[{"taxonomy":"product_brand","embeddable":true,"href":"https:\/\/doracocker.eu\/en\/wp-json\/wp\/v2\/product_brand?post=38210"},{"taxonomy":"product_cat","embeddable":true,"href":"https:\/\/doracocker.eu\/en\/wp-json\/wp\/v2\/product_cat?post=38210"},{"taxonomy":"product_tag","embeddable":true,"href":"https:\/\/doracocker.eu\/en\/wp-json\/wp\/v2\/product_tag?post=38210"}],"curies":[{"name":"wp","href":"https:\/\/api.w.org\/{rel}","templated":true}]}}