

{"id":37817,"date":"2024-06-10T14:56:56","date_gmt":"2024-06-10T11:56:56","guid":{"rendered":"https:\/\/doracocker.eu\/prekiu-katalogas\/cooling-dog-leather-mattress\/"},"modified":"2024-11-27T22:47:03","modified_gmt":"2024-11-27T20:47:03","slug":"cooling-dog-mattress-95x65","status":"publish","type":"product","link":"https:\/\/doracocker.eu\/en\/prekiu-katalogas\/cooling-dog-mattress-95x65\/","title":{"rendered":"Cooling Dog Mattress with ECO Leather 95x65cm Dark Brown"},"content":{"rendered":"<p>Cooling dog bed gives your furry friend the ultimate comfort with our Large Dog Mattress in Dark Brown and Light Brown. This cooling bed is perfect for long-haired dogs, offering luxury and style while complementing any interior. With a double-sided design, it provides warmth in winter and coolness in summer, ensuring year-round comfort.<\/p>\n<p>Treat your beloved pet to the epitome of comfort with our Large Dog Mattress in selection of two colors. This luxurious and minimalist dog bed is designed to provide optimal comfort for your furry companion while seamlessly blending into any interior decor. Featuring a double-sided design, it offers versatility for all seasons, keeping your pet cozy in winter and cool in summer.<\/p>\n<p><strong><b>Why Buy This Product?<\/b><\/strong><\/p>\n<ul>\n<li>Double-sided design provides warmth in winter and coolness in summer, ensuring year-round comfort for your pet<\/li>\n<li>Stylish and minimalist solution that complements any interior decor<\/li>\n<li>Eco-leather on one side and luxurious furniture velour on the other, both animal-friendly and easy to clean<\/li>\n<li>Removable covers with zippers for easy washing and maintenance<\/li>\n<\/ul>\n<p><strong><b>More About the Product:<\/b><\/strong>\u00a0Our Large Dog Mattress features a top cover with an L shaped\u00a0zipper, making it easy to remove for washing. The foam filling is covered with a protective black cover that can be easily removed for washing as well. The 5cm soft foam provides exceptional comfort and support for your pet, ensuring a restful sleep every time.<\/p>\n<p><strong><b>\u00a0Cooling dog bed Composition and Maintenance:<\/b><\/strong><\/p>\n<ul>\n<li>Upper Fabric:\n<ul>\n<li>Eco-leather: 76% PVC, 22% polyester, 2% PU, OEKO-TEX Standard 100 certified, waterproof<\/li>\n<li>Furniture fabric: 100% polyester, OEKO-TEX Standard 100 certified, Petfriendly, Easy Care<\/li>\n<\/ul>\n<\/li>\n<li>Foam Cover (Black): 100% polyester<\/li>\n<li>Covers can be washed in a light program at 30\u00b0C for easy maintenance<\/li>\n<\/ul>\n<p><strong><b>Size Recommendation:<\/b><\/strong><\/p>\n<ul>\n<li>90x65cm: Jack Russell, Vesta<\/li>\n<li>110x75cm: Shepherd, Medium Poodle<\/li>\n<li>120x80cm: Retriever, Royal Poodle<\/li>\n<\/ul>\n","protected":false},"excerpt":{"rendered":"<p>Cooling dog bed gives your furry friend the ultimate comfort with our Large Dog Mattress in Dark Brown and Light Brown. This cooling bed is perfect for long-haired dogs, offering luxury and style while complementing any interior. With a double-sided design, it provides warmth in winter and coolness in summer, ensuring year-round comfort. Treat your [&hellip;]<\/p>\n","protected":false},"featured_media":35338,"comment_status":"closed","ping_status":"closed","template":"","meta":[],"product_brand":[],"product_cat":[434,913,443],"product_tag":[639,462,638,479],"class_list":{"0":"post-37817","1":"product","2":"type-product","3":"status-publish","4":"has-post-thumbnail","6":"product_cat-have-in-stock-en","7":"product_cat-mattress","8":"product_cat-special-offers","9":"product_tag-a-mattress-for-a-dog","10":"product_tag-bearing-for-dogs","11":"product_tag-dog-bed-en-2","12":"product_tag-dog-bearings","13":"product_shipping_class-currier-only","16":"first","17":"instock","18":"sale","19":"shipping-taxable","20":"purchasable","21":"product-type-simple"},"yoast_head":"<!-- This site is optimized with the Yoast SEO plugin v27.3 - https:\/\/yoast.com\/product\/yoast-seo-wordpress\/ -->\n<title>Cooling Dog Mattress with ECO Leather- Dora Cocker<\/title>\n<meta name=\"description\" content=\"Cooling Dog Leather mattress is perfect for long-haired dogs, luxury designe will complement any interior. Each sides for a different season.\" \/>\n<meta name=\"robots\" content=\"index, follow, max-snippet:-1, max-image-preview:large, max-video-preview:-1\" \/>\n<link rel=\"canonical\" href=\"https:\/\/doracocker.eu\/en\/prekiu-katalogas\/cooling-dog-mattress-95x65\/\" \/>\n<meta property=\"og:locale\" content=\"en_US\" \/>\n<meta property=\"og:type\" content=\"article\" \/>\n<meta property=\"og:title\" content=\"Cooling Dog Mattress with ECO Leather- Dora Cocker\" \/>\n<meta property=\"og:description\" content=\"Cooling Dog Leather mattress is perfect for long-haired dogs, luxury designe will complement any interior. Each sides for a different season.\" \/>\n<meta property=\"og:url\" content=\"https:\/\/doracocker.eu\/en\/prekiu-katalogas\/cooling-dog-mattress-95x65\/\" \/>\n<meta property=\"og:site_name\" content=\"Doracocker\" \/>\n<meta property=\"article:modified_time\" content=\"2024-11-27T20:47:03+00:00\" \/>\n<meta property=\"og:image\" content=\"https:\/\/doracocker.eu\/wp-content\/uploads\/2023\/06\/Untitled-design-48-1.jpg\" \/>\n\t<meta property=\"og:image:width\" content=\"700\" \/>\n\t<meta property=\"og:image:height\" content=\"700\" \/>\n\t<meta property=\"og:image:type\" content=\"image\/jpeg\" \/>\n<meta name=\"twitter:card\" content=\"summary_large_image\" \/>\n<meta name=\"twitter:label1\" content=\"Est. reading time\" \/>\n\t<meta name=\"twitter:data1\" content=\"2 minutes\" \/>\n<script type=\"application\/ld+json\" class=\"yoast-schema-graph\">{\"@context\":\"https:\\\/\\\/schema.org\",\"@graph\":[{\"@type\":\"WebPage\",\"@id\":\"https:\\\/\\\/doracocker.eu\\\/en\\\/prekiu-katalogas\\\/cooling-dog-mattress-95x65\\\/\",\"url\":\"https:\\\/\\\/doracocker.eu\\\/en\\\/prekiu-katalogas\\\/cooling-dog-mattress-95x65\\\/\",\"name\":\"Cooling Dog Mattress with ECO Leather- Dora Cocker\",\"isPartOf\":{\"@id\":\"https:\\\/\\\/doracocker.eu\\\/#website\"},\"primaryImageOfPage\":{\"@id\":\"https:\\\/\\\/doracocker.eu\\\/en\\\/prekiu-katalogas\\\/cooling-dog-mattress-95x65\\\/#primaryimage\"},\"image\":{\"@id\":\"https:\\\/\\\/doracocker.eu\\\/en\\\/prekiu-katalogas\\\/cooling-dog-mattress-95x65\\\/#primaryimage\"},\"thumbnailUrl\":\"https:\\\/\\\/doracocker.eu\\\/wp-content\\\/uploads\\\/2023\\\/06\\\/Untitled-design-48-1.jpg\",\"datePublished\":\"2024-06-10T11:56:56+00:00\",\"dateModified\":\"2024-11-27T20:47:03+00:00\",\"description\":\"Cooling Dog Leather mattress is perfect for long-haired dogs, luxury designe will complement any interior. Each sides for a different season.\",\"breadcrumb\":{\"@id\":\"https:\\\/\\\/doracocker.eu\\\/en\\\/prekiu-katalogas\\\/cooling-dog-mattress-95x65\\\/#breadcrumb\"},\"inLanguage\":\"en-US\",\"potentialAction\":[{\"@type\":\"ReadAction\",\"target\":[\"https:\\\/\\\/doracocker.eu\\\/en\\\/prekiu-katalogas\\\/cooling-dog-mattress-95x65\\\/\"]}]},{\"@type\":\"ImageObject\",\"inLanguage\":\"en-US\",\"@id\":\"https:\\\/\\\/doracocker.eu\\\/en\\\/prekiu-katalogas\\\/cooling-dog-mattress-95x65\\\/#primaryimage\",\"url\":\"https:\\\/\\\/doracocker.eu\\\/wp-content\\\/uploads\\\/2023\\\/06\\\/Untitled-design-48-1.jpg\",\"contentUrl\":\"https:\\\/\\\/doracocker.eu\\\/wp-content\\\/uploads\\\/2023\\\/06\\\/Untitled-design-48-1.jpg\",\"width\":700,\"height\":700,\"caption\":\"Dora Cocker\"},{\"@type\":\"BreadcrumbList\",\"@id\":\"https:\\\/\\\/doracocker.eu\\\/en\\\/prekiu-katalogas\\\/cooling-dog-mattress-95x65\\\/#breadcrumb\",\"itemListElement\":[{\"@type\":\"ListItem\",\"position\":1,\"name\":\"Home\",\"item\":\"https:\\\/\\\/doracocker.eu\\\/\"},{\"@type\":\"ListItem\",\"position\":2,\"name\":\"Shop\",\"item\":\"https:\\\/\\\/doracocker.eu\\\/en\\\/shop\\\/\"},{\"@type\":\"ListItem\",\"position\":3,\"name\":\"Cooling Dog Mattress with ECO Leather 95x65cm Dark Brown\"}]},{\"@type\":\"WebSite\",\"@id\":\"https:\\\/\\\/doracocker.eu\\\/#website\",\"url\":\"https:\\\/\\\/doracocker.eu\\\/\",\"name\":\"Doracocker\",\"description\":\"Rank\u0173 darbo guoliai \u0161unims ir kat\u0117ms\",\"potentialAction\":[{\"@type\":\"SearchAction\",\"target\":{\"@type\":\"EntryPoint\",\"urlTemplate\":\"https:\\\/\\\/doracocker.eu\\\/?s={search_term_string}\"},\"query-input\":{\"@type\":\"PropertyValueSpecification\",\"valueRequired\":true,\"valueName\":\"search_term_string\"}}],\"inLanguage\":\"en-US\"}]}<\/script>\n<!-- \/ Yoast SEO plugin. -->","yoast_head_json":{"title":"Cooling Dog Mattress with ECO Leather- Dora Cocker","description":"Cooling Dog Leather mattress is perfect for long-haired dogs, luxury designe will complement any interior. Each sides for a different season.","robots":{"index":"index","follow":"follow","max-snippet":"max-snippet:-1","max-image-preview":"max-image-preview:large","max-video-preview":"max-video-preview:-1"},"canonical":"https:\/\/doracocker.eu\/en\/prekiu-katalogas\/cooling-dog-mattress-95x65\/","og_locale":"en_US","og_type":"article","og_title":"Cooling Dog Mattress with ECO Leather- Dora Cocker","og_description":"Cooling Dog Leather mattress is perfect for long-haired dogs, luxury designe will complement any interior. Each sides for a different season.","og_url":"https:\/\/doracocker.eu\/en\/prekiu-katalogas\/cooling-dog-mattress-95x65\/","og_site_name":"Doracocker","article_modified_time":"2024-11-27T20:47:03+00:00","og_image":[{"width":700,"height":700,"url":"https:\/\/doracocker.eu\/wp-content\/uploads\/2023\/06\/Untitled-design-48-1.jpg","type":"image\/jpeg"}],"twitter_card":"summary_large_image","twitter_misc":{"Est. reading time":"2 minutes"},"schema":{"@context":"https:\/\/schema.org","@graph":[{"@type":"WebPage","@id":"https:\/\/doracocker.eu\/en\/prekiu-katalogas\/cooling-dog-mattress-95x65\/","url":"https:\/\/doracocker.eu\/en\/prekiu-katalogas\/cooling-dog-mattress-95x65\/","name":"Cooling Dog Mattress with ECO Leather- Dora Cocker","isPartOf":{"@id":"https:\/\/doracocker.eu\/#website"},"primaryImageOfPage":{"@id":"https:\/\/doracocker.eu\/en\/prekiu-katalogas\/cooling-dog-mattress-95x65\/#primaryimage"},"image":{"@id":"https:\/\/doracocker.eu\/en\/prekiu-katalogas\/cooling-dog-mattress-95x65\/#primaryimage"},"thumbnailUrl":"https:\/\/doracocker.eu\/wp-content\/uploads\/2023\/06\/Untitled-design-48-1.jpg","datePublished":"2024-06-10T11:56:56+00:00","dateModified":"2024-11-27T20:47:03+00:00","description":"Cooling Dog Leather mattress is perfect for long-haired dogs, luxury designe will complement any interior. Each sides for a different season.","breadcrumb":{"@id":"https:\/\/doracocker.eu\/en\/prekiu-katalogas\/cooling-dog-mattress-95x65\/#breadcrumb"},"inLanguage":"en-US","potentialAction":[{"@type":"ReadAction","target":["https:\/\/doracocker.eu\/en\/prekiu-katalogas\/cooling-dog-mattress-95x65\/"]}]},{"@type":"ImageObject","inLanguage":"en-US","@id":"https:\/\/doracocker.eu\/en\/prekiu-katalogas\/cooling-dog-mattress-95x65\/#primaryimage","url":"https:\/\/doracocker.eu\/wp-content\/uploads\/2023\/06\/Untitled-design-48-1.jpg","contentUrl":"https:\/\/doracocker.eu\/wp-content\/uploads\/2023\/06\/Untitled-design-48-1.jpg","width":700,"height":700,"caption":"Dora Cocker"},{"@type":"BreadcrumbList","@id":"https:\/\/doracocker.eu\/en\/prekiu-katalogas\/cooling-dog-mattress-95x65\/#breadcrumb","itemListElement":[{"@type":"ListItem","position":1,"name":"Home","item":"https:\/\/doracocker.eu\/"},{"@type":"ListItem","position":2,"name":"Shop","item":"https:\/\/doracocker.eu\/en\/shop\/"},{"@type":"ListItem","position":3,"name":"Cooling Dog Mattress with ECO Leather 95x65cm Dark Brown"}]},{"@type":"WebSite","@id":"https:\/\/doracocker.eu\/#website","url":"https:\/\/doracocker.eu\/","name":"Doracocker","description":"Rank\u0173 darbo guoliai \u0161unims ir kat\u0117ms","potentialAction":[{"@type":"SearchAction","target":{"@type":"EntryPoint","urlTemplate":"https:\/\/doracocker.eu\/?s={search_term_string}"},"query-input":{"@type":"PropertyValueSpecification","valueRequired":true,"valueName":"search_term_string"}}],"inLanguage":"en-US"}]}},"_links":{"self":[{"href":"https:\/\/doracocker.eu\/en\/wp-json\/wp\/v2\/product\/37817","targetHints":{"allow":["GET"]}}],"collection":[{"href":"https:\/\/doracocker.eu\/en\/wp-json\/wp\/v2\/product"}],"about":[{"href":"https:\/\/doracocker.eu\/en\/wp-json\/wp\/v2\/types\/product"}],"replies":[{"embeddable":true,"href":"https:\/\/doracocker.eu\/en\/wp-json\/wp\/v2\/comments?post=37817"}],"wp:featuredmedia":[{"embeddable":true,"href":"https:\/\/doracocker.eu\/en\/wp-json\/wp\/v2\/media\/35338"}],"wp:attachment":[{"href":"https:\/\/doracocker.eu\/en\/wp-json\/wp\/v2\/media?parent=37817"}],"wp:term":[{"taxonomy":"product_brand","embeddable":true,"href":"https:\/\/doracocker.eu\/en\/wp-json\/wp\/v2\/product_brand?post=37817"},{"taxonomy":"product_cat","embeddable":true,"href":"https:\/\/doracocker.eu\/en\/wp-json\/wp\/v2\/product_cat?post=37817"},{"taxonomy":"product_tag","embeddable":true,"href":"https:\/\/doracocker.eu\/en\/wp-json\/wp\/v2\/product_tag?post=37817"}],"curies":[{"name":"wp","href":"https:\/\/api.w.org\/{rel}","templated":true}]}}