

{"id":37802,"date":"2024-05-29T16:28:49","date_gmt":"2024-05-29T13:28:49","guid":{"rendered":"https:\/\/doracocker.eu\/prekiu-katalogas\/dog-car-seat\/"},"modified":"2025-11-10T22:02:50","modified_gmt":"2025-11-10T20:02:50","slug":"dog-car-seat-travel-bed","status":"publish","type":"product","link":"https:\/\/doracocker.eu\/en\/prekiu-katalogas\/dog-car-seat-travel-bed\/","title":{"rendered":"Dog Car Seat Travel Bed"},"content":{"rendered":"<h1 dir=\"ltr\" data-placeholder=\"Vertimas\" aria-label=\"I\u0161verstas tekstas\" data-ved=\"2ahUKEwiU7a6V8cuFAxVMIxAIHZH4B94Q3ewLegQIBhAU\">Dog Car Seat Travel Bed<\/h1>\n<p id=\"tw-target-text\" class=\"tw-data-text tw-text-large tw-ta\" dir=\"ltr\" data-placeholder=\"Vertimas\" aria-label=\"I\u0161verstas tekstas\" data-ved=\"2ahUKEwiU7a6V8cuFAxVMIxAIHZH4B94Q3ewLegQIBhAU\"><span class=\"Y2IQFc\" lang=\"en\">Dog car seat is essential for those who traveling with a dog in the car. The dog will feel safe in it, will be able to watch its surroundings, and to rest its head on the edge on all sides. You can place this Travel bed on the sides or in the middle of the back seat of the car, or even on the front passenger seat. With our animal transport bag, you can transport your dog\u00a0 in summer and in winter. For the cold season, a merino wool insert is designed to protect the pet&#8217;s tail from freezing to the bottom. Merino wool has not only warming, but also has anti-allergic properties, so it is suitable for even dogs with the most sensitive skin. It also has a calming effect to all animals. Fluffy and soft merino fur will provide special comfort and warm the little traveler. When summer comes, you can easily remove this warm liner. <\/span><\/p>\n<h2 class=\"tw-data-text tw-text-large tw-ta\" dir=\"ltr\" data-placeholder=\"Vertimas\" aria-label=\"I\u0161verstas tekstas\" data-ved=\"2ahUKEwiU7a6V8cuFAxVMIxAIHZH4B94Q3ewLegQIBhAU\"><span class=\"Y2IQFc\" lang=\"en\">Outstanding features: <\/span><\/h2>\n<p class=\"tw-data-text tw-text-large tw-ta\" dir=\"ltr\" data-placeholder=\"Vertimas\" aria-label=\"I\u0161verstas tekstas\" data-ved=\"2ahUKEwiU7a6V8cuFAxVMIxAIHZH4B94Q3ewLegQIBhAU\"><span class=\"Y2IQFc\" lang=\"en\"><strong>Dog safety:<\/strong> the bed is firmly fixed in the car, the dog is attached to the travel bed. <\/span><\/p>\n<p class=\"tw-data-text tw-text-large tw-ta\" dir=\"ltr\" data-placeholder=\"Vertimas\" aria-label=\"I\u0161verstas tekstas\" data-ved=\"2ahUKEwiU7a6V8cuFAxVMIxAIHZH4B94Q3ewLegQIBhAU\"><span class=\"Y2IQFc\" lang=\"en\"><strong>Comfort:<\/strong> Strong and soft 3cm foam walls and bottom; <\/span><\/p>\n<p class=\"tw-data-text tw-text-large tw-ta\" dir=\"ltr\" data-placeholder=\"Vertimas\" aria-label=\"I\u0161verstas tekstas\" data-ved=\"2ahUKEwiU7a6V8cuFAxVMIxAIHZH4B94Q3ewLegQIBhAU\"><span class=\"Y2IQFc\" lang=\"en\"><strong>Suitable for all seasons:<\/strong> In winter it is used with a particularly warm merino wool liner, in summer without it. <\/span><\/p>\n<p class=\"tw-data-text tw-text-large tw-ta\" dir=\"ltr\" data-placeholder=\"Vertimas\" aria-label=\"I\u0161verstas tekstas\" data-ved=\"2ahUKEwiU7a6V8cuFAxVMIxAIHZH4B94Q3ewLegQIBhAU\"><span class=\"Y2IQFc\" lang=\"en\"><strong>Universal integration:<\/strong> can be used in the front, on the sides and and in the middle of the rear seat. <\/span><\/p>\n<p class=\"tw-data-text tw-text-large tw-ta\" dir=\"ltr\" data-placeholder=\"Vertimas\" aria-label=\"I\u0161verstas tekstas\" data-ved=\"2ahUKEwiU7a6V8cuFAxVMIxAIHZH4B94Q3ewLegQIBhAU\"><span class=\"Y2IQFc\" lang=\"en\"><strong>Pocket on the side:<\/strong> Convenient pocket for the leash, <\/span>so\u00a0 that it always has its place.<\/p>\n<p id=\"tw-target-text\" class=\"tw-data-text tw-text-large tw-ta\" dir=\"ltr\" data-placeholder=\"Vertimas\" aria-label=\"I\u0161verstas tekstas\" data-ved=\"2ahUKEwiU7a6V8cuFAxVMIxAIHZH4B94Q3ewLegQIBhAU\"><span class=\"Y2IQFc\" lang=\"en\">The travel bed has two adjustable fastening straps. The short one is designed to be worn over the headrest. The long belt is 2m long, so it can wrap around the front seat, and when integrated on the side of the rear seat, after shortening it in half, it can be worn on the front seat. When placing the travel bearing in the middle of the rear seat, the long strap is unclipped and threaded through one leg of the front seat headrest, then through the other, and clipped back to the travel bearing. If you decide not to use the long belt, put it safely in the side pocket so it doesn&#8217;t get lost. To fasten your pet, you will find an adjustable length belt with a carabiner inside the travel bed. <\/span><\/p>\n<p class=\"tw-data-text tw-text-large tw-ta\" dir=\"ltr\" data-placeholder=\"Vertimas\" aria-label=\"I\u0161verstas tekstas\" data-ved=\"2ahUKEwiU7a6V8cuFAxVMIxAIHZH4B94Q3ewLegQIBhAU\"><span class=\"Y2IQFc\" lang=\"en\">Choose from two colors offered: black and gray. Recommendation: choose black for dark fur dog, gray for lihgt color fur.\u00a0<\/span><\/p>\n<h2 id=\"tw-target-text\" class=\"tw-data-text tw-text-large tw-ta\" dir=\"ltr\" data-placeholder=\"Vertimas\" aria-label=\"I\u0161verstas tekstas\" data-ved=\"2ahUKEwiU7a6V8cuFAxVMIxAIHZH4B94Q3ewLegQIBhAU\"><span class=\"Y2IQFc\" lang=\"en\">Dimensions: <\/span><\/h2>\n<p class=\"tw-data-text tw-text-large tw-ta\" dir=\"ltr\" data-placeholder=\"Vertimas\" aria-label=\"I\u0161verstas tekstas\" data-ved=\"2ahUKEwiU7a6V8cuFAxVMIxAIHZH4B94Q3ewLegQIBhAU\"><span class=\"Y2IQFc\" lang=\"en\">Depth &#8211; 50cm, width &#8211; 44cm, height at the back 40cm, height at the front 20cm<\/span><\/p>\n","protected":false},"excerpt":{"rendered":"<p id=\"tw-target-text\" class=\"tw-data-text tw-text-large tw-ta\" dir=\"ltr\" data-placeholder=\"Vertimas\" aria-label=\"I\u0161verstas tekstas\" data-ved=\"2ahUKEwiU7a6V8cuFAxVMIxAIHZH4B94Q3ewLegQIBhAU\"><span class=\"Y2IQFc\" lang=\"en\">Dog car seat travel bed is very necessary for long trips with a dog. The dog will feel especially safe in it, and will sleep comfortably in it. <\/span><\/p>\n<p class=\"tw-data-text tw-text-large tw-ta\" dir=\"ltr\" data-placeholder=\"Vertimas\" aria-label=\"I\u0161verstas tekstas\" data-ved=\"2ahUKEwiU7a6V8cuFAxVMIxAIHZH4B94Q3ewLegQIBhAU\"><span class=\"Y2IQFc\" lang=\"en\">To order, click on the desired color, then you will see if there is any left in stock. If it&#8217;s in stock, we will ship within 24 hours, if not, after payment we will produce it in 7-10 days.<\/span><\/p>\n","protected":false},"featured_media":37799,"comment_status":"closed","ping_status":"closed","template":"","meta":[],"product_brand":[],"product_cat":[431],"product_tag":[],"class_list":{"0":"post-37802","1":"product","2":"type-product","3":"status-publish","4":"has-post-thumbnail","6":"product_cat-car-covers","9":"first","10":"instock","11":"featured","12":"shipping-taxable","13":"purchasable","14":"product-type-variable"},"yoast_head":"<!-- This site is optimized with the Yoast SEO plugin v27.3 - https:\/\/yoast.com\/product\/yoast-seo-wordpress\/ -->\n<title>Dog Car Seat Travel Bed - Doracocker<\/title>\n<meta name=\"description\" content=\"Dog car seat travel bed is very necessary for long trips with a dog. The dog will feel especially safe in it, and will sleep comfortably in it.\" \/>\n<meta name=\"robots\" content=\"index, follow, max-snippet:-1, max-image-preview:large, max-video-preview:-1\" \/>\n<link rel=\"canonical\" href=\"https:\/\/doracocker.eu\/en\/prekiu-katalogas\/dog-car-seat-travel-bed\/\" \/>\n<meta property=\"og:locale\" content=\"en_US\" \/>\n<meta property=\"og:type\" content=\"article\" \/>\n<meta property=\"og:title\" content=\"Dog Car Seat Travel Bed - Doracocker\" \/>\n<meta property=\"og:description\" content=\"Dog car seat travel bed is very necessary for long trips with a dog. The dog will feel especially safe in it, and will sleep comfortably in it.\" \/>\n<meta property=\"og:url\" content=\"https:\/\/doracocker.eu\/en\/prekiu-katalogas\/dog-car-seat-travel-bed\/\" \/>\n<meta property=\"og:site_name\" content=\"Doracocker\" \/>\n<meta property=\"article:modified_time\" content=\"2025-11-10T20:02:50+00:00\" \/>\n<meta property=\"og:image\" content=\"https:\/\/doracocker.eu\/wp-content\/uploads\/2024\/05\/Untitled-design-2024-06-03T091216.906-1.jpg\" \/>\n\t<meta property=\"og:image:width\" content=\"700\" \/>\n\t<meta property=\"og:image:height\" content=\"700\" \/>\n\t<meta property=\"og:image:type\" content=\"image\/jpeg\" \/>\n<meta name=\"twitter:card\" content=\"summary_large_image\" \/>\n<meta name=\"twitter:label1\" content=\"Est. reading time\" \/>\n\t<meta name=\"twitter:data1\" content=\"3 minutes\" \/>\n<script type=\"application\/ld+json\" class=\"yoast-schema-graph\">{\"@context\":\"https:\\\/\\\/schema.org\",\"@graph\":[{\"@type\":\"WebPage\",\"@id\":\"https:\\\/\\\/doracocker.eu\\\/en\\\/prekiu-katalogas\\\/dog-car-seat-travel-bed\\\/\",\"url\":\"https:\\\/\\\/doracocker.eu\\\/en\\\/prekiu-katalogas\\\/dog-car-seat-travel-bed\\\/\",\"name\":\"Dog Car Seat Travel Bed - Doracocker\",\"isPartOf\":{\"@id\":\"https:\\\/\\\/doracocker.eu\\\/#website\"},\"primaryImageOfPage\":{\"@id\":\"https:\\\/\\\/doracocker.eu\\\/en\\\/prekiu-katalogas\\\/dog-car-seat-travel-bed\\\/#primaryimage\"},\"image\":{\"@id\":\"https:\\\/\\\/doracocker.eu\\\/en\\\/prekiu-katalogas\\\/dog-car-seat-travel-bed\\\/#primaryimage\"},\"thumbnailUrl\":\"https:\\\/\\\/doracocker.eu\\\/wp-content\\\/uploads\\\/2024\\\/05\\\/Untitled-design-2024-06-03T091216.906-1.jpg\",\"datePublished\":\"2024-05-29T13:28:49+00:00\",\"dateModified\":\"2025-11-10T20:02:50+00:00\",\"description\":\"Dog car seat travel bed is very necessary for long trips with a dog. The dog will feel especially safe in it, and will sleep comfortably in it.\",\"breadcrumb\":{\"@id\":\"https:\\\/\\\/doracocker.eu\\\/en\\\/prekiu-katalogas\\\/dog-car-seat-travel-bed\\\/#breadcrumb\"},\"inLanguage\":\"en-US\",\"potentialAction\":[{\"@type\":\"ReadAction\",\"target\":[\"https:\\\/\\\/doracocker.eu\\\/en\\\/prekiu-katalogas\\\/dog-car-seat-travel-bed\\\/\"]}]},{\"@type\":\"ImageObject\",\"inLanguage\":\"en-US\",\"@id\":\"https:\\\/\\\/doracocker.eu\\\/en\\\/prekiu-katalogas\\\/dog-car-seat-travel-bed\\\/#primaryimage\",\"url\":\"https:\\\/\\\/doracocker.eu\\\/wp-content\\\/uploads\\\/2024\\\/05\\\/Untitled-design-2024-06-03T091216.906-1.jpg\",\"contentUrl\":\"https:\\\/\\\/doracocker.eu\\\/wp-content\\\/uploads\\\/2024\\\/05\\\/Untitled-design-2024-06-03T091216.906-1.jpg\",\"width\":700,\"height\":700,\"caption\":\"black\"},{\"@type\":\"BreadcrumbList\",\"@id\":\"https:\\\/\\\/doracocker.eu\\\/en\\\/prekiu-katalogas\\\/dog-car-seat-travel-bed\\\/#breadcrumb\",\"itemListElement\":[{\"@type\":\"ListItem\",\"position\":1,\"name\":\"Home\",\"item\":\"https:\\\/\\\/doracocker.eu\\\/\"},{\"@type\":\"ListItem\",\"position\":2,\"name\":\"Shop\",\"item\":\"https:\\\/\\\/doracocker.eu\\\/en\\\/shop\\\/\"},{\"@type\":\"ListItem\",\"position\":3,\"name\":\"Dog Car Seat Travel Bed\"}]},{\"@type\":\"WebSite\",\"@id\":\"https:\\\/\\\/doracocker.eu\\\/#website\",\"url\":\"https:\\\/\\\/doracocker.eu\\\/\",\"name\":\"Doracocker\",\"description\":\"Rank\u0173 darbo guoliai \u0161unims ir kat\u0117ms\",\"potentialAction\":[{\"@type\":\"SearchAction\",\"target\":{\"@type\":\"EntryPoint\",\"urlTemplate\":\"https:\\\/\\\/doracocker.eu\\\/?s={search_term_string}\"},\"query-input\":{\"@type\":\"PropertyValueSpecification\",\"valueRequired\":true,\"valueName\":\"search_term_string\"}}],\"inLanguage\":\"en-US\"}]}<\/script>\n<!-- \/ Yoast SEO plugin. -->","yoast_head_json":{"title":"Dog Car Seat Travel Bed - Doracocker","description":"Dog car seat travel bed is very necessary for long trips with a dog. The dog will feel especially safe in it, and will sleep comfortably in it.","robots":{"index":"index","follow":"follow","max-snippet":"max-snippet:-1","max-image-preview":"max-image-preview:large","max-video-preview":"max-video-preview:-1"},"canonical":"https:\/\/doracocker.eu\/en\/prekiu-katalogas\/dog-car-seat-travel-bed\/","og_locale":"en_US","og_type":"article","og_title":"Dog Car Seat Travel Bed - Doracocker","og_description":"Dog car seat travel bed is very necessary for long trips with a dog. The dog will feel especially safe in it, and will sleep comfortably in it.","og_url":"https:\/\/doracocker.eu\/en\/prekiu-katalogas\/dog-car-seat-travel-bed\/","og_site_name":"Doracocker","article_modified_time":"2025-11-10T20:02:50+00:00","og_image":[{"width":700,"height":700,"url":"https:\/\/doracocker.eu\/wp-content\/uploads\/2024\/05\/Untitled-design-2024-06-03T091216.906-1.jpg","type":"image\/jpeg"}],"twitter_card":"summary_large_image","twitter_misc":{"Est. reading time":"3 minutes"},"schema":{"@context":"https:\/\/schema.org","@graph":[{"@type":"WebPage","@id":"https:\/\/doracocker.eu\/en\/prekiu-katalogas\/dog-car-seat-travel-bed\/","url":"https:\/\/doracocker.eu\/en\/prekiu-katalogas\/dog-car-seat-travel-bed\/","name":"Dog Car Seat Travel Bed - Doracocker","isPartOf":{"@id":"https:\/\/doracocker.eu\/#website"},"primaryImageOfPage":{"@id":"https:\/\/doracocker.eu\/en\/prekiu-katalogas\/dog-car-seat-travel-bed\/#primaryimage"},"image":{"@id":"https:\/\/doracocker.eu\/en\/prekiu-katalogas\/dog-car-seat-travel-bed\/#primaryimage"},"thumbnailUrl":"https:\/\/doracocker.eu\/wp-content\/uploads\/2024\/05\/Untitled-design-2024-06-03T091216.906-1.jpg","datePublished":"2024-05-29T13:28:49+00:00","dateModified":"2025-11-10T20:02:50+00:00","description":"Dog car seat travel bed is very necessary for long trips with a dog. The dog will feel especially safe in it, and will sleep comfortably in it.","breadcrumb":{"@id":"https:\/\/doracocker.eu\/en\/prekiu-katalogas\/dog-car-seat-travel-bed\/#breadcrumb"},"inLanguage":"en-US","potentialAction":[{"@type":"ReadAction","target":["https:\/\/doracocker.eu\/en\/prekiu-katalogas\/dog-car-seat-travel-bed\/"]}]},{"@type":"ImageObject","inLanguage":"en-US","@id":"https:\/\/doracocker.eu\/en\/prekiu-katalogas\/dog-car-seat-travel-bed\/#primaryimage","url":"https:\/\/doracocker.eu\/wp-content\/uploads\/2024\/05\/Untitled-design-2024-06-03T091216.906-1.jpg","contentUrl":"https:\/\/doracocker.eu\/wp-content\/uploads\/2024\/05\/Untitled-design-2024-06-03T091216.906-1.jpg","width":700,"height":700,"caption":"black"},{"@type":"BreadcrumbList","@id":"https:\/\/doracocker.eu\/en\/prekiu-katalogas\/dog-car-seat-travel-bed\/#breadcrumb","itemListElement":[{"@type":"ListItem","position":1,"name":"Home","item":"https:\/\/doracocker.eu\/"},{"@type":"ListItem","position":2,"name":"Shop","item":"https:\/\/doracocker.eu\/en\/shop\/"},{"@type":"ListItem","position":3,"name":"Dog Car Seat Travel Bed"}]},{"@type":"WebSite","@id":"https:\/\/doracocker.eu\/#website","url":"https:\/\/doracocker.eu\/","name":"Doracocker","description":"Rank\u0173 darbo guoliai \u0161unims ir kat\u0117ms","potentialAction":[{"@type":"SearchAction","target":{"@type":"EntryPoint","urlTemplate":"https:\/\/doracocker.eu\/?s={search_term_string}"},"query-input":{"@type":"PropertyValueSpecification","valueRequired":true,"valueName":"search_term_string"}}],"inLanguage":"en-US"}]}},"_links":{"self":[{"href":"https:\/\/doracocker.eu\/en\/wp-json\/wp\/v2\/product\/37802","targetHints":{"allow":["GET"]}}],"collection":[{"href":"https:\/\/doracocker.eu\/en\/wp-json\/wp\/v2\/product"}],"about":[{"href":"https:\/\/doracocker.eu\/en\/wp-json\/wp\/v2\/types\/product"}],"replies":[{"embeddable":true,"href":"https:\/\/doracocker.eu\/en\/wp-json\/wp\/v2\/comments?post=37802"}],"wp:featuredmedia":[{"embeddable":true,"href":"https:\/\/doracocker.eu\/en\/wp-json\/wp\/v2\/media\/37799"}],"wp:attachment":[{"href":"https:\/\/doracocker.eu\/en\/wp-json\/wp\/v2\/media?parent=37802"}],"wp:term":[{"taxonomy":"product_brand","embeddable":true,"href":"https:\/\/doracocker.eu\/en\/wp-json\/wp\/v2\/product_brand?post=37802"},{"taxonomy":"product_cat","embeddable":true,"href":"https:\/\/doracocker.eu\/en\/wp-json\/wp\/v2\/product_cat?post=37802"},{"taxonomy":"product_tag","embeddable":true,"href":"https:\/\/doracocker.eu\/en\/wp-json\/wp\/v2\/product_tag?post=37802"}],"curies":[{"name":"wp","href":"https:\/\/api.w.org\/{rel}","templated":true}]}}