

{"id":37629,"date":"2024-02-02T22:28:38","date_gmt":"2024-02-02T20:28:38","guid":{"rendered":"https:\/\/doracocker.eu\/prekiu-katalogas\/portable-dog-mat\/"},"modified":"2024-11-25T13:17:06","modified_gmt":"2024-11-25T11:17:06","slug":"travel-dog-mat","status":"publish","type":"product","link":"https:\/\/doracocker.eu\/en\/prekiu-katalogas\/travel-dog-mat\/","title":{"rendered":"Travel Dog Mat"},"content":{"rendered":"<h2>Travel Dog Mat<\/h2>\n<p>Travel Dog Mat &#8211; a comfortable and stylish solution for traveling with your pet! This versatile mat is foldable, with a long handle, making it easy to carry over your shoulder. It has cooling and warming sides.<\/p>\n<p>This product was created for Vipets breeders, who faced a problem when going to a bar with two dogs &#8211; they wouldn&#8217;t lie down next to them, but stood and stared at them. Owners were simply annoyed that the dogs were constantly standing and staring at them while they were eating or drinking tea. This is how the idea of \u200b\u200bmaking this mat, which is convenient to carry everywhere, was born.<\/p>\n<p>Travel Dog Mat &#8211; a comfortable and stylish solution for traveling with your pet! This versatile mat is foldable, with a long handle, making it easy to carry over your shoulder. It has cooling and warming sides.<\/p>\n<p>&nbsp;<\/p>\n<h3>Key Features:<\/h3>\n<ol>\n<li><strong>Stylish and Practical:<\/strong> The mat is not only minimalist in style but also aesthetically pleasing, ensuring maximum functionality.<\/li>\n<li><strong> Comfort Guarantee:<\/strong> Padded with a layer of polyester fiberfill, it provides a comfortable and cozy rest for your dog on the go. Merino wool has a calming effect, providing your pet with a sense of home comfort.<\/li>\n<li><strong>Dual-Use Design:<\/strong> One side is warming &#8211; with soft merino wool, perfect for winter, while the other side is cooling &#8211; made of waterproof Oxford fabric, ideal for keeping your pet cool during hot summers.<\/li>\n<li><strong>Size:<\/strong> One universal size &#8211; 100cm x 100cm. If you need a different size, please contact us at <a target=\"_new\" rel=\"noopener\">info@doracocker.eu<\/a>.<\/li>\n<\/ol>\n<p>This foldable dog mat is very comfortable, stylish, and practical. Whether you&#8217;re going to the park or planning a road trip, your dog&#8217;s comfort will always be close at hand. Order now and let your dog relax wherever you go!<\/p>\n<p>Mat Size:<\/p>\n<p>100cm x 100cm, Handle Length 80cm<\/p>\n<p>Perfect for larger breeds.<\/p>\n","protected":false},"excerpt":{"rendered":"<p>This foldable dog mat is highly comfortable, stylish, and practical. Whether you&#8217;re going to the park or planning a car trip, your dog&#8217;s comfort will always be by your side. Order now and let your dog relax comfortably wherever they want!<\/p>\n<p>Delivery time is 24 hours if the product is in stock; if not, it will be made within 7-10 days.<\/p>\n","protected":false},"featured_media":37763,"comment_status":"open","ping_status":"closed","template":"","meta":[],"product_brand":[],"product_cat":[956],"product_tag":[487],"class_list":{"0":"post-37629","1":"product","2":"type-product","3":"status-publish","4":"has-post-thumbnail","6":"product_cat-travel-dog-mat-2","7":"product_tag-a-cheerful-mat-for-dogs","10":"first","11":"onbackorder","12":"shipping-taxable","13":"purchasable","14":"product-type-variable"},"yoast_head":"<!-- This site is optimized with the Yoast SEO plugin v27.3 - https:\/\/yoast.com\/product\/yoast-seo-wordpress\/ -->\n<title>Travel dog mat \/ cooling and warming sides \/ Hand made<\/title>\n<meta name=\"description\" content=\"Travel Dog Mat - a comfortable and stylish solution for traveling with your pet. Ideal for outdoor, cafe, camping, must have in the car.\" \/>\n<meta name=\"robots\" content=\"index, follow, max-snippet:-1, max-image-preview:large, max-video-preview:-1\" \/>\n<link rel=\"canonical\" href=\"https:\/\/doracocker.eu\/prekiu-katalogas\/kilimelis-sunims-keliaujantiems\/\" \/>\n<meta property=\"og:locale\" content=\"en_US\" \/>\n<meta property=\"og:type\" content=\"article\" \/>\n<meta property=\"og:title\" content=\"Travel dog mat \/ cooling and warming sides \/ Hand made\" \/>\n<meta property=\"og:description\" content=\"Travel Dog Mat - a comfortable and stylish solution for traveling with your pet. Ideal for outdoor, cafe, camping, must have in the car.\" \/>\n<meta property=\"og:url\" content=\"https:\/\/doracocker.eu\/prekiu-katalogas\/kilimelis-sunims-keliaujantiems\/\" \/>\n<meta property=\"og:site_name\" content=\"Doracocker\" \/>\n<meta property=\"article:modified_time\" content=\"2024-11-25T11:17:06+00:00\" \/>\n<meta property=\"og:image\" content=\"https:\/\/doracocker.eu\/wp-content\/uploads\/2024\/02\/Ideklo-tvirtinimas-7.jpg\" \/>\n\t<meta property=\"og:image:width\" content=\"700\" \/>\n\t<meta property=\"og:image:height\" content=\"700\" \/>\n\t<meta property=\"og:image:type\" content=\"image\/jpeg\" \/>\n<meta name=\"twitter:card\" content=\"summary_large_image\" \/>\n<meta name=\"twitter:label1\" content=\"Est. reading time\" \/>\n\t<meta name=\"twitter:data1\" content=\"2 minutes\" \/>\n<script type=\"application\/ld+json\" class=\"yoast-schema-graph\">{\"@context\":\"https:\\\/\\\/schema.org\",\"@graph\":[{\"@type\":\"WebPage\",\"@id\":\"https:\\\/\\\/doracocker.eu\\\/prekiu-katalogas\\\/kilimelis-sunims-keliaujantiems\\\/\",\"url\":\"https:\\\/\\\/doracocker.eu\\\/prekiu-katalogas\\\/kilimelis-sunims-keliaujantiems\\\/\",\"name\":\"Travel dog mat \\\/ cooling and warming sides \\\/ Hand made\",\"isPartOf\":{\"@id\":\"https:\\\/\\\/doracocker.eu\\\/#website\"},\"primaryImageOfPage\":{\"@id\":\"https:\\\/\\\/doracocker.eu\\\/prekiu-katalogas\\\/kilimelis-sunims-keliaujantiems\\\/#primaryimage\"},\"image\":{\"@id\":\"https:\\\/\\\/doracocker.eu\\\/prekiu-katalogas\\\/kilimelis-sunims-keliaujantiems\\\/#primaryimage\"},\"thumbnailUrl\":\"https:\\\/\\\/doracocker.eu\\\/wp-content\\\/uploads\\\/2024\\\/02\\\/Ideklo-tvirtinimas-7.jpg\",\"datePublished\":\"2024-02-02T20:28:38+00:00\",\"dateModified\":\"2024-11-25T11:17:06+00:00\",\"description\":\"Travel Dog Mat - a comfortable and stylish solution for traveling with your pet. Ideal for outdoor, cafe, camping, must have in the car.\",\"breadcrumb\":{\"@id\":\"https:\\\/\\\/doracocker.eu\\\/prekiu-katalogas\\\/kilimelis-sunims-keliaujantiems\\\/#breadcrumb\"},\"inLanguage\":\"en-US\",\"potentialAction\":[{\"@type\":\"ReadAction\",\"target\":[\"https:\\\/\\\/doracocker.eu\\\/prekiu-katalogas\\\/kilimelis-sunims-keliaujantiems\\\/\"]}]},{\"@type\":\"ImageObject\",\"inLanguage\":\"en-US\",\"@id\":\"https:\\\/\\\/doracocker.eu\\\/prekiu-katalogas\\\/kilimelis-sunims-keliaujantiems\\\/#primaryimage\",\"url\":\"https:\\\/\\\/doracocker.eu\\\/wp-content\\\/uploads\\\/2024\\\/02\\\/Ideklo-tvirtinimas-7.jpg\",\"contentUrl\":\"https:\\\/\\\/doracocker.eu\\\/wp-content\\\/uploads\\\/2024\\\/02\\\/Ideklo-tvirtinimas-7.jpg\",\"width\":700,\"height\":700,\"caption\":\"kilimelis sunims\"},{\"@type\":\"BreadcrumbList\",\"@id\":\"https:\\\/\\\/doracocker.eu\\\/prekiu-katalogas\\\/kilimelis-sunims-keliaujantiems\\\/#breadcrumb\",\"itemListElement\":[{\"@type\":\"ListItem\",\"position\":1,\"name\":\"Home\",\"item\":\"https:\\\/\\\/doracocker.eu\\\/\"},{\"@type\":\"ListItem\",\"position\":2,\"name\":\"Shop\",\"item\":\"https:\\\/\\\/doracocker.eu\\\/en\\\/shop\\\/\"},{\"@type\":\"ListItem\",\"position\":3,\"name\":\"Travel Dog Mat\"}]},{\"@type\":\"WebSite\",\"@id\":\"https:\\\/\\\/doracocker.eu\\\/#website\",\"url\":\"https:\\\/\\\/doracocker.eu\\\/\",\"name\":\"Doracocker\",\"description\":\"Rank\u0173 darbo guoliai \u0161unims ir kat\u0117ms\",\"potentialAction\":[{\"@type\":\"SearchAction\",\"target\":{\"@type\":\"EntryPoint\",\"urlTemplate\":\"https:\\\/\\\/doracocker.eu\\\/?s={search_term_string}\"},\"query-input\":{\"@type\":\"PropertyValueSpecification\",\"valueRequired\":true,\"valueName\":\"search_term_string\"}}],\"inLanguage\":\"en-US\"}]}<\/script>\n<!-- \/ Yoast SEO plugin. -->","yoast_head_json":{"title":"Travel dog mat \/ cooling and warming sides \/ Hand made","description":"Travel Dog Mat - a comfortable and stylish solution for traveling with your pet. Ideal for outdoor, cafe, camping, must have in the car.","robots":{"index":"index","follow":"follow","max-snippet":"max-snippet:-1","max-image-preview":"max-image-preview:large","max-video-preview":"max-video-preview:-1"},"canonical":"https:\/\/doracocker.eu\/prekiu-katalogas\/kilimelis-sunims-keliaujantiems\/","og_locale":"en_US","og_type":"article","og_title":"Travel dog mat \/ cooling and warming sides \/ Hand made","og_description":"Travel Dog Mat - a comfortable and stylish solution for traveling with your pet. Ideal for outdoor, cafe, camping, must have in the car.","og_url":"https:\/\/doracocker.eu\/prekiu-katalogas\/kilimelis-sunims-keliaujantiems\/","og_site_name":"Doracocker","article_modified_time":"2024-11-25T11:17:06+00:00","og_image":[{"width":700,"height":700,"url":"https:\/\/doracocker.eu\/wp-content\/uploads\/2024\/02\/Ideklo-tvirtinimas-7.jpg","type":"image\/jpeg"}],"twitter_card":"summary_large_image","twitter_misc":{"Est. reading time":"2 minutes"},"schema":{"@context":"https:\/\/schema.org","@graph":[{"@type":"WebPage","@id":"https:\/\/doracocker.eu\/prekiu-katalogas\/kilimelis-sunims-keliaujantiems\/","url":"https:\/\/doracocker.eu\/prekiu-katalogas\/kilimelis-sunims-keliaujantiems\/","name":"Travel dog mat \/ cooling and warming sides \/ Hand made","isPartOf":{"@id":"https:\/\/doracocker.eu\/#website"},"primaryImageOfPage":{"@id":"https:\/\/doracocker.eu\/prekiu-katalogas\/kilimelis-sunims-keliaujantiems\/#primaryimage"},"image":{"@id":"https:\/\/doracocker.eu\/prekiu-katalogas\/kilimelis-sunims-keliaujantiems\/#primaryimage"},"thumbnailUrl":"https:\/\/doracocker.eu\/wp-content\/uploads\/2024\/02\/Ideklo-tvirtinimas-7.jpg","datePublished":"2024-02-02T20:28:38+00:00","dateModified":"2024-11-25T11:17:06+00:00","description":"Travel Dog Mat - a comfortable and stylish solution for traveling with your pet. Ideal for outdoor, cafe, camping, must have in the car.","breadcrumb":{"@id":"https:\/\/doracocker.eu\/prekiu-katalogas\/kilimelis-sunims-keliaujantiems\/#breadcrumb"},"inLanguage":"en-US","potentialAction":[{"@type":"ReadAction","target":["https:\/\/doracocker.eu\/prekiu-katalogas\/kilimelis-sunims-keliaujantiems\/"]}]},{"@type":"ImageObject","inLanguage":"en-US","@id":"https:\/\/doracocker.eu\/prekiu-katalogas\/kilimelis-sunims-keliaujantiems\/#primaryimage","url":"https:\/\/doracocker.eu\/wp-content\/uploads\/2024\/02\/Ideklo-tvirtinimas-7.jpg","contentUrl":"https:\/\/doracocker.eu\/wp-content\/uploads\/2024\/02\/Ideklo-tvirtinimas-7.jpg","width":700,"height":700,"caption":"kilimelis sunims"},{"@type":"BreadcrumbList","@id":"https:\/\/doracocker.eu\/prekiu-katalogas\/kilimelis-sunims-keliaujantiems\/#breadcrumb","itemListElement":[{"@type":"ListItem","position":1,"name":"Home","item":"https:\/\/doracocker.eu\/"},{"@type":"ListItem","position":2,"name":"Shop","item":"https:\/\/doracocker.eu\/en\/shop\/"},{"@type":"ListItem","position":3,"name":"Travel Dog Mat"}]},{"@type":"WebSite","@id":"https:\/\/doracocker.eu\/#website","url":"https:\/\/doracocker.eu\/","name":"Doracocker","description":"Rank\u0173 darbo guoliai \u0161unims ir kat\u0117ms","potentialAction":[{"@type":"SearchAction","target":{"@type":"EntryPoint","urlTemplate":"https:\/\/doracocker.eu\/?s={search_term_string}"},"query-input":{"@type":"PropertyValueSpecification","valueRequired":true,"valueName":"search_term_string"}}],"inLanguage":"en-US"}]}},"_links":{"self":[{"href":"https:\/\/doracocker.eu\/en\/wp-json\/wp\/v2\/product\/37629","targetHints":{"allow":["GET"]}}],"collection":[{"href":"https:\/\/doracocker.eu\/en\/wp-json\/wp\/v2\/product"}],"about":[{"href":"https:\/\/doracocker.eu\/en\/wp-json\/wp\/v2\/types\/product"}],"replies":[{"embeddable":true,"href":"https:\/\/doracocker.eu\/en\/wp-json\/wp\/v2\/comments?post=37629"}],"wp:featuredmedia":[{"embeddable":true,"href":"https:\/\/doracocker.eu\/en\/wp-json\/wp\/v2\/media\/37763"}],"wp:attachment":[{"href":"https:\/\/doracocker.eu\/en\/wp-json\/wp\/v2\/media?parent=37629"}],"wp:term":[{"taxonomy":"product_brand","embeddable":true,"href":"https:\/\/doracocker.eu\/en\/wp-json\/wp\/v2\/product_brand?post=37629"},{"taxonomy":"product_cat","embeddable":true,"href":"https:\/\/doracocker.eu\/en\/wp-json\/wp\/v2\/product_cat?post=37629"},{"taxonomy":"product_tag","embeddable":true,"href":"https:\/\/doracocker.eu\/en\/wp-json\/wp\/v2\/product_tag?post=37629"}],"curies":[{"name":"wp","href":"https:\/\/api.w.org\/{rel}","templated":true}]}}