

{"id":37626,"date":"2024-02-23T16:58:35","date_gmt":"2024-02-23T14:58:35","guid":{"rendered":"https:\/\/doracocker.eu\/prekiu-katalogas\/sniffing-mat-for-dogs\/"},"modified":"2026-01-13T08:01:57","modified_gmt":"2026-01-13T06:01:57","slug":"sniffing-mat-for-dogs-2-colors","status":"publish","type":"product","link":"https:\/\/doracocker.eu\/en\/prekiu-katalogas\/sniffing-mat-for-dogs-2-colors\/","title":{"rendered":"Sniffing Mat For Dogs 2 colors"},"content":{"rendered":"<h2>Sniffing Mat For Dogs 2 colors<\/h2>\n<p>Sniffing mat for dogs is made of soft fleece, more eco-friendly and safe for your pet to licking. The bottom uses strong codura fabric, which prevents your pet form destroying or chewing to swallow. We recommend to wash it before the first use.<\/p>\n<p>Dog sniffing mat is easy to stimulate pet&#8217;s foraging instinct and enhance pet&#8217;s sense with 2-colors design sniffing mat. <span class=\"Y2IQFc\" lang=\"en\">Dogs only see yellow and blue. All other colors look gray to them. Therefore, we chose the yellow color so that it is fun for the dog to see a colored object.<\/span><\/p>\n<p>Dog foraging mat encourage pet to find the food hiding in the mat, effective puzzle toy for dogs to slow feeding time to prevent digestive problems.<\/p>\n<p class=\"tw-data-text tw-text-large tw-ta\" dir=\"ltr\" data-placeholder=\"Vertimas\" aria-label=\"I\u0161verstas tekstas\" data-ved=\"2ahUKEwii2vnvlo-FAxXYHhAIHXKMBX0Q3ewLegQIBRAU\"><span class=\"Y2IQFc\" lang=\"en\">The loop is for attaching the rug to keep it firmly in place. can be put on a chair or table leg. <\/span><span class=\"Y2IQFc\" lang=\"en\">Turn the mat inside out when not in use. This will keep the mat hygienic. The lightweight and portable snuffle mat can be folded for storage anywhere, suitable for pet indoor and outdoor activities.<\/span><\/p>\n<p>Fill and hide food in mat to spark the interest of dogs, keep your dog busy sniffing for the treats, avoid your dog&#8217;s bored and engage in destructive behavior. Dog snuffle mat is great for dog healthy growth. S<span class=\"Y2IQFc\" lang=\"en\">niffing is one of the greatest pleasures for dogs. Let them experience it <\/span><span class=\"Y2IQFc\" lang=\"en\">everywhere you go.<\/span><\/p>\n<p>Our snuffle mat has 2 colors: dark brown and sand.\u00a0 Suitable for small, medium,\u00a0 dogs, cats, any animal with foraging instinct. Indoor dog training mat builds interaction between owner and pet, and binds you and your pets relationship quickly.<\/p>\n<h3><strong><b>Composition:<\/b><\/strong><\/h3>\n<p>Eating side: soft fleece, 100% polyester<\/p>\n<p>Outer side: Strong, waterproof codura, 100% polyester<\/p>\n<h3><strong><b>Maintenance:<\/b><\/strong><\/h3>\n<p>Sniffing dog mat is machine washable on a light program at 30\u00b0C for easy maintenance<\/p>\n","protected":false},"excerpt":{"rendered":"<p>Indulge your furry friend&#8217;s senses with our meticulously crafted Sniffing Mat for Dogs. Designed to ignite your dog&#8217;s natural instincts and provide hours of entertainment, this premium mat is a must-have addition to your pup&#8217;s playtime repertoire.<\/p>\n<p>When ordering, choose your desired color, then you will see the availability of that color in stock. If available in stock, we will dispatch within 24 hours on business days. If not in stock (shows no quantity), we will manufacture it within 7-10 business days.<\/p>\n","protected":false},"featured_media":37783,"comment_status":"open","ping_status":"closed","template":"","meta":[],"product_brand":[],"product_cat":[985,986],"product_tag":[],"class_list":{"0":"post-37626","1":"product","2":"type-product","3":"status-publish","4":"has-post-thumbnail","6":"product_cat-toys-accessories","7":"product_cat-dog-toys-dora-cocker","10":"first","11":"instock","12":"shipping-taxable","13":"purchasable","14":"product-type-variable"},"yoast_head":"<!-- This site is optimized with the Yoast SEO plugin v27.4 - https:\/\/yoast.com\/product\/yoast-seo-wordpress\/ -->\n<title>Sniffing Mat For Dogs \/ 2 colors\/ HANDMADE\/ Dora Cocker<\/title>\n<meta name=\"description\" content=\"Sniffing mat for dogs is an interactive toy that develops the dog&#039;s searching skills. Sniffing is one of the greatest pleasures for dogs.\" \/>\n<meta name=\"robots\" content=\"index, follow, max-snippet:-1, max-image-preview:large, max-video-preview:-1\" \/>\n<link rel=\"canonical\" href=\"https:\/\/doracocker.eu\/prekiu-katalogas\/uostymo-kilimelis-sunims\/\" \/>\n<meta property=\"og:locale\" content=\"en_US\" \/>\n<meta property=\"og:type\" content=\"article\" \/>\n<meta property=\"og:title\" content=\"Sniffing Mat For Dogs \/ 2 colors\/ HANDMADE\/ Dora Cocker\" \/>\n<meta property=\"og:description\" content=\"Sniffing mat for dogs is an interactive toy that develops the dog&#039;s searching skills. Sniffing is one of the greatest pleasures for dogs.\" \/>\n<meta property=\"og:url\" content=\"https:\/\/doracocker.eu\/prekiu-katalogas\/uostymo-kilimelis-sunims\/\" \/>\n<meta property=\"og:site_name\" content=\"Doracocker\" \/>\n<meta property=\"article:modified_time\" content=\"2026-01-13T06:01:57+00:00\" \/>\n<meta property=\"og:image\" content=\"https:\/\/doracocker.eu\/wp-content\/uploads\/2024\/02\/Ideklo-tvirtinimas-2.jpg\" \/>\n\t<meta property=\"og:image:width\" content=\"700\" \/>\n\t<meta property=\"og:image:height\" content=\"700\" \/>\n\t<meta property=\"og:image:type\" content=\"image\/jpeg\" \/>\n<meta name=\"twitter:card\" content=\"summary_large_image\" \/>\n<meta name=\"twitter:label1\" content=\"Est. reading time\" \/>\n\t<meta name=\"twitter:data1\" content=\"2 minutes\" \/>\n<script type=\"application\/ld+json\" class=\"yoast-schema-graph\">{\"@context\":\"https:\\\/\\\/schema.org\",\"@graph\":[{\"@type\":\"WebPage\",\"@id\":\"https:\\\/\\\/doracocker.eu\\\/prekiu-katalogas\\\/uostymo-kilimelis-sunims\\\/\",\"url\":\"https:\\\/\\\/doracocker.eu\\\/prekiu-katalogas\\\/uostymo-kilimelis-sunims\\\/\",\"name\":\"Sniffing Mat For Dogs \\\/ 2 colors\\\/ HANDMADE\\\/ Dora Cocker\",\"isPartOf\":{\"@id\":\"https:\\\/\\\/doracocker.eu\\\/#website\"},\"primaryImageOfPage\":{\"@id\":\"https:\\\/\\\/doracocker.eu\\\/prekiu-katalogas\\\/uostymo-kilimelis-sunims\\\/#primaryimage\"},\"image\":{\"@id\":\"https:\\\/\\\/doracocker.eu\\\/prekiu-katalogas\\\/uostymo-kilimelis-sunims\\\/#primaryimage\"},\"thumbnailUrl\":\"https:\\\/\\\/doracocker.eu\\\/wp-content\\\/uploads\\\/2024\\\/02\\\/Ideklo-tvirtinimas-2.jpg\",\"datePublished\":\"2024-02-23T14:58:35+00:00\",\"dateModified\":\"2026-01-13T06:01:57+00:00\",\"description\":\"Sniffing mat for dogs is an interactive toy that develops the dog's searching skills. Sniffing is one of the greatest pleasures for dogs.\",\"breadcrumb\":{\"@id\":\"https:\\\/\\\/doracocker.eu\\\/prekiu-katalogas\\\/uostymo-kilimelis-sunims\\\/#breadcrumb\"},\"inLanguage\":\"en-US\",\"potentialAction\":[{\"@type\":\"ReadAction\",\"target\":[\"https:\\\/\\\/doracocker.eu\\\/prekiu-katalogas\\\/uostymo-kilimelis-sunims\\\/\"]}]},{\"@type\":\"ImageObject\",\"inLanguage\":\"en-US\",\"@id\":\"https:\\\/\\\/doracocker.eu\\\/prekiu-katalogas\\\/uostymo-kilimelis-sunims\\\/#primaryimage\",\"url\":\"https:\\\/\\\/doracocker.eu\\\/wp-content\\\/uploads\\\/2024\\\/02\\\/Ideklo-tvirtinimas-2.jpg\",\"contentUrl\":\"https:\\\/\\\/doracocker.eu\\\/wp-content\\\/uploads\\\/2024\\\/02\\\/Ideklo-tvirtinimas-2.jpg\",\"width\":700,\"height\":700,\"caption\":\"dog feeding mat\"},{\"@type\":\"BreadcrumbList\",\"@id\":\"https:\\\/\\\/doracocker.eu\\\/prekiu-katalogas\\\/uostymo-kilimelis-sunims\\\/#breadcrumb\",\"itemListElement\":[{\"@type\":\"ListItem\",\"position\":1,\"name\":\"Home\",\"item\":\"https:\\\/\\\/doracocker.eu\\\/\"},{\"@type\":\"ListItem\",\"position\":2,\"name\":\"Shop\",\"item\":\"https:\\\/\\\/doracocker.eu\\\/en\\\/shop\\\/\"},{\"@type\":\"ListItem\",\"position\":3,\"name\":\"Sniffing Mat For Dogs 2 colors\"}]},{\"@type\":\"WebSite\",\"@id\":\"https:\\\/\\\/doracocker.eu\\\/#website\",\"url\":\"https:\\\/\\\/doracocker.eu\\\/\",\"name\":\"Doracocker\",\"description\":\"Rank\u0173 darbo guoliai \u0161unims ir kat\u0117ms\",\"potentialAction\":[{\"@type\":\"SearchAction\",\"target\":{\"@type\":\"EntryPoint\",\"urlTemplate\":\"https:\\\/\\\/doracocker.eu\\\/?s={search_term_string}\"},\"query-input\":{\"@type\":\"PropertyValueSpecification\",\"valueRequired\":true,\"valueName\":\"search_term_string\"}}],\"inLanguage\":\"en-US\"}]}<\/script>\n<!-- \/ Yoast SEO plugin. -->","yoast_head_json":{"title":"Sniffing Mat For Dogs \/ 2 colors\/ HANDMADE\/ Dora Cocker","description":"Sniffing mat for dogs is an interactive toy that develops the dog's searching skills. Sniffing is one of the greatest pleasures for dogs.","robots":{"index":"index","follow":"follow","max-snippet":"max-snippet:-1","max-image-preview":"max-image-preview:large","max-video-preview":"max-video-preview:-1"},"canonical":"https:\/\/doracocker.eu\/prekiu-katalogas\/uostymo-kilimelis-sunims\/","og_locale":"en_US","og_type":"article","og_title":"Sniffing Mat For Dogs \/ 2 colors\/ HANDMADE\/ Dora Cocker","og_description":"Sniffing mat for dogs is an interactive toy that develops the dog's searching skills. Sniffing is one of the greatest pleasures for dogs.","og_url":"https:\/\/doracocker.eu\/prekiu-katalogas\/uostymo-kilimelis-sunims\/","og_site_name":"Doracocker","article_modified_time":"2026-01-13T06:01:57+00:00","og_image":[{"width":700,"height":700,"url":"https:\/\/doracocker.eu\/wp-content\/uploads\/2024\/02\/Ideklo-tvirtinimas-2.jpg","type":"image\/jpeg"}],"twitter_card":"summary_large_image","twitter_misc":{"Est. reading time":"2 minutes"},"schema":{"@context":"https:\/\/schema.org","@graph":[{"@type":"WebPage","@id":"https:\/\/doracocker.eu\/prekiu-katalogas\/uostymo-kilimelis-sunims\/","url":"https:\/\/doracocker.eu\/prekiu-katalogas\/uostymo-kilimelis-sunims\/","name":"Sniffing Mat For Dogs \/ 2 colors\/ HANDMADE\/ Dora Cocker","isPartOf":{"@id":"https:\/\/doracocker.eu\/#website"},"primaryImageOfPage":{"@id":"https:\/\/doracocker.eu\/prekiu-katalogas\/uostymo-kilimelis-sunims\/#primaryimage"},"image":{"@id":"https:\/\/doracocker.eu\/prekiu-katalogas\/uostymo-kilimelis-sunims\/#primaryimage"},"thumbnailUrl":"https:\/\/doracocker.eu\/wp-content\/uploads\/2024\/02\/Ideklo-tvirtinimas-2.jpg","datePublished":"2024-02-23T14:58:35+00:00","dateModified":"2026-01-13T06:01:57+00:00","description":"Sniffing mat for dogs is an interactive toy that develops the dog's searching skills. Sniffing is one of the greatest pleasures for dogs.","breadcrumb":{"@id":"https:\/\/doracocker.eu\/prekiu-katalogas\/uostymo-kilimelis-sunims\/#breadcrumb"},"inLanguage":"en-US","potentialAction":[{"@type":"ReadAction","target":["https:\/\/doracocker.eu\/prekiu-katalogas\/uostymo-kilimelis-sunims\/"]}]},{"@type":"ImageObject","inLanguage":"en-US","@id":"https:\/\/doracocker.eu\/prekiu-katalogas\/uostymo-kilimelis-sunims\/#primaryimage","url":"https:\/\/doracocker.eu\/wp-content\/uploads\/2024\/02\/Ideklo-tvirtinimas-2.jpg","contentUrl":"https:\/\/doracocker.eu\/wp-content\/uploads\/2024\/02\/Ideklo-tvirtinimas-2.jpg","width":700,"height":700,"caption":"dog feeding mat"},{"@type":"BreadcrumbList","@id":"https:\/\/doracocker.eu\/prekiu-katalogas\/uostymo-kilimelis-sunims\/#breadcrumb","itemListElement":[{"@type":"ListItem","position":1,"name":"Home","item":"https:\/\/doracocker.eu\/"},{"@type":"ListItem","position":2,"name":"Shop","item":"https:\/\/doracocker.eu\/en\/shop\/"},{"@type":"ListItem","position":3,"name":"Sniffing Mat For Dogs 2 colors"}]},{"@type":"WebSite","@id":"https:\/\/doracocker.eu\/#website","url":"https:\/\/doracocker.eu\/","name":"Doracocker","description":"Rank\u0173 darbo guoliai \u0161unims ir kat\u0117ms","potentialAction":[{"@type":"SearchAction","target":{"@type":"EntryPoint","urlTemplate":"https:\/\/doracocker.eu\/?s={search_term_string}"},"query-input":{"@type":"PropertyValueSpecification","valueRequired":true,"valueName":"search_term_string"}}],"inLanguage":"en-US"}]}},"_links":{"self":[{"href":"https:\/\/doracocker.eu\/en\/wp-json\/wp\/v2\/product\/37626","targetHints":{"allow":["GET"]}}],"collection":[{"href":"https:\/\/doracocker.eu\/en\/wp-json\/wp\/v2\/product"}],"about":[{"href":"https:\/\/doracocker.eu\/en\/wp-json\/wp\/v2\/types\/product"}],"replies":[{"embeddable":true,"href":"https:\/\/doracocker.eu\/en\/wp-json\/wp\/v2\/comments?post=37626"}],"wp:featuredmedia":[{"embeddable":true,"href":"https:\/\/doracocker.eu\/en\/wp-json\/wp\/v2\/media\/37783"}],"wp:attachment":[{"href":"https:\/\/doracocker.eu\/en\/wp-json\/wp\/v2\/media?parent=37626"}],"wp:term":[{"taxonomy":"product_brand","embeddable":true,"href":"https:\/\/doracocker.eu\/en\/wp-json\/wp\/v2\/product_brand?post=37626"},{"taxonomy":"product_cat","embeddable":true,"href":"https:\/\/doracocker.eu\/en\/wp-json\/wp\/v2\/product_cat?post=37626"},{"taxonomy":"product_tag","embeddable":true,"href":"https:\/\/doracocker.eu\/en\/wp-json\/wp\/v2\/product_tag?post=37626"}],"curies":[{"name":"wp","href":"https:\/\/api.w.org\/{rel}","templated":true}]}}