

{"id":37590,"date":"2022-11-29T23:17:05","date_gmt":"2022-11-29T21:17:05","guid":{"rendered":"https:\/\/doracocker.eu\/prekiu-katalogas\/cat-cave-bed-anti-allergic-merino-wool-4-colors\/"},"modified":"2025-11-10T22:18:30","modified_gmt":"2025-11-10T20:18:30","slug":"cat-cave-bed-anti-allergic-merino-wool-4-colors","status":"publish","type":"product","link":"https:\/\/doracocker.eu\/en\/prekiu-katalogas\/cat-cave-bed-anti-allergic-merino-wool-4-colors\/","title":{"rendered":"Cat Cave Bed With Anti-Allergic Merino Wool 4 Colors"},"content":{"rendered":"<h2>Cat Cave Bed With Anti-Allergic Merino Wool 4 Colors<\/h2>\n<p>Indulge your furry friend with luxury and comfort with our Luxury Calming cat Cave Bed in 4 beautiful colors. Made with anti-allergic Merino wool, this cave bed provides a soothing retreat for short-haired breeds, offering warmth and security. Soft velour fabric and a raised canopy create a cozy oasis for your pet to relax in style.<\/p>\n<p>Treat your beloved pet to the epitome of comfort and luxury with our cat bed. Crafted with anti-allergic Merino wool, this exceptional cave bed offers a serene sanctuary for your furry companion, providing warmth, comfort, and a sense of security.<\/p>\n<p>The Deluxe cat Cave Bed is designed to meet the needs of short-haired breeds, offering an ideal retreat for pets who enjoy snuggling under blankets. Made with soft and luxurious velour fabric, this bed is as cozy as it is stylish, ensuring your pet feels like they&#8217;re sleeping on a cloud.<\/p>\n<h2><strong><b>Why Buy This Product?<\/b><\/strong><\/h2>\n<ul>\n<li>Ideal for short-haired breeds needing extra warmth and comfort<\/li>\n<li>Raised canopy provides a safe oasis for your pet to relax<\/li>\n<li>Merino wool fur has a soothing effect, perfect for cats with joint problems<\/li>\n<li>Prevents cat health problems and supports proper joint development<\/li>\n<\/ul>\n<p><strong><b>More About the Product:<\/b><\/strong> The main fabric of the cat cave bed is premium furniture velour, known for its softness, warmth, and abrasion resistance. The bed features a cotton cushion filled with polyester balls and a 3 cm layer of foam for added comfort and insulation from chilly floors. Durable construction ensures longevity, with the option to replace the pillow filling as needed.<\/p>\n<h3><strong><b>Composition and Maintenance:<\/b><\/strong><\/h3>\n<ul>\n<li>Main Fabric: Furniture velour, 100% polyester &#8211; OEKO-TEX certified, Easy Care, Pets Friendly<\/li>\n<li>Fur: 50% Merino wool, 50% polyester &#8211; OEKO-TEX certified<\/li>\n<li>Inner Pillow: 100% cotton<\/li>\n<li>Pillow Filling: 100% polyester<\/li>\n<li>Fully machine washable on a light program at 30\u00b0C<\/li>\n<\/ul>\n<p>&nbsp;<\/p>\n","protected":false},"excerpt":{"rendered":"<p><span style=\"color: #000000;\">Treat your beloved pet to the epitome of comfort and luxury cave bed, crafted with anti-allergic Merino wool. This exceptional cave bed offers a serene sanctuary for your furry companion, providing warmth, comfort, and a sense of security.<\/span><\/p>\n<p><span style=\"color: #000000;\">To place an order for a custom dog bed, please select the desired size and color. More information about this bed, including size recommendations, can be found in the description. Production time is 7-14 days.<\/span><\/p>\n","protected":false},"featured_media":36877,"comment_status":"open","ping_status":"closed","template":"","meta":[],"product_brand":[],"product_cat":[946],"product_tag":[770,771,772,420,768,769],"class_list":{"0":"post-37590","1":"product","2":"type-product","3":"status-publish","4":"has-post-thumbnail","6":"product_cat-cat-beds","7":"product_tag-cat-bed","8":"product_tag-cat-beds","9":"product_tag-cat-cave-bed","10":"product_tag-cave","11":"product_tag-heating-beds-for-cats","12":"product_tag-luxury-cat-bed","15":"first","16":"onbackorder","17":"shipping-taxable","18":"purchasable","19":"product-type-variable"},"yoast_head":"<!-- This site is optimized with the Yoast SEO plugin v27.3 - https:\/\/yoast.com\/product\/yoast-seo-wordpress\/ -->\n<title>Cat Cave Bed - Anti-Allergic Merino Wool \/ 4 Colors\/ Dora Ccoker<\/title>\n<meta name=\"description\" content=\"Cat cave bed made with anti-allergic Merino wool, provides a soothing retreat for short-haired breeds, offering warmth and security.\" \/>\n<meta name=\"robots\" content=\"index, follow, max-snippet:-1, max-image-preview:large, max-video-preview:-1\" \/>\n<link rel=\"canonical\" href=\"https:\/\/doracocker.eu\/en\/prekiu-katalogas\/cat-cave-bed-anti-allergic-merino-wool-4-colors\/\" \/>\n<meta property=\"og:locale\" content=\"en_US\" \/>\n<meta property=\"og:type\" content=\"article\" \/>\n<meta property=\"og:title\" content=\"Cat Cave Bed - Anti-Allergic Merino Wool \/ 4 Colors\/ Dora Ccoker\" \/>\n<meta property=\"og:description\" content=\"Cat cave bed made with anti-allergic Merino wool, provides a soothing retreat for short-haired breeds, offering warmth and security.\" \/>\n<meta property=\"og:url\" content=\"https:\/\/doracocker.eu\/en\/prekiu-katalogas\/cat-cave-bed-anti-allergic-merino-wool-4-colors\/\" \/>\n<meta property=\"og:site_name\" content=\"Doracocker\" \/>\n<meta property=\"article:modified_time\" content=\"2025-11-10T20:18:30+00:00\" \/>\n<meta property=\"og:image\" content=\"https:\/\/doracocker.eu\/wp-content\/uploads\/2022\/11\/katinas-front.jpg\" \/>\n\t<meta property=\"og:image:width\" content=\"750\" \/>\n\t<meta property=\"og:image:height\" content=\"750\" \/>\n\t<meta property=\"og:image:type\" content=\"image\/jpeg\" \/>\n<meta name=\"twitter:card\" content=\"summary_large_image\" \/>\n<meta name=\"twitter:label1\" content=\"Est. reading time\" \/>\n\t<meta name=\"twitter:data1\" content=\"2 minutes\" \/>\n<script type=\"application\/ld+json\" class=\"yoast-schema-graph\">{\"@context\":\"https:\\\/\\\/schema.org\",\"@graph\":[{\"@type\":\"WebPage\",\"@id\":\"https:\\\/\\\/doracocker.eu\\\/en\\\/prekiu-katalogas\\\/cat-cave-bed-anti-allergic-merino-wool-4-colors\\\/\",\"url\":\"https:\\\/\\\/doracocker.eu\\\/en\\\/prekiu-katalogas\\\/cat-cave-bed-anti-allergic-merino-wool-4-colors\\\/\",\"name\":\"Cat Cave Bed - Anti-Allergic Merino Wool \\\/ 4 Colors\\\/ Dora Ccoker\",\"isPartOf\":{\"@id\":\"https:\\\/\\\/doracocker.eu\\\/#website\"},\"primaryImageOfPage\":{\"@id\":\"https:\\\/\\\/doracocker.eu\\\/en\\\/prekiu-katalogas\\\/cat-cave-bed-anti-allergic-merino-wool-4-colors\\\/#primaryimage\"},\"image\":{\"@id\":\"https:\\\/\\\/doracocker.eu\\\/en\\\/prekiu-katalogas\\\/cat-cave-bed-anti-allergic-merino-wool-4-colors\\\/#primaryimage\"},\"thumbnailUrl\":\"https:\\\/\\\/doracocker.eu\\\/wp-content\\\/uploads\\\/2022\\\/11\\\/katinas-front.jpg\",\"datePublished\":\"2022-11-29T21:17:05+00:00\",\"dateModified\":\"2025-11-10T20:18:30+00:00\",\"description\":\"Cat cave bed made with anti-allergic Merino wool, provides a soothing retreat for short-haired breeds, offering warmth and security.\",\"breadcrumb\":{\"@id\":\"https:\\\/\\\/doracocker.eu\\\/en\\\/prekiu-katalogas\\\/cat-cave-bed-anti-allergic-merino-wool-4-colors\\\/#breadcrumb\"},\"inLanguage\":\"en-US\",\"potentialAction\":[{\"@type\":\"ReadAction\",\"target\":[\"https:\\\/\\\/doracocker.eu\\\/en\\\/prekiu-katalogas\\\/cat-cave-bed-anti-allergic-merino-wool-4-colors\\\/\"]}]},{\"@type\":\"ImageObject\",\"inLanguage\":\"en-US\",\"@id\":\"https:\\\/\\\/doracocker.eu\\\/en\\\/prekiu-katalogas\\\/cat-cave-bed-anti-allergic-merino-wool-4-colors\\\/#primaryimage\",\"url\":\"https:\\\/\\\/doracocker.eu\\\/wp-content\\\/uploads\\\/2022\\\/11\\\/katinas-front.jpg\",\"contentUrl\":\"https:\\\/\\\/doracocker.eu\\\/wp-content\\\/uploads\\\/2022\\\/11\\\/katinas-front.jpg\",\"width\":750,\"height\":750,\"caption\":\"Dora cocker cat cave bed\"},{\"@type\":\"BreadcrumbList\",\"@id\":\"https:\\\/\\\/doracocker.eu\\\/en\\\/prekiu-katalogas\\\/cat-cave-bed-anti-allergic-merino-wool-4-colors\\\/#breadcrumb\",\"itemListElement\":[{\"@type\":\"ListItem\",\"position\":1,\"name\":\"Home\",\"item\":\"https:\\\/\\\/doracocker.eu\\\/\"},{\"@type\":\"ListItem\",\"position\":2,\"name\":\"Shop\",\"item\":\"https:\\\/\\\/doracocker.eu\\\/en\\\/shop\\\/\"},{\"@type\":\"ListItem\",\"position\":3,\"name\":\"Cat Cave Bed With Anti-Allergic Merino Wool 4 Colors\"}]},{\"@type\":\"WebSite\",\"@id\":\"https:\\\/\\\/doracocker.eu\\\/#website\",\"url\":\"https:\\\/\\\/doracocker.eu\\\/\",\"name\":\"Doracocker\",\"description\":\"Rank\u0173 darbo guoliai \u0161unims ir kat\u0117ms\",\"potentialAction\":[{\"@type\":\"SearchAction\",\"target\":{\"@type\":\"EntryPoint\",\"urlTemplate\":\"https:\\\/\\\/doracocker.eu\\\/?s={search_term_string}\"},\"query-input\":{\"@type\":\"PropertyValueSpecification\",\"valueRequired\":true,\"valueName\":\"search_term_string\"}}],\"inLanguage\":\"en-US\"}]}<\/script>\n<!-- \/ Yoast SEO plugin. -->","yoast_head_json":{"title":"Cat Cave Bed - Anti-Allergic Merino Wool \/ 4 Colors\/ Dora Ccoker","description":"Cat cave bed made with anti-allergic Merino wool, provides a soothing retreat for short-haired breeds, offering warmth and security.","robots":{"index":"index","follow":"follow","max-snippet":"max-snippet:-1","max-image-preview":"max-image-preview:large","max-video-preview":"max-video-preview:-1"},"canonical":"https:\/\/doracocker.eu\/en\/prekiu-katalogas\/cat-cave-bed-anti-allergic-merino-wool-4-colors\/","og_locale":"en_US","og_type":"article","og_title":"Cat Cave Bed - Anti-Allergic Merino Wool \/ 4 Colors\/ Dora Ccoker","og_description":"Cat cave bed made with anti-allergic Merino wool, provides a soothing retreat for short-haired breeds, offering warmth and security.","og_url":"https:\/\/doracocker.eu\/en\/prekiu-katalogas\/cat-cave-bed-anti-allergic-merino-wool-4-colors\/","og_site_name":"Doracocker","article_modified_time":"2025-11-10T20:18:30+00:00","og_image":[{"width":750,"height":750,"url":"https:\/\/doracocker.eu\/wp-content\/uploads\/2022\/11\/katinas-front.jpg","type":"image\/jpeg"}],"twitter_card":"summary_large_image","twitter_misc":{"Est. reading time":"2 minutes"},"schema":{"@context":"https:\/\/schema.org","@graph":[{"@type":"WebPage","@id":"https:\/\/doracocker.eu\/en\/prekiu-katalogas\/cat-cave-bed-anti-allergic-merino-wool-4-colors\/","url":"https:\/\/doracocker.eu\/en\/prekiu-katalogas\/cat-cave-bed-anti-allergic-merino-wool-4-colors\/","name":"Cat Cave Bed - Anti-Allergic Merino Wool \/ 4 Colors\/ Dora Ccoker","isPartOf":{"@id":"https:\/\/doracocker.eu\/#website"},"primaryImageOfPage":{"@id":"https:\/\/doracocker.eu\/en\/prekiu-katalogas\/cat-cave-bed-anti-allergic-merino-wool-4-colors\/#primaryimage"},"image":{"@id":"https:\/\/doracocker.eu\/en\/prekiu-katalogas\/cat-cave-bed-anti-allergic-merino-wool-4-colors\/#primaryimage"},"thumbnailUrl":"https:\/\/doracocker.eu\/wp-content\/uploads\/2022\/11\/katinas-front.jpg","datePublished":"2022-11-29T21:17:05+00:00","dateModified":"2025-11-10T20:18:30+00:00","description":"Cat cave bed made with anti-allergic Merino wool, provides a soothing retreat for short-haired breeds, offering warmth and security.","breadcrumb":{"@id":"https:\/\/doracocker.eu\/en\/prekiu-katalogas\/cat-cave-bed-anti-allergic-merino-wool-4-colors\/#breadcrumb"},"inLanguage":"en-US","potentialAction":[{"@type":"ReadAction","target":["https:\/\/doracocker.eu\/en\/prekiu-katalogas\/cat-cave-bed-anti-allergic-merino-wool-4-colors\/"]}]},{"@type":"ImageObject","inLanguage":"en-US","@id":"https:\/\/doracocker.eu\/en\/prekiu-katalogas\/cat-cave-bed-anti-allergic-merino-wool-4-colors\/#primaryimage","url":"https:\/\/doracocker.eu\/wp-content\/uploads\/2022\/11\/katinas-front.jpg","contentUrl":"https:\/\/doracocker.eu\/wp-content\/uploads\/2022\/11\/katinas-front.jpg","width":750,"height":750,"caption":"Dora cocker cat cave bed"},{"@type":"BreadcrumbList","@id":"https:\/\/doracocker.eu\/en\/prekiu-katalogas\/cat-cave-bed-anti-allergic-merino-wool-4-colors\/#breadcrumb","itemListElement":[{"@type":"ListItem","position":1,"name":"Home","item":"https:\/\/doracocker.eu\/"},{"@type":"ListItem","position":2,"name":"Shop","item":"https:\/\/doracocker.eu\/en\/shop\/"},{"@type":"ListItem","position":3,"name":"Cat Cave Bed With Anti-Allergic Merino Wool 4 Colors"}]},{"@type":"WebSite","@id":"https:\/\/doracocker.eu\/#website","url":"https:\/\/doracocker.eu\/","name":"Doracocker","description":"Rank\u0173 darbo guoliai \u0161unims ir kat\u0117ms","potentialAction":[{"@type":"SearchAction","target":{"@type":"EntryPoint","urlTemplate":"https:\/\/doracocker.eu\/?s={search_term_string}"},"query-input":{"@type":"PropertyValueSpecification","valueRequired":true,"valueName":"search_term_string"}}],"inLanguage":"en-US"}]}},"_links":{"self":[{"href":"https:\/\/doracocker.eu\/en\/wp-json\/wp\/v2\/product\/37590","targetHints":{"allow":["GET"]}}],"collection":[{"href":"https:\/\/doracocker.eu\/en\/wp-json\/wp\/v2\/product"}],"about":[{"href":"https:\/\/doracocker.eu\/en\/wp-json\/wp\/v2\/types\/product"}],"replies":[{"embeddable":true,"href":"https:\/\/doracocker.eu\/en\/wp-json\/wp\/v2\/comments?post=37590"}],"wp:featuredmedia":[{"embeddable":true,"href":"https:\/\/doracocker.eu\/en\/wp-json\/wp\/v2\/media\/36877"}],"wp:attachment":[{"href":"https:\/\/doracocker.eu\/en\/wp-json\/wp\/v2\/media?parent=37590"}],"wp:term":[{"taxonomy":"product_brand","embeddable":true,"href":"https:\/\/doracocker.eu\/en\/wp-json\/wp\/v2\/product_brand?post=37590"},{"taxonomy":"product_cat","embeddable":true,"href":"https:\/\/doracocker.eu\/en\/wp-json\/wp\/v2\/product_cat?post=37590"},{"taxonomy":"product_tag","embeddable":true,"href":"https:\/\/doracocker.eu\/en\/wp-json\/wp\/v2\/product_tag?post=37590"}],"curies":[{"name":"wp","href":"https:\/\/api.w.org\/{rel}","templated":true}]}}