

{"id":37269,"date":"2024-04-16T13:46:46","date_gmt":"2024-04-16T10:46:46","guid":{"rendered":"https:\/\/doracocker.eu\/?post_type=product&#038;p=37269"},"modified":"2025-11-10T22:19:01","modified_gmt":"2025-11-10T20:19:01","slug":"cat-cave-bed-7-colors","status":"publish","type":"product","link":"https:\/\/doracocker.eu\/en\/prekiu-katalogas\/cat-cave-bed-7-colors\/","title":{"rendered":"Cat Cave Bed 7 Colors"},"content":{"rendered":"<h2>Cat Cave Bed 7 Colors<\/h2>\n<p>Your cat will be able to rest for long periods of time curled up on the cat Cave Bed, soft cotton pillow stuffed with polyester balls. The cloud and &#8220;bed&#8221; effect is created by a 3cm foam layer under the pillow.<br \/>\nA raised canopy allows the cat to easily crawl into the cave and observe the surroundings. Can be used without the rod, as the roof is more snug for the animal. And the attached bulb will allow cats to play when they get up.<\/p>\n<p>Cat Cave Bed\u00a0 The main fabric, a luxurious upholstery velour. It&#8217;is soft, warm and abrasion-resistant, it feels as a cloud. If you want it firmer or softer, unzip the cushion and you can remove or replenish the padding. The bedding Cave is created to protect your beloved kittens from cold floors. It&#8217;s a durable choice for your pet, as the stuffing can be replaced with a new one, and the quality materials and washability of the whole bedding ensure that the item will last for years to come.<\/p>\n<h3>Are you unsure whether your cat will like the Cave bedding?<\/h3>\n<p>That&#8217;s understandable! We&#8217;ll give you a 7-day trial period. If your pet doesn&#8217;t like it, you can return it and we&#8217;ll give you a refund (shipping costs will not be refunded).<\/p>\n<p>Indulge your beloved pet with the luxurious comfort of our Dog Cave Bed in 7 beautiful colors collection. Specifically designed for short-haired breeds, this cozy cave bed provides the ultimate retreat, keeping your furry friend warm and snug throughout the year. Whether they love snuggling under blankets or curling up for a nap, this bed is their perfect sanctuary.<\/p>\n<p>Handmade with meticulous attention to detail, this calming cave dog bed is crafted from high-quality velour fabric. Not only is it incredibly soft to the touch, but it&#8217;s also durable and resistant to wear from rubbing or friction. Additionally, the fabric is pet friendly, ensuring long-lasting use and easy maintenance.<\/p>\n<p>Our dog cave bed is not only luxurious but also sustainable and reusable. Most materials and parts can be purchased separately on our website, offering added convenience and eco-friendliness. Plus, it&#8217;s fully machine washable on a light program at 30\u00b0C, making cleaning a breeze.<\/p>\n<p>For any additional questions or inquiries, please feel free to contact us at info@doracocker.eu<\/p>\n<p>Main fabric: 100% polyester, extremely abrasion resistant, soft and warm<br \/>\nFur: 100% polyester<br \/>\nInner pillow: 100% cotton<br \/>\nPillow filling: 100% polyester<\/p>\n<p>Easy to care for. 100% 100% cotton.<br \/>\nFully machine washable, light programme 30\u00b0C.<\/p>\n","protected":false},"excerpt":{"rendered":"<p>Cats always want to crawl in somewhere, and hairless cats are looking for warmth. This cat bed fulfils all their needs.<\/p>\n<p>To place an order for us to manufacture your desired cat bed, select the appropriate size and preferred color. More information about this bed, can be found in the description. Manufacturing time is 7-14 days.<\/p>\n","protected":false},"featured_media":37532,"comment_status":"open","ping_status":"closed","template":"","meta":[],"product_brand":[],"product_cat":[946],"product_tag":[770,771,772,768,769],"class_list":{"0":"post-37269","1":"product","2":"type-product","3":"status-publish","4":"has-post-thumbnail","6":"product_cat-cat-beds","7":"product_tag-cat-bed","8":"product_tag-cat-beds","9":"product_tag-cat-cave-bed","10":"product_tag-heating-beds-for-cats","11":"product_tag-luxury-cat-bed","12":"product_shipping_class-currier-only","15":"first","16":"onbackorder","17":"featured","18":"shipping-taxable","19":"purchasable","20":"product-type-variable"},"yoast_head":"<!-- This site is optimized with the Yoast SEO plugin v27.3 - https:\/\/yoast.com\/product\/yoast-seo-wordpress\/ -->\n<title>Dog cave bed -\/ Handmade - 7 Colors \/ Dora Cocker<\/title>\n<meta name=\"description\" content=\"Cat cave bed- perfect for those who love to burrow under blankets, hide away, and sleep snugly. Soft as a cloud, protect your kittens from cold floors.\" \/>\n<meta name=\"robots\" content=\"index, follow, max-snippet:-1, max-image-preview:large, max-video-preview:-1\" \/>\n<link rel=\"canonical\" href=\"https:\/\/doracocker.eu\/en\/prekiu-katalogas\/cat-cave-bed-7-colors\/\" \/>\n<meta property=\"og:locale\" content=\"en_US\" \/>\n<meta property=\"og:type\" content=\"article\" \/>\n<meta property=\"og:title\" content=\"Dog cave bed -\/ Handmade - 7 Colors \/ Dora Cocker\" \/>\n<meta property=\"og:description\" content=\"Cat cave bed- perfect for those who love to burrow under blankets, hide away, and sleep snugly. Soft as a cloud, protect your kittens from cold floors.\" \/>\n<meta property=\"og:url\" content=\"https:\/\/doracocker.eu\/en\/prekiu-katalogas\/cat-cave-bed-7-colors\/\" \/>\n<meta property=\"og:site_name\" content=\"Doracocker\" \/>\n<meta property=\"article:modified_time\" content=\"2025-11-10T20:19:01+00:00\" \/>\n<meta property=\"og:image\" content=\"https:\/\/doracocker.eu\/wp-content\/uploads\/2021\/10\/Untitled-design-2024-04-16T154404.125.jpg\" \/>\n\t<meta property=\"og:image:width\" content=\"700\" \/>\n\t<meta property=\"og:image:height\" content=\"700\" \/>\n\t<meta property=\"og:image:type\" content=\"image\/jpeg\" \/>\n<meta name=\"twitter:card\" content=\"summary_large_image\" \/>\n<meta name=\"twitter:label1\" content=\"Est. reading time\" \/>\n\t<meta name=\"twitter:data1\" content=\"3 minutes\" \/>\n<script type=\"application\/ld+json\" class=\"yoast-schema-graph\">{\"@context\":\"https:\\\/\\\/schema.org\",\"@graph\":[{\"@type\":\"WebPage\",\"@id\":\"https:\\\/\\\/doracocker.eu\\\/en\\\/prekiu-katalogas\\\/cat-cave-bed-7-colors\\\/\",\"url\":\"https:\\\/\\\/doracocker.eu\\\/en\\\/prekiu-katalogas\\\/cat-cave-bed-7-colors\\\/\",\"name\":\"Dog cave bed -\\\/ Handmade - 7 Colors \\\/ Dora Cocker\",\"isPartOf\":{\"@id\":\"https:\\\/\\\/doracocker.eu\\\/#website\"},\"primaryImageOfPage\":{\"@id\":\"https:\\\/\\\/doracocker.eu\\\/en\\\/prekiu-katalogas\\\/cat-cave-bed-7-colors\\\/#primaryimage\"},\"image\":{\"@id\":\"https:\\\/\\\/doracocker.eu\\\/en\\\/prekiu-katalogas\\\/cat-cave-bed-7-colors\\\/#primaryimage\"},\"thumbnailUrl\":\"https:\\\/\\\/doracocker.eu\\\/wp-content\\\/uploads\\\/2021\\\/10\\\/Untitled-design-2024-04-16T154404.125.jpg\",\"datePublished\":\"2024-04-16T10:46:46+00:00\",\"dateModified\":\"2025-11-10T20:19:01+00:00\",\"description\":\"Cat cave bed- perfect for those who love to burrow under blankets, hide away, and sleep snugly. Soft as a cloud, protect your kittens from cold floors.\",\"breadcrumb\":{\"@id\":\"https:\\\/\\\/doracocker.eu\\\/en\\\/prekiu-katalogas\\\/cat-cave-bed-7-colors\\\/#breadcrumb\"},\"inLanguage\":\"en-US\",\"potentialAction\":[{\"@type\":\"ReadAction\",\"target\":[\"https:\\\/\\\/doracocker.eu\\\/en\\\/prekiu-katalogas\\\/cat-cave-bed-7-colors\\\/\"]}]},{\"@type\":\"ImageObject\",\"inLanguage\":\"en-US\",\"@id\":\"https:\\\/\\\/doracocker.eu\\\/en\\\/prekiu-katalogas\\\/cat-cave-bed-7-colors\\\/#primaryimage\",\"url\":\"https:\\\/\\\/doracocker.eu\\\/wp-content\\\/uploads\\\/2021\\\/10\\\/Untitled-design-2024-04-16T154404.125.jpg\",\"contentUrl\":\"https:\\\/\\\/doracocker.eu\\\/wp-content\\\/uploads\\\/2021\\\/10\\\/Untitled-design-2024-04-16T154404.125.jpg\",\"width\":700,\"height\":700,\"caption\":\"Dora cocker cat bed\"},{\"@type\":\"BreadcrumbList\",\"@id\":\"https:\\\/\\\/doracocker.eu\\\/en\\\/prekiu-katalogas\\\/cat-cave-bed-7-colors\\\/#breadcrumb\",\"itemListElement\":[{\"@type\":\"ListItem\",\"position\":1,\"name\":\"Home\",\"item\":\"https:\\\/\\\/doracocker.eu\\\/\"},{\"@type\":\"ListItem\",\"position\":2,\"name\":\"Shop\",\"item\":\"https:\\\/\\\/doracocker.eu\\\/en\\\/shop\\\/\"},{\"@type\":\"ListItem\",\"position\":3,\"name\":\"Cat Cave Bed 7 Colors\"}]},{\"@type\":\"WebSite\",\"@id\":\"https:\\\/\\\/doracocker.eu\\\/#website\",\"url\":\"https:\\\/\\\/doracocker.eu\\\/\",\"name\":\"Doracocker\",\"description\":\"Rank\u0173 darbo guoliai \u0161unims ir kat\u0117ms\",\"potentialAction\":[{\"@type\":\"SearchAction\",\"target\":{\"@type\":\"EntryPoint\",\"urlTemplate\":\"https:\\\/\\\/doracocker.eu\\\/?s={search_term_string}\"},\"query-input\":{\"@type\":\"PropertyValueSpecification\",\"valueRequired\":true,\"valueName\":\"search_term_string\"}}],\"inLanguage\":\"en-US\"}]}<\/script>\n<!-- \/ Yoast SEO plugin. -->","yoast_head_json":{"title":"Dog cave bed -\/ Handmade - 7 Colors \/ Dora Cocker","description":"Cat cave bed- perfect for those who love to burrow under blankets, hide away, and sleep snugly. Soft as a cloud, protect your kittens from cold floors.","robots":{"index":"index","follow":"follow","max-snippet":"max-snippet:-1","max-image-preview":"max-image-preview:large","max-video-preview":"max-video-preview:-1"},"canonical":"https:\/\/doracocker.eu\/en\/prekiu-katalogas\/cat-cave-bed-7-colors\/","og_locale":"en_US","og_type":"article","og_title":"Dog cave bed -\/ Handmade - 7 Colors \/ Dora Cocker","og_description":"Cat cave bed- perfect for those who love to burrow under blankets, hide away, and sleep snugly. Soft as a cloud, protect your kittens from cold floors.","og_url":"https:\/\/doracocker.eu\/en\/prekiu-katalogas\/cat-cave-bed-7-colors\/","og_site_name":"Doracocker","article_modified_time":"2025-11-10T20:19:01+00:00","og_image":[{"width":700,"height":700,"url":"https:\/\/doracocker.eu\/wp-content\/uploads\/2021\/10\/Untitled-design-2024-04-16T154404.125.jpg","type":"image\/jpeg"}],"twitter_card":"summary_large_image","twitter_misc":{"Est. reading time":"3 minutes"},"schema":{"@context":"https:\/\/schema.org","@graph":[{"@type":"WebPage","@id":"https:\/\/doracocker.eu\/en\/prekiu-katalogas\/cat-cave-bed-7-colors\/","url":"https:\/\/doracocker.eu\/en\/prekiu-katalogas\/cat-cave-bed-7-colors\/","name":"Dog cave bed -\/ Handmade - 7 Colors \/ Dora Cocker","isPartOf":{"@id":"https:\/\/doracocker.eu\/#website"},"primaryImageOfPage":{"@id":"https:\/\/doracocker.eu\/en\/prekiu-katalogas\/cat-cave-bed-7-colors\/#primaryimage"},"image":{"@id":"https:\/\/doracocker.eu\/en\/prekiu-katalogas\/cat-cave-bed-7-colors\/#primaryimage"},"thumbnailUrl":"https:\/\/doracocker.eu\/wp-content\/uploads\/2021\/10\/Untitled-design-2024-04-16T154404.125.jpg","datePublished":"2024-04-16T10:46:46+00:00","dateModified":"2025-11-10T20:19:01+00:00","description":"Cat cave bed- perfect for those who love to burrow under blankets, hide away, and sleep snugly. Soft as a cloud, protect your kittens from cold floors.","breadcrumb":{"@id":"https:\/\/doracocker.eu\/en\/prekiu-katalogas\/cat-cave-bed-7-colors\/#breadcrumb"},"inLanguage":"en-US","potentialAction":[{"@type":"ReadAction","target":["https:\/\/doracocker.eu\/en\/prekiu-katalogas\/cat-cave-bed-7-colors\/"]}]},{"@type":"ImageObject","inLanguage":"en-US","@id":"https:\/\/doracocker.eu\/en\/prekiu-katalogas\/cat-cave-bed-7-colors\/#primaryimage","url":"https:\/\/doracocker.eu\/wp-content\/uploads\/2021\/10\/Untitled-design-2024-04-16T154404.125.jpg","contentUrl":"https:\/\/doracocker.eu\/wp-content\/uploads\/2021\/10\/Untitled-design-2024-04-16T154404.125.jpg","width":700,"height":700,"caption":"Dora cocker cat bed"},{"@type":"BreadcrumbList","@id":"https:\/\/doracocker.eu\/en\/prekiu-katalogas\/cat-cave-bed-7-colors\/#breadcrumb","itemListElement":[{"@type":"ListItem","position":1,"name":"Home","item":"https:\/\/doracocker.eu\/"},{"@type":"ListItem","position":2,"name":"Shop","item":"https:\/\/doracocker.eu\/en\/shop\/"},{"@type":"ListItem","position":3,"name":"Cat Cave Bed 7 Colors"}]},{"@type":"WebSite","@id":"https:\/\/doracocker.eu\/#website","url":"https:\/\/doracocker.eu\/","name":"Doracocker","description":"Rank\u0173 darbo guoliai \u0161unims ir kat\u0117ms","potentialAction":[{"@type":"SearchAction","target":{"@type":"EntryPoint","urlTemplate":"https:\/\/doracocker.eu\/?s={search_term_string}"},"query-input":{"@type":"PropertyValueSpecification","valueRequired":true,"valueName":"search_term_string"}}],"inLanguage":"en-US"}]}},"_links":{"self":[{"href":"https:\/\/doracocker.eu\/en\/wp-json\/wp\/v2\/product\/37269","targetHints":{"allow":["GET"]}}],"collection":[{"href":"https:\/\/doracocker.eu\/en\/wp-json\/wp\/v2\/product"}],"about":[{"href":"https:\/\/doracocker.eu\/en\/wp-json\/wp\/v2\/types\/product"}],"replies":[{"embeddable":true,"href":"https:\/\/doracocker.eu\/en\/wp-json\/wp\/v2\/comments?post=37269"}],"wp:featuredmedia":[{"embeddable":true,"href":"https:\/\/doracocker.eu\/en\/wp-json\/wp\/v2\/media\/37532"}],"wp:attachment":[{"href":"https:\/\/doracocker.eu\/en\/wp-json\/wp\/v2\/media?parent=37269"}],"wp:term":[{"taxonomy":"product_brand","embeddable":true,"href":"https:\/\/doracocker.eu\/en\/wp-json\/wp\/v2\/product_brand?post=37269"},{"taxonomy":"product_cat","embeddable":true,"href":"https:\/\/doracocker.eu\/en\/wp-json\/wp\/v2\/product_cat?post=37269"},{"taxonomy":"product_tag","embeddable":true,"href":"https:\/\/doracocker.eu\/en\/wp-json\/wp\/v2\/product_tag?post=37269"}],"curies":[{"name":"wp","href":"https:\/\/api.w.org\/{rel}","templated":true}]}}