

{"id":36863,"date":"2024-04-12T16:52:31","date_gmt":"2024-04-12T13:52:31","guid":{"rendered":"https:\/\/doracocker.eu\/prekiu-katalogas\/hammock-car-seat-cover-for-dogs\/"},"modified":"2025-07-06T18:01:23","modified_gmt":"2025-07-06T15:01:23","slug":"hammock-car-seat-cover-for-dogs-2colors","status":"publish","type":"product","link":"https:\/\/doracocker.eu\/en\/prekiu-katalogas\/hammock-car-seat-cover-for-dogs-2colors\/","title":{"rendered":"Hammock Car Seat Cover For Dogs 2 Colors"},"content":{"rendered":"<h2>Hammock Car Seat Cover For Dogs 2 Colors<\/h2>\n<p>Hammock car seat cover for dogs. Protect your car&#8217;s back seat from dirty paws and nails with our Car Seat Cover for Dogs in Sand and Brown colors, designed in a convenient hammock style. Featuring a removable cover part to accommodate passenger. Sand color cover is ideal for light-colored dogs and ensures a clean and comfortable ride for both you and your furry friend. Brown is designed for dark fur dogs.<\/p>\n<p><strong><b>Why Buy This Product?<\/b><\/strong><\/p>\n<ul>\n<li>Fully protects your car&#8217;s back seat from dirty paws and nails, keeping it clean and free from scratches<\/li>\n<li>Hammock style design with a removable cover part allows for easy seating of passengers at the back seat<\/li>\n<li>Light color recommended for light-colored dogs to maintain an aesthetically pleasing appearance. Dark color recommended for dark-colored dogs<\/li>\n<li>Features sewn-in layer of sintepon on the seat and sides to prevent your dog fromtangling\u00a0it, as well as covered front seats to prevent your dog from jumping forward<\/li>\n<\/ul>\n<p><strong><b>Special Advantage:<\/b><\/strong><\/p>\n<ul>\n<li>Separate one seat for a passenger by undoing the contact strip, providing flexibility for accommodating both passengers and pets<\/li>\n<li>Rubber, adjustable-length loops easily snap onto headrests for quick and secure installation<\/li>\n<\/ul>\n<p><strong><b>More About the Product:<\/b><\/strong>\u00a0The car seat cover for dogs is a universal size and can be easily integrated into any car. Constructed from extra-strong, waterproof fabric, this cover offers reliable protection against dirt and moisture. With measurements suitable for most cars and thoughtful features such as covered front seats and protected doors, this cover ensures a clean and comfortable ride for both you and your dog.<\/p>\n<p><strong><b>Composition and Maintenance:<\/b><\/strong><\/p>\n<ul>\n<li>Top Fabric: Codura, waterproof, extra strong, scratch-resistant, 100% polyester<\/li>\n<li>Bottom: Oxford, waterproof, 100% polyester<\/li>\n<li>Inside the Seat and Sides: Sintepon layer, 100% polyester<\/li>\n<li>Easy to maintain; dirt or water can be easily wiped off with a damp cloth<\/li>\n<li>Machine washable at 30\u00b0C, although not recommended for very frequent washing<\/li>\n<\/ul>\n","protected":false},"excerpt":{"rendered":"<p>Protect your car&#8217;s back seat from dirty paws and nails with our Hammock car seat cover for dogs in Sand and Brown colors. Featuring a removable cover part to accommodate passenger. Sand color cover is ideal for light-colored dogs and ensures a clean and comfortable ride for both you and your furry friend. Brown is designed for dark fur dogs.<\/p>\n<p>When ordering, choose your desired color, then you will see the availability of that color in stock. If available in stock, we will dispatch within 24 hours on business days. If not in stock (shows no quantity), we will manufacture it within 7-10 business days.<\/p>\n","protected":false},"featured_media":34262,"comment_status":"open","ping_status":"closed","template":"","meta":[],"product_brand":[],"product_cat":[431],"product_tag":[446,448,419,463,493],"class_list":{"0":"post-36863","1":"product","2":"type-product","3":"status-publish","4":"has-post-thumbnail","6":"product_cat-car-covers","7":"product_tag-car","8":"product_tag-car-cover-for-dogs","9":"product_tag-dogs","10":"product_tag-hammock","11":"product_tag-seats","14":"first","15":"instock","16":"shipping-taxable","17":"purchasable","18":"product-type-variable"},"yoast_head":"<!-- This site is optimized with the Yoast SEO plugin v27.3 - https:\/\/yoast.com\/product\/yoast-seo-wordpress\/ -->\n<title>HAMMOCK car seat cover for dogs \/ 2 colors \/ Dora Cocker<\/title>\n<meta name=\"description\" content=\"Hammock Car Seat Cover For Dogs protect your car&#039;s back seat from dirty paws and nails. Featuring a removable cover part to accommodate passenger.\" \/>\n<meta name=\"robots\" content=\"index, follow, max-snippet:-1, max-image-preview:large, max-video-preview:-1\" \/>\n<link rel=\"canonical\" href=\"https:\/\/doracocker.eu\/prekiu-katalogas\/automobiliu-sedyniu-uztiesalai-hamakas-2spalvu\/\" \/>\n<meta property=\"og:locale\" content=\"en_US\" \/>\n<meta property=\"og:type\" content=\"article\" \/>\n<meta property=\"og:title\" content=\"HAMMOCK car seat cover for dogs \/ 2 colors \/ Dora Cocker\" \/>\n<meta property=\"og:description\" content=\"Hammock Car Seat Cover For Dogs protect your car&#039;s back seat from dirty paws and nails. Featuring a removable cover part to accommodate passenger.\" \/>\n<meta property=\"og:url\" content=\"https:\/\/doracocker.eu\/prekiu-katalogas\/automobiliu-sedyniu-uztiesalai-hamakas-2spalvu\/\" \/>\n<meta property=\"og:site_name\" content=\"Doracocker\" \/>\n<meta property=\"article:modified_time\" content=\"2025-07-06T15:01:23+00:00\" \/>\n<meta property=\"og:image\" content=\"https:\/\/doracocker.eu\/wp-content\/uploads\/2022\/06\/Untitled-design-14.jpg\" \/>\n\t<meta property=\"og:image:width\" content=\"700\" \/>\n\t<meta property=\"og:image:height\" content=\"840\" \/>\n\t<meta property=\"og:image:type\" content=\"image\/jpeg\" \/>\n<meta name=\"twitter:card\" content=\"summary_large_image\" \/>\n<meta name=\"twitter:label1\" content=\"Est. reading time\" \/>\n\t<meta name=\"twitter:data1\" content=\"2 minutes\" \/>\n<script type=\"application\/ld+json\" class=\"yoast-schema-graph\">{\"@context\":\"https:\\\/\\\/schema.org\",\"@graph\":[{\"@type\":\"WebPage\",\"@id\":\"https:\\\/\\\/doracocker.eu\\\/prekiu-katalogas\\\/automobiliu-sedyniu-uztiesalai-hamakas-2spalvu\\\/\",\"url\":\"https:\\\/\\\/doracocker.eu\\\/prekiu-katalogas\\\/automobiliu-sedyniu-uztiesalai-hamakas-2spalvu\\\/\",\"name\":\"HAMMOCK car seat cover for dogs \\\/ 2 colors \\\/ Dora Cocker\",\"isPartOf\":{\"@id\":\"https:\\\/\\\/doracocker.eu\\\/#website\"},\"primaryImageOfPage\":{\"@id\":\"https:\\\/\\\/doracocker.eu\\\/prekiu-katalogas\\\/automobiliu-sedyniu-uztiesalai-hamakas-2spalvu\\\/#primaryimage\"},\"image\":{\"@id\":\"https:\\\/\\\/doracocker.eu\\\/prekiu-katalogas\\\/automobiliu-sedyniu-uztiesalai-hamakas-2spalvu\\\/#primaryimage\"},\"thumbnailUrl\":\"https:\\\/\\\/doracocker.eu\\\/wp-content\\\/uploads\\\/2022\\\/06\\\/Untitled-design-14.jpg\",\"datePublished\":\"2024-04-12T13:52:31+00:00\",\"dateModified\":\"2025-07-06T15:01:23+00:00\",\"description\":\"Hammock Car Seat Cover For Dogs protect your car's back seat from dirty paws and nails. Featuring a removable cover part to accommodate passenger.\",\"breadcrumb\":{\"@id\":\"https:\\\/\\\/doracocker.eu\\\/prekiu-katalogas\\\/automobiliu-sedyniu-uztiesalai-hamakas-2spalvu\\\/#breadcrumb\"},\"inLanguage\":\"en-US\",\"potentialAction\":[{\"@type\":\"ReadAction\",\"target\":[\"https:\\\/\\\/doracocker.eu\\\/prekiu-katalogas\\\/automobiliu-sedyniu-uztiesalai-hamakas-2spalvu\\\/\"]}]},{\"@type\":\"ImageObject\",\"inLanguage\":\"en-US\",\"@id\":\"https:\\\/\\\/doracocker.eu\\\/prekiu-katalogas\\\/automobiliu-sedyniu-uztiesalai-hamakas-2spalvu\\\/#primaryimage\",\"url\":\"https:\\\/\\\/doracocker.eu\\\/wp-content\\\/uploads\\\/2022\\\/06\\\/Untitled-design-14.jpg\",\"contentUrl\":\"https:\\\/\\\/doracocker.eu\\\/wp-content\\\/uploads\\\/2022\\\/06\\\/Untitled-design-14.jpg\",\"width\":700,\"height\":840,\"caption\":\"Waterproof\"},{\"@type\":\"BreadcrumbList\",\"@id\":\"https:\\\/\\\/doracocker.eu\\\/prekiu-katalogas\\\/automobiliu-sedyniu-uztiesalai-hamakas-2spalvu\\\/#breadcrumb\",\"itemListElement\":[{\"@type\":\"ListItem\",\"position\":1,\"name\":\"Home\",\"item\":\"https:\\\/\\\/doracocker.eu\\\/\"},{\"@type\":\"ListItem\",\"position\":2,\"name\":\"Shop\",\"item\":\"https:\\\/\\\/doracocker.eu\\\/en\\\/shop\\\/\"},{\"@type\":\"ListItem\",\"position\":3,\"name\":\"Hammock Car Seat Cover For Dogs 2 Colors\"}]},{\"@type\":\"WebSite\",\"@id\":\"https:\\\/\\\/doracocker.eu\\\/#website\",\"url\":\"https:\\\/\\\/doracocker.eu\\\/\",\"name\":\"Doracocker\",\"description\":\"Rank\u0173 darbo guoliai \u0161unims ir kat\u0117ms\",\"potentialAction\":[{\"@type\":\"SearchAction\",\"target\":{\"@type\":\"EntryPoint\",\"urlTemplate\":\"https:\\\/\\\/doracocker.eu\\\/?s={search_term_string}\"},\"query-input\":{\"@type\":\"PropertyValueSpecification\",\"valueRequired\":true,\"valueName\":\"search_term_string\"}}],\"inLanguage\":\"en-US\"}]}<\/script>\n<!-- \/ Yoast SEO plugin. -->","yoast_head_json":{"title":"HAMMOCK car seat cover for dogs \/ 2 colors \/ Dora Cocker","description":"Hammock Car Seat Cover For Dogs protect your car's back seat from dirty paws and nails. Featuring a removable cover part to accommodate passenger.","robots":{"index":"index","follow":"follow","max-snippet":"max-snippet:-1","max-image-preview":"max-image-preview:large","max-video-preview":"max-video-preview:-1"},"canonical":"https:\/\/doracocker.eu\/prekiu-katalogas\/automobiliu-sedyniu-uztiesalai-hamakas-2spalvu\/","og_locale":"en_US","og_type":"article","og_title":"HAMMOCK car seat cover for dogs \/ 2 colors \/ Dora Cocker","og_description":"Hammock Car Seat Cover For Dogs protect your car's back seat from dirty paws and nails. Featuring a removable cover part to accommodate passenger.","og_url":"https:\/\/doracocker.eu\/prekiu-katalogas\/automobiliu-sedyniu-uztiesalai-hamakas-2spalvu\/","og_site_name":"Doracocker","article_modified_time":"2025-07-06T15:01:23+00:00","og_image":[{"width":700,"height":840,"url":"https:\/\/doracocker.eu\/wp-content\/uploads\/2022\/06\/Untitled-design-14.jpg","type":"image\/jpeg"}],"twitter_card":"summary_large_image","twitter_misc":{"Est. reading time":"2 minutes"},"schema":{"@context":"https:\/\/schema.org","@graph":[{"@type":"WebPage","@id":"https:\/\/doracocker.eu\/prekiu-katalogas\/automobiliu-sedyniu-uztiesalai-hamakas-2spalvu\/","url":"https:\/\/doracocker.eu\/prekiu-katalogas\/automobiliu-sedyniu-uztiesalai-hamakas-2spalvu\/","name":"HAMMOCK car seat cover for dogs \/ 2 colors \/ Dora Cocker","isPartOf":{"@id":"https:\/\/doracocker.eu\/#website"},"primaryImageOfPage":{"@id":"https:\/\/doracocker.eu\/prekiu-katalogas\/automobiliu-sedyniu-uztiesalai-hamakas-2spalvu\/#primaryimage"},"image":{"@id":"https:\/\/doracocker.eu\/prekiu-katalogas\/automobiliu-sedyniu-uztiesalai-hamakas-2spalvu\/#primaryimage"},"thumbnailUrl":"https:\/\/doracocker.eu\/wp-content\/uploads\/2022\/06\/Untitled-design-14.jpg","datePublished":"2024-04-12T13:52:31+00:00","dateModified":"2025-07-06T15:01:23+00:00","description":"Hammock Car Seat Cover For Dogs protect your car's back seat from dirty paws and nails. Featuring a removable cover part to accommodate passenger.","breadcrumb":{"@id":"https:\/\/doracocker.eu\/prekiu-katalogas\/automobiliu-sedyniu-uztiesalai-hamakas-2spalvu\/#breadcrumb"},"inLanguage":"en-US","potentialAction":[{"@type":"ReadAction","target":["https:\/\/doracocker.eu\/prekiu-katalogas\/automobiliu-sedyniu-uztiesalai-hamakas-2spalvu\/"]}]},{"@type":"ImageObject","inLanguage":"en-US","@id":"https:\/\/doracocker.eu\/prekiu-katalogas\/automobiliu-sedyniu-uztiesalai-hamakas-2spalvu\/#primaryimage","url":"https:\/\/doracocker.eu\/wp-content\/uploads\/2022\/06\/Untitled-design-14.jpg","contentUrl":"https:\/\/doracocker.eu\/wp-content\/uploads\/2022\/06\/Untitled-design-14.jpg","width":700,"height":840,"caption":"Waterproof"},{"@type":"BreadcrumbList","@id":"https:\/\/doracocker.eu\/prekiu-katalogas\/automobiliu-sedyniu-uztiesalai-hamakas-2spalvu\/#breadcrumb","itemListElement":[{"@type":"ListItem","position":1,"name":"Home","item":"https:\/\/doracocker.eu\/"},{"@type":"ListItem","position":2,"name":"Shop","item":"https:\/\/doracocker.eu\/en\/shop\/"},{"@type":"ListItem","position":3,"name":"Hammock Car Seat Cover For Dogs 2 Colors"}]},{"@type":"WebSite","@id":"https:\/\/doracocker.eu\/#website","url":"https:\/\/doracocker.eu\/","name":"Doracocker","description":"Rank\u0173 darbo guoliai \u0161unims ir kat\u0117ms","potentialAction":[{"@type":"SearchAction","target":{"@type":"EntryPoint","urlTemplate":"https:\/\/doracocker.eu\/?s={search_term_string}"},"query-input":{"@type":"PropertyValueSpecification","valueRequired":true,"valueName":"search_term_string"}}],"inLanguage":"en-US"}]}},"_links":{"self":[{"href":"https:\/\/doracocker.eu\/en\/wp-json\/wp\/v2\/product\/36863","targetHints":{"allow":["GET"]}}],"collection":[{"href":"https:\/\/doracocker.eu\/en\/wp-json\/wp\/v2\/product"}],"about":[{"href":"https:\/\/doracocker.eu\/en\/wp-json\/wp\/v2\/types\/product"}],"replies":[{"embeddable":true,"href":"https:\/\/doracocker.eu\/en\/wp-json\/wp\/v2\/comments?post=36863"}],"wp:featuredmedia":[{"embeddable":true,"href":"https:\/\/doracocker.eu\/en\/wp-json\/wp\/v2\/media\/34262"}],"wp:attachment":[{"href":"https:\/\/doracocker.eu\/en\/wp-json\/wp\/v2\/media?parent=36863"}],"wp:term":[{"taxonomy":"product_brand","embeddable":true,"href":"https:\/\/doracocker.eu\/en\/wp-json\/wp\/v2\/product_brand?post=36863"},{"taxonomy":"product_cat","embeddable":true,"href":"https:\/\/doracocker.eu\/en\/wp-json\/wp\/v2\/product_cat?post=36863"},{"taxonomy":"product_tag","embeddable":true,"href":"https:\/\/doracocker.eu\/en\/wp-json\/wp\/v2\/product_tag?post=36863"}],"curies":[{"name":"wp","href":"https:\/\/api.w.org\/{rel}","templated":true}]}}