

{"id":36856,"date":"2024-04-15T19:18:46","date_gmt":"2024-04-15T16:18:46","guid":{"rendered":"https:\/\/doracocker.eu\/prekiu-katalogas\/pet-travel-car-seat-cover-for-small-dogs-4colors\/"},"modified":"2025-06-02T19:21:55","modified_gmt":"2025-06-02T16:21:55","slug":"pet-travel-car-seat-cover-for-dogs-4colors","status":"publish","type":"product","link":"https:\/\/doracocker.eu\/en\/prekiu-katalogas\/pet-travel-car-seat-cover-for-dogs-4colors\/","title":{"rendered":"Pet Travel Car Seat Cover For Small Dogs 4 Colors"},"content":{"rendered":"<h2>Pet Travel Car Seat Cover For Small Dogs 4 Colors<\/h2>\n<p>Pet Travel Car Seat Cover ensure a clean and comfortable ride for both you and your furry friend. Designed to provide ultimate protection against dog hair, wetness, dirt.\u00a0 and scratches, this reversible cover is a must-have accessory for pet owners on the go. Whether you&#8217;re heading to the park or taking a road trip.\u00a0 this versatile cover keeps your car seats clean and your pet cozy.<\/p>\n<p><strong><b>Why Buy This Product?<\/b><\/strong><\/p>\n<ul>\n<li>Provides protection against dog hair, wetness, dirt, and scratches, keeping your car seats clean and pristine<\/li>\n<li>Reversible design for use in both summer and winter, offering cooling and warmth as needed<\/li>\n<li>Universal size suitable for small and medium-sized dogs, perfect for front or rear seats<\/li>\n<li>Convenient to take outdoors and easy to lay out in a guest house or bar, ensuring comfort wherever you go<\/li>\n<\/ul>\n<p><strong><b>More About the Product <\/b>Pet Travel Car Seat Cover<\/strong><\/p>\n<p>Our Car Seat Cover features a reversible design, with one side made of warm upholstery velour for winter use and the other side made of cooling.\u00a0 water-resistant oxford fabric for summer use. The splitters on the sides of the mat allow easy access to passenger buckles, making it compatible with all areas of the car. Additionally, the cover includes a strap with adjustable length for secure attachment and easy transport.<\/p>\n<p><strong><b>Composition and Maintenance:<\/b><\/strong><\/p>\n<ul>\n<li>Side 1: Oxford, waterproof, 100% polyester<\/li>\n<li>Side 2: Warm upholstery velour, dirt-resistant, 100% polyester<\/li>\n<li>Inside: Sinteponleyer, 100% polyester<\/li>\n<li>Machine washable on a light program at 30\u00b0C for easy maintenance<\/li>\n<\/ul>\n<p>&nbsp;<\/p>\n<p>&nbsp;<\/p>\n","protected":false},"excerpt":{"rendered":"<p>Keep your car clean and your small dog comfortable with our Car Seat Cover in selection of 4 beautiful colors. This reversible cover provides protection against dog hair, dirt, and scratches, making it perfect for outings with your furry companion. Suitable for small and medium-sized dogs, it&#8217;s convenient to use and easy to maintain.<\/p>\n<p>When ordering, choose your desired color, then you will see the availability of that color in stock. If available in stock, we will dispatch within 24 hours on business days. If not in stock (shows no quantity), we will manufacture it within 7-10 business days.<\/p>\n","protected":false},"featured_media":33357,"comment_status":"open","ping_status":"closed","template":"","meta":[],"product_brand":[],"product_cat":[431],"product_tag":[458,446,448,447,507,471,493],"class_list":{"0":"post-36856","1":"product","2":"type-product","3":"status-publish","4":"has-post-thumbnail","6":"product_cat-car-covers","7":"product_tag-bearings-for-dogs","8":"product_tag-car","9":"product_tag-car-cover-for-dogs","10":"product_tag-car-seat-cover","11":"product_tag-for-small-dogs","12":"product_tag-mat","13":"product_tag-seats","16":"first","17":"instock","18":"shipping-taxable","19":"purchasable","20":"product-type-variable"},"yoast_head":"<!-- This site is optimized with the Yoast SEO plugin v27.3 - https:\/\/yoast.com\/product\/yoast-seo-wordpress\/ -->\n<title>Pet travel car seat cover for dogs \/4 colors\/ Dora Cocker<\/title>\n<meta name=\"description\" content=\"This Pet travel car seat cover provides protection against dog hair, dirt, and scratches, making it perfect for outings with your furry companion\" \/>\n<meta name=\"robots\" content=\"index, follow, max-snippet:-1, max-image-preview:large, max-video-preview:-1\" \/>\n<link rel=\"canonical\" href=\"https:\/\/doracocker.eu\/en\/prekiu-katalogas\/pet-travel-car-seat-cover-for-dogs-4colors\/\" \/>\n<meta property=\"og:locale\" content=\"en_US\" \/>\n<meta property=\"og:type\" content=\"article\" \/>\n<meta property=\"og:title\" content=\"Pet travel car seat cover for dogs \/4 colors\/ Dora Cocker\" \/>\n<meta property=\"og:description\" content=\"This Pet travel car seat cover provides protection against dog hair, dirt, and scratches, making it perfect for outings with your furry companion\" \/>\n<meta property=\"og:url\" content=\"https:\/\/doracocker.eu\/en\/prekiu-katalogas\/pet-travel-car-seat-cover-for-dogs-4colors\/\" \/>\n<meta property=\"og:site_name\" content=\"Doracocker\" \/>\n<meta property=\"article:modified_time\" content=\"2025-06-02T16:21:55+00:00\" \/>\n<meta property=\"og:image\" content=\"https:\/\/doracocker.eu\/wp-content\/uploads\/2021\/07\/pilkas-masinoj.jpg\" \/>\n\t<meta property=\"og:image:width\" content=\"1000\" \/>\n\t<meta property=\"og:image:height\" content=\"1000\" \/>\n\t<meta property=\"og:image:type\" content=\"image\/jpeg\" \/>\n<meta name=\"twitter:card\" content=\"summary_large_image\" \/>\n<meta name=\"twitter:label1\" content=\"Est. reading time\" \/>\n\t<meta name=\"twitter:data1\" content=\"2 minutes\" \/>\n<script type=\"application\/ld+json\" class=\"yoast-schema-graph\">{\"@context\":\"https:\\\/\\\/schema.org\",\"@graph\":[{\"@type\":\"WebPage\",\"@id\":\"https:\\\/\\\/doracocker.eu\\\/en\\\/prekiu-katalogas\\\/pet-travel-car-seat-cover-for-dogs-4colors\\\/\",\"url\":\"https:\\\/\\\/doracocker.eu\\\/en\\\/prekiu-katalogas\\\/pet-travel-car-seat-cover-for-dogs-4colors\\\/\",\"name\":\"Pet travel car seat cover for dogs \\\/4 colors\\\/ Dora Cocker\",\"isPartOf\":{\"@id\":\"https:\\\/\\\/doracocker.eu\\\/#website\"},\"primaryImageOfPage\":{\"@id\":\"https:\\\/\\\/doracocker.eu\\\/en\\\/prekiu-katalogas\\\/pet-travel-car-seat-cover-for-dogs-4colors\\\/#primaryimage\"},\"image\":{\"@id\":\"https:\\\/\\\/doracocker.eu\\\/en\\\/prekiu-katalogas\\\/pet-travel-car-seat-cover-for-dogs-4colors\\\/#primaryimage\"},\"thumbnailUrl\":\"https:\\\/\\\/doracocker.eu\\\/wp-content\\\/uploads\\\/2021\\\/07\\\/smelinis-masinoj.jpg\",\"datePublished\":\"2024-04-15T16:18:46+00:00\",\"dateModified\":\"2025-06-02T16:21:55+00:00\",\"description\":\"This Pet travel car seat cover provides protection against dog hair, dirt, and scratches, making it perfect for outings with your furry companion\",\"breadcrumb\":{\"@id\":\"https:\\\/\\\/doracocker.eu\\\/en\\\/prekiu-katalogas\\\/pet-travel-car-seat-cover-for-dogs-4colors\\\/#breadcrumb\"},\"inLanguage\":\"en-US\",\"potentialAction\":[{\"@type\":\"ReadAction\",\"target\":[\"https:\\\/\\\/doracocker.eu\\\/en\\\/prekiu-katalogas\\\/pet-travel-car-seat-cover-for-dogs-4colors\\\/\"]}]},{\"@type\":\"ImageObject\",\"inLanguage\":\"en-US\",\"@id\":\"https:\\\/\\\/doracocker.eu\\\/en\\\/prekiu-katalogas\\\/pet-travel-car-seat-cover-for-dogs-4colors\\\/#primaryimage\",\"url\":\"https:\\\/\\\/doracocker.eu\\\/wp-content\\\/uploads\\\/2021\\\/07\\\/smelinis-masinoj.jpg\",\"contentUrl\":\"https:\\\/\\\/doracocker.eu\\\/wp-content\\\/uploads\\\/2021\\\/07\\\/smelinis-masinoj.jpg\",\"width\":1000,\"height\":1000,\"caption\":\"Car protection for dogs\"},{\"@type\":\"BreadcrumbList\",\"@id\":\"https:\\\/\\\/doracocker.eu\\\/en\\\/prekiu-katalogas\\\/pet-travel-car-seat-cover-for-dogs-4colors\\\/#breadcrumb\",\"itemListElement\":[{\"@type\":\"ListItem\",\"position\":1,\"name\":\"Home\",\"item\":\"https:\\\/\\\/doracocker.eu\\\/\"},{\"@type\":\"ListItem\",\"position\":2,\"name\":\"Shop\",\"item\":\"https:\\\/\\\/doracocker.eu\\\/en\\\/shop\\\/\"},{\"@type\":\"ListItem\",\"position\":3,\"name\":\"Pet Travel Car Seat Cover For Small Dogs 4 Colors\"}]},{\"@type\":\"WebSite\",\"@id\":\"https:\\\/\\\/doracocker.eu\\\/#website\",\"url\":\"https:\\\/\\\/doracocker.eu\\\/\",\"name\":\"Doracocker\",\"description\":\"Rank\u0173 darbo guoliai \u0161unims ir kat\u0117ms\",\"potentialAction\":[{\"@type\":\"SearchAction\",\"target\":{\"@type\":\"EntryPoint\",\"urlTemplate\":\"https:\\\/\\\/doracocker.eu\\\/?s={search_term_string}\"},\"query-input\":{\"@type\":\"PropertyValueSpecification\",\"valueRequired\":true,\"valueName\":\"search_term_string\"}}],\"inLanguage\":\"en-US\"}]}<\/script>\n<!-- \/ Yoast SEO plugin. -->","yoast_head_json":{"title":"Pet travel car seat cover for dogs \/4 colors\/ Dora Cocker","description":"This Pet travel car seat cover provides protection against dog hair, dirt, and scratches, making it perfect for outings with your furry companion","robots":{"index":"index","follow":"follow","max-snippet":"max-snippet:-1","max-image-preview":"max-image-preview:large","max-video-preview":"max-video-preview:-1"},"canonical":"https:\/\/doracocker.eu\/en\/prekiu-katalogas\/pet-travel-car-seat-cover-for-dogs-4colors\/","og_locale":"en_US","og_type":"article","og_title":"Pet travel car seat cover for dogs \/4 colors\/ Dora Cocker","og_description":"This Pet travel car seat cover provides protection against dog hair, dirt, and scratches, making it perfect for outings with your furry companion","og_url":"https:\/\/doracocker.eu\/en\/prekiu-katalogas\/pet-travel-car-seat-cover-for-dogs-4colors\/","og_site_name":"Doracocker","article_modified_time":"2025-06-02T16:21:55+00:00","og_image":[{"width":1000,"height":1000,"url":"https:\/\/doracocker.eu\/wp-content\/uploads\/2021\/07\/pilkas-masinoj.jpg","type":"image\/jpeg"}],"twitter_card":"summary_large_image","twitter_misc":{"Est. reading time":"2 minutes"},"schema":{"@context":"https:\/\/schema.org","@graph":[{"@type":"WebPage","@id":"https:\/\/doracocker.eu\/en\/prekiu-katalogas\/pet-travel-car-seat-cover-for-dogs-4colors\/","url":"https:\/\/doracocker.eu\/en\/prekiu-katalogas\/pet-travel-car-seat-cover-for-dogs-4colors\/","name":"Pet travel car seat cover for dogs \/4 colors\/ Dora Cocker","isPartOf":{"@id":"https:\/\/doracocker.eu\/#website"},"primaryImageOfPage":{"@id":"https:\/\/doracocker.eu\/en\/prekiu-katalogas\/pet-travel-car-seat-cover-for-dogs-4colors\/#primaryimage"},"image":{"@id":"https:\/\/doracocker.eu\/en\/prekiu-katalogas\/pet-travel-car-seat-cover-for-dogs-4colors\/#primaryimage"},"thumbnailUrl":"https:\/\/doracocker.eu\/wp-content\/uploads\/2021\/07\/smelinis-masinoj.jpg","datePublished":"2024-04-15T16:18:46+00:00","dateModified":"2025-06-02T16:21:55+00:00","description":"This Pet travel car seat cover provides protection against dog hair, dirt, and scratches, making it perfect for outings with your furry companion","breadcrumb":{"@id":"https:\/\/doracocker.eu\/en\/prekiu-katalogas\/pet-travel-car-seat-cover-for-dogs-4colors\/#breadcrumb"},"inLanguage":"en-US","potentialAction":[{"@type":"ReadAction","target":["https:\/\/doracocker.eu\/en\/prekiu-katalogas\/pet-travel-car-seat-cover-for-dogs-4colors\/"]}]},{"@type":"ImageObject","inLanguage":"en-US","@id":"https:\/\/doracocker.eu\/en\/prekiu-katalogas\/pet-travel-car-seat-cover-for-dogs-4colors\/#primaryimage","url":"https:\/\/doracocker.eu\/wp-content\/uploads\/2021\/07\/smelinis-masinoj.jpg","contentUrl":"https:\/\/doracocker.eu\/wp-content\/uploads\/2021\/07\/smelinis-masinoj.jpg","width":1000,"height":1000,"caption":"Car protection for dogs"},{"@type":"BreadcrumbList","@id":"https:\/\/doracocker.eu\/en\/prekiu-katalogas\/pet-travel-car-seat-cover-for-dogs-4colors\/#breadcrumb","itemListElement":[{"@type":"ListItem","position":1,"name":"Home","item":"https:\/\/doracocker.eu\/"},{"@type":"ListItem","position":2,"name":"Shop","item":"https:\/\/doracocker.eu\/en\/shop\/"},{"@type":"ListItem","position":3,"name":"Pet Travel Car Seat Cover For Small Dogs 4 Colors"}]},{"@type":"WebSite","@id":"https:\/\/doracocker.eu\/#website","url":"https:\/\/doracocker.eu\/","name":"Doracocker","description":"Rank\u0173 darbo guoliai \u0161unims ir kat\u0117ms","potentialAction":[{"@type":"SearchAction","target":{"@type":"EntryPoint","urlTemplate":"https:\/\/doracocker.eu\/?s={search_term_string}"},"query-input":{"@type":"PropertyValueSpecification","valueRequired":true,"valueName":"search_term_string"}}],"inLanguage":"en-US"}]}},"_links":{"self":[{"href":"https:\/\/doracocker.eu\/en\/wp-json\/wp\/v2\/product\/36856","targetHints":{"allow":["GET"]}}],"collection":[{"href":"https:\/\/doracocker.eu\/en\/wp-json\/wp\/v2\/product"}],"about":[{"href":"https:\/\/doracocker.eu\/en\/wp-json\/wp\/v2\/types\/product"}],"replies":[{"embeddable":true,"href":"https:\/\/doracocker.eu\/en\/wp-json\/wp\/v2\/comments?post=36856"}],"wp:featuredmedia":[{"embeddable":true,"href":"https:\/\/doracocker.eu\/en\/wp-json\/wp\/v2\/media\/33357"}],"wp:attachment":[{"href":"https:\/\/doracocker.eu\/en\/wp-json\/wp\/v2\/media?parent=36856"}],"wp:term":[{"taxonomy":"product_brand","embeddable":true,"href":"https:\/\/doracocker.eu\/en\/wp-json\/wp\/v2\/product_brand?post=36856"},{"taxonomy":"product_cat","embeddable":true,"href":"https:\/\/doracocker.eu\/en\/wp-json\/wp\/v2\/product_cat?post=36856"},{"taxonomy":"product_tag","embeddable":true,"href":"https:\/\/doracocker.eu\/en\/wp-json\/wp\/v2\/product_tag?post=36856"}],"curies":[{"name":"wp","href":"https:\/\/api.w.org\/{rel}","templated":true}]}}