

{"id":36753,"date":"2023-11-01T10:23:56","date_gmt":"2023-11-01T08:23:56","guid":{"rendered":"https:\/\/doracocker.eu\/prekiu-katalogas\/dog-cave-bed-7-colors\/"},"modified":"2024-11-20T14:40:59","modified_gmt":"2024-11-20T12:40:59","slug":"dog-cave-bed-7-colors","status":"publish","type":"product","link":"https:\/\/doracocker.eu\/en\/prekiu-katalogas\/dog-cave-bed-7-colors\/","title":{"rendered":"Dog Cave Bed 7 Colors"},"content":{"rendered":"<h2>Dog Cave Bed 7 Colors<\/h2>\n<p>Indulge your beloved pet with the luxurious comfort of our Dog Cave Bed in 7 beautiful colors collection. Specifically designed for short-haired breeds, this cozy cave bed provides the ultimate retreat, keeping your furry friend warm and snug throughout the year. Whether they love snuggling under blankets or curling up for a nap, this bed is their perfect sanctuary.<\/p>\n<p>Handmade with meticulous attention to detail, this calming cave dog bed is crafted from high-quality velour fabric. Not only is it incredibly soft to the touch, but it&#8217;s also durable and resistant to wear from rubbing or friction. Additionally, the fabric is pet friendly, ensuring long-lasting use and easy maintenance.<\/p>\n<p>Our dog cave bed is not only luxurious but also sustainable and reusable. Most materials and parts can be purchased separately on our website, offering added convenience and eco-friendliness. Plus, it&#8217;s fully machine washable on a light program at 30\u00b0C, making cleaning a breeze.<\/p>\n<p>Worried if your pet will love it? Rest assured with our 7-day trial period. If your furry friend doesn&#8217;t take to the bed, you can return it for a refund (shipping costs excluded). We&#8217;re committed to ensuring both you and your pet are completely satisfied with your purchase.<\/p>\n<h3><strong><b>Composition and Maintenance:<\/b><\/strong><\/h3>\n<ul>\n<li>Main Fabric: Furniture velour, 100% polyester &#8211; OEKO-TEX certified, Easy Care, Pets Friendly<\/li>\n<li>Fur: 100% polyester<\/li>\n<li>Inner Pillow: 100% cotton<\/li>\n<li>Pillow Filling: 100% polyester<\/li>\n<li>Easy to care for and fully machine washableon a light program at 30\u00b0C<\/li>\n<\/ul>\n<h4><strong><b>Size Recommendation:<\/b><\/strong><\/h4>\n<ul>\n<li>60 x 60: Toy Terrier, Spitz, Yorkshire Terrier, Toy Poodle, Chihuahua<\/li>\n<li>70 x 70: Greyhound, Dachshund, Jack Russell, Cocker Spaniel, French Bulldog, Pug<\/li>\n<li>85 x 70: Basenji, Corgi, Mini Bull Terrier<\/li>\n<li>100 x 80: Whippet<\/li>\n<li>100 x 100: Two Whippets, Smaller Vizsla<\/li>\n<li>115 x 115: Larger Vizsla, Weimaraner, Lithuanian Hound<\/li>\n<li>125 x 100: Larger Vizsla, Weimaraner, Lithuanian Hound<\/li>\n<\/ul>\n<p>For any additional questions or inquiries, please feel free to contact us at info@doracocker.eu.<\/p>\n","protected":false},"excerpt":{"rendered":"<p>This dog cave bed specifically designed for short-haired breeds, this cozy cave bed provides the ultimate retreat, keeping your furry friend warm and snug throughout the year.<\/p>\n<p>To place an order for us to manufacture your desired dog bed, select the appropriate size and preferred color. More information about this bed, including size recommendations, can be found in the description. Manufacturing time is 7-14 days.<\/p>\n","protected":false},"featured_media":35165,"comment_status":"open","ping_status":"closed","template":"","meta":[],"product_brand":[],"product_cat":[953],"product_tag":[416,458,482,479,704],"class_list":{"0":"post-36753","1":"product","2":"type-product","3":"status-publish","4":"has-post-thumbnail","6":"product_cat-cave-beds","7":"product_tag-bearing","8":"product_tag-bearings-for-dogs","9":"product_tag-dog-bearing","10":"product_tag-dog-bearings","11":"product_tag-handmade-dog-bed","14":"first","15":"onbackorder","16":"featured","17":"shipping-taxable","18":"purchasable","19":"product-type-variable","20":"has-default-attributes"},"yoast_head":"<!-- This site is optimized with the Yoast SEO plugin v27.3 - https:\/\/yoast.com\/product\/yoast-seo-wordpress\/ -->\n<title>Dog CAVE bed, Handmade - 7 Colors \/ Dora Cocker<\/title>\n<meta name=\"description\" content=\"The Dog Cave Bed - perfect for those who love to burrow under blankets, hide away, and sleep snugly. Soft as a cloud, it&#039;s not just for dogs...\" \/>\n<meta name=\"robots\" content=\"index, follow, max-snippet:-1, max-image-preview:large, max-video-preview:-1\" \/>\n<link rel=\"canonical\" href=\"https:\/\/doracocker.eu\/prekiu-katalogas\/suns-guolis-urvas-7-spalvu\/\" \/>\n<meta property=\"og:locale\" content=\"en_US\" \/>\n<meta property=\"og:type\" content=\"article\" \/>\n<meta property=\"og:title\" content=\"Dog CAVE bed, Handmade - 7 Colors \/ Dora Cocker\" \/>\n<meta property=\"og:description\" content=\"The Dog Cave Bed - perfect for those who love to burrow under blankets, hide away, and sleep snugly. Soft as a cloud, it&#039;s not just for dogs...\" \/>\n<meta property=\"og:url\" content=\"https:\/\/doracocker.eu\/prekiu-katalogas\/suns-guolis-urvas-7-spalvu\/\" \/>\n<meta property=\"og:site_name\" content=\"Doracocker\" \/>\n<meta property=\"article:modified_time\" content=\"2024-11-20T12:40:59+00:00\" \/>\n<meta property=\"og:image\" content=\"https:\/\/doracocker.eu\/wp-content\/uploads\/2022\/10\/Ketvirtas-guolis.jpg\" \/>\n\t<meta property=\"og:image:width\" content=\"700\" \/>\n\t<meta property=\"og:image:height\" content=\"700\" \/>\n\t<meta property=\"og:image:type\" content=\"image\/jpeg\" \/>\n<meta name=\"twitter:card\" content=\"summary_large_image\" \/>\n<meta name=\"twitter:label1\" content=\"Est. reading time\" \/>\n\t<meta name=\"twitter:data1\" content=\"2 minutes\" \/>\n<script type=\"application\/ld+json\" class=\"yoast-schema-graph\">{\"@context\":\"https:\\\/\\\/schema.org\",\"@graph\":[{\"@type\":\"WebPage\",\"@id\":\"https:\\\/\\\/doracocker.eu\\\/prekiu-katalogas\\\/suns-guolis-urvas-7-spalvu\\\/\",\"url\":\"https:\\\/\\\/doracocker.eu\\\/prekiu-katalogas\\\/suns-guolis-urvas-7-spalvu\\\/\",\"name\":\"Dog CAVE bed, Handmade - 7 Colors \\\/ Dora Cocker\",\"isPartOf\":{\"@id\":\"https:\\\/\\\/doracocker.eu\\\/#website\"},\"primaryImageOfPage\":{\"@id\":\"https:\\\/\\\/doracocker.eu\\\/prekiu-katalogas\\\/suns-guolis-urvas-7-spalvu\\\/#primaryimage\"},\"image\":{\"@id\":\"https:\\\/\\\/doracocker.eu\\\/prekiu-katalogas\\\/suns-guolis-urvas-7-spalvu\\\/#primaryimage\"},\"thumbnailUrl\":\"https:\\\/\\\/doracocker.eu\\\/wp-content\\\/uploads\\\/2022\\\/10\\\/Ketvirtas-guolis.jpg\",\"datePublished\":\"2023-11-01T08:23:56+00:00\",\"dateModified\":\"2024-11-20T12:40:59+00:00\",\"description\":\"The Dog Cave Bed - perfect for those who love to burrow under blankets, hide away, and sleep snugly. Soft as a cloud, it's not just for dogs...\",\"breadcrumb\":{\"@id\":\"https:\\\/\\\/doracocker.eu\\\/prekiu-katalogas\\\/suns-guolis-urvas-7-spalvu\\\/#breadcrumb\"},\"inLanguage\":\"en-US\",\"potentialAction\":[{\"@type\":\"ReadAction\",\"target\":[\"https:\\\/\\\/doracocker.eu\\\/prekiu-katalogas\\\/suns-guolis-urvas-7-spalvu\\\/\"]}]},{\"@type\":\"ImageObject\",\"inLanguage\":\"en-US\",\"@id\":\"https:\\\/\\\/doracocker.eu\\\/prekiu-katalogas\\\/suns-guolis-urvas-7-spalvu\\\/#primaryimage\",\"url\":\"https:\\\/\\\/doracocker.eu\\\/wp-content\\\/uploads\\\/2022\\\/10\\\/Ketvirtas-guolis.jpg\",\"contentUrl\":\"https:\\\/\\\/doracocker.eu\\\/wp-content\\\/uploads\\\/2022\\\/10\\\/Ketvirtas-guolis.jpg\",\"width\":700,\"height\":700,\"caption\":\"dog bed\"},{\"@type\":\"BreadcrumbList\",\"@id\":\"https:\\\/\\\/doracocker.eu\\\/prekiu-katalogas\\\/suns-guolis-urvas-7-spalvu\\\/#breadcrumb\",\"itemListElement\":[{\"@type\":\"ListItem\",\"position\":1,\"name\":\"Home\",\"item\":\"https:\\\/\\\/doracocker.eu\\\/\"},{\"@type\":\"ListItem\",\"position\":2,\"name\":\"Shop\",\"item\":\"https:\\\/\\\/doracocker.eu\\\/en\\\/shop\\\/\"},{\"@type\":\"ListItem\",\"position\":3,\"name\":\"Dog Cave Bed 7 Colors\"}]},{\"@type\":\"WebSite\",\"@id\":\"https:\\\/\\\/doracocker.eu\\\/#website\",\"url\":\"https:\\\/\\\/doracocker.eu\\\/\",\"name\":\"Doracocker\",\"description\":\"Rank\u0173 darbo guoliai \u0161unims ir kat\u0117ms\",\"potentialAction\":[{\"@type\":\"SearchAction\",\"target\":{\"@type\":\"EntryPoint\",\"urlTemplate\":\"https:\\\/\\\/doracocker.eu\\\/?s={search_term_string}\"},\"query-input\":{\"@type\":\"PropertyValueSpecification\",\"valueRequired\":true,\"valueName\":\"search_term_string\"}}],\"inLanguage\":\"en-US\"}]}<\/script>\n<!-- \/ Yoast SEO plugin. -->","yoast_head_json":{"title":"Dog CAVE bed, Handmade - 7 Colors \/ Dora Cocker","description":"The Dog Cave Bed - perfect for those who love to burrow under blankets, hide away, and sleep snugly. Soft as a cloud, it's not just for dogs...","robots":{"index":"index","follow":"follow","max-snippet":"max-snippet:-1","max-image-preview":"max-image-preview:large","max-video-preview":"max-video-preview:-1"},"canonical":"https:\/\/doracocker.eu\/prekiu-katalogas\/suns-guolis-urvas-7-spalvu\/","og_locale":"en_US","og_type":"article","og_title":"Dog CAVE bed, Handmade - 7 Colors \/ Dora Cocker","og_description":"The Dog Cave Bed - perfect for those who love to burrow under blankets, hide away, and sleep snugly. Soft as a cloud, it's not just for dogs...","og_url":"https:\/\/doracocker.eu\/prekiu-katalogas\/suns-guolis-urvas-7-spalvu\/","og_site_name":"Doracocker","article_modified_time":"2024-11-20T12:40:59+00:00","og_image":[{"width":700,"height":700,"url":"https:\/\/doracocker.eu\/wp-content\/uploads\/2022\/10\/Ketvirtas-guolis.jpg","type":"image\/jpeg"}],"twitter_card":"summary_large_image","twitter_misc":{"Est. reading time":"2 minutes"},"schema":{"@context":"https:\/\/schema.org","@graph":[{"@type":"WebPage","@id":"https:\/\/doracocker.eu\/prekiu-katalogas\/suns-guolis-urvas-7-spalvu\/","url":"https:\/\/doracocker.eu\/prekiu-katalogas\/suns-guolis-urvas-7-spalvu\/","name":"Dog CAVE bed, Handmade - 7 Colors \/ Dora Cocker","isPartOf":{"@id":"https:\/\/doracocker.eu\/#website"},"primaryImageOfPage":{"@id":"https:\/\/doracocker.eu\/prekiu-katalogas\/suns-guolis-urvas-7-spalvu\/#primaryimage"},"image":{"@id":"https:\/\/doracocker.eu\/prekiu-katalogas\/suns-guolis-urvas-7-spalvu\/#primaryimage"},"thumbnailUrl":"https:\/\/doracocker.eu\/wp-content\/uploads\/2022\/10\/Ketvirtas-guolis.jpg","datePublished":"2023-11-01T08:23:56+00:00","dateModified":"2024-11-20T12:40:59+00:00","description":"The Dog Cave Bed - perfect for those who love to burrow under blankets, hide away, and sleep snugly. Soft as a cloud, it's not just for dogs...","breadcrumb":{"@id":"https:\/\/doracocker.eu\/prekiu-katalogas\/suns-guolis-urvas-7-spalvu\/#breadcrumb"},"inLanguage":"en-US","potentialAction":[{"@type":"ReadAction","target":["https:\/\/doracocker.eu\/prekiu-katalogas\/suns-guolis-urvas-7-spalvu\/"]}]},{"@type":"ImageObject","inLanguage":"en-US","@id":"https:\/\/doracocker.eu\/prekiu-katalogas\/suns-guolis-urvas-7-spalvu\/#primaryimage","url":"https:\/\/doracocker.eu\/wp-content\/uploads\/2022\/10\/Ketvirtas-guolis.jpg","contentUrl":"https:\/\/doracocker.eu\/wp-content\/uploads\/2022\/10\/Ketvirtas-guolis.jpg","width":700,"height":700,"caption":"dog bed"},{"@type":"BreadcrumbList","@id":"https:\/\/doracocker.eu\/prekiu-katalogas\/suns-guolis-urvas-7-spalvu\/#breadcrumb","itemListElement":[{"@type":"ListItem","position":1,"name":"Home","item":"https:\/\/doracocker.eu\/"},{"@type":"ListItem","position":2,"name":"Shop","item":"https:\/\/doracocker.eu\/en\/shop\/"},{"@type":"ListItem","position":3,"name":"Dog Cave Bed 7 Colors"}]},{"@type":"WebSite","@id":"https:\/\/doracocker.eu\/#website","url":"https:\/\/doracocker.eu\/","name":"Doracocker","description":"Rank\u0173 darbo guoliai \u0161unims ir kat\u0117ms","potentialAction":[{"@type":"SearchAction","target":{"@type":"EntryPoint","urlTemplate":"https:\/\/doracocker.eu\/?s={search_term_string}"},"query-input":{"@type":"PropertyValueSpecification","valueRequired":true,"valueName":"search_term_string"}}],"inLanguage":"en-US"}]}},"_links":{"self":[{"href":"https:\/\/doracocker.eu\/en\/wp-json\/wp\/v2\/product\/36753","targetHints":{"allow":["GET"]}}],"collection":[{"href":"https:\/\/doracocker.eu\/en\/wp-json\/wp\/v2\/product"}],"about":[{"href":"https:\/\/doracocker.eu\/en\/wp-json\/wp\/v2\/types\/product"}],"replies":[{"embeddable":true,"href":"https:\/\/doracocker.eu\/en\/wp-json\/wp\/v2\/comments?post=36753"}],"wp:featuredmedia":[{"embeddable":true,"href":"https:\/\/doracocker.eu\/en\/wp-json\/wp\/v2\/media\/35165"}],"wp:attachment":[{"href":"https:\/\/doracocker.eu\/en\/wp-json\/wp\/v2\/media?parent=36753"}],"wp:term":[{"taxonomy":"product_brand","embeddable":true,"href":"https:\/\/doracocker.eu\/en\/wp-json\/wp\/v2\/product_brand?post=36753"},{"taxonomy":"product_cat","embeddable":true,"href":"https:\/\/doracocker.eu\/en\/wp-json\/wp\/v2\/product_cat?post=36753"},{"taxonomy":"product_tag","embeddable":true,"href":"https:\/\/doracocker.eu\/en\/wp-json\/wp\/v2\/product_tag?post=36753"}],"curies":[{"name":"wp","href":"https:\/\/api.w.org\/{rel}","templated":true}]}}