

{"id":35581,"date":"2023-08-21T18:56:08","date_gmt":"2023-08-21T15:56:08","guid":{"rendered":"https:\/\/doracocker.eu\/?post_type=product&#038;p=35581"},"modified":"2025-06-03T11:23:11","modified_gmt":"2025-06-03T08:23:11","slug":"dog-cave-bed-extra-cover","status":"publish","type":"product","link":"https:\/\/doracocker.eu\/en\/prekiu-katalogas\/dog-cave-bed-extra-cover\/","title":{"rendered":"Dog Cave Bed Extra cover with Merino Wool"},"content":{"rendered":"<p>After payment, we will produce within 1-2 weeks.<\/p>\n<p>Please choose the same size as your cave.<\/p>\n<p>You can choose the colour you want.<\/p>\n<p>Main fabric: soft upholstery velour 100% polyester<\/p>\n<p>Fur: 100% polyester<\/p>\n<p>&nbsp;<\/p>\n<p>&nbsp;<\/p>\n","protected":false},"excerpt":{"rendered":"<p>You can replace the crate liner if it&#8217;s been crushed by a dog, or have a replacement for when you do the laundry.<\/p>\n<p>Please choose the same size as your curent cave bed.<\/p>\n<p>You can choose the colour you want.<\/p>\n<p>After payment, we will produce within 7-10 days.<\/p>\n","protected":false},"featured_media":35602,"comment_status":"open","ping_status":"closed","template":"","meta":[],"product_brand":[],"product_cat":[439],"product_tag":[458,479],"class_list":{"0":"post-35581","1":"product","2":"type-product","3":"status-publish","4":"has-post-thumbnail","6":"product_cat-accessories-en","7":"product_tag-bearings-for-dogs","8":"product_tag-dog-bearings","11":"first","12":"instock","13":"featured","14":"shipping-taxable","15":"purchasable","16":"product-type-variable"},"yoast_head":"<!-- This site is optimized with the Yoast SEO plugin v27.3 - https:\/\/yoast.com\/product\/yoast-seo-wordpress\/ -->\n<title>Dog Cave Bed Extra cover with Merino Wool - Doracocker<\/title>\n<meta name=\"description\" content=\"Dog cave bed extra cover so much usefull when you washing dogs bed. No need to wait until the bed gets dry, just put on the extra cover.\" \/>\n<meta name=\"robots\" content=\"index, follow, max-snippet:-1, max-image-preview:large, max-video-preview:-1\" \/>\n<link rel=\"canonical\" href=\"https:\/\/doracocker.eu\/en\/prekiu-katalogas\/dog-cave-bed-extra-cover\/\" \/>\n<meta property=\"og:locale\" content=\"en_US\" \/>\n<meta property=\"og:type\" content=\"article\" \/>\n<meta property=\"og:title\" content=\"Dog Cave Bed Extra cover with Merino Wool - Doracocker\" \/>\n<meta property=\"og:description\" content=\"Dog cave bed extra cover so much usefull when you washing dogs bed. No need to wait until the bed gets dry, just put on the extra cover.\" \/>\n<meta property=\"og:url\" content=\"https:\/\/doracocker.eu\/en\/prekiu-katalogas\/dog-cave-bed-extra-cover\/\" \/>\n<meta property=\"og:site_name\" content=\"Doracocker\" \/>\n<meta property=\"article:modified_time\" content=\"2025-06-03T08:23:11+00:00\" \/>\n<meta property=\"og:image\" content=\"https:\/\/doracocker.eu\/wp-content\/uploads\/2023\/08\/tinyed-pilkas.jpg\" \/>\n\t<meta property=\"og:image:width\" content=\"700\" \/>\n\t<meta property=\"og:image:height\" content=\"700\" \/>\n\t<meta property=\"og:image:type\" content=\"image\/jpeg\" \/>\n<meta name=\"twitter:card\" content=\"summary_large_image\" \/>\n<meta name=\"twitter:label1\" content=\"Est. reading time\" \/>\n\t<meta name=\"twitter:data1\" content=\"1 minute\" \/>\n<script type=\"application\/ld+json\" class=\"yoast-schema-graph\">{\"@context\":\"https:\\\/\\\/schema.org\",\"@graph\":[{\"@type\":\"WebPage\",\"@id\":\"https:\\\/\\\/doracocker.eu\\\/en\\\/prekiu-katalogas\\\/dog-cave-bed-extra-cover\\\/\",\"url\":\"https:\\\/\\\/doracocker.eu\\\/en\\\/prekiu-katalogas\\\/dog-cave-bed-extra-cover\\\/\",\"name\":\"Dog Cave Bed Extra cover with Merino Wool - Doracocker\",\"isPartOf\":{\"@id\":\"https:\\\/\\\/doracocker.eu\\\/#website\"},\"primaryImageOfPage\":{\"@id\":\"https:\\\/\\\/doracocker.eu\\\/en\\\/prekiu-katalogas\\\/dog-cave-bed-extra-cover\\\/#primaryimage\"},\"image\":{\"@id\":\"https:\\\/\\\/doracocker.eu\\\/en\\\/prekiu-katalogas\\\/dog-cave-bed-extra-cover\\\/#primaryimage\"},\"thumbnailUrl\":\"https:\\\/\\\/doracocker.eu\\\/wp-content\\\/uploads\\\/2023\\\/08\\\/tinyed.jpg\",\"datePublished\":\"2023-08-21T15:56:08+00:00\",\"dateModified\":\"2025-06-03T08:23:11+00:00\",\"description\":\"Dog cave bed extra cover so much usefull when you washing dogs bed. No need to wait until the bed gets dry, just put on the extra cover.\",\"breadcrumb\":{\"@id\":\"https:\\\/\\\/doracocker.eu\\\/en\\\/prekiu-katalogas\\\/dog-cave-bed-extra-cover\\\/#breadcrumb\"},\"inLanguage\":\"en-US\",\"potentialAction\":[{\"@type\":\"ReadAction\",\"target\":[\"https:\\\/\\\/doracocker.eu\\\/en\\\/prekiu-katalogas\\\/dog-cave-bed-extra-cover\\\/\"]}]},{\"@type\":\"ImageObject\",\"inLanguage\":\"en-US\",\"@id\":\"https:\\\/\\\/doracocker.eu\\\/en\\\/prekiu-katalogas\\\/dog-cave-bed-extra-cover\\\/#primaryimage\",\"url\":\"https:\\\/\\\/doracocker.eu\\\/wp-content\\\/uploads\\\/2023\\\/08\\\/tinyed.jpg\",\"contentUrl\":\"https:\\\/\\\/doracocker.eu\\\/wp-content\\\/uploads\\\/2023\\\/08\\\/tinyed.jpg\",\"width\":700,\"height\":700,\"caption\":\"suns guolio \\\"Urvas\\\" u\u017evalkalas\"},{\"@type\":\"BreadcrumbList\",\"@id\":\"https:\\\/\\\/doracocker.eu\\\/en\\\/prekiu-katalogas\\\/dog-cave-bed-extra-cover\\\/#breadcrumb\",\"itemListElement\":[{\"@type\":\"ListItem\",\"position\":1,\"name\":\"Home\",\"item\":\"https:\\\/\\\/doracocker.eu\\\/\"},{\"@type\":\"ListItem\",\"position\":2,\"name\":\"Shop\",\"item\":\"https:\\\/\\\/doracocker.eu\\\/en\\\/shop\\\/\"},{\"@type\":\"ListItem\",\"position\":3,\"name\":\"Dog Cave Bed Extra cover with Merino Wool\"}]},{\"@type\":\"WebSite\",\"@id\":\"https:\\\/\\\/doracocker.eu\\\/#website\",\"url\":\"https:\\\/\\\/doracocker.eu\\\/\",\"name\":\"Doracocker\",\"description\":\"Rank\u0173 darbo guoliai \u0161unims ir kat\u0117ms\",\"potentialAction\":[{\"@type\":\"SearchAction\",\"target\":{\"@type\":\"EntryPoint\",\"urlTemplate\":\"https:\\\/\\\/doracocker.eu\\\/?s={search_term_string}\"},\"query-input\":{\"@type\":\"PropertyValueSpecification\",\"valueRequired\":true,\"valueName\":\"search_term_string\"}}],\"inLanguage\":\"en-US\"}]}<\/script>\n<!-- \/ Yoast SEO plugin. -->","yoast_head_json":{"title":"Dog Cave Bed Extra cover with Merino Wool - Doracocker","description":"Dog cave bed extra cover so much usefull when you washing dogs bed. No need to wait until the bed gets dry, just put on the extra cover.","robots":{"index":"index","follow":"follow","max-snippet":"max-snippet:-1","max-image-preview":"max-image-preview:large","max-video-preview":"max-video-preview:-1"},"canonical":"https:\/\/doracocker.eu\/en\/prekiu-katalogas\/dog-cave-bed-extra-cover\/","og_locale":"en_US","og_type":"article","og_title":"Dog Cave Bed Extra cover with Merino Wool - Doracocker","og_description":"Dog cave bed extra cover so much usefull when you washing dogs bed. No need to wait until the bed gets dry, just put on the extra cover.","og_url":"https:\/\/doracocker.eu\/en\/prekiu-katalogas\/dog-cave-bed-extra-cover\/","og_site_name":"Doracocker","article_modified_time":"2025-06-03T08:23:11+00:00","og_image":[{"width":700,"height":700,"url":"https:\/\/doracocker.eu\/wp-content\/uploads\/2023\/08\/tinyed-pilkas.jpg","type":"image\/jpeg"}],"twitter_card":"summary_large_image","twitter_misc":{"Est. reading time":"1 minute"},"schema":{"@context":"https:\/\/schema.org","@graph":[{"@type":"WebPage","@id":"https:\/\/doracocker.eu\/en\/prekiu-katalogas\/dog-cave-bed-extra-cover\/","url":"https:\/\/doracocker.eu\/en\/prekiu-katalogas\/dog-cave-bed-extra-cover\/","name":"Dog Cave Bed Extra cover with Merino Wool - Doracocker","isPartOf":{"@id":"https:\/\/doracocker.eu\/#website"},"primaryImageOfPage":{"@id":"https:\/\/doracocker.eu\/en\/prekiu-katalogas\/dog-cave-bed-extra-cover\/#primaryimage"},"image":{"@id":"https:\/\/doracocker.eu\/en\/prekiu-katalogas\/dog-cave-bed-extra-cover\/#primaryimage"},"thumbnailUrl":"https:\/\/doracocker.eu\/wp-content\/uploads\/2023\/08\/tinyed.jpg","datePublished":"2023-08-21T15:56:08+00:00","dateModified":"2025-06-03T08:23:11+00:00","description":"Dog cave bed extra cover so much usefull when you washing dogs bed. No need to wait until the bed gets dry, just put on the extra cover.","breadcrumb":{"@id":"https:\/\/doracocker.eu\/en\/prekiu-katalogas\/dog-cave-bed-extra-cover\/#breadcrumb"},"inLanguage":"en-US","potentialAction":[{"@type":"ReadAction","target":["https:\/\/doracocker.eu\/en\/prekiu-katalogas\/dog-cave-bed-extra-cover\/"]}]},{"@type":"ImageObject","inLanguage":"en-US","@id":"https:\/\/doracocker.eu\/en\/prekiu-katalogas\/dog-cave-bed-extra-cover\/#primaryimage","url":"https:\/\/doracocker.eu\/wp-content\/uploads\/2023\/08\/tinyed.jpg","contentUrl":"https:\/\/doracocker.eu\/wp-content\/uploads\/2023\/08\/tinyed.jpg","width":700,"height":700,"caption":"suns guolio \"Urvas\" u\u017evalkalas"},{"@type":"BreadcrumbList","@id":"https:\/\/doracocker.eu\/en\/prekiu-katalogas\/dog-cave-bed-extra-cover\/#breadcrumb","itemListElement":[{"@type":"ListItem","position":1,"name":"Home","item":"https:\/\/doracocker.eu\/"},{"@type":"ListItem","position":2,"name":"Shop","item":"https:\/\/doracocker.eu\/en\/shop\/"},{"@type":"ListItem","position":3,"name":"Dog Cave Bed Extra cover with Merino Wool"}]},{"@type":"WebSite","@id":"https:\/\/doracocker.eu\/#website","url":"https:\/\/doracocker.eu\/","name":"Doracocker","description":"Rank\u0173 darbo guoliai \u0161unims ir kat\u0117ms","potentialAction":[{"@type":"SearchAction","target":{"@type":"EntryPoint","urlTemplate":"https:\/\/doracocker.eu\/?s={search_term_string}"},"query-input":{"@type":"PropertyValueSpecification","valueRequired":true,"valueName":"search_term_string"}}],"inLanguage":"en-US"}]}},"_links":{"self":[{"href":"https:\/\/doracocker.eu\/en\/wp-json\/wp\/v2\/product\/35581","targetHints":{"allow":["GET"]}}],"collection":[{"href":"https:\/\/doracocker.eu\/en\/wp-json\/wp\/v2\/product"}],"about":[{"href":"https:\/\/doracocker.eu\/en\/wp-json\/wp\/v2\/types\/product"}],"replies":[{"embeddable":true,"href":"https:\/\/doracocker.eu\/en\/wp-json\/wp\/v2\/comments?post=35581"}],"wp:featuredmedia":[{"embeddable":true,"href":"https:\/\/doracocker.eu\/en\/wp-json\/wp\/v2\/media\/35602"}],"wp:attachment":[{"href":"https:\/\/doracocker.eu\/en\/wp-json\/wp\/v2\/media?parent=35581"}],"wp:term":[{"taxonomy":"product_brand","embeddable":true,"href":"https:\/\/doracocker.eu\/en\/wp-json\/wp\/v2\/product_brand?post=35581"},{"taxonomy":"product_cat","embeddable":true,"href":"https:\/\/doracocker.eu\/en\/wp-json\/wp\/v2\/product_cat?post=35581"},{"taxonomy":"product_tag","embeddable":true,"href":"https:\/\/doracocker.eu\/en\/wp-json\/wp\/v2\/product_tag?post=35581"}],"curies":[{"name":"wp","href":"https:\/\/api.w.org\/{rel}","templated":true}]}}