

{"id":33958,"date":"2021-05-25T18:26:09","date_gmt":"2021-05-25T15:26:09","guid":{"rendered":"https:\/\/doracocker.eu\/prekiu-katalogas\/fluff-refill-for-urvui\/"},"modified":"2021-05-25T18:26:09","modified_gmt":"2021-05-25T15:26:09","slug":"fluff-refill-for-urvui","status":"publish","type":"product","link":"https:\/\/doracocker.eu\/en\/prekiu-katalogas\/fluff-refill-for-urvui\/","title":{"rendered":"Fluff refill for Urvui"},"content":{"rendered":"<p>The amount of fluff required varies according to the size of the cave. To avoid having to think about how many grams you need, simply choose the size of the cave you have.<\/p>\n<p>After payment, we will dispatch within 1-2 working days.<\/p>\n","protected":false},"excerpt":{"rendered":"<p>It is normal for the Urvo cushion to sag over time. You can always replenish it.<\/p>\n","protected":false},"featured_media":33133,"comment_status":"closed","ping_status":"closed","template":"","meta":[],"product_brand":[],"product_cat":[439],"product_tag":[],"class_list":{"0":"post-33958","1":"product","2":"type-product","3":"status-publish","4":"has-post-thumbnail","6":"product_cat-accessories-en","9":"first","10":"instock","11":"shipping-taxable","12":"purchasable","13":"product-type-variable"},"yoast_head":"<!-- This site is optimized with the Yoast SEO plugin v27.4 - https:\/\/yoast.com\/product\/yoast-seo-wordpress\/ -->\n<title>Fluff refill for Urvui - Doracocker<\/title>\n<meta name=\"robots\" content=\"index, follow, max-snippet:-1, max-image-preview:large, max-video-preview:-1\" \/>\n<link rel=\"canonical\" href=\"https:\/\/doracocker.eu\/en\/prekiu-katalogas\/fluff-refill-for-urvui\/\" \/>\n<meta property=\"og:locale\" content=\"en_US\" \/>\n<meta property=\"og:type\" content=\"article\" \/>\n<meta property=\"og:title\" content=\"Fluff refill for Urvui - Doracocker\" \/>\n<meta property=\"og:description\" content=\"It is normal for the Urvo cushion to sag over time. You can always replenish it.\" \/>\n<meta property=\"og:url\" content=\"https:\/\/doracocker.eu\/en\/prekiu-katalogas\/fluff-refill-for-urvui\/\" \/>\n<meta property=\"og:site_name\" content=\"Doracocker\" \/>\n<meta property=\"og:image\" content=\"https:\/\/doracocker.eu\/wp-content\/uploads\/2021\/05\/pukai1.jpg\" \/>\n\t<meta property=\"og:image:width\" content=\"750\" \/>\n\t<meta property=\"og:image:height\" content=\"750\" \/>\n\t<meta property=\"og:image:type\" content=\"image\/jpeg\" \/>\n<meta name=\"twitter:card\" content=\"summary_large_image\" \/>\n<script type=\"application\/ld+json\" class=\"yoast-schema-graph\">{\"@context\":\"https:\\\/\\\/schema.org\",\"@graph\":[{\"@type\":\"WebPage\",\"@id\":\"https:\\\/\\\/doracocker.eu\\\/en\\\/prekiu-katalogas\\\/fluff-refill-for-urvui\\\/\",\"url\":\"https:\\\/\\\/doracocker.eu\\\/en\\\/prekiu-katalogas\\\/fluff-refill-for-urvui\\\/\",\"name\":\"Fluff refill for Urvui - Doracocker\",\"isPartOf\":{\"@id\":\"https:\\\/\\\/doracocker.eu\\\/#website\"},\"primaryImageOfPage\":{\"@id\":\"https:\\\/\\\/doracocker.eu\\\/en\\\/prekiu-katalogas\\\/fluff-refill-for-urvui\\\/#primaryimage\"},\"image\":{\"@id\":\"https:\\\/\\\/doracocker.eu\\\/en\\\/prekiu-katalogas\\\/fluff-refill-for-urvui\\\/#primaryimage\"},\"thumbnailUrl\":\"https:\\\/\\\/doracocker.eu\\\/wp-content\\\/uploads\\\/2021\\\/05\\\/pukai1.jpg\",\"datePublished\":\"2021-05-25T15:26:09+00:00\",\"breadcrumb\":{\"@id\":\"https:\\\/\\\/doracocker.eu\\\/en\\\/prekiu-katalogas\\\/fluff-refill-for-urvui\\\/#breadcrumb\"},\"inLanguage\":\"en-US\",\"potentialAction\":[{\"@type\":\"ReadAction\",\"target\":[\"https:\\\/\\\/doracocker.eu\\\/en\\\/prekiu-katalogas\\\/fluff-refill-for-urvui\\\/\"]}]},{\"@type\":\"ImageObject\",\"inLanguage\":\"en-US\",\"@id\":\"https:\\\/\\\/doracocker.eu\\\/en\\\/prekiu-katalogas\\\/fluff-refill-for-urvui\\\/#primaryimage\",\"url\":\"https:\\\/\\\/doracocker.eu\\\/wp-content\\\/uploads\\\/2021\\\/05\\\/pukai1.jpg\",\"contentUrl\":\"https:\\\/\\\/doracocker.eu\\\/wp-content\\\/uploads\\\/2021\\\/05\\\/pukai1.jpg\",\"width\":750,\"height\":750},{\"@type\":\"BreadcrumbList\",\"@id\":\"https:\\\/\\\/doracocker.eu\\\/en\\\/prekiu-katalogas\\\/fluff-refill-for-urvui\\\/#breadcrumb\",\"itemListElement\":[{\"@type\":\"ListItem\",\"position\":1,\"name\":\"Home\",\"item\":\"https:\\\/\\\/doracocker.eu\\\/\"},{\"@type\":\"ListItem\",\"position\":2,\"name\":\"Shop\",\"item\":\"https:\\\/\\\/doracocker.eu\\\/en\\\/shop\\\/\"},{\"@type\":\"ListItem\",\"position\":3,\"name\":\"Fluff refill for Urvui\"}]},{\"@type\":\"WebSite\",\"@id\":\"https:\\\/\\\/doracocker.eu\\\/#website\",\"url\":\"https:\\\/\\\/doracocker.eu\\\/\",\"name\":\"Doracocker\",\"description\":\"Rank\u0173 darbo guoliai \u0161unims ir kat\u0117ms\",\"potentialAction\":[{\"@type\":\"SearchAction\",\"target\":{\"@type\":\"EntryPoint\",\"urlTemplate\":\"https:\\\/\\\/doracocker.eu\\\/?s={search_term_string}\"},\"query-input\":{\"@type\":\"PropertyValueSpecification\",\"valueRequired\":true,\"valueName\":\"search_term_string\"}}],\"inLanguage\":\"en-US\"}]}<\/script>\n<!-- \/ Yoast SEO plugin. -->","yoast_head_json":{"title":"Fluff refill for Urvui - Doracocker","robots":{"index":"index","follow":"follow","max-snippet":"max-snippet:-1","max-image-preview":"max-image-preview:large","max-video-preview":"max-video-preview:-1"},"canonical":"https:\/\/doracocker.eu\/en\/prekiu-katalogas\/fluff-refill-for-urvui\/","og_locale":"en_US","og_type":"article","og_title":"Fluff refill for Urvui - Doracocker","og_description":"It is normal for the Urvo cushion to sag over time. You can always replenish it.","og_url":"https:\/\/doracocker.eu\/en\/prekiu-katalogas\/fluff-refill-for-urvui\/","og_site_name":"Doracocker","og_image":[{"width":750,"height":750,"url":"https:\/\/doracocker.eu\/wp-content\/uploads\/2021\/05\/pukai1.jpg","type":"image\/jpeg"}],"twitter_card":"summary_large_image","schema":{"@context":"https:\/\/schema.org","@graph":[{"@type":"WebPage","@id":"https:\/\/doracocker.eu\/en\/prekiu-katalogas\/fluff-refill-for-urvui\/","url":"https:\/\/doracocker.eu\/en\/prekiu-katalogas\/fluff-refill-for-urvui\/","name":"Fluff refill for Urvui - Doracocker","isPartOf":{"@id":"https:\/\/doracocker.eu\/#website"},"primaryImageOfPage":{"@id":"https:\/\/doracocker.eu\/en\/prekiu-katalogas\/fluff-refill-for-urvui\/#primaryimage"},"image":{"@id":"https:\/\/doracocker.eu\/en\/prekiu-katalogas\/fluff-refill-for-urvui\/#primaryimage"},"thumbnailUrl":"https:\/\/doracocker.eu\/wp-content\/uploads\/2021\/05\/pukai1.jpg","datePublished":"2021-05-25T15:26:09+00:00","breadcrumb":{"@id":"https:\/\/doracocker.eu\/en\/prekiu-katalogas\/fluff-refill-for-urvui\/#breadcrumb"},"inLanguage":"en-US","potentialAction":[{"@type":"ReadAction","target":["https:\/\/doracocker.eu\/en\/prekiu-katalogas\/fluff-refill-for-urvui\/"]}]},{"@type":"ImageObject","inLanguage":"en-US","@id":"https:\/\/doracocker.eu\/en\/prekiu-katalogas\/fluff-refill-for-urvui\/#primaryimage","url":"https:\/\/doracocker.eu\/wp-content\/uploads\/2021\/05\/pukai1.jpg","contentUrl":"https:\/\/doracocker.eu\/wp-content\/uploads\/2021\/05\/pukai1.jpg","width":750,"height":750},{"@type":"BreadcrumbList","@id":"https:\/\/doracocker.eu\/en\/prekiu-katalogas\/fluff-refill-for-urvui\/#breadcrumb","itemListElement":[{"@type":"ListItem","position":1,"name":"Home","item":"https:\/\/doracocker.eu\/"},{"@type":"ListItem","position":2,"name":"Shop","item":"https:\/\/doracocker.eu\/en\/shop\/"},{"@type":"ListItem","position":3,"name":"Fluff refill for Urvui"}]},{"@type":"WebSite","@id":"https:\/\/doracocker.eu\/#website","url":"https:\/\/doracocker.eu\/","name":"Doracocker","description":"Rank\u0173 darbo guoliai \u0161unims ir kat\u0117ms","potentialAction":[{"@type":"SearchAction","target":{"@type":"EntryPoint","urlTemplate":"https:\/\/doracocker.eu\/?s={search_term_string}"},"query-input":{"@type":"PropertyValueSpecification","valueRequired":true,"valueName":"search_term_string"}}],"inLanguage":"en-US"}]}},"_links":{"self":[{"href":"https:\/\/doracocker.eu\/en\/wp-json\/wp\/v2\/product\/33958","targetHints":{"allow":["GET"]}}],"collection":[{"href":"https:\/\/doracocker.eu\/en\/wp-json\/wp\/v2\/product"}],"about":[{"href":"https:\/\/doracocker.eu\/en\/wp-json\/wp\/v2\/types\/product"}],"replies":[{"embeddable":true,"href":"https:\/\/doracocker.eu\/en\/wp-json\/wp\/v2\/comments?post=33958"}],"wp:featuredmedia":[{"embeddable":true,"href":"https:\/\/doracocker.eu\/en\/wp-json\/wp\/v2\/media\/33133"}],"wp:attachment":[{"href":"https:\/\/doracocker.eu\/en\/wp-json\/wp\/v2\/media?parent=33958"}],"wp:term":[{"taxonomy":"product_brand","embeddable":true,"href":"https:\/\/doracocker.eu\/en\/wp-json\/wp\/v2\/product_brand?post=33958"},{"taxonomy":"product_cat","embeddable":true,"href":"https:\/\/doracocker.eu\/en\/wp-json\/wp\/v2\/product_cat?post=33958"},{"taxonomy":"product_tag","embeddable":true,"href":"https:\/\/doracocker.eu\/en\/wp-json\/wp\/v2\/product_tag?post=33958"}],"curies":[{"name":"wp","href":"https:\/\/api.w.org\/{rel}","templated":true}]}}