

{"id":33855,"date":"2022-02-09T00:01:13","date_gmt":"2022-02-08T22:01:13","guid":{"rendered":"https:\/\/doracocker.eu\/prekiu-katalogas\/dog-crate-bedding\/"},"modified":"2024-04-23T20:17:56","modified_gmt":"2024-04-23T17:17:56","slug":"dog-crate-bedding","status":"publish","type":"product","link":"https:\/\/doracocker.eu\/en\/prekiu-katalogas\/dog-crate-bedding\/","title":{"rendered":"Dog cage bedding"},"content":{"rendered":"<h2>Dog cage bedding<\/h2>\n<p>These are handmade dog beds sewn uniquely for you to order. It&#8217;s no secret that dogs love their beds and soft cushions. That&#8217;s why every four-legged dog will love these.<\/p>\n<p>There is a wide variety of cage sizes and the dimensions vary. Therefore, when you order the bedding, we will send it according to the dimensions of the cage you have. And I will choose the price according to the closest available size in the price list.<\/p>\n<p>For a perfect integration of the bedding, it will be necessary to measure the existing cage. I will then prepare a drawing and send it to you for approval.<\/p>\n<p>Dora Cocker is very familiar with the problem of feeding, so we will suggest the fabrics and colours of the cage bedding according to your pet&#8217;s needs and the colour scheme so that the hairs do not show through.<\/p>\n<p>Your dog will enjoy using these beds in both winter and summer. One side of the boards and pillow is fur for the cold season and the other side is made of upholstery velour (or other fabrics of your choice) suitable for summer.<\/p>\n<p>The set consists of a slatted side and a soft cushion. Both parts are tied to the bars of the cage. The boards are padded with a layer of sintepon. Standard height 40cm.<\/p>\n<p>The pillow cover is removable via a zipped corner. The inner cushion is made of a special fabric padded with a synthetic layer. This pillow will protect your dog from hard floors.<\/p>\n<p>We have also taken care of easy cleanliness: this dog crate bed is fully machine washable.<\/p>\n<p>Important: we make the dog crate bedding to order. Therefore, before you click to buy, please call Goda at 866427769 or email info@doracocker.eu<\/p>\n<p>&nbsp;<\/p>\n<p>&nbsp;<\/p>\n","protected":false},"excerpt":{"rendered":"<p>A dog&#8217;s cage is a safe zone and a corner of peace. When a dog has to be left alone or transported in a cage, you want it to be comfortable and cozy there. These beds have a calming effect on animals. Before ordering, get a free consultation by writing to info@doracocker.eu<\/p>\n<p>&nbsp;<\/p>\n","protected":false},"featured_media":35790,"comment_status":"closed","ping_status":"closed","template":"","meta":[],"product_brand":[],"product_cat":[792],"product_tag":[461,510,509],"class_list":{"0":"post-33855","1":"product","2":"type-product","3":"status-publish","4":"has-post-thumbnail","6":"product_cat-custom-orders-en","7":"product_tag-bearing-in-the-cage","8":"product_tag-cage-padding","9":"product_tag-cage-pillow","12":"first","13":"instock","14":"shipping-taxable","15":"purchasable","16":"product-type-variable"},"yoast_head":"<!-- This site is optimized with the Yoast SEO plugin v27.4 - https:\/\/yoast.com\/product\/yoast-seo-wordpress\/ -->\n<title>Dog cage bedding - Doracocker<\/title>\n<meta name=\"robots\" content=\"index, follow, max-snippet:-1, max-image-preview:large, max-video-preview:-1\" \/>\n<link rel=\"canonical\" href=\"https:\/\/doracocker.eu\/en\/prekiu-katalogas\/dog-crate-bedding\/\" \/>\n<meta property=\"og:locale\" content=\"en_US\" \/>\n<meta property=\"og:type\" content=\"article\" \/>\n<meta property=\"og:title\" content=\"Dog cage bedding - Doracocker\" \/>\n<meta property=\"og:description\" content=\"A dog&#039;s cage is a safe zone and a corner of peace. When a dog has to be left alone or transported in a cage, you want it to be comfortable and cozy there. These beds have a calming effect on animals. Before ordering, get a free consultation by writing to info@doracocker.eu  &nbsp;\" \/>\n<meta property=\"og:url\" content=\"https:\/\/doracocker.eu\/en\/prekiu-katalogas\/dog-crate-bedding\/\" \/>\n<meta property=\"og:site_name\" content=\"Doracocker\" \/>\n<meta property=\"article:modified_time\" content=\"2024-04-23T17:17:56+00:00\" \/>\n<meta property=\"og:image\" content=\"https:\/\/doracocker.eu\/wp-content\/uploads\/2022\/02\/Untitled-design-91-1.jpg\" \/>\n\t<meta property=\"og:image:width\" content=\"600\" \/>\n\t<meta property=\"og:image:height\" content=\"720\" \/>\n\t<meta property=\"og:image:type\" content=\"image\/jpeg\" \/>\n<meta name=\"twitter:card\" content=\"summary_large_image\" \/>\n<meta name=\"twitter:label1\" content=\"Est. reading time\" \/>\n\t<meta name=\"twitter:data1\" content=\"2 minutes\" \/>\n<script type=\"application\/ld+json\" class=\"yoast-schema-graph\">{\"@context\":\"https:\\\/\\\/schema.org\",\"@graph\":[{\"@type\":\"WebPage\",\"@id\":\"https:\\\/\\\/doracocker.eu\\\/en\\\/prekiu-katalogas\\\/dog-crate-bedding\\\/\",\"url\":\"https:\\\/\\\/doracocker.eu\\\/en\\\/prekiu-katalogas\\\/dog-crate-bedding\\\/\",\"name\":\"Dog cage bedding - Doracocker\",\"isPartOf\":{\"@id\":\"https:\\\/\\\/doracocker.eu\\\/#website\"},\"primaryImageOfPage\":{\"@id\":\"https:\\\/\\\/doracocker.eu\\\/en\\\/prekiu-katalogas\\\/dog-crate-bedding\\\/#primaryimage\"},\"image\":{\"@id\":\"https:\\\/\\\/doracocker.eu\\\/en\\\/prekiu-katalogas\\\/dog-crate-bedding\\\/#primaryimage\"},\"thumbnailUrl\":\"https:\\\/\\\/doracocker.eu\\\/wp-content\\\/uploads\\\/2022\\\/02\\\/Untitled-design-91-1.jpg\",\"datePublished\":\"2022-02-08T22:01:13+00:00\",\"dateModified\":\"2024-04-23T17:17:56+00:00\",\"breadcrumb\":{\"@id\":\"https:\\\/\\\/doracocker.eu\\\/en\\\/prekiu-katalogas\\\/dog-crate-bedding\\\/#breadcrumb\"},\"inLanguage\":\"en-US\",\"potentialAction\":[{\"@type\":\"ReadAction\",\"target\":[\"https:\\\/\\\/doracocker.eu\\\/en\\\/prekiu-katalogas\\\/dog-crate-bedding\\\/\"]}]},{\"@type\":\"ImageObject\",\"inLanguage\":\"en-US\",\"@id\":\"https:\\\/\\\/doracocker.eu\\\/en\\\/prekiu-katalogas\\\/dog-crate-bedding\\\/#primaryimage\",\"url\":\"https:\\\/\\\/doracocker.eu\\\/wp-content\\\/uploads\\\/2022\\\/02\\\/Untitled-design-91-1.jpg\",\"contentUrl\":\"https:\\\/\\\/doracocker.eu\\\/wp-content\\\/uploads\\\/2022\\\/02\\\/Untitled-design-91-1.jpg\",\"width\":600,\"height\":720,\"caption\":\"jaukus \u0160uns narvas\"},{\"@type\":\"BreadcrumbList\",\"@id\":\"https:\\\/\\\/doracocker.eu\\\/en\\\/prekiu-katalogas\\\/dog-crate-bedding\\\/#breadcrumb\",\"itemListElement\":[{\"@type\":\"ListItem\",\"position\":1,\"name\":\"Home\",\"item\":\"https:\\\/\\\/doracocker.eu\\\/\"},{\"@type\":\"ListItem\",\"position\":2,\"name\":\"Shop\",\"item\":\"https:\\\/\\\/doracocker.eu\\\/en\\\/shop\\\/\"},{\"@type\":\"ListItem\",\"position\":3,\"name\":\"Dog cage bedding\"}]},{\"@type\":\"WebSite\",\"@id\":\"https:\\\/\\\/doracocker.eu\\\/#website\",\"url\":\"https:\\\/\\\/doracocker.eu\\\/\",\"name\":\"Doracocker\",\"description\":\"Rank\u0173 darbo guoliai \u0161unims ir kat\u0117ms\",\"potentialAction\":[{\"@type\":\"SearchAction\",\"target\":{\"@type\":\"EntryPoint\",\"urlTemplate\":\"https:\\\/\\\/doracocker.eu\\\/?s={search_term_string}\"},\"query-input\":{\"@type\":\"PropertyValueSpecification\",\"valueRequired\":true,\"valueName\":\"search_term_string\"}}],\"inLanguage\":\"en-US\"}]}<\/script>\n<!-- \/ Yoast SEO plugin. -->","yoast_head_json":{"title":"Dog cage bedding - Doracocker","robots":{"index":"index","follow":"follow","max-snippet":"max-snippet:-1","max-image-preview":"max-image-preview:large","max-video-preview":"max-video-preview:-1"},"canonical":"https:\/\/doracocker.eu\/en\/prekiu-katalogas\/dog-crate-bedding\/","og_locale":"en_US","og_type":"article","og_title":"Dog cage bedding - Doracocker","og_description":"A dog's cage is a safe zone and a corner of peace. When a dog has to be left alone or transported in a cage, you want it to be comfortable and cozy there. These beds have a calming effect on animals. Before ordering, get a free consultation by writing to info@doracocker.eu  &nbsp;","og_url":"https:\/\/doracocker.eu\/en\/prekiu-katalogas\/dog-crate-bedding\/","og_site_name":"Doracocker","article_modified_time":"2024-04-23T17:17:56+00:00","og_image":[{"width":600,"height":720,"url":"https:\/\/doracocker.eu\/wp-content\/uploads\/2022\/02\/Untitled-design-91-1.jpg","type":"image\/jpeg"}],"twitter_card":"summary_large_image","twitter_misc":{"Est. reading time":"2 minutes"},"schema":{"@context":"https:\/\/schema.org","@graph":[{"@type":"WebPage","@id":"https:\/\/doracocker.eu\/en\/prekiu-katalogas\/dog-crate-bedding\/","url":"https:\/\/doracocker.eu\/en\/prekiu-katalogas\/dog-crate-bedding\/","name":"Dog cage bedding - Doracocker","isPartOf":{"@id":"https:\/\/doracocker.eu\/#website"},"primaryImageOfPage":{"@id":"https:\/\/doracocker.eu\/en\/prekiu-katalogas\/dog-crate-bedding\/#primaryimage"},"image":{"@id":"https:\/\/doracocker.eu\/en\/prekiu-katalogas\/dog-crate-bedding\/#primaryimage"},"thumbnailUrl":"https:\/\/doracocker.eu\/wp-content\/uploads\/2022\/02\/Untitled-design-91-1.jpg","datePublished":"2022-02-08T22:01:13+00:00","dateModified":"2024-04-23T17:17:56+00:00","breadcrumb":{"@id":"https:\/\/doracocker.eu\/en\/prekiu-katalogas\/dog-crate-bedding\/#breadcrumb"},"inLanguage":"en-US","potentialAction":[{"@type":"ReadAction","target":["https:\/\/doracocker.eu\/en\/prekiu-katalogas\/dog-crate-bedding\/"]}]},{"@type":"ImageObject","inLanguage":"en-US","@id":"https:\/\/doracocker.eu\/en\/prekiu-katalogas\/dog-crate-bedding\/#primaryimage","url":"https:\/\/doracocker.eu\/wp-content\/uploads\/2022\/02\/Untitled-design-91-1.jpg","contentUrl":"https:\/\/doracocker.eu\/wp-content\/uploads\/2022\/02\/Untitled-design-91-1.jpg","width":600,"height":720,"caption":"jaukus \u0160uns narvas"},{"@type":"BreadcrumbList","@id":"https:\/\/doracocker.eu\/en\/prekiu-katalogas\/dog-crate-bedding\/#breadcrumb","itemListElement":[{"@type":"ListItem","position":1,"name":"Home","item":"https:\/\/doracocker.eu\/"},{"@type":"ListItem","position":2,"name":"Shop","item":"https:\/\/doracocker.eu\/en\/shop\/"},{"@type":"ListItem","position":3,"name":"Dog cage bedding"}]},{"@type":"WebSite","@id":"https:\/\/doracocker.eu\/#website","url":"https:\/\/doracocker.eu\/","name":"Doracocker","description":"Rank\u0173 darbo guoliai \u0161unims ir kat\u0117ms","potentialAction":[{"@type":"SearchAction","target":{"@type":"EntryPoint","urlTemplate":"https:\/\/doracocker.eu\/?s={search_term_string}"},"query-input":{"@type":"PropertyValueSpecification","valueRequired":true,"valueName":"search_term_string"}}],"inLanguage":"en-US"}]}},"_links":{"self":[{"href":"https:\/\/doracocker.eu\/en\/wp-json\/wp\/v2\/product\/33855","targetHints":{"allow":["GET"]}}],"collection":[{"href":"https:\/\/doracocker.eu\/en\/wp-json\/wp\/v2\/product"}],"about":[{"href":"https:\/\/doracocker.eu\/en\/wp-json\/wp\/v2\/types\/product"}],"replies":[{"embeddable":true,"href":"https:\/\/doracocker.eu\/en\/wp-json\/wp\/v2\/comments?post=33855"}],"wp:featuredmedia":[{"embeddable":true,"href":"https:\/\/doracocker.eu\/en\/wp-json\/wp\/v2\/media\/35790"}],"wp:attachment":[{"href":"https:\/\/doracocker.eu\/en\/wp-json\/wp\/v2\/media?parent=33855"}],"wp:term":[{"taxonomy":"product_brand","embeddable":true,"href":"https:\/\/doracocker.eu\/en\/wp-json\/wp\/v2\/product_brand?post=33855"},{"taxonomy":"product_cat","embeddable":true,"href":"https:\/\/doracocker.eu\/en\/wp-json\/wp\/v2\/product_cat?post=33855"},{"taxonomy":"product_tag","embeddable":true,"href":"https:\/\/doracocker.eu\/en\/wp-json\/wp\/v2\/product_tag?post=33855"}],"curies":[{"name":"wp","href":"https:\/\/api.w.org\/{rel}","templated":true}]}}