

{"id":34031,"date":"2021-05-21T09:56:36","date_gmt":"2021-05-21T06:56:36","guid":{"rendered":"https:\/\/doracocker.eu\/siuntimas\/"},"modified":"2025-05-23T09:54:56","modified_gmt":"2025-05-23T06:54:56","slug":"shipping","status":"publish","type":"page","link":"https:\/\/doracocker.eu\/en\/shipping\/","title":{"rendered":"Shipping"},"content":{"rendered":"\t\t<div data-elementor-type=\"wp-page\" data-elementor-id=\"34031\" class=\"elementor elementor-34031 elementor-1585\">\n\t\t\t\t\t\t<section class=\"elementor-section elementor-top-section elementor-element elementor-element-685d0ecc elementor-section-boxed elementor-section-height-default elementor-section-height-default\" data-id=\"685d0ecc\" data-element_type=\"section\" data-e-type=\"section\">\n\t\t\t\t\t\t<div class=\"elementor-container elementor-column-gap-default\">\n\t\t\t\t\t<div class=\"elementor-column elementor-col-100 elementor-top-column elementor-element elementor-element-43480288\" data-id=\"43480288\" data-element_type=\"column\" data-e-type=\"column\">\n\t\t\t<div class=\"elementor-widget-wrap elementor-element-populated\">\n\t\t\t\t\t\t<div class=\"elementor-element elementor-element-719efd55 elementor-widget elementor-widget-text-editor\" data-id=\"719efd55\" data-element_type=\"widget\" data-e-type=\"widget\" data-widget_type=\"text-editor.default\">\n\t\t\t\t<div class=\"elementor-widget-container\">\n\t\t\t\t\t\t\t\t\t<p>For your convenience, we have chosen the market leaders GLS, POST NL as our shipping partners. We are pleased that we have not made a mistake in choosing these partners \u2013 more than 99% of our shipments reach our customers on time and without any problems.&nbsp;<\/p><p>Delivery times.&nbsp; You will receive your goods within 5-7 days in Europe. Delivery times vary by region of Europe or other continet.&nbsp;<\/p><p>Delivery price.&nbsp; Delivery price will be provided on the order form itself. If you see that shipping price is too large when buy small item, please contact us by email info@doracocker.eu or call as +370 646 60800<\/p><p><br><\/p>\t\t\t\t\t\t\t\t<\/div>\n\t\t\t\t<\/div>\n\t\t\t\t\t<\/div>\n\t\t<\/div>\n\t\t\t\t\t<\/div>\n\t\t<\/section>\n\t\t\t\t<\/div>\n\t\t","protected":false},"excerpt":{"rendered":"<p>For your convenience, we have chosen the market leaders GLS, POST NL as our shipping partners. We are pleased that we have not made a mistake in choosing these partners \u2013 more than 99% of our shipments reach our customers on time and without any problems.&nbsp; Delivery times.&nbsp; You will receive your goods within 5-7 [&hellip;]<\/p>\n","protected":false},"author":1,"featured_media":0,"parent":0,"menu_order":0,"comment_status":"closed","ping_status":"closed","template":"","meta":{"footnotes":""},"class_list":["post-34031","page","type-page","status-publish","hentry"],"yoast_head":"<!-- This site is optimized with the Yoast SEO plugin v27.3 - https:\/\/yoast.com\/product\/yoast-seo-wordpress\/ -->\n<title>Shipping - Doracocker<\/title>\n<meta name=\"robots\" content=\"index, follow, max-snippet:-1, max-image-preview:large, max-video-preview:-1\" \/>\n<link rel=\"canonical\" href=\"https:\/\/doracocker.eu\/siuntimas\/\" \/>\n<meta property=\"og:locale\" content=\"en_US\" \/>\n<meta property=\"og:type\" content=\"article\" \/>\n<meta property=\"og:title\" content=\"Shipping - Doracocker\" \/>\n<meta property=\"og:description\" content=\"For your convenience, we have chosen the market leaders GLS, POST NL as our shipping partners. We are pleased that we have not made a mistake in choosing these partners \u2013 more than 99% of our shipments reach our customers on time and without any problems.&nbsp; Delivery times.&nbsp; You will receive your goods within 5-7 [&hellip;]\" \/>\n<meta property=\"og:url\" content=\"https:\/\/doracocker.eu\/siuntimas\/\" \/>\n<meta property=\"og:site_name\" content=\"Doracocker\" \/>\n<meta property=\"article:modified_time\" content=\"2025-05-23T06:54:56+00:00\" \/>\n<meta name=\"twitter:card\" content=\"summary_large_image\" \/>\n<meta name=\"twitter:label1\" content=\"Est. reading time\" \/>\n\t<meta name=\"twitter:data1\" content=\"1 minute\" \/>\n<script type=\"application\/ld+json\" class=\"yoast-schema-graph\">{\"@context\":\"https:\\\/\\\/schema.org\",\"@graph\":[{\"@type\":\"WebPage\",\"@id\":\"https:\\\/\\\/doracocker.eu\\\/siuntimas\\\/\",\"url\":\"https:\\\/\\\/doracocker.eu\\\/siuntimas\\\/\",\"name\":\"Shipping - Doracocker\",\"isPartOf\":{\"@id\":\"https:\\\/\\\/doracocker.eu\\\/#website\"},\"datePublished\":\"2021-05-21T06:56:36+00:00\",\"dateModified\":\"2025-05-23T06:54:56+00:00\",\"breadcrumb\":{\"@id\":\"https:\\\/\\\/doracocker.eu\\\/siuntimas\\\/#breadcrumb\"},\"inLanguage\":\"en-US\",\"potentialAction\":[{\"@type\":\"ReadAction\",\"target\":[\"https:\\\/\\\/doracocker.eu\\\/siuntimas\\\/\"]}]},{\"@type\":\"BreadcrumbList\",\"@id\":\"https:\\\/\\\/doracocker.eu\\\/siuntimas\\\/#breadcrumb\",\"itemListElement\":[{\"@type\":\"ListItem\",\"position\":1,\"name\":\"Home\",\"item\":\"https:\\\/\\\/doracocker.eu\\\/\"},{\"@type\":\"ListItem\",\"position\":2,\"name\":\"Shipping\"}]},{\"@type\":\"WebSite\",\"@id\":\"https:\\\/\\\/doracocker.eu\\\/#website\",\"url\":\"https:\\\/\\\/doracocker.eu\\\/\",\"name\":\"Doracocker\",\"description\":\"Rank\u0173 darbo guoliai \u0161unims ir kat\u0117ms\",\"potentialAction\":[{\"@type\":\"SearchAction\",\"target\":{\"@type\":\"EntryPoint\",\"urlTemplate\":\"https:\\\/\\\/doracocker.eu\\\/?s={search_term_string}\"},\"query-input\":{\"@type\":\"PropertyValueSpecification\",\"valueRequired\":true,\"valueName\":\"search_term_string\"}}],\"inLanguage\":\"en-US\"}]}<\/script>\n<!-- \/ Yoast SEO plugin. -->","yoast_head_json":{"title":"Shipping - Doracocker","robots":{"index":"index","follow":"follow","max-snippet":"max-snippet:-1","max-image-preview":"max-image-preview:large","max-video-preview":"max-video-preview:-1"},"canonical":"https:\/\/doracocker.eu\/siuntimas\/","og_locale":"en_US","og_type":"article","og_title":"Shipping - Doracocker","og_description":"For your convenience, we have chosen the market leaders GLS, POST NL as our shipping partners. We are pleased that we have not made a mistake in choosing these partners \u2013 more than 99% of our shipments reach our customers on time and without any problems.&nbsp; Delivery times.&nbsp; You will receive your goods within 5-7 [&hellip;]","og_url":"https:\/\/doracocker.eu\/siuntimas\/","og_site_name":"Doracocker","article_modified_time":"2025-05-23T06:54:56+00:00","twitter_card":"summary_large_image","twitter_misc":{"Est. reading time":"1 minute"},"schema":{"@context":"https:\/\/schema.org","@graph":[{"@type":"WebPage","@id":"https:\/\/doracocker.eu\/siuntimas\/","url":"https:\/\/doracocker.eu\/siuntimas\/","name":"Shipping - Doracocker","isPartOf":{"@id":"https:\/\/doracocker.eu\/#website"},"datePublished":"2021-05-21T06:56:36+00:00","dateModified":"2025-05-23T06:54:56+00:00","breadcrumb":{"@id":"https:\/\/doracocker.eu\/siuntimas\/#breadcrumb"},"inLanguage":"en-US","potentialAction":[{"@type":"ReadAction","target":["https:\/\/doracocker.eu\/siuntimas\/"]}]},{"@type":"BreadcrumbList","@id":"https:\/\/doracocker.eu\/siuntimas\/#breadcrumb","itemListElement":[{"@type":"ListItem","position":1,"name":"Home","item":"https:\/\/doracocker.eu\/"},{"@type":"ListItem","position":2,"name":"Shipping"}]},{"@type":"WebSite","@id":"https:\/\/doracocker.eu\/#website","url":"https:\/\/doracocker.eu\/","name":"Doracocker","description":"Rank\u0173 darbo guoliai \u0161unims ir kat\u0117ms","potentialAction":[{"@type":"SearchAction","target":{"@type":"EntryPoint","urlTemplate":"https:\/\/doracocker.eu\/?s={search_term_string}"},"query-input":{"@type":"PropertyValueSpecification","valueRequired":true,"valueName":"search_term_string"}}],"inLanguage":"en-US"}]}},"_links":{"self":[{"href":"https:\/\/doracocker.eu\/en\/wp-json\/wp\/v2\/pages\/34031","targetHints":{"allow":["GET"]}}],"collection":[{"href":"https:\/\/doracocker.eu\/en\/wp-json\/wp\/v2\/pages"}],"about":[{"href":"https:\/\/doracocker.eu\/en\/wp-json\/wp\/v2\/types\/page"}],"author":[{"embeddable":true,"href":"https:\/\/doracocker.eu\/en\/wp-json\/wp\/v2\/users\/1"}],"replies":[{"embeddable":true,"href":"https:\/\/doracocker.eu\/en\/wp-json\/wp\/v2\/comments?post=34031"}],"version-history":[{"count":10,"href":"https:\/\/doracocker.eu\/en\/wp-json\/wp\/v2\/pages\/34031\/revisions"}],"predecessor-version":[{"id":38961,"href":"https:\/\/doracocker.eu\/en\/wp-json\/wp\/v2\/pages\/34031\/revisions\/38961"}],"wp:attachment":[{"href":"https:\/\/doracocker.eu\/en\/wp-json\/wp\/v2\/media?parent=34031"}],"curies":[{"name":"wp","href":"https:\/\/api.w.org\/{rel}","templated":true}]}}