

{"id":34009,"date":"2021-05-21T09:56:36","date_gmt":"2021-05-21T06:56:36","guid":{"rendered":"https:\/\/doracocker.eu\/grazinimas\/"},"modified":"2022-11-18T20:05:47","modified_gmt":"2022-11-18T18:05:47","slug":"returns","status":"publish","type":"page","link":"https:\/\/doracocker.eu\/en\/returns\/","title":{"rendered":"Returns"},"content":{"rendered":"<p style=\"margin: 0in;\"><strong><span lang=\"ZH-CN\" style=\"color: #0e101a;\">Product exchange and return conditions<\/span><\/strong><\/p>\n<p style=\"margin: 0in;\"><span lang=\"ZH-CN\" style=\"color: #0e101a;\">You can exchange or return goods purchased in the Doracocker.lt e-store within 14 days from the day of delivery:<\/span><\/p>\n<p style=\"margin: 0in;\"><span lang=\"ZH-CN\" style=\"color: #0e101a;\">For exchanging or returning goods, please contact us by phone +37066427769 or by email\u00a0<\/span><span lang=\"ZH-CN\"><a href=\"mailto:info@doracocker.eu\" target=\"_blank\" rel=\"noopener\"><span style=\"color: #4a6ee0;\">at info@doracocker.eu<\/span><\/a><\/span><\/p>\n<p style=\"margin: 0in;\"><span lang=\"ZH-CN\" style=\"color: #0e101a;\">In the email, please kindly provide us with the following:<\/span><\/p>\n<p>Please indicate in the letter:<\/p>\n<ol>\n<li>Order number,<\/li>\n<li>The reason for returning the product<\/li>\n<li>Whether you want to exchange or return<\/li>\n<\/ol>\n<ul>\n<li>After receiving an email we will respond within 1 working day;<\/li>\n<li>Please return the product only after receiving further instructions by email.<\/li>\n<li>The Buyer is responsible for returning\/ shipping the product.<\/li>\n<li>Money for returned goods will be returned to you by bank transfer to your account within 7 working days from the date of delivery\/ receipt of the goods to the seller.<\/li>\n<\/ul>\n<p><strong>You have the right to return the goods if:<\/strong><\/p>\n<ul>\n<li>The product you received is of the wrong quality or you received the wrong product you ordered. In this case, we undertake to replace the defective product with a product of suitable quality at our own expense or to return the money paid for the product.<\/li>\n<li>You are not satisfied with the shape, size, color, and model of the purchased product. You can exchange the product for an analogous product of different dimensions, shapes, colors, or models or return it. In this case, the product is returned at the buyer\u2019s expense.<\/li>\n<\/ul>\n<p><strong>Returnable<\/strong><strong> goods<\/strong><strong> rules<\/strong><strong>:<\/strong><\/p>\n<ul>\n<li>The returned product cannot be used, must have not lost its commercial appearance, and is clean;<\/li>\n<li>The product must be undamaged by the Buyer;<\/li>\n<li>The package of the returned product must be unchanged, as it was delivered to the Buyer, including the added gifts.<\/li>\n<\/ul>\n<ul>\n<li>The returned product must be securely packed, it is recommended to pack it in the same packaging in which you received the product from the Seller. If part of the bedding was packed in a vacuum bag, when returning, use the same vacuum bag, sealing it tightly and extracting the air with a vacuum cleaner.<\/li>\n<\/ul>\n","protected":false},"excerpt":{"rendered":"<p>Product exchange and return conditions You can exchange or return goods purchased in the Doracocker.lt e-store within 14 days from the day of delivery: For exchanging or returning goods, please contact us by phone +37066427769 or by email\u00a0at info@doracocker.eu In the email, please kindly provide us with the following: Please indicate in the letter: Order [&hellip;]<\/p>\n","protected":false},"author":1,"featured_media":0,"parent":0,"menu_order":0,"comment_status":"closed","ping_status":"closed","template":"","meta":{"footnotes":""},"class_list":["post-34009","page","type-page","status-publish","hentry"],"yoast_head":"<!-- This site is optimized with the Yoast SEO plugin v27.3 - https:\/\/yoast.com\/product\/yoast-seo-wordpress\/ -->\n<title>Returns - Doracocker<\/title>\n<meta name=\"robots\" content=\"index, follow, max-snippet:-1, max-image-preview:large, max-video-preview:-1\" \/>\n<link rel=\"canonical\" href=\"https:\/\/doracocker.eu\/en\/returns\/\" \/>\n<meta property=\"og:locale\" content=\"en_US\" \/>\n<meta property=\"og:type\" content=\"article\" \/>\n<meta property=\"og:title\" content=\"Returns - Doracocker\" \/>\n<meta property=\"og:description\" content=\"Product exchange and return conditions You can exchange or return goods purchased in the Doracocker.lt e-store within 14 days from the day of delivery: For exchanging or returning goods, please contact us by phone +37066427769 or by email\u00a0at info@doracocker.eu In the email, please kindly provide us with the following: Please indicate in the letter: Order [&hellip;]\" \/>\n<meta property=\"og:url\" content=\"https:\/\/doracocker.eu\/en\/returns\/\" \/>\n<meta property=\"og:site_name\" content=\"Doracocker\" \/>\n<meta property=\"article:modified_time\" content=\"2022-11-18T18:05:47+00:00\" \/>\n<meta name=\"twitter:card\" content=\"summary_large_image\" \/>\n<meta name=\"twitter:label1\" content=\"Est. reading time\" \/>\n\t<meta name=\"twitter:data1\" content=\"2 minutes\" \/>\n<script type=\"application\/ld+json\" class=\"yoast-schema-graph\">{\"@context\":\"https:\\\/\\\/schema.org\",\"@graph\":[{\"@type\":\"WebPage\",\"@id\":\"https:\\\/\\\/doracocker.eu\\\/en\\\/returns\\\/\",\"url\":\"https:\\\/\\\/doracocker.eu\\\/en\\\/returns\\\/\",\"name\":\"Returns - Doracocker\",\"isPartOf\":{\"@id\":\"https:\\\/\\\/doracocker.eu\\\/#website\"},\"datePublished\":\"2021-05-21T06:56:36+00:00\",\"dateModified\":\"2022-11-18T18:05:47+00:00\",\"breadcrumb\":{\"@id\":\"https:\\\/\\\/doracocker.eu\\\/en\\\/returns\\\/#breadcrumb\"},\"inLanguage\":\"en-US\",\"potentialAction\":[{\"@type\":\"ReadAction\",\"target\":[\"https:\\\/\\\/doracocker.eu\\\/en\\\/returns\\\/\"]}]},{\"@type\":\"BreadcrumbList\",\"@id\":\"https:\\\/\\\/doracocker.eu\\\/en\\\/returns\\\/#breadcrumb\",\"itemListElement\":[{\"@type\":\"ListItem\",\"position\":1,\"name\":\"Home\",\"item\":\"https:\\\/\\\/doracocker.eu\\\/\"},{\"@type\":\"ListItem\",\"position\":2,\"name\":\"Returns\"}]},{\"@type\":\"WebSite\",\"@id\":\"https:\\\/\\\/doracocker.eu\\\/#website\",\"url\":\"https:\\\/\\\/doracocker.eu\\\/\",\"name\":\"Doracocker\",\"description\":\"Rank\u0173 darbo guoliai \u0161unims ir kat\u0117ms\",\"potentialAction\":[{\"@type\":\"SearchAction\",\"target\":{\"@type\":\"EntryPoint\",\"urlTemplate\":\"https:\\\/\\\/doracocker.eu\\\/?s={search_term_string}\"},\"query-input\":{\"@type\":\"PropertyValueSpecification\",\"valueRequired\":true,\"valueName\":\"search_term_string\"}}],\"inLanguage\":\"en-US\"}]}<\/script>\n<!-- \/ Yoast SEO plugin. -->","yoast_head_json":{"title":"Returns - Doracocker","robots":{"index":"index","follow":"follow","max-snippet":"max-snippet:-1","max-image-preview":"max-image-preview:large","max-video-preview":"max-video-preview:-1"},"canonical":"https:\/\/doracocker.eu\/en\/returns\/","og_locale":"en_US","og_type":"article","og_title":"Returns - Doracocker","og_description":"Product exchange and return conditions You can exchange or return goods purchased in the Doracocker.lt e-store within 14 days from the day of delivery: For exchanging or returning goods, please contact us by phone +37066427769 or by email\u00a0at info@doracocker.eu In the email, please kindly provide us with the following: Please indicate in the letter: Order [&hellip;]","og_url":"https:\/\/doracocker.eu\/en\/returns\/","og_site_name":"Doracocker","article_modified_time":"2022-11-18T18:05:47+00:00","twitter_card":"summary_large_image","twitter_misc":{"Est. reading time":"2 minutes"},"schema":{"@context":"https:\/\/schema.org","@graph":[{"@type":"WebPage","@id":"https:\/\/doracocker.eu\/en\/returns\/","url":"https:\/\/doracocker.eu\/en\/returns\/","name":"Returns - Doracocker","isPartOf":{"@id":"https:\/\/doracocker.eu\/#website"},"datePublished":"2021-05-21T06:56:36+00:00","dateModified":"2022-11-18T18:05:47+00:00","breadcrumb":{"@id":"https:\/\/doracocker.eu\/en\/returns\/#breadcrumb"},"inLanguage":"en-US","potentialAction":[{"@type":"ReadAction","target":["https:\/\/doracocker.eu\/en\/returns\/"]}]},{"@type":"BreadcrumbList","@id":"https:\/\/doracocker.eu\/en\/returns\/#breadcrumb","itemListElement":[{"@type":"ListItem","position":1,"name":"Home","item":"https:\/\/doracocker.eu\/"},{"@type":"ListItem","position":2,"name":"Returns"}]},{"@type":"WebSite","@id":"https:\/\/doracocker.eu\/#website","url":"https:\/\/doracocker.eu\/","name":"Doracocker","description":"Rank\u0173 darbo guoliai \u0161unims ir kat\u0117ms","potentialAction":[{"@type":"SearchAction","target":{"@type":"EntryPoint","urlTemplate":"https:\/\/doracocker.eu\/?s={search_term_string}"},"query-input":{"@type":"PropertyValueSpecification","valueRequired":true,"valueName":"search_term_string"}}],"inLanguage":"en-US"}]}},"_links":{"self":[{"href":"https:\/\/doracocker.eu\/en\/wp-json\/wp\/v2\/pages\/34009","targetHints":{"allow":["GET"]}}],"collection":[{"href":"https:\/\/doracocker.eu\/en\/wp-json\/wp\/v2\/pages"}],"about":[{"href":"https:\/\/doracocker.eu\/en\/wp-json\/wp\/v2\/types\/page"}],"author":[{"embeddable":true,"href":"https:\/\/doracocker.eu\/en\/wp-json\/wp\/v2\/users\/1"}],"replies":[{"embeddable":true,"href":"https:\/\/doracocker.eu\/en\/wp-json\/wp\/v2\/comments?post=34009"}],"version-history":[{"count":6,"href":"https:\/\/doracocker.eu\/en\/wp-json\/wp\/v2\/pages\/34009\/revisions"}],"predecessor-version":[{"id":34176,"href":"https:\/\/doracocker.eu\/en\/wp-json\/wp\/v2\/pages\/34009\/revisions\/34176"}],"wp:attachment":[{"href":"https:\/\/doracocker.eu\/en\/wp-json\/wp\/v2\/media?parent=34009"}],"curies":[{"name":"wp","href":"https:\/\/api.w.org\/{rel}","templated":true}]}}