

{"id":34008,"date":"2022-06-29T22:46:11","date_gmt":"2022-06-29T19:46:11","guid":{"rendered":"https:\/\/doracocker.eu\/kodel-rinktis-mus\/"},"modified":"2022-11-18T19:27:53","modified_gmt":"2022-11-18T17:27:53","slug":"why-choose-us","status":"publish","type":"page","link":"https:\/\/doracocker.eu\/en\/why-choose-us\/","title":{"rendered":"Why choose us?"},"content":{"rendered":"\t\t<div data-elementor-type=\"wp-page\" data-elementor-id=\"34008\" class=\"elementor elementor-34008 elementor-31714\">\n\t\t\t\t\t\t<footer class=\"elementor-section elementor-top-section elementor-element elementor-element-76d6554 elementor-section-boxed elementor-section-height-default elementor-section-height-default\" data-id=\"76d6554\" data-element_type=\"section\" data-e-type=\"section\">\n\t\t\t\t\t\t<div class=\"elementor-container elementor-column-gap-default\">\n\t\t\t\t\t<div class=\"elementor-column elementor-col-100 elementor-top-column elementor-element elementor-element-5494a983\" data-id=\"5494a983\" data-element_type=\"column\" data-e-type=\"column\">\n\t\t\t<div class=\"elementor-widget-wrap elementor-element-populated\">\n\t\t\t\t\t\t<div class=\"elementor-element elementor-element-54d3d6b0 elementor-widget elementor-widget-text-editor\" data-id=\"54d3d6b0\" data-element_type=\"widget\" data-e-type=\"widget\" data-widget_type=\"text-editor.default\">\n\t\t\t\t<div class=\"elementor-widget-container\">\n\t\t\t\t\t\t\t\t\tFor all of us, our Pets are close Family members. We understand that cats tend to be lazy \u2013<br>they need a breathable, non-allergenic Bedding material, while dogs like to scratch \u2013 they\u2019ll<br>scratch off anything that\u2019s not securely sewn. However, we also know that all pets love a<br>healthy environment and comfort!<\/p><p>&nbsp;<br>We can proudly confirm we have developed the best features of our Pet Bedding for our<br>large family of pets. For this reason, we only offer Bedding for cats and dogs made of<br>healthy materials, adapted to the needs and interests of each pet, and sewn with love and<br>knowledge.&nbsp;<\/p><p><br>Dora Cocker was born out of a love for homes, animals, and their owners: a home that is<br>stylish, cozy, and clean. The animals are happy to have their cozy corner where they can<br>feel comfortable, warm, or chilly. And most importantly &#8211; to have a good night&amp;#39;s rest. For<br>owners \u2013 it is easy to care for and wash and is space-saving. It is convenient as you do not<br>have to store separate beds for each season.&nbsp;<\/p><p><br>MISSION \u2013 100% satisfied customers. Happy pets \u2013 happy owners. We strive to handcraft<br>long-lasting, quality, and comfortable products for dogs and cats. We want to ensure your<br>beloved pets have a great rest and a long life.&nbsp;<\/p><p><br>VISION \u2013 Strive to share our genuine care and love-filled products with owners around the<br>world. Our products are for those who love themselves, their homes, and their four-legged<br>pets.&nbsp;<\/p><p><br>VALUES &#8211; Time. We value your time, which is why we fulfill all orders within 5-14 days. If we<br>didn&#8217;t meet your deadline, we will issue you a full refund.&nbsp;Quality. The quality and health of<br>your pet&amp;#39;s resting time are important to us. To ensure the comfort of your four-legged friends<br>and the durability of the Bedding, we constantly improve the quality of our production. We<br>developed it to the highest standards.&nbsp;Easy care. All Beddings are machine washable. Easily<br>removable covers. Stylish design.<\/p><p><br>Let the Bedding become a part of your interior. A variety of colors will allow you to find the<br>right combination for even the most demanding. Versatility. We always want you to be able<br>to use the same bed in winter and summer. We save space in your home, therefore you<br>don\u2019t need to store separate Bedding for different seasons. Flexibility. We appreciate your<br>desire to have a unique color combination or different dimensions. We are always open to<br>innovation and enthusiastic about working with you for further improvement.\t\t\t\t\t\t\t\t<\/div>\n\t\t\t\t<\/div>\n\t\t\t\t\t<\/div>\n\t\t<\/div>\n\t\t\t\t\t<\/div>\n\t\t<\/footer>\n\t\t\t\t<\/div>\n\t\t","protected":false},"excerpt":{"rendered":"<p>For all of us, our Pets are close Family members. We understand that cats tend to be lazy \u2013they need a breathable, non-allergenic Bedding material, while dogs like to scratch \u2013 they\u2019llscratch off anything that\u2019s not securely sewn. However, we also know that all pets love ahealthy environment and comfort! &nbsp;We can proudly confirm we [&hellip;]<\/p>\n","protected":false},"author":2,"featured_media":0,"parent":0,"menu_order":0,"comment_status":"closed","ping_status":"closed","template":"","meta":{"footnotes":""},"class_list":["post-34008","page","type-page","status-publish","hentry"],"yoast_head":"<!-- This site is optimized with the Yoast SEO plugin v27.3 - https:\/\/yoast.com\/product\/yoast-seo-wordpress\/ -->\n<title>Why choose us? - Doracocker<\/title>\n<meta name=\"robots\" content=\"index, follow, max-snippet:-1, max-image-preview:large, max-video-preview:-1\" \/>\n<link rel=\"canonical\" href=\"https:\/\/doracocker.eu\/en\/why-choose-us\/\" \/>\n<meta property=\"og:locale\" content=\"en_US\" \/>\n<meta property=\"og:type\" content=\"article\" \/>\n<meta property=\"og:title\" content=\"Why choose us? - Doracocker\" \/>\n<meta property=\"og:description\" content=\"For all of us, our Pets are close Family members. We understand that cats tend to be lazy \u2013they need a breathable, non-allergenic Bedding material, while dogs like to scratch \u2013 they\u2019llscratch off anything that\u2019s not securely sewn. However, we also know that all pets love ahealthy environment and comfort! &nbsp;We can proudly confirm we [&hellip;]\" \/>\n<meta property=\"og:url\" content=\"https:\/\/doracocker.eu\/en\/why-choose-us\/\" \/>\n<meta property=\"og:site_name\" content=\"Doracocker\" \/>\n<meta property=\"article:modified_time\" content=\"2022-11-18T17:27:53+00:00\" \/>\n<meta name=\"twitter:card\" content=\"summary_large_image\" \/>\n<meta name=\"twitter:label1\" content=\"Est. reading time\" \/>\n\t<meta name=\"twitter:data1\" content=\"2 minutes\" \/>\n<script type=\"application\/ld+json\" class=\"yoast-schema-graph\">{\"@context\":\"https:\\\/\\\/schema.org\",\"@graph\":[{\"@type\":\"WebPage\",\"@id\":\"https:\\\/\\\/doracocker.eu\\\/en\\\/why-choose-us\\\/\",\"url\":\"https:\\\/\\\/doracocker.eu\\\/en\\\/why-choose-us\\\/\",\"name\":\"Why choose us? - Doracocker\",\"isPartOf\":{\"@id\":\"https:\\\/\\\/doracocker.eu\\\/#website\"},\"datePublished\":\"2022-06-29T19:46:11+00:00\",\"dateModified\":\"2022-11-18T17:27:53+00:00\",\"breadcrumb\":{\"@id\":\"https:\\\/\\\/doracocker.eu\\\/en\\\/why-choose-us\\\/#breadcrumb\"},\"inLanguage\":\"en-US\",\"potentialAction\":[{\"@type\":\"ReadAction\",\"target\":[\"https:\\\/\\\/doracocker.eu\\\/en\\\/why-choose-us\\\/\"]}]},{\"@type\":\"BreadcrumbList\",\"@id\":\"https:\\\/\\\/doracocker.eu\\\/en\\\/why-choose-us\\\/#breadcrumb\",\"itemListElement\":[{\"@type\":\"ListItem\",\"position\":1,\"name\":\"Home\",\"item\":\"https:\\\/\\\/doracocker.eu\\\/\"},{\"@type\":\"ListItem\",\"position\":2,\"name\":\"Why choose us?\"}]},{\"@type\":\"WebSite\",\"@id\":\"https:\\\/\\\/doracocker.eu\\\/#website\",\"url\":\"https:\\\/\\\/doracocker.eu\\\/\",\"name\":\"Doracocker\",\"description\":\"Rank\u0173 darbo guoliai \u0161unims ir kat\u0117ms\",\"potentialAction\":[{\"@type\":\"SearchAction\",\"target\":{\"@type\":\"EntryPoint\",\"urlTemplate\":\"https:\\\/\\\/doracocker.eu\\\/?s={search_term_string}\"},\"query-input\":{\"@type\":\"PropertyValueSpecification\",\"valueRequired\":true,\"valueName\":\"search_term_string\"}}],\"inLanguage\":\"en-US\"}]}<\/script>\n<!-- \/ Yoast SEO plugin. -->","yoast_head_json":{"title":"Why choose us? - Doracocker","robots":{"index":"index","follow":"follow","max-snippet":"max-snippet:-1","max-image-preview":"max-image-preview:large","max-video-preview":"max-video-preview:-1"},"canonical":"https:\/\/doracocker.eu\/en\/why-choose-us\/","og_locale":"en_US","og_type":"article","og_title":"Why choose us? - Doracocker","og_description":"For all of us, our Pets are close Family members. We understand that cats tend to be lazy \u2013they need a breathable, non-allergenic Bedding material, while dogs like to scratch \u2013 they\u2019llscratch off anything that\u2019s not securely sewn. However, we also know that all pets love ahealthy environment and comfort! &nbsp;We can proudly confirm we [&hellip;]","og_url":"https:\/\/doracocker.eu\/en\/why-choose-us\/","og_site_name":"Doracocker","article_modified_time":"2022-11-18T17:27:53+00:00","twitter_card":"summary_large_image","twitter_misc":{"Est. reading time":"2 minutes"},"schema":{"@context":"https:\/\/schema.org","@graph":[{"@type":"WebPage","@id":"https:\/\/doracocker.eu\/en\/why-choose-us\/","url":"https:\/\/doracocker.eu\/en\/why-choose-us\/","name":"Why choose us? - Doracocker","isPartOf":{"@id":"https:\/\/doracocker.eu\/#website"},"datePublished":"2022-06-29T19:46:11+00:00","dateModified":"2022-11-18T17:27:53+00:00","breadcrumb":{"@id":"https:\/\/doracocker.eu\/en\/why-choose-us\/#breadcrumb"},"inLanguage":"en-US","potentialAction":[{"@type":"ReadAction","target":["https:\/\/doracocker.eu\/en\/why-choose-us\/"]}]},{"@type":"BreadcrumbList","@id":"https:\/\/doracocker.eu\/en\/why-choose-us\/#breadcrumb","itemListElement":[{"@type":"ListItem","position":1,"name":"Home","item":"https:\/\/doracocker.eu\/"},{"@type":"ListItem","position":2,"name":"Why choose us?"}]},{"@type":"WebSite","@id":"https:\/\/doracocker.eu\/#website","url":"https:\/\/doracocker.eu\/","name":"Doracocker","description":"Rank\u0173 darbo guoliai \u0161unims ir kat\u0117ms","potentialAction":[{"@type":"SearchAction","target":{"@type":"EntryPoint","urlTemplate":"https:\/\/doracocker.eu\/?s={search_term_string}"},"query-input":{"@type":"PropertyValueSpecification","valueRequired":true,"valueName":"search_term_string"}}],"inLanguage":"en-US"}]}},"_links":{"self":[{"href":"https:\/\/doracocker.eu\/en\/wp-json\/wp\/v2\/pages\/34008","targetHints":{"allow":["GET"]}}],"collection":[{"href":"https:\/\/doracocker.eu\/en\/wp-json\/wp\/v2\/pages"}],"about":[{"href":"https:\/\/doracocker.eu\/en\/wp-json\/wp\/v2\/types\/page"}],"author":[{"embeddable":true,"href":"https:\/\/doracocker.eu\/en\/wp-json\/wp\/v2\/users\/2"}],"replies":[{"embeddable":true,"href":"https:\/\/doracocker.eu\/en\/wp-json\/wp\/v2\/comments?post=34008"}],"version-history":[{"count":13,"href":"https:\/\/doracocker.eu\/en\/wp-json\/wp\/v2\/pages\/34008\/revisions"}],"predecessor-version":[{"id":34144,"href":"https:\/\/doracocker.eu\/en\/wp-json\/wp\/v2\/pages\/34008\/revisions\/34144"}],"wp:attachment":[{"href":"https:\/\/doracocker.eu\/en\/wp-json\/wp\/v2\/media?parent=34008"}],"curies":[{"name":"wp","href":"https:\/\/api.w.org\/{rel}","templated":true}]}}