

{"id":34005,"date":"2021-06-02T12:35:23","date_gmt":"2021-06-02T09:35:23","guid":{"rendered":"https:\/\/doracocker.eu\/dydziai\/"},"modified":"2022-11-18T18:59:26","modified_gmt":"2022-11-18T16:59:26","slug":"sizes","status":"publish","type":"page","link":"https:\/\/doracocker.eu\/en\/sizes\/","title":{"rendered":"Dyd\u017eiai"},"content":{"rendered":"\t\t<div data-elementor-type=\"wp-page\" data-elementor-id=\"34005\" class=\"elementor elementor-34005 elementor-2033\">\n\t\t\t\t\t\t<section class=\"elementor-section elementor-top-section elementor-element elementor-element-520ba2a9 elementor-section-boxed elementor-section-height-default elementor-section-height-default\" data-id=\"520ba2a9\" data-element_type=\"section\" data-e-type=\"section\">\n\t\t\t\t\t\t<div class=\"elementor-container elementor-column-gap-default\">\n\t\t\t\t\t<div class=\"elementor-column elementor-col-100 elementor-top-column elementor-element elementor-element-653c50f\" data-id=\"653c50f\" data-element_type=\"column\" data-e-type=\"column\">\n\t\t\t<div class=\"elementor-widget-wrap elementor-element-populated\">\n\t\t\t\t\t\t<div class=\"elementor-element elementor-element-5a65c7be elementor-widget elementor-widget-text-editor\" data-id=\"5a65c7be\" data-element_type=\"widget\" data-e-type=\"widget\" data-widget_type=\"text-editor.default\">\n\t\t\t\t<div class=\"elementor-widget-container\">\n\t\t\t\t\t\t\t\t\t<p><strong>Mini breeds:<\/strong> Toy Terrier, Spitz, Yorkshire, Mini Poodle<\/p><p><strong>Small breeds:<\/strong> Lervette, Dachshund, Chihuahua, Jack Russell, Vesta, Cocker Spaniel, French Bulldog, Pug<\/p><p><strong>Medium breeds:<\/strong> Basenji, Corgi, Mini Bull Terrier<\/p><p><strong>Large breeds:<\/strong> Vipet<\/p><p><strong>Very large breeds:<\/strong> Vizsla, Weimaraner, Lithuanian Hound<\/p><p>Sizes are in centimetres.<\/p><p><strong>Recommended sizes for the dog bed &#8220;Cave&#8221;<\/strong><\/p><table style=\"border: 0;\"><tbody><tr><td><strong>For mini-breeds<\/strong><\/td><td>60&#215;60<\/td><\/tr><tr><td><strong>For small breeds<\/strong><\/td><td>70&#215;70<\/td><\/tr><tr><td><strong>For medium breeds<\/strong><\/td><td>85&#215;70<\/td><\/tr><tr><td><strong>For large breeds<\/strong><\/td><td>100&#215;80; 100&#215;100<\/td><\/tr><tr><td><strong>For very large breeds<\/strong><\/td><td>115&#215;115; 125&#215;100<\/td><\/tr><\/tbody><\/table><h3>Recommended sizes for &#8220;Cooling mattress&#8221;<\/h3><table style=\"border: 0;\"><tbody><tr><td>\u00a0<\/td><td>\u00a0<\/td><\/tr><tr><td><strong>For small breeds<\/strong><\/td><td>80&#215;60<\/td><\/tr><tr><td><strong>For medium breeds<\/strong><\/td><td>90&#215;70<\/td><\/tr><tr><td><strong>For large breeds<\/strong><\/td><td>110&#215;80<\/td><\/tr><tr><td><strong>For very large breeds<\/strong><\/td><td>120&#215;80<\/td><\/tr><\/tbody><\/table><h3>Recommended sizes for Bedding &#8220;Wheel&#8221;<\/h3><table style=\"border: 0;\"><tbody><tr><td><strong>Mini-weeders for dogs and cats<\/strong><\/td><td>55&#215;55 \/ vidus 35<\/td><\/tr><tr><td><strong>For small breeds<\/strong><\/td><td>60&#215;60 \/ vidus 40<\/td><\/tr><tr><td><strong>For medium breeds<\/strong><\/td><td>70&#215;70 \/vidus 50<\/td><\/tr><tr><td>\u00a0<\/td><td>\u00a0<\/td><\/tr><tr><td><strong>\u00a0<\/strong><\/td><td>\u00a0<\/td><\/tr><\/tbody><\/table><h3>Recommended sizes for &#8220;Pillow with roof&#8221;<\/h3><table style=\"border: 0;\"><tbody><tr><td>Mini cats, cats<\/td><td>60&#215;60<\/td><\/tr><tr><td>For small breeds<\/td><td>70&#215;70<\/td><\/tr><tr><td>For medium breeds<\/td><td>90&#215;90<\/td><\/tr><tr><td>For large breeds<\/td><td>100&#215;100<\/td><\/tr><tr><td>For very large breeds<\/td><td>115&#215;115<\/td><\/tr><\/tbody><\/table>\t\t\t\t\t\t\t\t<\/div>\n\t\t\t\t<\/div>\n\t\t\t\t\t<\/div>\n\t\t<\/div>\n\t\t\t\t\t<\/div>\n\t\t<\/section>\n\t\t\t\t<section class=\"elementor-section elementor-top-section elementor-element elementor-element-0161ebe elementor-section-boxed elementor-section-height-default elementor-section-height-default\" data-id=\"0161ebe\" data-element_type=\"section\" data-e-type=\"section\">\n\t\t\t\t\t\t<div class=\"elementor-container elementor-column-gap-default\">\n\t\t\t\t\t<div class=\"elementor-column elementor-col-100 elementor-top-column elementor-element elementor-element-6ef0c30\" data-id=\"6ef0c30\" data-element_type=\"column\" data-e-type=\"column\">\n\t\t\t<div class=\"elementor-widget-wrap elementor-element-populated\">\n\t\t\t\t\t\t<div class=\"elementor-element elementor-element-82ae852 elementor-align-center elementor-widget elementor-widget-button\" data-id=\"82ae852\" data-element_type=\"widget\" data-e-type=\"widget\" data-widget_type=\"button.default\">\n\t\t\t\t<div class=\"elementor-widget-container\">\n\t\t\t\t\t\t\t\t\t<div class=\"elementor-button-wrapper\">\n\t\t\t\t\t<a class=\"elementor-button elementor-button-link elementor-size-sm\" href=\"https:\/\/doracocker.eu\/en\/shop\/?orderby=date\">\n\t\t\t\t\t\t<span class=\"elementor-button-content-wrapper\">\n\t\t\t\t\t\t\t\t\t<span class=\"elementor-button-text\">Choose product<\/span>\n\t\t\t\t\t<\/span>\n\t\t\t\t\t<\/a>\n\t\t\t\t<\/div>\n\t\t\t\t\t\t\t\t<\/div>\n\t\t\t\t<\/div>\n\t\t\t\t\t<\/div>\n\t\t<\/div>\n\t\t\t\t\t<\/div>\n\t\t<\/section>\n\t\t\t\t<\/div>\n\t\t","protected":false},"excerpt":{"rendered":"<p>Mini breeds: Toy Terrier, Spitz, Yorkshire, Mini Poodle Small breeds: Lervette, Dachshund, Chihuahua, Jack Russell, Vesta, Cocker Spaniel, French Bulldog, Pug Medium breeds: Basenji, Corgi, Mini Bull Terrier Large breeds: Vipet Very large breeds: Vizsla, Weimaraner, Lithuanian Hound Sizes are in centimetres. Recommended sizes for the dog bed &#8220;Cave&#8221; For mini-breeds 60&#215;60 For small breeds [&hellip;]<\/p>\n","protected":false},"author":1,"featured_media":0,"parent":0,"menu_order":0,"comment_status":"closed","ping_status":"closed","template":"","meta":{"footnotes":""},"class_list":["post-34005","page","type-page","status-publish","hentry"],"yoast_head":"<!-- This site is optimized with the Yoast SEO plugin v27.3 - https:\/\/yoast.com\/product\/yoast-seo-wordpress\/ -->\n<title>Dyd\u017eiai - Doracocker<\/title>\n<meta name=\"robots\" content=\"index, follow, max-snippet:-1, max-image-preview:large, max-video-preview:-1\" \/>\n<link rel=\"canonical\" href=\"https:\/\/doracocker.eu\/en\/sizes\/\" \/>\n<meta property=\"og:locale\" content=\"en_US\" \/>\n<meta property=\"og:type\" content=\"article\" \/>\n<meta property=\"og:title\" content=\"Dyd\u017eiai - Doracocker\" \/>\n<meta property=\"og:description\" content=\"Mini breeds: Toy Terrier, Spitz, Yorkshire, Mini Poodle Small breeds: Lervette, Dachshund, Chihuahua, Jack Russell, Vesta, Cocker Spaniel, French Bulldog, Pug Medium breeds: Basenji, Corgi, Mini Bull Terrier Large breeds: Vipet Very large breeds: Vizsla, Weimaraner, Lithuanian Hound Sizes are in centimetres. Recommended sizes for the dog bed &#8220;Cave&#8221; For mini-breeds 60&#215;60 For small breeds [&hellip;]\" \/>\n<meta property=\"og:url\" content=\"https:\/\/doracocker.eu\/en\/sizes\/\" \/>\n<meta property=\"og:site_name\" content=\"Doracocker\" \/>\n<meta property=\"article:modified_time\" content=\"2022-11-18T16:59:26+00:00\" \/>\n<meta name=\"twitter:card\" content=\"summary_large_image\" \/>\n<meta name=\"twitter:label1\" content=\"Est. reading time\" \/>\n\t<meta name=\"twitter:data1\" content=\"1 minute\" \/>\n<script type=\"application\/ld+json\" class=\"yoast-schema-graph\">{\"@context\":\"https:\\\/\\\/schema.org\",\"@graph\":[{\"@type\":\"WebPage\",\"@id\":\"https:\\\/\\\/doracocker.eu\\\/en\\\/sizes\\\/\",\"url\":\"https:\\\/\\\/doracocker.eu\\\/en\\\/sizes\\\/\",\"name\":\"Dyd\u017eiai - Doracocker\",\"isPartOf\":{\"@id\":\"https:\\\/\\\/doracocker.eu\\\/#website\"},\"datePublished\":\"2021-06-02T09:35:23+00:00\",\"dateModified\":\"2022-11-18T16:59:26+00:00\",\"breadcrumb\":{\"@id\":\"https:\\\/\\\/doracocker.eu\\\/en\\\/sizes\\\/#breadcrumb\"},\"inLanguage\":\"en-US\",\"potentialAction\":[{\"@type\":\"ReadAction\",\"target\":[\"https:\\\/\\\/doracocker.eu\\\/en\\\/sizes\\\/\"]}]},{\"@type\":\"BreadcrumbList\",\"@id\":\"https:\\\/\\\/doracocker.eu\\\/en\\\/sizes\\\/#breadcrumb\",\"itemListElement\":[{\"@type\":\"ListItem\",\"position\":1,\"name\":\"Home\",\"item\":\"https:\\\/\\\/doracocker.eu\\\/\"},{\"@type\":\"ListItem\",\"position\":2,\"name\":\"Dyd\u017eiai\"}]},{\"@type\":\"WebSite\",\"@id\":\"https:\\\/\\\/doracocker.eu\\\/#website\",\"url\":\"https:\\\/\\\/doracocker.eu\\\/\",\"name\":\"Doracocker\",\"description\":\"Rank\u0173 darbo guoliai \u0161unims ir kat\u0117ms\",\"potentialAction\":[{\"@type\":\"SearchAction\",\"target\":{\"@type\":\"EntryPoint\",\"urlTemplate\":\"https:\\\/\\\/doracocker.eu\\\/?s={search_term_string}\"},\"query-input\":{\"@type\":\"PropertyValueSpecification\",\"valueRequired\":true,\"valueName\":\"search_term_string\"}}],\"inLanguage\":\"en-US\"}]}<\/script>\n<!-- \/ Yoast SEO plugin. -->","yoast_head_json":{"title":"Dyd\u017eiai - Doracocker","robots":{"index":"index","follow":"follow","max-snippet":"max-snippet:-1","max-image-preview":"max-image-preview:large","max-video-preview":"max-video-preview:-1"},"canonical":"https:\/\/doracocker.eu\/en\/sizes\/","og_locale":"en_US","og_type":"article","og_title":"Dyd\u017eiai - Doracocker","og_description":"Mini breeds: Toy Terrier, Spitz, Yorkshire, Mini Poodle Small breeds: Lervette, Dachshund, Chihuahua, Jack Russell, Vesta, Cocker Spaniel, French Bulldog, Pug Medium breeds: Basenji, Corgi, Mini Bull Terrier Large breeds: Vipet Very large breeds: Vizsla, Weimaraner, Lithuanian Hound Sizes are in centimetres. Recommended sizes for the dog bed &#8220;Cave&#8221; For mini-breeds 60&#215;60 For small breeds [&hellip;]","og_url":"https:\/\/doracocker.eu\/en\/sizes\/","og_site_name":"Doracocker","article_modified_time":"2022-11-18T16:59:26+00:00","twitter_card":"summary_large_image","twitter_misc":{"Est. reading time":"1 minute"},"schema":{"@context":"https:\/\/schema.org","@graph":[{"@type":"WebPage","@id":"https:\/\/doracocker.eu\/en\/sizes\/","url":"https:\/\/doracocker.eu\/en\/sizes\/","name":"Dyd\u017eiai - Doracocker","isPartOf":{"@id":"https:\/\/doracocker.eu\/#website"},"datePublished":"2021-06-02T09:35:23+00:00","dateModified":"2022-11-18T16:59:26+00:00","breadcrumb":{"@id":"https:\/\/doracocker.eu\/en\/sizes\/#breadcrumb"},"inLanguage":"en-US","potentialAction":[{"@type":"ReadAction","target":["https:\/\/doracocker.eu\/en\/sizes\/"]}]},{"@type":"BreadcrumbList","@id":"https:\/\/doracocker.eu\/en\/sizes\/#breadcrumb","itemListElement":[{"@type":"ListItem","position":1,"name":"Home","item":"https:\/\/doracocker.eu\/"},{"@type":"ListItem","position":2,"name":"Dyd\u017eiai"}]},{"@type":"WebSite","@id":"https:\/\/doracocker.eu\/#website","url":"https:\/\/doracocker.eu\/","name":"Doracocker","description":"Rank\u0173 darbo guoliai \u0161unims ir kat\u0117ms","potentialAction":[{"@type":"SearchAction","target":{"@type":"EntryPoint","urlTemplate":"https:\/\/doracocker.eu\/?s={search_term_string}"},"query-input":{"@type":"PropertyValueSpecification","valueRequired":true,"valueName":"search_term_string"}}],"inLanguage":"en-US"}]}},"_links":{"self":[{"href":"https:\/\/doracocker.eu\/en\/wp-json\/wp\/v2\/pages\/34005","targetHints":{"allow":["GET"]}}],"collection":[{"href":"https:\/\/doracocker.eu\/en\/wp-json\/wp\/v2\/pages"}],"about":[{"href":"https:\/\/doracocker.eu\/en\/wp-json\/wp\/v2\/types\/page"}],"author":[{"embeddable":true,"href":"https:\/\/doracocker.eu\/en\/wp-json\/wp\/v2\/users\/1"}],"replies":[{"embeddable":true,"href":"https:\/\/doracocker.eu\/en\/wp-json\/wp\/v2\/comments?post=34005"}],"version-history":[{"count":6,"href":"https:\/\/doracocker.eu\/en\/wp-json\/wp\/v2\/pages\/34005\/revisions"}],"predecessor-version":[{"id":34119,"href":"https:\/\/doracocker.eu\/en\/wp-json\/wp\/v2\/pages\/34005\/revisions\/34119"}],"wp:attachment":[{"href":"https:\/\/doracocker.eu\/en\/wp-json\/wp\/v2\/media?parent=34005"}],"curies":[{"name":"wp","href":"https:\/\/api.w.org\/{rel}","templated":true}]}}