

{"id":33568,"date":"2020-01-13T06:50:18","date_gmt":"2020-01-13T04:50:18","guid":{"rendered":"https:\/\/doracocker.eu\/apie-mus-2\/"},"modified":"2022-11-18T19:23:56","modified_gmt":"2022-11-18T17:23:56","slug":"about-us","status":"publish","type":"page","link":"https:\/\/doracocker.eu\/en\/about-us\/","title":{"rendered":"About us"},"content":{"rendered":"\t\t<div data-elementor-type=\"wp-page\" data-elementor-id=\"33568\" class=\"elementor elementor-33568 elementor-9095\">\n\t\t\t\t\t\t<section class=\"elementor-section elementor-top-section elementor-element elementor-element-b2539a1 elementor-section-boxed elementor-section-height-default elementor-section-height-default\" data-id=\"b2539a1\" data-element_type=\"section\" data-e-type=\"section\">\n\t\t\t\t\t\t<div class=\"elementor-container elementor-column-gap-default\">\n\t\t\t\t\t<div class=\"elementor-column elementor-col-100 elementor-top-column elementor-element elementor-element-00cabdf\" data-id=\"00cabdf\" data-element_type=\"column\" data-e-type=\"column\">\n\t\t\t<div class=\"elementor-widget-wrap elementor-element-populated\">\n\t\t\t\t\t\t<div class=\"elementor-element elementor-element-aa3236e elementor-widget elementor-widget-image\" data-id=\"aa3236e\" data-element_type=\"widget\" data-e-type=\"widget\" data-widget_type=\"image.default\">\n\t\t\t\t<div class=\"elementor-widget-container\">\n\t\t\t\t\t\t\t\t\t\t\t\t\t\t\t<img fetchpriority=\"high\" decoding=\"async\" width=\"1024\" height=\"554\" src=\"https:\/\/doracocker.eu\/wp-content\/uploads\/2022\/07\/apie-mus-1024x554.jpg\" class=\"attachment-large size-large wp-image-33465\" alt=\"\" \/>\t\t\t\t\t\t\t\t\t\t\t\t\t\t\t<\/div>\n\t\t\t\t<\/div>\n\t\t\t\t<div class=\"elementor-element elementor-element-fdfc5a2 elementor-widget elementor-widget-heading\" data-id=\"fdfc5a2\" data-element_type=\"widget\" data-e-type=\"widget\" data-widget_type=\"heading.default\">\n\t\t\t\t<div class=\"elementor-widget-container\">\n\t\t\t\t\t<h2 class=\"elementor-heading-title elementor-size-default\">About the founder<\/h2>\t\t\t\t<\/div>\n\t\t\t\t<\/div>\n\t\t\t\t<div class=\"elementor-element elementor-element-ee4d8e9 elementor-widget elementor-widget-text-editor\" data-id=\"ee4d8e9\" data-element_type=\"widget\" data-e-type=\"widget\" data-widget_type=\"text-editor.default\">\n\t\t\t\t<div class=\"elementor-widget-container\">\n\t\t\t\t\t\t\t\t\t<p>My name is Goda Gedvilien\u0117 \u2013 I am a founder of the Dora Cocker brand and a designer of<br \/>our Pet Bedding. I design beds, bedspreads, and other products for dogs and cats. I<br \/>designed and sew the first production models myself.<\/p>\t\t\t\t\t\t\t\t<\/div>\n\t\t\t\t<\/div>\n\t\t\t\t<div class=\"elementor-element elementor-element-e2b9759 elementor-widget elementor-widget-heading\" data-id=\"e2b9759\" data-element_type=\"widget\" data-e-type=\"widget\" data-widget_type=\"heading.default\">\n\t\t\t\t<div class=\"elementor-widget-container\">\n\t\t\t\t\t<h3 class=\"elementor-heading-title elementor-size-default\">How was this brand born?<\/h3>\t\t\t\t<\/div>\n\t\t\t\t<\/div>\n\t\t\t\t<div class=\"elementor-element elementor-element-ee236ce elementor-widget elementor-widget-text-editor\" data-id=\"ee236ce\" data-element_type=\"widget\" data-e-type=\"widget\" data-widget_type=\"text-editor.default\">\n\t\t\t\t<div class=\"elementor-widget-container\">\n\t\t\t\t\t\t\t\t\t<p>The idea of Dora Cocker was born with the addition of another member to our family home \u2013<br \/>Dora. We decided to save her life as we surrendered her at three months old. Dora was<br \/>uncomfortable and shy in her new home, so we had to find a comfortable and suitable bed<br \/>for her as soon as possible. Unfortunately, I have not been able to find anything quality,<br \/>durable and beautiful in our local shops. So I made my first bed with my strength and<br \/>knowledge. Dora is the inspiration for this maturity. Every day she contributes by testing<br \/>fabrics and new Bedding designs. Her reaction when testing all the products is significantly<br \/>important to me because it is the dog\u2019s genuine opinion: If they don\u2019t like it &#8211; they sniff it and<br \/>walk away. If they love it &#8211; they can\u2019t let it go!<\/p>\t\t\t\t\t\t\t\t<\/div>\n\t\t\t\t<\/div>\n\t\t\t\t\t<\/div>\n\t\t<\/div>\n\t\t\t\t\t<\/div>\n\t\t<\/section>\n\t\t\t\t<section class=\"elementor-section elementor-top-section elementor-element elementor-element-5b3cd47 elementor-section-full_width elementor-section-height-default elementor-section-height-default\" data-id=\"5b3cd47\" data-element_type=\"section\" data-e-type=\"section\">\n\t\t\t\t\t\t<div class=\"elementor-container elementor-column-gap-default\">\n\t\t\t\t\t<div class=\"elementor-column elementor-col-100 elementor-top-column elementor-element elementor-element-ee6ff2b\" data-id=\"ee6ff2b\" data-element_type=\"column\" data-e-type=\"column\">\n\t\t\t<div class=\"elementor-widget-wrap elementor-element-populated\">\n\t\t\t\t\t\t<div class=\"elementor-element elementor-element-ad484d9 elementor-widget-divider--view-line elementor-widget elementor-widget-divider\" data-id=\"ad484d9\" data-element_type=\"widget\" data-e-type=\"widget\" data-widget_type=\"divider.default\">\n\t\t\t\t<div class=\"elementor-widget-container\">\n\t\t\t\t\t\t\t<div class=\"elementor-divider\">\n\t\t\t<span class=\"elementor-divider-separator\">\n\t\t\t\t\t\t<\/span>\n\t\t<\/div>\n\t\t\t\t\t\t<\/div>\n\t\t\t\t<\/div>\n\t\t\t\t\t<\/div>\n\t\t<\/div>\n\t\t\t\t\t<\/div>\n\t\t<\/section>\n\t\t\t\t<section class=\"elementor-section elementor-top-section elementor-element elementor-element-84ec8a6 elementor-section-boxed elementor-section-height-default elementor-section-height-default\" data-id=\"84ec8a6\" data-element_type=\"section\" data-e-type=\"section\">\n\t\t\t\t\t\t<div class=\"elementor-container elementor-column-gap-default\">\n\t\t\t\t\t<div class=\"elementor-column elementor-col-100 elementor-top-column elementor-element elementor-element-46f0a4a\" data-id=\"46f0a4a\" data-element_type=\"column\" data-e-type=\"column\">\n\t\t\t<div class=\"elementor-widget-wrap elementor-element-populated\">\n\t\t\t\t\t\t<div class=\"elementor-element elementor-element-5660621 elementor-align-center elementor-widget elementor-widget-button\" data-id=\"5660621\" data-element_type=\"widget\" data-e-type=\"widget\" data-widget_type=\"button.default\">\n\t\t\t\t<div class=\"elementor-widget-container\">\n\t\t\t\t\t\t\t\t\t<div class=\"elementor-button-wrapper\">\n\t\t\t\t\t<a class=\"elementor-button elementor-button-link elementor-size-sm\" href=\"https:\/\/doracocker.eu\/en\/shop\/?orderby=date\">\n\t\t\t\t\t\t<span class=\"elementor-button-content-wrapper\">\n\t\t\t\t\t\t\t\t\t<span class=\"elementor-button-text\">Choose products<\/span>\n\t\t\t\t\t<\/span>\n\t\t\t\t\t<\/a>\n\t\t\t\t<\/div>\n\t\t\t\t\t\t\t\t<\/div>\n\t\t\t\t<\/div>\n\t\t\t\t\t<\/div>\n\t\t<\/div>\n\t\t\t\t\t<\/div>\n\t\t<\/section>\n\t\t\t\t<\/div>\n\t\t","protected":false},"excerpt":{"rendered":"<p>About the founder My name is Goda Gedvilien\u0117 \u2013 I am a founder of the Dora Cocker brand and a designer ofour Pet Bedding. I design beds, bedspreads, and other products for dogs and cats. Idesigned and sew the first production models myself. How was this brand born? The idea of Dora Cocker was born [&hellip;]<\/p>\n","protected":false},"author":18,"featured_media":0,"parent":0,"menu_order":0,"comment_status":"closed","ping_status":"closed","template":"elementor_header_footer","meta":{"footnotes":""},"class_list":["post-33568","page","type-page","status-publish","hentry"],"yoast_head":"<!-- This site is optimized with the Yoast SEO plugin v27.3 - https:\/\/yoast.com\/product\/yoast-seo-wordpress\/ -->\n<title>About us - Doracocker<\/title>\n<meta name=\"description\" content=\"Esu Goda Gedvilien\u0117 \u2013 Dora Cocker prek\u0117s \u017eenklo \u012fk\u016br\u0117ja ir guoli\u0173 gyv\u016bnams modeliuotoja. \u0160is prek\u0117s \u017eenklas kilo i\u0161 meil\u0117s gyv\u016bnams.\" \/>\n<meta name=\"robots\" content=\"index, follow, max-snippet:-1, max-image-preview:large, max-video-preview:-1\" \/>\n<link rel=\"canonical\" href=\"https:\/\/doracocker.eu\/en\/about-us\/\" \/>\n<meta property=\"og:locale\" content=\"en_US\" \/>\n<meta property=\"og:type\" content=\"article\" \/>\n<meta property=\"og:title\" content=\"About us - Doracocker\" \/>\n<meta property=\"og:description\" content=\"Esu Goda Gedvilien\u0117 \u2013 Dora Cocker prek\u0117s \u017eenklo \u012fk\u016br\u0117ja ir guoli\u0173 gyv\u016bnams modeliuotoja. \u0160is prek\u0117s \u017eenklas kilo i\u0161 meil\u0117s gyv\u016bnams.\" \/>\n<meta property=\"og:url\" content=\"https:\/\/doracocker.eu\/en\/about-us\/\" \/>\n<meta property=\"og:site_name\" content=\"Doracocker\" \/>\n<meta property=\"article:modified_time\" content=\"2022-11-18T17:23:56+00:00\" \/>\n<meta property=\"og:image\" content=\"https:\/\/doracocker.eu\/wp-content\/uploads\/2022\/07\/apie-mus-1024x554.jpg\" \/>\n<meta name=\"twitter:card\" content=\"summary_large_image\" \/>\n<meta name=\"twitter:label1\" content=\"Est. reading time\" \/>\n\t<meta name=\"twitter:data1\" content=\"2 minutes\" \/>\n<script type=\"application\/ld+json\" class=\"yoast-schema-graph\">{\"@context\":\"https:\\\/\\\/schema.org\",\"@graph\":[{\"@type\":\"WebPage\",\"@id\":\"https:\\\/\\\/doracocker.eu\\\/en\\\/about-us\\\/\",\"url\":\"https:\\\/\\\/doracocker.eu\\\/en\\\/about-us\\\/\",\"name\":\"About us - Doracocker\",\"isPartOf\":{\"@id\":\"https:\\\/\\\/doracocker.eu\\\/#website\"},\"primaryImageOfPage\":{\"@id\":\"https:\\\/\\\/doracocker.eu\\\/en\\\/about-us\\\/#primaryimage\"},\"image\":{\"@id\":\"https:\\\/\\\/doracocker.eu\\\/en\\\/about-us\\\/#primaryimage\"},\"thumbnailUrl\":\"https:\\\/\\\/doracocker.eu\\\/wp-content\\\/uploads\\\/2022\\\/07\\\/apie-mus-1024x554.jpg\",\"datePublished\":\"2020-01-13T04:50:18+00:00\",\"dateModified\":\"2022-11-18T17:23:56+00:00\",\"description\":\"Esu Goda Gedvilien\u0117 \u2013 Dora Cocker prek\u0117s \u017eenklo \u012fk\u016br\u0117ja ir guoli\u0173 gyv\u016bnams modeliuotoja. \u0160is prek\u0117s \u017eenklas kilo i\u0161 meil\u0117s gyv\u016bnams.\",\"breadcrumb\":{\"@id\":\"https:\\\/\\\/doracocker.eu\\\/en\\\/about-us\\\/#breadcrumb\"},\"inLanguage\":\"en-US\",\"potentialAction\":[{\"@type\":\"ReadAction\",\"target\":[\"https:\\\/\\\/doracocker.eu\\\/en\\\/about-us\\\/\"]}]},{\"@type\":\"ImageObject\",\"inLanguage\":\"en-US\",\"@id\":\"https:\\\/\\\/doracocker.eu\\\/en\\\/about-us\\\/#primaryimage\",\"url\":\"https:\\\/\\\/doracocker.eu\\\/wp-content\\\/uploads\\\/2022\\\/07\\\/apie-mus-1024x554.jpg\",\"contentUrl\":\"https:\\\/\\\/doracocker.eu\\\/wp-content\\\/uploads\\\/2022\\\/07\\\/apie-mus-1024x554.jpg\"},{\"@type\":\"BreadcrumbList\",\"@id\":\"https:\\\/\\\/doracocker.eu\\\/en\\\/about-us\\\/#breadcrumb\",\"itemListElement\":[{\"@type\":\"ListItem\",\"position\":1,\"name\":\"Home\",\"item\":\"https:\\\/\\\/doracocker.eu\\\/\"},{\"@type\":\"ListItem\",\"position\":2,\"name\":\"About us\"}]},{\"@type\":\"WebSite\",\"@id\":\"https:\\\/\\\/doracocker.eu\\\/#website\",\"url\":\"https:\\\/\\\/doracocker.eu\\\/\",\"name\":\"Doracocker\",\"description\":\"Rank\u0173 darbo guoliai \u0161unims ir kat\u0117ms\",\"potentialAction\":[{\"@type\":\"SearchAction\",\"target\":{\"@type\":\"EntryPoint\",\"urlTemplate\":\"https:\\\/\\\/doracocker.eu\\\/?s={search_term_string}\"},\"query-input\":{\"@type\":\"PropertyValueSpecification\",\"valueRequired\":true,\"valueName\":\"search_term_string\"}}],\"inLanguage\":\"en-US\"}]}<\/script>\n<!-- \/ Yoast SEO plugin. -->","yoast_head_json":{"title":"About us - Doracocker","description":"Esu Goda Gedvilien\u0117 \u2013 Dora Cocker prek\u0117s \u017eenklo \u012fk\u016br\u0117ja ir guoli\u0173 gyv\u016bnams modeliuotoja. \u0160is prek\u0117s \u017eenklas kilo i\u0161 meil\u0117s gyv\u016bnams.","robots":{"index":"index","follow":"follow","max-snippet":"max-snippet:-1","max-image-preview":"max-image-preview:large","max-video-preview":"max-video-preview:-1"},"canonical":"https:\/\/doracocker.eu\/en\/about-us\/","og_locale":"en_US","og_type":"article","og_title":"About us - Doracocker","og_description":"Esu Goda Gedvilien\u0117 \u2013 Dora Cocker prek\u0117s \u017eenklo \u012fk\u016br\u0117ja ir guoli\u0173 gyv\u016bnams modeliuotoja. \u0160is prek\u0117s \u017eenklas kilo i\u0161 meil\u0117s gyv\u016bnams.","og_url":"https:\/\/doracocker.eu\/en\/about-us\/","og_site_name":"Doracocker","article_modified_time":"2022-11-18T17:23:56+00:00","og_image":[{"url":"https:\/\/doracocker.eu\/wp-content\/uploads\/2022\/07\/apie-mus-1024x554.jpg","type":"","width":"","height":""}],"twitter_card":"summary_large_image","twitter_misc":{"Est. reading time":"2 minutes"},"schema":{"@context":"https:\/\/schema.org","@graph":[{"@type":"WebPage","@id":"https:\/\/doracocker.eu\/en\/about-us\/","url":"https:\/\/doracocker.eu\/en\/about-us\/","name":"About us - Doracocker","isPartOf":{"@id":"https:\/\/doracocker.eu\/#website"},"primaryImageOfPage":{"@id":"https:\/\/doracocker.eu\/en\/about-us\/#primaryimage"},"image":{"@id":"https:\/\/doracocker.eu\/en\/about-us\/#primaryimage"},"thumbnailUrl":"https:\/\/doracocker.eu\/wp-content\/uploads\/2022\/07\/apie-mus-1024x554.jpg","datePublished":"2020-01-13T04:50:18+00:00","dateModified":"2022-11-18T17:23:56+00:00","description":"Esu Goda Gedvilien\u0117 \u2013 Dora Cocker prek\u0117s \u017eenklo \u012fk\u016br\u0117ja ir guoli\u0173 gyv\u016bnams modeliuotoja. \u0160is prek\u0117s \u017eenklas kilo i\u0161 meil\u0117s gyv\u016bnams.","breadcrumb":{"@id":"https:\/\/doracocker.eu\/en\/about-us\/#breadcrumb"},"inLanguage":"en-US","potentialAction":[{"@type":"ReadAction","target":["https:\/\/doracocker.eu\/en\/about-us\/"]}]},{"@type":"ImageObject","inLanguage":"en-US","@id":"https:\/\/doracocker.eu\/en\/about-us\/#primaryimage","url":"https:\/\/doracocker.eu\/wp-content\/uploads\/2022\/07\/apie-mus-1024x554.jpg","contentUrl":"https:\/\/doracocker.eu\/wp-content\/uploads\/2022\/07\/apie-mus-1024x554.jpg"},{"@type":"BreadcrumbList","@id":"https:\/\/doracocker.eu\/en\/about-us\/#breadcrumb","itemListElement":[{"@type":"ListItem","position":1,"name":"Home","item":"https:\/\/doracocker.eu\/"},{"@type":"ListItem","position":2,"name":"About us"}]},{"@type":"WebSite","@id":"https:\/\/doracocker.eu\/#website","url":"https:\/\/doracocker.eu\/","name":"Doracocker","description":"Rank\u0173 darbo guoliai \u0161unims ir kat\u0117ms","potentialAction":[{"@type":"SearchAction","target":{"@type":"EntryPoint","urlTemplate":"https:\/\/doracocker.eu\/?s={search_term_string}"},"query-input":{"@type":"PropertyValueSpecification","valueRequired":true,"valueName":"search_term_string"}}],"inLanguage":"en-US"}]}},"_links":{"self":[{"href":"https:\/\/doracocker.eu\/en\/wp-json\/wp\/v2\/pages\/33568","targetHints":{"allow":["GET"]}}],"collection":[{"href":"https:\/\/doracocker.eu\/en\/wp-json\/wp\/v2\/pages"}],"about":[{"href":"https:\/\/doracocker.eu\/en\/wp-json\/wp\/v2\/types\/page"}],"author":[{"embeddable":true,"href":"https:\/\/doracocker.eu\/en\/wp-json\/wp\/v2\/users\/18"}],"replies":[{"embeddable":true,"href":"https:\/\/doracocker.eu\/en\/wp-json\/wp\/v2\/comments?post=33568"}],"version-history":[{"count":16,"href":"https:\/\/doracocker.eu\/en\/wp-json\/wp\/v2\/pages\/33568\/revisions"}],"predecessor-version":[{"id":34136,"href":"https:\/\/doracocker.eu\/en\/wp-json\/wp\/v2\/pages\/33568\/revisions\/34136"}],"wp:attachment":[{"href":"https:\/\/doracocker.eu\/en\/wp-json\/wp\/v2\/media?parent=33568"}],"curies":[{"name":"wp","href":"https:\/\/api.w.org\/{rel}","templated":true}]}}